{"id":533,"date":"2016-11-11T15:11:00","date_gmt":"2016-11-11T15:11:00","guid":{"rendered":"https:\/\/blog.zhdk.ch\/modellunderkenntnis\/?page_id=533"},"modified":"2016-11-23T15:08:58","modified_gmt":"2016-11-23T15:08:58","slug":"bruno-zgraggen","status":"publish","type":"page","link":"https:\/\/blog.zhdk.ch\/modellunderkenntnis\/home\/bruno-zgraggen\/","title":{"rendered":"Bruno Zgraggen"},"content":{"rendered":"<section id=\"builder-section-1478876970734\" class=\"builder-section  builder-section-first builder-section-banner builder-section-next-text\" style=\"\">\n<div class=\"builder-section-content cycle-slideshow\" data-cycle-log=\"false\" data-cycle-slides=\"div.builder-banner-slide\" data-cycle-swipe=\"true\" data-cycle-timeout=\"6000\" data-cycle-fx=\"scrollHorz\">\n<div class=\"builder-banner-slide content-position-none\" style=\"background-image: url(&#039;https:\/\/blog.zhdk.ch\/modellunderkenntnis\/files\/2016\/11\/Autokinetischer-Effekt.jpg&#039;);\">\n<div class=\"builder-banner-content\">\n<div class=\"builder-banner-inner-content\">\n\t\t\t\t\t\t\t\t\t<\/div>\n<\/p><\/div>\n<\/p><\/div>\n<div class=\"builder-banner-slide content-position-none\" style=\"background-image: url(&#039;https:\/\/blog.zhdk.ch\/modellunderkenntnis\/files\/2016\/11\/Dali_Voltaire.jpg&#039;);\">\n<div class=\"builder-banner-content\">\n<div class=\"builder-banner-inner-content\">\n\t\t\t\t\t\t\t\t\t<\/div>\n<\/p><\/div>\n<\/p><\/div>\n<div class=\"builder-banner-slide content-position-none\" style=\"background-image: url(&#039;https:\/\/blog.zhdk.ch\/modellunderkenntnis\/files\/2016\/11\/wahrnehmungundtaeuschung.gif&#039;);\">\n<div class=\"builder-banner-content\">\n<div class=\"builder-banner-inner-content\">\n\t\t\t\t\t\t\t\t\t<\/div>\n<\/p><\/div>\n<\/p><\/div>\n<div class=\"cycle-prev\"><\/div>\n<div class=\"cycle-next\"><\/div>\n<div class=\"cycle-pager\"><\/div>\n<\/p><\/div>\n<\/section>\n<section id=\"builder-section-1478876974911\" class=\"builder-section builder-section-prev-banner builder-section-text builder-section-next-text builder-text-columns-2\" style=\"\">\n<div class=\"builder-section-content\">\n<div class=\"builder-text-column builder-text-column-1\" id=\"builder-section-1478876974911-column-1\">\n<div class=\"builder-text-content\">\n<h1><a href=\"https:\/\/blog.zhdk.ch\/modellunderkenntnis\/home\/andres-janser\/\">\u276e \u00a0<\/a>Bruno Zgraggen<a href=\"https:\/\/blog.zhdk.ch\/modellunderkenntnis\/home\/christoph-zollikofer-und-marcia-ponce-de-leon\/\">\u00a0 \u276f<\/a><\/h1>\n<\/p><\/div>\n<\/p><\/div>\n<div class=\"builder-text-column builder-text-column-2\" id=\"builder-section-1478876974911-column-2\">\n<div class=\"builder-text-content\">\n<h3 style=\"text-align: right\"><big><strong><a href=\"https:\/\/blog.zhdk.ch\/modellunderkenntnis\/#vortragende\">Zur\u00fcck zur \u00dcbersicht<\/a><\/strong><\/big><\/h3>\n<\/p><\/div>\n<\/p><\/div>\n<\/p><\/div>\n<\/section>\n<section id=\"builder-section-1478877041309\" class=\"builder-section builder-section-prev-text builder-section-text builder-section-last builder-text-columns-2\" style=\"\">\n<div class=\"builder-section-content\">\n<div class=\"builder-text-column builder-text-column-1\" id=\"builder-section-1478877041309-column-1\">\n<div class=\"builder-text-content\">\n<p><strong>Wahrnehmung kann als Modellbildungsprozess begriffen werden, indem beim Wahrnehmen ein inneres psychisches Modell der physischen Welt konstruiert wird. Der Beitrag von Bruno Zgraggen bietet einen \u00dcberblick \u00fcber die Mechanismen und Prozesse, die f\u00fcr diesen Modellbildungsprozess verantwortlich sind. Der Fokus liegt dabei auf Ans\u00e4tzen aus der kognitiven Psychologie, wie z.B. Schema-Theorie.<\/strong><\/p>\n<\/p><\/div>\n<\/p><\/div>\n<div class=\"builder-text-column builder-text-column-2\" id=\"builder-section-1478877041309-column-2\">\n<div class=\"builder-text-content\">\n<p><strong><small>Zur Person<\/small><\/strong><\/p>\n<div class=\"\">\n<div class=\"\">\n<div class=\"\">\n<div class=\"page\" title=\"Page 5\">\n<div class=\"section\">\n<div class=\"layoutArea\">\n<div class=\"column\"><span class=\"\">Seit 10 Jahren als Psychologe und Senior Research Consultant f\u00fcr qualitative Marktforschung bei der GfK Switzerland\u00a0 und dabei verantwortlich f\u00fcr die Durchf\u00fchrung nationaler und internationaler Markt- und Meinungsforschungsprojekte.\u00a0<\/span><span class=\"\">Ausbildung<\/span><span class=\"\">: Studium der Psychologe an der Universit\u00e4t Z\u00fcrich (Schwerpunkte Wahrnehmungs- und Neuropsychologie sowie Kommunikationswissenschaft).\u00a0<\/span><span class=\"\">T\u00e4tigkeiten<\/span><span class=\"\">: Vor der GfK am Institut f\u00fcr wissenschaftliche Methodik und Statistik des psychologischen Instituts der Universit\u00e4t Z\u00fcrich t\u00e4tig.\u00a0<\/span><span class=\"\">Weiteres<\/span><span class=\"\">: Mitglied der International Association of Empirical Aesthetics (IAEA). Dozent f\u00fcr Wahrnehmungspsychologie an der ZhdK im Rahmen der Theoriemodule.<\/span><\/div>\n<\/div>\n<\/div>\n<\/div>\n<\/div>\n<\/div>\n<\/div><\/div>\n<\/p><\/div>\n<\/p><\/div>\n<\/section>\n","protected":false},"excerpt":{"rendered":"<p>\u276e \u00a0Bruno Zgraggen\u00a0 \u276f Zur\u00fcck zur \u00dcbersicht Wahrnehmung kann als Modellbildungsprozess begriffen werden, indem beim Wahrnehmen ein inneres psychisches Modell der physischen Welt konstruiert wird. Der Beitrag von Bruno Zgraggen bietet einen \u00dcberblick \u00fcber die Mechanismen und Prozesse, die f\u00fcr diesen Modellbildungsprozess verantwortlich sind. Der Fokus liegt dabei auf Ans\u00e4tzen aus der kognitiven Psychologie, wie &hellip;<\/p>\n","protected":false},"author":2389,"featured_media":0,"parent":57,"menu_order":0,"comment_status":"closed","ping_status":"closed","template":"template-builder.php","meta":{"footnotes":""},"class_list":["post-533","page","type-page","status-publish","hentry"],"_links":{"self":[{"href":"https:\/\/blog.zhdk.ch\/modellunderkenntnis\/wp-json\/wp\/v2\/pages\/533","targetHints":{"allow":["GET"]}}],"collection":[{"href":"https:\/\/blog.zhdk.ch\/modellunderkenntnis\/wp-json\/wp\/v2\/pages"}],"about":[{"href":"https:\/\/blog.zhdk.ch\/modellunderkenntnis\/wp-json\/wp\/v2\/types\/page"}],"author":[{"embeddable":true,"href":"https:\/\/blog.zhdk.ch\/modellunderkenntnis\/wp-json\/wp\/v2\/users\/2389"}],"replies":[{"embeddable":true,"href":"https:\/\/blog.zhdk.ch\/modellunderkenntnis\/wp-json\/wp\/v2\/comments?post=533"}],"version-history":[{"count":11,"href":"https:\/\/blog.zhdk.ch\/modellunderkenntnis\/wp-json\/wp\/v2\/pages\/533\/revisions"}],"predecessor-version":[{"id":619,"href":"https:\/\/blog.zhdk.ch\/modellunderkenntnis\/wp-json\/wp\/v2\/pages\/533\/revisions\/619"}],"up":[{"embeddable":true,"href":"https:\/\/blog.zhdk.ch\/modellunderkenntnis\/wp-json\/wp\/v2\/pages\/57"}],"wp:attachment":[{"href":"https:\/\/blog.zhdk.ch\/modellunderkenntnis\/wp-json\/wp\/v2\/media?parent=533"}],"curies":[{"name":"wp","href":"https:\/\/api.w.org\/{rel}","templated":true}]}}