{"id":53,"date":"2023-09-20T07:51:13","date_gmt":"2023-09-20T07:51:13","guid":{"rendered":"https:\/\/blog.zhdk.ch\/oaweek2023\/?page_id=53"},"modified":"2023-10-27T12:44:25","modified_gmt":"2023-10-27T12:44:25","slug":"informationen","status":"publish","type":"page","link":"https:\/\/blog.zhdk.ch\/oaweek2023\/informationen\/","title":{"rendered":"Informationen"},"content":{"rendered":"\n<hr class=\"wp-block-separator has-text-color has-white-color has-alpha-channel-opacity has-white-background-color has-background\" \/>\n\n\n\n<p>Erfahrungen, Erfolge und Projekte aus dem facettenreichen Publizieren an Hochschulen stehen im Fokus der t\u00e4glichen Online-Sessions w\u00e4hrend der diesj\u00e4hrigen Open Access Week.<\/p>\n\n\n\n<p>Als Kooperation der Bibliotheken von vier Z\u00fcrcher Fachhochschulen &#8211; Interkantonale Hochschule f\u00fcr Heilp\u00e4dagogik HfH, P\u00e4dagogische Hochschule Z\u00fcrich PHZH, ZHAW Z\u00fcrcher Hochschule f\u00fcr Angewandte Wissenschaften, Z\u00fcrcher Hochschule der K\u00fcnste ZHdK &#8211; wird die Open Access Week zeitgleich zur <a href=\"https:\/\/www.openaccessweek.org\/\">International Open Access Week<\/a> 2023 bereits zum dritten Mal durchgef\u00fchrt.<\/p>\n\n\n\n<p>Die Pr\u00e4sentationsfolien der Vortr\u00e4ge werden nach der Veranstaltung auf der Programmseite ver\u00f6ffentlicht.<\/p>\n\n\n\n<h2 class=\"wp-block-heading\">Kontakte<\/h2>\n\n\n\n<p><strong>HfH<\/strong><br>Bibliothek: <a href=\"mailto:openscience@hfh.ch\">openscience@hfh.ch<\/a><\/p>\n\n\n\n<p><strong>PHZH<\/strong><br>Bibliothek: <a rel=\"noreferrer noopener\" href=\"mailto:repositorium@phzh.ch\" target=\"_blank\">repositorium@phzh.ch<\/a><\/p>\n\n\n\n<p><strong>ZHAW<\/strong><br>Hochschulbibliothek: <a rel=\"noreferrer noopener\" href=\"mailto:openaccess@zhaw.ch\" target=\"_blank\">openaccess@zhaw.ch<\/a><\/p>\n\n\n\n<p><strong>ZHdK<\/strong><br>Medien- und Informationszentrum MIZ: <a rel=\"noreferrer noopener\" href=\"mailto:miz.oa@zhdk.ch\" target=\"_blank\">miz.oa@zhdk.ch<\/a><\/p>\n\n\n\n<figure class=\"wp-block-image size-full\"><img loading=\"lazy\" decoding=\"async\" width=\"733\" height=\"120\" src=\"https:\/\/blog.zhdk.ch\/oaweek2023\/files\/2023\/09\/Blanko-1.jpg\" alt=\"\" class=\"wp-image-57\" srcset=\"https:\/\/blog.zhdk.ch\/oaweek2023\/files\/2023\/09\/Blanko-1.jpg 733w, https:\/\/blog.zhdk.ch\/oaweek2023\/files\/2023\/09\/Blanko-1-300x49.jpg 300w\" sizes=\"auto, (max-width: 733px) 100vw, 733px\" \/><\/figure>\n\n\n\n<hr class=\"wp-block-separator has-alpha-channel-opacity\" \/>\n\n\n\n<figure class=\"wp-block-image size-large\"><img loading=\"lazy\" decoding=\"async\" width=\"1024\" height=\"96\" src=\"https:\/\/blog.zhdk.ch\/oaweek2023\/files\/2023\/09\/logo_alle4_transparent-1024x96.png\" alt=\"\" class=\"wp-image-25\" srcset=\"https:\/\/blog.zhdk.ch\/oaweek2023\/files\/2023\/09\/logo_alle4_transparent-1024x96.png 1024w, https:\/\/blog.zhdk.ch\/oaweek2023\/files\/2023\/09\/logo_alle4_transparent-300x28.png 300w, https:\/\/blog.zhdk.ch\/oaweek2023\/files\/2023\/09\/logo_alle4_transparent-768x72.png 768w, https:\/\/blog.zhdk.ch\/oaweek2023\/files\/2023\/09\/logo_alle4_transparent-1536x144.png 1536w, https:\/\/blog.zhdk.ch\/oaweek2023\/files\/2023\/09\/logo_alle4_transparent-2048x192.png 2048w\" sizes=\"auto, (max-width: 1024px) 100vw, 1024px\" \/><\/figure>\n","protected":false},"excerpt":{"rendered":"<p>Erfahrungen, Erfolge und Projekte aus dem facettenreichen Publizieren an Hochschulen stehen im Fokus der t\u00e4glichen Online-Sessions w\u00e4hrend der diesj\u00e4hrigen Open Access Week. Als Kooperation der Bibliotheken von vier Z\u00fcrcher Fachhochschulen &#8211; Interkantonale Hochschule f\u00fcr Heilp\u00e4dagogik HfH, P\u00e4dagogische Hochschule Z\u00fcrich PHZH, ZHAW Z\u00fcrcher Hochschule f\u00fcr Angewandte Wissenschaften, Z\u00fcrcher Hochschule der K\u00fcnste ZHdK &#8211; wird die Open &hellip;<\/p>\n","protected":false},"author":3550,"featured_media":0,"parent":0,"menu_order":0,"comment_status":"closed","ping_status":"closed","template":"","meta":{"footnotes":""},"class_list":["post-53","page","type-page","status-publish","hentry"],"_links":{"self":[{"href":"https:\/\/blog.zhdk.ch\/oaweek2023\/wp-json\/wp\/v2\/pages\/53","targetHints":{"allow":["GET"]}}],"collection":[{"href":"https:\/\/blog.zhdk.ch\/oaweek2023\/wp-json\/wp\/v2\/pages"}],"about":[{"href":"https:\/\/blog.zhdk.ch\/oaweek2023\/wp-json\/wp\/v2\/types\/page"}],"author":[{"embeddable":true,"href":"https:\/\/blog.zhdk.ch\/oaweek2023\/wp-json\/wp\/v2\/users\/3550"}],"replies":[{"embeddable":true,"href":"https:\/\/blog.zhdk.ch\/oaweek2023\/wp-json\/wp\/v2\/comments?post=53"}],"version-history":[{"count":4,"href":"https:\/\/blog.zhdk.ch\/oaweek2023\/wp-json\/wp\/v2\/pages\/53\/revisions"}],"predecessor-version":[{"id":176,"href":"https:\/\/blog.zhdk.ch\/oaweek2023\/wp-json\/wp\/v2\/pages\/53\/revisions\/176"}],"wp:attachment":[{"href":"https:\/\/blog.zhdk.ch\/oaweek2023\/wp-json\/wp\/v2\/media?parent=53"}],"curies":[{"name":"wp","href":"https:\/\/api.w.org\/{rel}","templated":true}]}}