{"id":69,"date":"2023-09-20T08:01:31","date_gmt":"2023-09-20T08:01:31","guid":{"rendered":"https:\/\/blog.zhdk.ch\/oaweek2023\/?page_id=69"},"modified":"2024-08-20T12:30:10","modified_gmt":"2024-08-20T12:30:10","slug":"programm-startseite","status":"publish","type":"page","link":"https:\/\/blog.zhdk.ch\/oaweek2023\/","title":{"rendered":"Programm 2023"},"content":{"rendered":"\n<hr class=\"wp-block-separator has-text-color has-white-color has-alpha-channel-opacity has-white-background-color has-background\" \/>\n\n\n<div class=\"wp-block-image\">\n<figure class=\"aligncenter size-large is-resized\"><img loading=\"lazy\" decoding=\"async\" width=\"1024\" height=\"724\" src=\"https:\/\/blog.zhdk.ch\/oaweek2023\/files\/2023\/09\/Schriftzug_Startseite-1-1024x724.jpg\" alt=\"\" class=\"wp-image-71\" style=\"width:651px;height:undefinedpx\" srcset=\"https:\/\/blog.zhdk.ch\/oaweek2023\/files\/2023\/09\/Schriftzug_Startseite-1-1024x724.jpg 1024w, https:\/\/blog.zhdk.ch\/oaweek2023\/files\/2023\/09\/Schriftzug_Startseite-1-300x212.jpg 300w, https:\/\/blog.zhdk.ch\/oaweek2023\/files\/2023\/09\/Schriftzug_Startseite-1-768x543.jpg 768w, https:\/\/blog.zhdk.ch\/oaweek2023\/files\/2023\/09\/Schriftzug_Startseite-1-1536x1086.jpg 1536w, https:\/\/blog.zhdk.ch\/oaweek2023\/files\/2023\/09\/Schriftzug_Startseite-1-2048x1448.jpg 2048w\" sizes=\"auto, (max-width: 1024px) 100vw, 1024px\" \/><\/figure>\n<\/div>\n\n\n<hr class=\"wp-block-separator has-text-color has-white-color has-alpha-channel-opacity has-white-background-color has-background\" \/>\n\n\n\n<p><strong>Facettenreiches Publizieren: Erfahrungen &#8211; Erfolge &#8211; Projekte<\/strong><br>Online-Sessions, 23. \u2013 26.10.2023, jeweils 16 \u2013 17 Uhr<\/p>\n\n\n\n<hr class=\"wp-block-separator has-alpha-channel-opacity\" \/>\n\n\n\n<p><strong>Alle Infos zur Open Access Week 2024 sind auf dieser Seite zu finden: <a href=\"http:\/\/blog.zhdk.ch\/oaweek2024\" data-type=\"link\" data-id=\"blog.zhdk.ch\/oaweek2024\">blog.zhdk.ch\/oaweek2024<\/a>.<\/strong><\/p>\n\n\n\n<hr class=\"wp-block-separator has-alpha-channel-opacity\" \/>\n\n\n\n<h2 class=\"wp-block-heading has-x-large-font-size\">Agenda 2023<\/h2>\n\n\n\n<div class=\"wp-block-media-text is-stacked-on-mobile\" style=\"grid-template-columns:21% auto\"><figure class=\"wp-block-media-text__media\"><img loading=\"lazy\" decoding=\"async\" width=\"724\" height=\"1024\" src=\"https:\/\/blog.zhdk.ch\/oaweek2023\/files\/2023\/09\/Flaschenoeffner_rot-724x1024.png\" alt=\"\" class=\"wp-image-21 size-full\" srcset=\"https:\/\/blog.zhdk.ch\/oaweek2023\/files\/2023\/09\/Flaschenoeffner_rot-724x1024.png 724w, https:\/\/blog.zhdk.ch\/oaweek2023\/files\/2023\/09\/Flaschenoeffner_rot-212x300.png 212w, https:\/\/blog.zhdk.ch\/oaweek2023\/files\/2023\/09\/Flaschenoeffner_rot-768x1086.png 768w, https:\/\/blog.zhdk.ch\/oaweek2023\/files\/2023\/09\/Flaschenoeffner_rot-1086x1536.png 1086w, https:\/\/blog.zhdk.ch\/oaweek2023\/files\/2023\/09\/Flaschenoeffner_rot-1448x2048.png 1448w\" sizes=\"auto, (max-width: 724px) 100vw, 724px\" \/><\/figure><div class=\"wp-block-media-text__content\">\n<p>Montag, 23.10.2023, 16 \u2013 17 Uhr<\/p>\n\n\n\n<p><strong>Lehrmaterialien im Open Access? Eine Plattform zur Ver\u00f6ffentlichung von Open Educational Resources (OER) f\u00fcr die Schweizer Hochschullandschaft&nbsp;<\/strong><\/p>\n\n\n\n<p><em>Roger Fl\u00fchler<\/em> <em>(Spezialist f\u00fcr Open Educational Ressources, ZHAW Hochschulbibliothek)<\/em><\/p>\n\n\n\n<details>\n<summary><span style=\"color: #e03d17\">Mehr erfahren<\/span><\/summary>\n<p>Lehrmaterialien sind so facettenreich wie die wissenschaftliche Publikationslandschaft selbst. Aufgrund der Diversit\u00e4t von Lehrmaterialien entsteht die besondere Herausforderung, diese auf geeigneten Plattformen zu ver\u00f6ffentlichen und somit eine gr\u00f6sstm\u00f6gliche Sichtbarkeit zu erreichen. Je nach Format des Materials werden meist unterschiedliche Plattformen angesteuert: Videos landen auf SWITCHtube\/Kaltura oder YouTube, Bilder und Grafiken auf Wikimedia Commons oder Flickr, Lehrb\u00fccher im institutionellen Open Access-Repositorium usw. Dabei stellt die Schwierigkeit, offene Lehrmaterialien f\u00fcr den eigenen Kontext aufzufinden, eines der gr\u00f6ssten Hindernisse in der Etablierung von Open Educational Ressources dar. <br><br> Hilfreich w\u00e4re es also, eine zentrale Plattform f\u00fcr die Schweizer Hochschullandschaft zu haben, auf der Dozierende ihre offenen Lehrmaterialien frei verf\u00fcgbar ver\u00f6ffentlichen und sich wiederum f\u00fcr ihre Recherche nach OER begeben k\u00f6nnen. Die ZHAW richtet aktuell gemeinsam mit SWITCH ein solches OER-Repositorium ein. Basis ist die Open Source Software Edu-Sharing. Das Projekt, die bisherigen Erfahrungen und die Vorteile einer solchen gesamtheitlichen Ablagel\u00f6sung werden in diesem Input pr\u00e4sentiert.<br><br>\nLink:<br>\n<a href=\"https:\/\/www.zhaw.ch\/de\/ueber-uns\/person\/flee\/\" target=\"_blank\" rel=\"noreferrer noopener\"> Profilseite ZHAW Roger Fl\u00fchler<\/a> \n<\/p>\n<\/details>\n<\/div><\/div>\n\n\n\n<div data-wp-interactive=\"core\/file\" class=\"wp-block-file\"><object data-wp-bind--hidden=\"!state.hasPdfPreview\" hidden class=\"wp-block-file__embed\" data=\"https:\/\/blog.zhdk.ch\/oaweek2023\/files\/2023\/10\/OAWeek2023_Fluehler_Lehrmaterialien-im-Open-Access.pdf\" type=\"application\/pdf\" style=\"width:100%;height:600px\" aria-label=\"Einbettung von OAWeek2023_Fluehler_Lehrmaterialien-im-Open-Access.\"><\/object><a id=\"wp-block-file--media-986d4077-0212-4514-9e79-abc4599beac6\" href=\"https:\/\/blog.zhdk.ch\/oaweek2023\/files\/2023\/10\/OAWeek2023_Fluehler_Lehrmaterialien-im-Open-Access.pdf\">OAWeek2023_Fluehler_Lehrmaterialien-im-Open-Access<\/a><a href=\"https:\/\/blog.zhdk.ch\/oaweek2023\/files\/2023\/10\/OAWeek2023_Fluehler_Lehrmaterialien-im-Open-Access.pdf\" class=\"wp-block-file__button wp-element-button\" download aria-describedby=\"wp-block-file--media-986d4077-0212-4514-9e79-abc4599beac6\">Herunterladen<\/a><\/div>\n\n\n\n<hr class=\"wp-block-separator has-alpha-channel-opacity\" \/>\n\n\n\n<div class=\"wp-block-media-text is-stacked-on-mobile\" style=\"grid-template-columns:21% auto\"><figure class=\"wp-block-media-text__media\"><img loading=\"lazy\" decoding=\"async\" width=\"724\" height=\"1024\" src=\"https:\/\/blog.zhdk.ch\/oaweek2023\/files\/2023\/09\/Flaschenoeffner_rot-724x1024.png\" alt=\"\" class=\"wp-image-21 size-full\" srcset=\"https:\/\/blog.zhdk.ch\/oaweek2023\/files\/2023\/09\/Flaschenoeffner_rot-724x1024.png 724w, https:\/\/blog.zhdk.ch\/oaweek2023\/files\/2023\/09\/Flaschenoeffner_rot-212x300.png 212w, https:\/\/blog.zhdk.ch\/oaweek2023\/files\/2023\/09\/Flaschenoeffner_rot-768x1086.png 768w, https:\/\/blog.zhdk.ch\/oaweek2023\/files\/2023\/09\/Flaschenoeffner_rot-1086x1536.png 1086w, https:\/\/blog.zhdk.ch\/oaweek2023\/files\/2023\/09\/Flaschenoeffner_rot-1448x2048.png 1448w\" sizes=\"auto, (max-width: 724px) 100vw, 724px\" \/><\/figure><div class=\"wp-block-media-text__content\">\n<p>Dienstag, 24.10.2023, 16 \u2013 17 Uhr<\/p>\n\n\n\n<p><strong>Multimediales Publizieren in Open Access: zwei Praxisberichte<\/strong><\/p>\n\n\n\n<p><em>Flurina Gradin (Dozentin und Projektleiterin, Institut f\u00fcr Designforschung ZHdK)<\/em><br><em>Prof. Dr. Sarah Owens (Leiterin Fachrichtung Visual Communication ZHdK)<\/em><\/p>\n\n\n\n<details>\n<summary><span style=\"color: #e03d17\">Mehr erfahren<\/span><\/summary>\n<p>Innovative, multimediale Publikationsformate stellen Autor:innen und Herausgeber:innen vor besondere Herausforderungen in Bezug auf Open Access. Die g\u00e4ngigen Repositorien sind in der Regel nicht f\u00fcr multimediale Inhalte konzipiert, und rechtliche Fragen, etwa zu Bildmaterial, gestalten sich meist sehr komplex. So sind interaktive Komponenten, k\u00fcnstlerische Aspekte und der Werkcharakter einer Publikation oft nur schwerlich so abzubilden, dass dies den Kriterien von Open Access gerecht wird.<br><br>Im Rahmen des swissuniversities-gef\u00f6rderten Projekts Open Science in Arts, Design and Music (OS-ADM) werden an der ZHdK gegenw\u00e4rtig f\u00fcnf innovative Publikationsvorhaben gef\u00f6rdert. Auf diese Weise unterst\u00fctzt die Hochschule Akteur:innen, die sich mit dem Thema Open Science in den K\u00fcnsten aktiv und federf\u00fchrend auseinandersetzen und kreative Publikationsformate explorieren und vorantreiben. Zwei dieser Projekte werden hier vorgestellt: Flurina Gradin, Projektleiterin Ecology Frictions, und Sarah Owens, Projektleiterin Cache, pr\u00e4sentieren ihre Publikationsplattformen und berichten von den Herausforderungen, denen sie in ihrer k\u00fcnstlerischen Publikationspraxis in Hinblick auf Open Access begegnen.<br><br>\nLinks:<br>\n<a href=\"https:\/\/meta.wikimedia.org\/wiki\/Open_Science_for_Arts,_Design_and_Music\/Project\" target=\"_blank\" rel=\"noreferrer noopener\"> Open Science in Arts, Design and Music (OS-ADM)<\/a>\n<a href=\"https:\/\/cache.ch\/\" target=\"_blank\" rel=\"noreferrer noopener\"><br>cache<\/a>\n<a href=\"https:\/\/www.zhdk.ch\/forschungsprojekt\/ecology-frictions-589721\" target=\"_blank\" rel=\"noreferrer noopener\"><br>Ecology Frictions<\/a>\n<\/p>\n<\/details>\n<\/div><\/div>\n\n\n\n<div data-wp-interactive=\"core\/file\" class=\"wp-block-file\"><object data-wp-bind--hidden=\"!state.hasPdfPreview\" hidden class=\"wp-block-file__embed\" data=\"https:\/\/blog.zhdk.ch\/oaweek2023\/files\/2023\/10\/OAWeek2023_Gradin_Owens_Multimediales-Publizieren-in-Open-Access.pdf\" type=\"application\/pdf\" style=\"width:100%;height:600px\" aria-label=\"Einbettung von OAWeek2023_Gradin_Owens_Multimediales-Publizieren-in-Open-Access.\"><\/object><a id=\"wp-block-file--media-720df983-9df9-433d-8d24-3646ead4f351\" href=\"https:\/\/blog.zhdk.ch\/oaweek2023\/files\/2023\/10\/OAWeek2023_Gradin_Owens_Multimediales-Publizieren-in-Open-Access.pdf\">OAWeek2023_Gradin_Owens_Multimediales-Publizieren-in-Open-Access<\/a><a href=\"https:\/\/blog.zhdk.ch\/oaweek2023\/files\/2023\/10\/OAWeek2023_Gradin_Owens_Multimediales-Publizieren-in-Open-Access.pdf\" class=\"wp-block-file__button wp-element-button\" download aria-describedby=\"wp-block-file--media-720df983-9df9-433d-8d24-3646ead4f351\">Herunterladen<\/a><\/div>\n\n\n\n<hr class=\"wp-block-separator has-alpha-channel-opacity\" \/>\n\n\n\n<div class=\"wp-block-media-text is-stacked-on-mobile\" style=\"grid-template-columns:21% auto\"><figure class=\"wp-block-media-text__media\"><img loading=\"lazy\" decoding=\"async\" width=\"724\" height=\"1024\" src=\"https:\/\/blog.zhdk.ch\/oaweek2023\/files\/2023\/09\/Flaschenoeffner_rot-724x1024.png\" alt=\"\" class=\"wp-image-21 size-full\" srcset=\"https:\/\/blog.zhdk.ch\/oaweek2023\/files\/2023\/09\/Flaschenoeffner_rot-724x1024.png 724w, https:\/\/blog.zhdk.ch\/oaweek2023\/files\/2023\/09\/Flaschenoeffner_rot-212x300.png 212w, https:\/\/blog.zhdk.ch\/oaweek2023\/files\/2023\/09\/Flaschenoeffner_rot-768x1086.png 768w, https:\/\/blog.zhdk.ch\/oaweek2023\/files\/2023\/09\/Flaschenoeffner_rot-1086x1536.png 1086w, https:\/\/blog.zhdk.ch\/oaweek2023\/files\/2023\/09\/Flaschenoeffner_rot-1448x2048.png 1448w\" sizes=\"auto, (max-width: 724px) 100vw, 724px\" \/><\/figure><div class=\"wp-block-media-text__content\">\n<p>Mittwoch, 25.10.2023, 16 \u2013 17 Uhr<\/p>\n\n\n\n<p><strong>To flip or not to flip: Praxisbeispiel, die Schweizerische Zeitschrift f\u00fcr Heilp\u00e4dagogik goes Open Access<\/strong><\/p>\n\n\n\n<p><em>Dr. Barbara Egloff (Vize-Direktorin, Schweizer Zentrum f\u00fcr Heil- und Sonderp\u00e4dagik SZH)<\/em><br><em><em>Robin Morand (Wissenschaftlicher Mitarbeiter SZH)<\/em><\/em><\/p>\n\n\n\n<details>\n<summary><span style=\"color: #e03d17\">Mehr erfahren<\/span><\/summary>\n<p>Die Edition SZH\/CSPS existiert seit 1976. Heute publiziert der Verlag zwei Fachzeitschriften und B\u00fccher in den Sprachen Deutsch und Franz\u00f6sisch. Die Lesegewohnheiten der Zielgruppe haben sich im Laufe der Zeit stark ver\u00e4ndert. Das wirkte sich auch auf die Abonnentenzahlen aus. Mehr und mehr wurde die Herstellung von Printprodukten und das damit einhergehende Abonnementsystem tr\u00e4ge, defizit\u00e4r und nicht mehr zeitgem\u00e4ss. Um diesen Ver\u00e4nderungen gerecht zu werden hat der Verlag die Produktion der Produkte auf Anfang 2023 angepasst und setzt neu auf digitale Gold Open Access Publikationen. Damit folgt der Verlag auch der nationalen Open Access Strategie von swissuniversities. Durch die komplette Digitalisierung der Publikationen erh\u00f6hen wir zudem die Sichtbarkeit und Barrierefreiheit und erm\u00f6glichen damit einen unmittelbaren Zugang zu Bildung und Wissen.<br><br>Der Beitrag gibt Einblick in diesen Change-Prozesses. Wir berichten von Herausforderungen, die uns begegnet sind, was die grossen Vorteile dieser Entscheidung sind und was besser gemacht werden k\u00f6nnte.<br><br>\nLinks:<br>\n<a href=\"https:\/\/ojs.szh.ch\/\" target=\"_blank\" rel=\"noreferrer noopener\"> Schweizerische Zeitschrift f\u00fcr Heilp\u00e4dagogik \/ Revue suisse de p\u00e9dagogie sp\u00e9cialis\u00e9e<br><a href=\"https:\/\/shop.szh.ch\/de\/\" target=\"_blank\" rel=\"noreferrer noopener\">SZH \u2013 Shop<\/a><\/a><\/p>\n<\/details>\n<\/div><\/div>\n\n\n\n<div data-wp-interactive=\"core\/file\" class=\"wp-block-file\"><object data-wp-bind--hidden=\"!state.hasPdfPreview\" hidden class=\"wp-block-file__embed\" data=\"https:\/\/blog.zhdk.ch\/oaweek2023\/files\/2023\/10\/OAWeek2023_Egloff_Morand_To-flip-or-not-to-flip.pdf\" type=\"application\/pdf\" style=\"width:100%;height:600px\" aria-label=\"Einbettung von OAWeek2023_Egloff_Morand_To-flip-or-not-to-flip.\"><\/object><a id=\"wp-block-file--media-5f494797-f491-4dd5-9d8a-0979a38a1f09\" href=\"https:\/\/blog.zhdk.ch\/oaweek2023\/files\/2023\/10\/OAWeek2023_Egloff_Morand_To-flip-or-not-to-flip.pdf\">OAWeek2023_Egloff_Morand_To-flip-or-not-to-flip<\/a><a href=\"https:\/\/blog.zhdk.ch\/oaweek2023\/files\/2023\/10\/OAWeek2023_Egloff_Morand_To-flip-or-not-to-flip.pdf\" class=\"wp-block-file__button wp-element-button\" download aria-describedby=\"wp-block-file--media-5f494797-f491-4dd5-9d8a-0979a38a1f09\">Herunterladen<\/a><\/div>\n\n\n\n<hr class=\"wp-block-separator has-alpha-channel-opacity\" \/>\n\n\n\n<div class=\"wp-block-media-text is-stacked-on-mobile\" style=\"grid-template-columns:21% auto\"><figure class=\"wp-block-media-text__media\"><img loading=\"lazy\" decoding=\"async\" width=\"724\" height=\"1024\" src=\"https:\/\/blog.zhdk.ch\/oaweek2023\/files\/2023\/09\/Flaschenoeffner_rot-724x1024.png\" alt=\"\" class=\"wp-image-21 size-full\" srcset=\"https:\/\/blog.zhdk.ch\/oaweek2023\/files\/2023\/09\/Flaschenoeffner_rot-724x1024.png 724w, https:\/\/blog.zhdk.ch\/oaweek2023\/files\/2023\/09\/Flaschenoeffner_rot-212x300.png 212w, https:\/\/blog.zhdk.ch\/oaweek2023\/files\/2023\/09\/Flaschenoeffner_rot-768x1086.png 768w, https:\/\/blog.zhdk.ch\/oaweek2023\/files\/2023\/09\/Flaschenoeffner_rot-1086x1536.png 1086w, https:\/\/blog.zhdk.ch\/oaweek2023\/files\/2023\/09\/Flaschenoeffner_rot-1448x2048.png 1448w\" sizes=\"auto, (max-width: 724px) 100vw, 724px\" \/><\/figure><div class=\"wp-block-media-text__content\">\n<p>Donnerstag, 26.10.2023, 16 \u2013 17 Uhr<\/p>\n\n\n\n<p><strong>Infrastructure for Diamond Open Access: From Library Publishing to the Foundation of a University Press<\/strong><\/p>\n\n\n\n<p><em>Gerhard Bissels (Librarian, Schwyz University of Teacher Education)<br>Gillian Daly (Executive Officer of SCURL and Press Manager, Scottish Universities Press)<\/em><\/p>\n\n\n\n<details>\n<summary><span style=\"color: #e03d17\">Mehr erfahren<\/span><\/summary>\n<p>While a number of Swiss HEI have been hosting some e-journals and even some e-books, these activities have remained on a small scale, and not even one institution has, so far, set up their own university press. We will look at what led Scottish HEIs to jointly launch Scottish Universities Press, what its organisational structures are, how it operates, and what vision its founders have. What does a university press offer that goes beyond library publishing? What are the advantages for scholars and for institutions? How does Open Access publishing via the university press of one\u2019s own institution compare to publishing with a commercial publisher for a Book Processing Charge?<br><br>After the presentation the audience will be invited to discuss if and how SUP could be a blueprint for Switzerland.<br><br>\nLinks:<br>\n<a href=\"https:\/\/www.sup.ac.uk\/\" target=\"_blank\" rel=\"noreferrer noopener\"> Scottish Universities Press <\/a><br>\n<a href=\"https:\/\/www.phsz.ch\/dienstleistung\/medienzentrum\" target=\"_blank\" rel=\"noreferrer noopener\"> Medienzentrum P\u00e4dagogische Hochschule Schwyz<\/a><\/p>\n<\/details>\n<\/div><\/div>\n\n\n\n<div data-wp-interactive=\"core\/file\" class=\"wp-block-file\"><object data-wp-bind--hidden=\"!state.hasPdfPreview\" hidden class=\"wp-block-file__embed\" data=\"https:\/\/blog.zhdk.ch\/oaweek2023\/files\/2023\/10\/OAWeek2023_Bissels_Daly_Infrastructures-for-Diamond-Opan-Access.pdf\" type=\"application\/pdf\" style=\"width:100%;height:600px\" aria-label=\"Einbettung von OAWeek2023_Bissels_Daly_Infrastructures-for-Diamond-Open-Access.\"><\/object><a id=\"wp-block-file--media-8a266226-5341-420d-95bd-f8552ef32dd8\" href=\"https:\/\/blog.zhdk.ch\/oaweek2023\/files\/2023\/10\/OAWeek2023_Bissels_Daly_Infrastructures-for-Diamond-Opan-Access.pdf\">OAWeek2023_Bissels_Daly_Infrastructures-for-Diamond-Open-Access<\/a><a href=\"https:\/\/blog.zhdk.ch\/oaweek2023\/files\/2023\/10\/OAWeek2023_Bissels_Daly_Infrastructures-for-Diamond-Opan-Access.pdf\" class=\"wp-block-file__button wp-element-button\" download aria-describedby=\"wp-block-file--media-8a266226-5341-420d-95bd-f8552ef32dd8\">Herunterladen<\/a><\/div>\n\n\n\n<hr class=\"wp-block-separator has-alpha-channel-opacity\" \/>\n\n\n\n<div class=\"wp-block-media-text is-stacked-on-mobile\" style=\"grid-template-columns:21% auto\"><figure class=\"wp-block-media-text__media\"><img loading=\"lazy\" decoding=\"async\" width=\"724\" height=\"1024\" src=\"https:\/\/blog.zhdk.ch\/oaweek2023\/files\/2023\/09\/Flaschenoeffner_gold-724x1024.png\" alt=\"\" class=\"wp-image-19 size-full\" srcset=\"https:\/\/blog.zhdk.ch\/oaweek2023\/files\/2023\/09\/Flaschenoeffner_gold-724x1024.png 724w, https:\/\/blog.zhdk.ch\/oaweek2023\/files\/2023\/09\/Flaschenoeffner_gold-212x300.png 212w, https:\/\/blog.zhdk.ch\/oaweek2023\/files\/2023\/09\/Flaschenoeffner_gold-768x1086.png 768w, https:\/\/blog.zhdk.ch\/oaweek2023\/files\/2023\/09\/Flaschenoeffner_gold-1086x1536.png 1086w, https:\/\/blog.zhdk.ch\/oaweek2023\/files\/2023\/09\/Flaschenoeffner_gold-1449x2048.png 1449w\" sizes=\"auto, (max-width: 724px) 100vw, 724px\" \/><\/figure><div class=\"wp-block-media-text__content\">\n<p>Donnerstag, 26.10.2023, 10:30 \u2013 12 Uhr<\/p>\n\n\n\n<p><strong>Internes Netzwerktreffen<\/strong><\/p>\n\n\n\n<details>\n<summary><span style=\"color: #e03d17\">Mehr erfahren<\/span><\/summary>\n<p>Das Netzwerk der Open-Access-Beauftragten an P\u00e4dagogischen Hochschulen (PH) und Fachhochschulen (FH) der Schweiz wurde 2020 gegr\u00fcndet und tauscht sich zwei- bis dreimal j\u00e4hrlich zu den wichtigsten Themen f\u00fcr die Umsetzung von Open Access aus.<br><br>Das Netzwerktreffen ist nicht \u00f6ffentlich. Kontakt: val\u00e9rie.andres@fhnw.ch<\/p>\n<\/details>\n<\/div><\/div>\n\n\n\n<figure class=\"wp-block-image size-full\"><img loading=\"lazy\" decoding=\"async\" width=\"733\" height=\"120\" src=\"https:\/\/blog.zhdk.ch\/oaweek2023\/files\/2023\/09\/Blanko-1.jpg\" alt=\"\" class=\"wp-image-57\" srcset=\"https:\/\/blog.zhdk.ch\/oaweek2023\/files\/2023\/09\/Blanko-1.jpg 733w, https:\/\/blog.zhdk.ch\/oaweek2023\/files\/2023\/09\/Blanko-1-300x49.jpg 300w\" sizes=\"auto, (max-width: 733px) 100vw, 733px\" \/><\/figure>\n\n\n\n<hr class=\"wp-block-separator has-alpha-channel-opacity\" \/>\n\n\n\n<figure class=\"wp-block-image size-large\"><img loading=\"lazy\" decoding=\"async\" width=\"1024\" height=\"96\" src=\"https:\/\/blog.zhdk.ch\/oaweek2023\/files\/2023\/09\/logo_alle4_transparent-1024x96.png\" alt=\"\" class=\"wp-image-25\" srcset=\"https:\/\/blog.zhdk.ch\/oaweek2023\/files\/2023\/09\/logo_alle4_transparent-1024x96.png 1024w, https:\/\/blog.zhdk.ch\/oaweek2023\/files\/2023\/09\/logo_alle4_transparent-300x28.png 300w, https:\/\/blog.zhdk.ch\/oaweek2023\/files\/2023\/09\/logo_alle4_transparent-768x72.png 768w, https:\/\/blog.zhdk.ch\/oaweek2023\/files\/2023\/09\/logo_alle4_transparent-1536x144.png 1536w, https:\/\/blog.zhdk.ch\/oaweek2023\/files\/2023\/09\/logo_alle4_transparent-2048x192.png 2048w\" sizes=\"auto, (max-width: 1024px) 100vw, 1024px\" \/><\/figure>\n","protected":false},"excerpt":{"rendered":"<p>Facettenreiches Publizieren: Erfahrungen &#8211; Erfolge &#8211; ProjekteOnline-Sessions, 23. \u2013 26.10.2023, jeweils 16 \u2013 17 Uhr Alle Infos zur Open Access Week 2024 sind auf dieser Seite zu finden: blog.zhdk.ch\/oaweek2024. Agenda 2023 Montag, 23.10.2023, 16 \u2013 17 Uhr Lehrmaterialien im Open Access? Eine Plattform zur Ver\u00f6ffentlichung von Open Educational Resources (OER) f\u00fcr die Schweizer Hochschullandschaft&nbsp; Roger &hellip;<\/p>\n","protected":false},"author":3550,"featured_media":0,"parent":0,"menu_order":0,"comment_status":"closed","ping_status":"closed","template":"","meta":{"footnotes":""},"class_list":["post-69","page","type-page","status-publish","hentry"],"_links":{"self":[{"href":"https:\/\/blog.zhdk.ch\/oaweek2023\/wp-json\/wp\/v2\/pages\/69","targetHints":{"allow":["GET"]}}],"collection":[{"href":"https:\/\/blog.zhdk.ch\/oaweek2023\/wp-json\/wp\/v2\/pages"}],"about":[{"href":"https:\/\/blog.zhdk.ch\/oaweek2023\/wp-json\/wp\/v2\/types\/page"}],"author":[{"embeddable":true,"href":"https:\/\/blog.zhdk.ch\/oaweek2023\/wp-json\/wp\/v2\/users\/3550"}],"replies":[{"embeddable":true,"href":"https:\/\/blog.zhdk.ch\/oaweek2023\/wp-json\/wp\/v2\/comments?post=69"}],"version-history":[{"count":31,"href":"https:\/\/blog.zhdk.ch\/oaweek2023\/wp-json\/wp\/v2\/pages\/69\/revisions"}],"predecessor-version":[{"id":233,"href":"https:\/\/blog.zhdk.ch\/oaweek2023\/wp-json\/wp\/v2\/pages\/69\/revisions\/233"}],"wp:attachment":[{"href":"https:\/\/blog.zhdk.ch\/oaweek2023\/wp-json\/wp\/v2\/media?parent=69"}],"curies":[{"name":"wp","href":"https:\/\/api.w.org\/{rel}","templated":true}]}}