{"id":56,"date":"2015-05-06T11:12:36","date_gmt":"2015-05-06T09:12:36","guid":{"rendered":"https:\/\/blog.zhdk.ch\/pegasus\/?page_id=56"},"modified":"2015-06-20T11:44:16","modified_gmt":"2015-06-20T09:44:16","slug":"der-pegasus-entsteht","status":"publish","type":"page","link":"https:\/\/blog.zhdk.ch\/pegasus\/?page_id=56","title":{"rendered":"Der Trojanische Pegasus entsteht"},"content":{"rendered":"<p>Die Idee zum Trojanischen Pegasus stammt von Elisabeth Wegmann, Szenografin, Gr\u00fcnderin von T_Raumfahrt (2003). Sie konzipiert und leitet Projekte im Bereich Freilichtinszenierungen, Ausstellungsgestaltung und Kunstinstallationen im \u00f6ffentlichen Raum, wof\u00fcr sie mehrfach ausgezeichnet worden ist. Sie wirkte mit bei Kunstumsetzung GmbH f\u00fcr den Schweizer Pavillon der Weltausstellung in Aichi\/Japan. (<a href=\"http:\/\/www.t-raumfahrt.net\/\" target=\"_blank\">http:\/\/www.t-raumfahrt.net\/<\/a>)<\/p>\n<p>Die Gestalt des Pferdes und die Visualisierungen hat der K\u00fcnstler Ren\u00e9 Fahrni entwickelt.<\/p>\n<p><img loading=\"lazy\" decoding=\"async\" class=\"alignleft wp-image-314 size-large\" src=\"https:\/\/blog.zhdk.ch\/pegasus\/files\/2015\/05\/Seitenansicht-klein-E-1024x714.jpg\" alt=\"Seitenansicht klein E\" width=\"720\" height=\"502\" \/><img loading=\"lazy\" decoding=\"async\" class=\"alignleft wp-image-362 size-large\" src=\"https:\/\/blog.zhdk.ch\/pegasus\/files\/2015\/05\/Technische-Ansicht-klein-E-1024x714.jpg\" alt=\"Technische Ansicht klein E\" width=\"720\" height=\"502\" srcset=\"https:\/\/blog.zhdk.ch\/pegasus\/files\/2015\/05\/Technische-Ansicht-klein-E-1024x714.jpg 1024w, https:\/\/blog.zhdk.ch\/pegasus\/files\/2015\/05\/Technische-Ansicht-klein-E-300x209.jpg 300w, https:\/\/blog.zhdk.ch\/pegasus\/files\/2015\/05\/Technische-Ansicht-klein-E-210x146.jpg 210w, https:\/\/blog.zhdk.ch\/pegasus\/files\/2015\/05\/Technische-Ansicht-klein-E.jpg 1713w\" sizes=\"auto, (max-width: 720px) 100vw, 720px\" \/><\/p>\n<p>Mit dem Bau des trojanischen Pegasus in den Werkst\u00e4tten der Z\u00fcrcher Hochschule der K\u00fcnste wurde im Februar 2015, kurz nach der Bewilligung des Gesuches durch den Schweizerischen Nationalfonds begonnen.<\/p>\n<p>Hier geht es weiter zu den\u00a0<a href=\"https:\/\/blog.zhdk.ch\/pegasus\/?page_id=104\">Fotos.<\/a><\/p>\n<p><strong>Team<\/strong><br \/>\nElisabeth Wegmann (Ausstellungskonzept, Bau Szenerie), Dieter Ringli (Tondesign), Ren\u00e9 Fahrni (Gestaltung Pferd), Alex Stierli (Bauleitung Pferd), Michel Weber (Beleuchtungs- und Videodesign), Istvan Major (Baupl\u00e4ne Pferd), Dominic Fedier, Werner Heers, Matthias R\u00f6hm,\u00a0 Beno Stauffer (Bau des Pferdes), Nadia Roncoroni (Mitarbeit Szenerie), Seline F\u00fclscher (Gestaltung Fl\u00fcgel).<\/p>\n<p>&nbsp;<\/p>\n<hr \/>\n<h5>Der \u201eTrojanische Pegasus\u201c ist ein Projekt der Z\u00fcrcher Hochschule der K\u00fcnste\/IPF, publiziert mit Unterst\u00fctzung des Schweizerischen Nationalfonds\/AGORA und dem Bundesamt f\u00fcr Kultur.<br \/>\n<a href=\"https:\/\/blog.zhdk.ch\/pegasus\/files\/2015\/05\/3_Logos-e1431374864547.jpg\"><img loading=\"lazy\" decoding=\"async\" class=\"alignnone wp-image-614 size-full\" src=\"https:\/\/blog.zhdk.ch\/pegasus\/files\/2015\/05\/3_Logos-e1431374961202.jpg\" alt=\"\" width=\"700\" height=\"51\" \/><\/a><\/h5>\n<hr \/>\n<p>Kontakt: <a href=\"mailto:liliana.heimberg@zhdk.ch\">liliana.heimberg@zhdk.ch<\/a><\/p>\n<h5><\/h5>\n","protected":false},"excerpt":{"rendered":"<p class=\"post-excerpt\">Die Idee zum Trojanischen Pegasus stammt von Elisabeth Wegmann, Szenografin, Gr\u00fcnderin von T_Raumfahrt (2003). Sie konzipiert und leitet Projekte im&#8230;<\/p>\n","protected":false},"author":2934,"featured_media":0,"parent":0,"menu_order":0,"comment_status":"closed","ping_status":"closed","template":"","meta":{"footnotes":""},"class_list":["post-56","page","type-page","status-publish","hentry"],"_links":{"self":[{"href":"https:\/\/blog.zhdk.ch\/pegasus\/index.php?rest_route=\/wp\/v2\/pages\/56","targetHints":{"allow":["GET"]}}],"collection":[{"href":"https:\/\/blog.zhdk.ch\/pegasus\/index.php?rest_route=\/wp\/v2\/pages"}],"about":[{"href":"https:\/\/blog.zhdk.ch\/pegasus\/index.php?rest_route=\/wp\/v2\/types\/page"}],"author":[{"embeddable":true,"href":"https:\/\/blog.zhdk.ch\/pegasus\/index.php?rest_route=\/wp\/v2\/users\/2934"}],"replies":[{"embeddable":true,"href":"https:\/\/blog.zhdk.ch\/pegasus\/index.php?rest_route=%2Fwp%2Fv2%2Fcomments&post=56"}],"version-history":[{"count":27,"href":"https:\/\/blog.zhdk.ch\/pegasus\/index.php?rest_route=\/wp\/v2\/pages\/56\/revisions"}],"predecessor-version":[{"id":736,"href":"https:\/\/blog.zhdk.ch\/pegasus\/index.php?rest_route=\/wp\/v2\/pages\/56\/revisions\/736"}],"wp:attachment":[{"href":"https:\/\/blog.zhdk.ch\/pegasus\/index.php?rest_route=%2Fwp%2Fv2%2Fmedia&parent=56"}],"curies":[{"name":"wp","href":"https:\/\/api.w.org\/{rel}","templated":true}]}}