{"id":72,"date":"2015-05-06T11:13:34","date_gmt":"2015-05-06T09:13:34","guid":{"rendered":"https:\/\/blog.zhdk.ch\/pegasus\/?page_id=72"},"modified":"2015-08-06T14:05:20","modified_gmt":"2015-08-06T12:05:20","slug":"technische-daten-fuer-gastauftritte","status":"publish","type":"page","link":"https:\/\/blog.zhdk.ch\/pegasus\/?page_id=72","title":{"rendered":"Technische Daten f\u00fcr einen Gastauftritt des Trojanischen Pegasus"},"content":{"rendered":"<p><span style=\"text-decoration: underline\">Dauer des Auftrittes<\/span><br \/>\nDer Pegasus kann von 1 Tag bis ca. 14 Tage\u00a0 angefragt werden. In speziellen F\u00e4llen bis zu\u00a0\u00a0 einem Monat.<\/p>\n<p><span style=\"text-decoration: underline\">Platzbedarf\u00a0 f\u00fcr deb Pegasus<\/span><br \/>\nEbene Fl\u00e4che von 8m x 6,5m. Untergrund Asphalt, Kies- oder Sportbelag, u.U. auch Rasen.<\/p>\n<p><span style=\"text-decoration: underline\">Stromanschluss<br \/>\n<\/span>Der Stromanschluss muss am Tag des Aufbaus durch den Veranstalter zum Standort des Pegasus gezogen sein. Die Stecker k\u00f6nnen von der Technik des Produktionszentrums wassergesch\u00fctzt unter dem Wagen des Pegasus verlegt werden.<br \/>\nStrombedarf f\u00fcr den Pegasus und ggf. Aussenbeleuchtung abends: \u00a02x T13 min. 10 Ampere oder 2xT23 oder 1x T15 oder 1xT25 oder 1xCEE16 .<br \/>\nStrombedarf nur f\u00fcr den Pegasus: \u00a01x T13 \u00a0min. 10 Ampere.<br \/>\nDer Strom darf f\u00fcr die ganze Dauer der Ausstellung nicht abgeschaltet werden: das Programm l\u00e4uft 24h. Der Ton kann reguliert und abgestellt werden.<\/p>\n<p><span style=\"text-decoration: underline\">Standorte, Bewilligung<\/span><br \/>\nDer Bau des Pferdes ist f\u00fcr den Aufbau an Aussenstandorten geeignet. Gesucht sind Standorte mit Laufpublikum, wo aber auch Zeit zum Verweilen ist, bspw. Ausstellungsorte, Festivals, Flaniermeilen, Parks, Vorpl\u00e4tze von Dienstleistungseinrichtungen etc. Die Bewilligung f\u00fcr den Aussenstandort auf \u00f6ffentlichem Grund ist vom jeweiligen Veranstalter vor Ort einzuholen resp. zu gew\u00e4hrleisten.<\/p>\n<p><span style=\"text-decoration: underline\">Transport, Anreisetag, Auf- und Abbau<br \/>\n<\/span>Der Pegasus wird mit einem LKW (18 Tonnen, L\u00e4nge, 11m, H\u00f6he 4m) angeliefert und mit einem LKW- Kran aus dem Container gehoben. Der LKW und das Ausladen des Pegasus ben\u00f6tigen ca. 17m<sup>2<\/sup> ebenen Platz.<\/p>\n<p>Der Aufbau erfolgt durch 2 Techniker des Produktionszentrums der Z\u00fcrcher Hochschule der K\u00fcnste. Vor Ort werden vom Veranstalter 2 Personen f\u00fcr Auf- und Abbau f\u00fcr jeweils ca. 3 Std. ben\u00f6tigt. Eine davon sollte die Person sein, die den Pegasus anschliessend technisch betreut.<br \/>\nDie Aufbauzeit betr\u00e4gt\u00a0insgesamt 5-6 Stunden, der Abbau ca. 3 Stunden.<\/p>\n<p><span style=\"text-decoration: underline\">Betreuung, Videoprogramm, Ton<br \/>\n<\/span>Das Licht- und Videoprogramm l\u00e4uft kontinuierlich durch, der Strom darf nicht abgeschaltet werden. Die Lautst\u00e4rke des Tonprogramms des Pegasus kann auf die \u00f6rtlichen Gegebenheiten angepasst und ausgeschaltet werden. Der Radius, in welchem der Sound geh\u00f6rt werden kann, betr\u00e4gt max. ca. 10-15 m. Es braucht eine verl\u00e4ssliche Person vor Ort, welche den Ton ein- und ausschaltet und im Falle eines Schadens oder eines technischen Problems mit der Projektleitung oder mit der technischen Leitung Kontakt aufnimmt. Diese Person sollte beim Aufbau mit dabei sein.<\/p>\n<p><span style=\"text-decoration: underline\">Vernissage\/Pressekonferenz<br \/>\n<\/span>An jedem Standort wird in Absprache mit den Verantwortlichen eine kleine Vernissage mit Einladung der Medien geplant, Er\u00f6ffnungsritual und Kurzvortrag zu Themen der Forschung zum Freilichttheater nach Bedarf und Interesse (Modalit\u00e4ten nach Absprache mit der Projektleitung).<\/p>\n<p><span style=\"text-decoration: underline\">Kosten f\u00fcr einen Gastauftritt<br \/>\n<\/span>Kostenaufstellung nach Aufwand.<\/p>\n<p><span style=\"text-decoration: underline\">Ansprechpartner<em><br \/>\n<\/em><\/span><em>&#8211; <\/em>Produktionsleitung Pegasus: Liliana Heimberg, <a href=\"mailto:liliana.heimberg@zhdk.ch\">liliana.heimberg@zhdk.ch, <\/a>079 205 04 28<br \/>\n&#8211; Technische Leitung Auf und Abbau Pegasus: Alex Stierli, <a href=\"mailto:alex.stierli@zhdk.ch\">alex.stierli@zhdk.ch<\/a> 079 220 20 92; Stv. Istvan Major <a href=\"mailto:istvan.major@zhdk.ch\">istvan.major@zhdk.ch<\/a>, 079 326 29 07<\/p>\n<p>&nbsp;<\/p>\n<hr \/>\n<p>&nbsp;<\/p>\n<p><strong><span style=\"text-decoration: underline\">H\u00e4ufige Fragen der Veranstalter<\/span><\/strong> <em>(Antworten des technischen Leiters, Alex Stierli)<\/em><\/p>\n<p><strong>Was macht einen geeigneten Aussen-Standort aus? Ist ein betoniertes Fundament n\u00f6tig?<\/strong><br \/>\n<em>Das Pferd ben\u00f6tigt eine ebene Fl\u00e4che von ca. 8 Meter x 6.5 Meter. Kleine Unebenheiten, eine sehr geringe Steigung k\u00f6nnen beim Aufbau ausgeglichen werden. Geeignet sind asphaltierte Fl\u00e4chen, Pl\u00e4tze mit Pflastersteinen, Kies- oder Sport Belag, Holzplanken etc. Die Anlieferung erfolgt per LKW.<\/em><\/p>\n<p><strong>Ist das Pferd wind- und wetterfest? Wie wird gew\u00e4hrleistet, dass das Pferd starkem Wind und nasser Witterung standh\u00e4lt? Wie ist die eingebaute Elektronik gegen Ersch\u00fctterung beim Transport und \u00dcberhitzung gesch\u00fctzt?<\/strong><br \/>\n<em>Das Pferd ist daf\u00fcr angelegt, im Freien zu stehen. Transport und Wartung erfolgt durch das Produktionszentrum und darf auch nur vom Produktionszentrum vorgenommen werden. F\u00fcr Entl\u00fcftung ist gesorgt.<\/em><\/p>\n<p><strong>Ist das Pferd f\u00fcr eine intensive Nutzung in stark frequentierter Lage (Outdoor-Familienspielplatz) geeignet?<\/strong><br \/>\n<em>Das Pferd h\u00e4lt einer vern\u00fcnftigen Nutzung gut stand, ist aber nicht als Spielplatzger\u00e4t geeignet.<\/em><\/p>\n<p><strong>Wie wird der Sicherheit der Nutzer\/-innen Rechnung getragen?<\/strong><br \/>\n<em>Der Zugang zu den Guckl\u00f6chern erfolgt \u00fcber Treppenstufen. Nichts l\u00e4dt dazu ein, das Pferd zu besteigen. Dies ist nur unter bewusster Durchbrechung dieser Vorgaben m\u00f6glich und erfolgt auf eigene Verantwortung (Hinweistafel).<br \/>\n<\/em><\/p>\n<p><strong>Wie erfolgt die Absprache \u00fcber die Form der Vernissage, allf\u00e4llige Begleitveranstaltungen sowie die allgemeine Kommunikation des Projektes vor Ort?<br \/>\n<\/strong><em>Das Projekt beabsichtigt eine Abstimmung der Vernissage, allf\u00e4lliger Begleitveranstaltungen und der Kommunikation mit den Medien auf die Erfordernisse und M\u00f6glichkeiten des Veranstaltungsortes. Mit jedem Ausstellungsort wird ein je eigener Zeit- und Kommunikationsplan erarbeitet. Die Projektleitung stellt dem Veranstalter einen Flyer f\u00fcr den E-Mail-Versand zur Verf\u00fcgung. Die Medien werden von der Hochschulkommunikation der Z\u00fcrcher Hochschule eingeladen.<\/em><\/p>\n<p>&nbsp;<\/p>\n<p><strong>Kontakt:<\/strong><\/p>\n<p>Projektleitung Lilianan Heimberg: <a href=\"mailto:liliana.heimberg@zhdk.ch\">liliana.heimberg@zhdk.ch<\/a> 079 205 05 28<\/p>\n<p>Technische Leitung Alex Stierli: <a href=\"mailto:alex.stierli@zhdk.ch\">alex.stierli@zhdk.ch<\/a> 079 220 20 92<br \/>\nStv. Istvan Major: <a href=\"mailto:istvan.major@zhdk.ch\">istvan.major@zhdk.ch <\/a>079 326 29 07<\/p>\n<hr \/>\n<h5>Der \u201eTrojanische Pegasus\u201c ist ein Projekt der Z\u00fcrcher Hochschule der K\u00fcnste\/IPF, publiziert mit Unterst\u00fctzung des Schweizerischen Nationalfonds\/AGORA und dem Bundesamt f\u00fcr Kultur.<br \/>\n<a href=\"https:\/\/blog.zhdk.ch\/pegasus\/files\/2015\/05\/3_Logos-e1431374864547.jpg\"><img loading=\"lazy\" decoding=\"async\" class=\"alignnone wp-image-614 size-full\" src=\"https:\/\/blog.zhdk.ch\/pegasus\/files\/2015\/05\/3_Logos-e1431374961202.jpg\" alt=\"\" width=\"700\" height=\"51\" \/><\/a><\/h5>\n<hr \/>\n<h5><\/h5>\n<p>&nbsp;<\/p>\n","protected":false},"excerpt":{"rendered":"<p class=\"post-excerpt\">Dauer des Auftrittes Der Pegasus kann von 1 Tag bis ca. 14 Tage\u00a0 angefragt werden. In speziellen F\u00e4llen bis zu\u00a0\u00a0&#8230;<\/p>\n","protected":false},"author":2934,"featured_media":0,"parent":0,"menu_order":0,"comment_status":"closed","ping_status":"closed","template":"","meta":{"footnotes":""},"class_list":["post-72","page","type-page","status-publish","hentry"],"_links":{"self":[{"href":"https:\/\/blog.zhdk.ch\/pegasus\/index.php?rest_route=\/wp\/v2\/pages\/72","targetHints":{"allow":["GET"]}}],"collection":[{"href":"https:\/\/blog.zhdk.ch\/pegasus\/index.php?rest_route=\/wp\/v2\/pages"}],"about":[{"href":"https:\/\/blog.zhdk.ch\/pegasus\/index.php?rest_route=\/wp\/v2\/types\/page"}],"author":[{"embeddable":true,"href":"https:\/\/blog.zhdk.ch\/pegasus\/index.php?rest_route=\/wp\/v2\/users\/2934"}],"replies":[{"embeddable":true,"href":"https:\/\/blog.zhdk.ch\/pegasus\/index.php?rest_route=%2Fwp%2Fv2%2Fcomments&post=72"}],"version-history":[{"count":16,"href":"https:\/\/blog.zhdk.ch\/pegasus\/index.php?rest_route=\/wp\/v2\/pages\/72\/revisions"}],"predecessor-version":[{"id":990,"href":"https:\/\/blog.zhdk.ch\/pegasus\/index.php?rest_route=\/wp\/v2\/pages\/72\/revisions\/990"}],"wp:attachment":[{"href":"https:\/\/blog.zhdk.ch\/pegasus\/index.php?rest_route=%2Fwp%2Fv2%2Fmedia&parent=72"}],"curies":[{"name":"wp","href":"https:\/\/api.w.org\/{rel}","templated":true}]}}