{"id":86,"date":"2015-05-06T11:16:51","date_gmt":"2015-05-06T09:16:51","guid":{"rendered":"https:\/\/blog.zhdk.ch\/pegasus\/?page_id=86"},"modified":"2015-05-11T22:22:11","modified_gmt":"2015-05-11T20:22:11","slug":"forschungsprojekt","status":"publish","type":"page","link":"https:\/\/blog.zhdk.ch\/pegasus\/?page_id=86","title":{"rendered":"Forschung"},"content":{"rendered":"<p>Das Projekt \u201eDer Trojanische Pegasus\u201c ist eine Vermittlungsprojekt zum Theater mit nichtprofessionellen Darstellenden und wird unterst\u00fctzt vom Schweizerischen Nationalfonds im Rahmen des Programms Agora zur Verbreitung wissenschaftlicher Forschung und zur F\u00f6rderung des Dialogs zwischen Wissenschaft und \u00d6ffentlichkeit, sowie vom Bundesamt f\u00fcr Kultur im Rahmen des Programmes &#8222;Lebendige Traditionen in der Schweiz&#8220;.<\/p>\n<p><a href=\"http:\/\/www.snf.ch\/de\/foerderung\/wissenschaftskommunikation\/agora\/Seiten\/default.aspx\" target=\"_blank\">Schweizerischer Nationalfonds<\/a> (SNF)<br \/>\n<a href=\"http:\/\/www.lebendige-traditionen.ch\/index.html?lang=de\" target=\"_blank\">Lebendigen Traditionen in der Schweiz<\/a> (BAK)<\/p>\n<p>Theater ist eine Form der Ver\u00f6ffentlichung und Kommunikation, es kreiert aber auch \u00d6ffentlichkeit. Das Vermittlungsprojekt nimmt auf diese komplement\u00e4ren Eigenschaften Bezug. Es l\u00e4dt das Publikum nicht zu einer Ausstellung ein, sondern begibt sich dorthin, wo das Publikum bereits ist. Es vereinigt die Begegnung von Personen und einem \u00fcbergrossen Objekt mit einem multimedial gesteuerten Ereignis und einer erl\u00e4uternden Publikation. Von der spielerischen Ann\u00e4herung bis zur Vertiefung der Erkenntnisse aus der Forschung sind den Besuchern somit unterschiedliche Zug\u00e4nge mit individueller Verweildauer m\u00f6glich.<\/p>\n<p>Die Szenerie im Leib des Pferdes und die Publikation \u201eFreilichttheater \u2013 eine Tradition auf neuen Wegen\u201c beziehen sich auf zwei transdisziplin\u00e4re Untersuchungen zum Freilichttheater in der Schweiz, am Institute for the Performing Arts and Film (IPF), Z\u00fcrcher Hochschule der K\u00fcnste ZHdK.<\/p>\n<p>&nbsp;<\/p>\n<p><strong>Brennpunkt: Theater mit nichtprofessionellen Darstellenden 2008\/2009<\/strong><\/p>\n<ul>\n<li>Theater im Freien \u2013 eine Typologie (Liliana Heimberg, Yvonne Schmidt)<\/li>\n<li>Vielstimmige Gegenwart \u2013 Das Spiel nichtprofessioneller Darstellender (Yvonne Schmidt)<\/li>\n<li>Autorschaft im Freilichttheater (Liliana Heimberg)<\/li>\n<li>Regionalwirtschaftliche Effekte des Landschaftstheaters Ballenberg (Simone Strauf)<\/li>\n<li>Kulturpolitische Aspekte (Stefan Koslowski)<\/li>\n<\/ul>\n<p>&nbsp;<\/p>\n<p><strong>Die \u00c4sthetik des Freilichttheaters zwischen kultureller Vielfalt und immateriellem Kulturerbe 2010\/2011<\/strong><\/p>\n<ul>\n<li>Die \u00c4sthetik des Freilichttheaters \u2013 Typologie (Liliana Heimberg, Yvonne Schmidt)<\/li>\n<li>Die \u00c4sthetik des Raumes (Karin Gimmi)<\/li>\n<li>Die \u00c4sthetik der Musik (Dieter Ringli)<\/li>\n<li>Die \u00c4sthetik von Bewegung und Choreografie (Liliana Heimberg)<\/li>\n<li>Die \u00c4sthetik des Kost\u00fcms (Yvonne Schmidt)<\/li>\n<li>Darstellende K\u00fcnste als lebendige Traditionen (Silke Andris, Tanja Coray, Melissa Dettling, Giulia Pesapane, C\u00e9line Steiner)<\/li>\n<\/ul>\n<p>&nbsp;<\/p>\n<p>Die Originalbeitr\u00e4ge sind abrufbar \u00fcber diesen <a href=\"https:\/\/www.zhdk.ch\/index.php?id=58291\" target=\"_blank\">Link<\/a>.<\/p>\n<p>&nbsp;<\/p>\n<p><strong>Kurzbiografien der Autorinnen und Autoren<\/strong><\/p>\n<p><strong>Prof. Liliana Heimberg<\/strong>, Theaterp\u00e4dagogin und Regisseurin; Profilverantwortliche f\u00fcr Theaterp\u00e4dagogik im Master Theater des Departmentes f\u00fcr Darstellende K\u00fcnste und Leiterin von SNF-Forschungsprojekten zu Theater mit nicht professionellen Darstellern am Institute for the Performing Arts and Film (IPF) der Z\u00fcrcher Hochschule der K\u00fcnste ZHdK.<\/p>\n<p><strong>Dr. Yvonne Schmidt<\/strong>, Theaterwissenschaftlerin; wissenschaftliche Mitarbeiterin und Projektleitung am Institute for the Performing Arts and Film (IPF) der ZHdK; Doktorat am Institut f\u00fcr Theaterwissenschaft der Universit\u00e4t Bern zu Experten, Amateuren und behinderten Darstellern im Gegenwartstheater.<\/p>\n<p><strong>Simone Strauf<\/strong>, lic.phil., M.A. wissenschaftliche Mitarbeiterin und Projektleiterin am Institut f\u00fcr Systemisches Management und Public Governance (IMP) der Universit\u00e4t St. Gallen. Forschungsschwerpunkte: Regionalentwicklung und Wirkungsmessung.<\/p>\n<p><strong>Dr. Stefan Koslowski<\/strong>, wissenschaftlicher Mitarbeiter Sektion Kultur und Gesellschaft des Bundesamtes f\u00fcr Kultur BAK, zust\u00e4ndig f\u00fcr die Umsetzung der UNESCO-Konvention zur Bewahrung des immateriellen Kulturerbes sowie f\u00fcr die F\u00f6rderung von Projekten zur musikalischen Bildung und f\u00fcr die Unterst\u00fctzung von Organisationen kulturell t\u00e4tiger Laien.<\/p>\n<p><strong>Karin Gimmi<\/strong>, lic. phil., Kunsthistorikerin, Kuratorin am Museum f\u00fcr Gestaltung Z\u00fcrich. Zuvor Dozentin f\u00fcr Kunst- und Architekturgeschichte an der Hochschule Luzern und wissenschaftliche Mitarbeiterin am Institut gta der ETH Z\u00fcrich und am Institute for the Performing Arts and Film (IPF) der ZHdK.<\/p>\n<p><strong>Dr. Dieter Ringli<\/strong>, Musiker, Musikwissenschaftler und \u2013ethnologe; Dozent f\u00fcr Musikethnologie und Pop-\u00c4sthetik an der Musikhochschule Luzern und an der Z\u00fcrcher Hochschule der K\u00fcnste; Musiker der Formation <em>Zweidieter<\/em>; Autor des Buches <em>Schweizer Volksmusik \u2013 von den Anf\u00e4ngen um 1800 bis zur Gegenwart<\/em> (2006).<\/p>\n<p><strong>Dr. Silke Andris<\/strong>, Kulturanthropologin und Filmemacherin; Habilitandin am Institut f\u00fcr Kulturwissenschaften und Europ\u00e4ische Ethnologie der Universit\u00e4t Basel; Forschungen \u00fcber die aktuellen Diskurse der Evaluation und Inwertsetzung performativer Kultur als immaterielles UNESCO-Kulturerbe bzw. lebendige Traditionen der Schweiz.<\/p>\n<p><strong>Tanja Coray, Melissa Dettling, Giulia Pesapane, C\u00e9line Steiner<\/strong> waren zum Zeitpunkt der Mitarbeit bei der Studie Studentinnen am Seminar f\u00fcr Kulturwissenschaft und Europ\u00e4ische Ethnologie an der Universit\u00e4t Basel.<\/p>\n<p><strong>Kathrin Siegfried<\/strong>, lic. phil. Historikerin und Germanistin. Freischaffend t\u00e4tig als Autorin von Sachb\u00fcchern und Theaterkonzepten und als Dramaturgin in der freien Szene. Autorin der Biografie <em>Steivan Liun K\u00f6nz. Geschichtenmaler und Bilderz\u00e4hler<\/em> (B\u00fcndner Buch des Jahres 2012). Sie hat die Textfassung der Begleitpublikation zum Trojanischen Pegasus, &#8220; Freilichttheater &#8211; eine Tradition auf neuen Wegen&#8220; verfasst.<\/p>\n<hr \/>\n<h5>Der \u201eTrojanische Pegasus\u201c ist ein Projekt der Z\u00fcrcher Hochschule der K\u00fcnste\/IPF, publiziert mit Unterst\u00fctzung des Schweizerischen Nationalfonds\/AGORA und dem Bundesamt f\u00fcr Kultur.<br \/>\n<a href=\"https:\/\/blog.zhdk.ch\/pegasus\/files\/2015\/05\/3_Logos-e1431374864547.jpg\"><img loading=\"lazy\" decoding=\"async\" class=\"alignnone wp-image-614 size-full\" src=\"https:\/\/blog.zhdk.ch\/pegasus\/files\/2015\/05\/3_Logos-e1431374961202.jpg\" alt=\"\" width=\"700\" height=\"51\" \/><\/a><\/h5>\n<hr \/>\n<p>Kontakt: <a href=\"mailto:liliana.heimberg@zhdk.ch\">liliana.heimberg@zhdk.ch<\/a><\/p>\n","protected":false},"excerpt":{"rendered":"<p class=\"post-excerpt\">Das Projekt \u201eDer Trojanische Pegasus\u201c ist eine Vermittlungsprojekt zum Theater mit nichtprofessionellen Darstellenden und wird unterst\u00fctzt vom Schweizerischen Nationalfonds im&#8230;<\/p>\n","protected":false},"author":2934,"featured_media":0,"parent":0,"menu_order":0,"comment_status":"closed","ping_status":"closed","template":"","meta":{"footnotes":""},"class_list":["post-86","page","type-page","status-publish","hentry"],"_links":{"self":[{"href":"https:\/\/blog.zhdk.ch\/pegasus\/index.php?rest_route=\/wp\/v2\/pages\/86","targetHints":{"allow":["GET"]}}],"collection":[{"href":"https:\/\/blog.zhdk.ch\/pegasus\/index.php?rest_route=\/wp\/v2\/pages"}],"about":[{"href":"https:\/\/blog.zhdk.ch\/pegasus\/index.php?rest_route=\/wp\/v2\/types\/page"}],"author":[{"embeddable":true,"href":"https:\/\/blog.zhdk.ch\/pegasus\/index.php?rest_route=\/wp\/v2\/users\/2934"}],"replies":[{"embeddable":true,"href":"https:\/\/blog.zhdk.ch\/pegasus\/index.php?rest_route=%2Fwp%2Fv2%2Fcomments&post=86"}],"version-history":[{"count":11,"href":"https:\/\/blog.zhdk.ch\/pegasus\/index.php?rest_route=\/wp\/v2\/pages\/86\/revisions"}],"predecessor-version":[{"id":628,"href":"https:\/\/blog.zhdk.ch\/pegasus\/index.php?rest_route=\/wp\/v2\/pages\/86\/revisions\/628"}],"wp:attachment":[{"href":"https:\/\/blog.zhdk.ch\/pegasus\/index.php?rest_route=%2Fwp%2Fv2%2Fmedia&parent=86"}],"curies":[{"name":"wp","href":"https:\/\/api.w.org\/{rel}","templated":true}]}}