{"id":6857,"date":"2011-05-05T14:37:06","date_gmt":"2011-05-05T12:37:06","guid":{"rendered":"http:\/\/prototyp.zhdk.ch\/?page_id=2929"},"modified":"2018-05-16T10:24:16","modified_gmt":"2018-05-16T08:24:16","slug":"programm-2011program-2011","status":"publish","type":"page","link":"https:\/\/blog.zhdk.ch\/prototyp\/en\/programm-2011program-2011\/","title":{"rendered":"Program 2011"},"content":{"rendered":"<p><\/p>\n<p class=\"MsoNormal\"><b>1 October to 20 November,\u00a0<\/b><b>open daily 10 AM to 7 PM<\/b> <b>Opening: Friday,\u00a030\u00a0September, 19:00<\/b><\/p>\n<p class=\"MsoNormal\">Exhibition co-curated by Tido von Oppeln, Alexandra Waldburg Wolfegg, Elena Agudio, Bessaam El Asmar<\/p>\n<p class=\"MsoNormal\"><i>Totem and Taboo<\/i><\/p>\n<p class=\"MsoNormal\">Complexity and Relationships between Art and Design<\/p>\n<p class=\"MsoNormal\">Freiraum Quartier21 International, Museumsplatz 1-5, Wien<\/p>\n<p class=\"MsoNormal\">In the context of design as an applied art, <i>Totem and Taboo <\/i>views art as the hypothetical father figure or relative of design. The metaphor of family relationships and family similarity led the group of writers and curators behind the show to take a closer look at Sigmund Freud\u2019s\u00a0<i>Totem and Taboo<\/i>. Written around 1910, in the same period that modern design was first coming into being, this seminal work portrays totem as an object representing an absent relative and taboo as the fear of incest, of excessive closeness. Even though Freud\u2019s study neither has to do with art nor design, the exhibition takes it as a model for the relationship of the two fields.<\/p>\n<p class=\"MsoNormal\">Participating artists\/designers: \u00d8ystein Aasan, Stephane Barbier Bouvet, Paolo Chiasera, Jan De Cock, Martino Gamper, Jeppe Hein, Lisa Lapinski, Rodney LaTourelle, Kai Linke, Kueng Caputo, Studio Makkink &amp; Bey, Michaela Meise, Manfred Pernice, Gianni Pettena, Bertjan Pot, Stefan Sagmeister, Andrea Sala, Joe Scanlan, Clemence Seilles, Judith Seng, Jerszy Seymour, Florian Slotawa, Albert Weis, Johannes Wohnseifer, Heimo Zobernig, et al.<\/p>\n<p class=\"MsoNormal\"><a href=\"http:\/\/www.quartier21.at\/\">www.totemandtaboo.net<\/a> <a href=\"http:\/\/www.quartier21.at\/\">www.quartier21.at<\/a><\/p>\n<p class=\"MsoNormal\"><strong>1 September 2011, 7 PM<\/strong><\/p>\n<p class=\"MsoNormal\">Book launch and discussion with\u00a0\u00a0Meret Ernst (editor at hochparterre)\u00a0at Motto Books, Kochstrasse 1, CH-8004 Z\u00fcrich<\/p>\n<p class=\"MsoNormal\"><strong style=\"line-height: 1.714285714;font-size: 1rem\">13 September 2011, 8:30 PM<\/strong><\/p>\n<p class=\"MsoNormal\">Book launch and discussion\u00a0at\u00a0pro qm, Almstadtstra\u00dfe 48-50, \u2028D-10119 Berlin<\/p>\n<p class=\"MsoNormal\"><b style=\"line-height: 1.714285714;font-size: 1rem\"><i>It`s Not a Garden Table<\/i><\/b><\/p>\n<p class=\"MsoNormal\"><strong style=\"line-height: 1.714285714;font-size: 1rem\">Design and Art in the Expanded Field<\/strong><\/p>\n<p class=\"MsoNormal\"><span style=\"line-height: 1.714285714;font-size: 1rem\">Anthology edited by\u00a0J\u00f6rg Huber,\u00a0Burkhard Meltzer,\u00a0Heike Munder,\u00a0Tido von Oppeln<\/span><\/p>\n<p><a href=\"https:\/\/blog.zhdk.ch\/prototyp\/files\/2013\/11\/cover_d.jpg\"><img loading=\"lazy\" decoding=\"async\" class=\"size-medium wp-image-7359\" src=\"https:\/\/blog.zhdk.ch\/prototyp\/files\/2013\/11\/cover_d-201x300.jpg\" alt=\"\" width=\"201\" height=\"300\" srcset=\"https:\/\/blog.zhdk.ch\/prototyp\/files\/2013\/11\/cover_d-201x300.jpg 201w, https:\/\/blog.zhdk.ch\/prototyp\/files\/2013\/11\/cover_d-688x1024.jpg 688w, https:\/\/blog.zhdk.ch\/prototyp\/files\/2013\/11\/cover_d-624x927.jpg 624w, https:\/\/blog.zhdk.ch\/prototyp\/files\/2013\/11\/cover_d.jpg 890w\" sizes=\"auto, (max-width: 201px) 100vw, 201px\" \/><\/a><\/p>\n<p class=\"MsoNormal\">\u00a0Artists, designers and theorists are discussing the consequences of design as a self-referential practice, the aesthetics of lifeworld in the art context, and many other topics with a special focus on furniture. The publication proposes three approaches towards the expanded definition of design today and its relation to the art context:<\/p>\n<p class=\"MsoNormal\">\u201eDistinction\u201c: with texts by Sven L\u00fctticken, Klaus Spechtenhauser, Tido von Oppeln, Mateo Kries, Burkhard Meltzer \u201eParticipation\u201c:\u00a0with texts by Alexander Garc\u00eda D\u00fcttmann, Monika Kritzm\u00f6ller, Jennifer Allen, Judith Welter and a talk with Martin Boyce, Fr\u00e9d\u00e9ric Dedelley and Max Borka<\/p>\n<p class=\"MsoNormal\">\u201eProduction\u201c: Interviews with Jerszy Seymor, Julia Lohmann, Jurgen Bey, Martino Gamper, Front Design, Martin Boyce, David Renggli, Matthew Smith, Andrea Zittel, Florian Slotawa and Mamiko Otsubo<\/p>\n<p class=\"MsoNormal\">Published on the occasion of a research collaboration of the Institute of Critical Theory (Zurich University of the Arts) and the migros museum f\u00fcr gegenwartskunst, Zurich.<\/p>\n<p class=\"MsoNormal\">Distributed by JRP|Ringier,\u00a0<a href=\"http:\/\/www.jrp-ringier.com\/\">www.jrp-ringier.com<\/a><\/p>\n<p class=\"MsoNormal\">Editions: English ISBN 978-3-03764-211-5\u00a0\/ German ISBN 978-3-03764-237-5<\/p>\n<p class=\"MsoNormal\">Softcover, 165&#215;220 mm, 270 Pages,\u00a0Images 32 Color,\u00a0CHF 48<\/p>\n<p class=\"MsoNormal\"><b>30 June &#8211; 16 July 2011<\/b> <b>Opening: 30 June, 7 PM<\/b><\/p>\n<p class=\"MsoNormal\"><b><i>A Grammar of the Third Person<\/i><\/b><\/p>\n<p class=\"MsoNormal\">Clemence Seilles, Stephane Barbier Bouvet, Kueng\/Caputo, Jochen\u00a0Weber, Kai Linke, Xabier Salaberria, David Heitz<\/p>\n<p class=\"MsoNormal\">Exhibition Curated by Burkhard Meltzer and Tido von Oppeln<\/p>\n<div id=\"attachment_7379\" style=\"width: 892px\" class=\"wp-caption alignnone\"><a href=\"https:\/\/blog.zhdk.ch\/prototyp\/files\/2013\/11\/grosserraum8_klein.jpg\"><img loading=\"lazy\" decoding=\"async\" aria-describedby=\"caption-attachment-7379\" class=\"size-full wp-image-7379\" src=\"https:\/\/blog.zhdk.ch\/prototyp\/files\/2013\/11\/grosserraum8_klein.jpg\" alt=\"view of the installation\" width=\"882\" height=\"591\" srcset=\"https:\/\/blog.zhdk.ch\/prototyp\/files\/2013\/11\/grosserraum8_klein.jpg 882w, https:\/\/blog.zhdk.ch\/prototyp\/files\/2013\/11\/grosserraum8_klein-300x201.jpg 300w, https:\/\/blog.zhdk.ch\/prototyp\/files\/2013\/11\/grosserraum8_klein-624x418.jpg 624w\" sizes=\"auto, (max-width: 882px) 100vw, 882px\" \/><\/a><p id=\"caption-attachment-7379\" class=\"wp-caption-text\">view of the installation<\/p><\/div>\n<p class=\"MsoNormal\">\u00a0<a title=\"Art Space Corner-College, Zurich\" href=\"http:\/\/www.corner-college.com\/Veranstaltungen\/1309384800\/387\" target=\"_blank\" rel=\"noopener\">Art space Corner-College, Zurich<\/a><\/p>\n<p class=\"MsoNormal\">A Grammar of the Third Person discusses demarcations and references between different value systems of material culture within the scope of an exhibition space. Thus the group show provides a view on recent relations between art and design with positions from both disciplines. Common roots of shopping displays, fairs and art presentations are explored as well as the interfusion of private and public spaces. In photography, installation and performance, the participating artists and designers deal with influences of modernity and its industrial production, user interfaces of contemporary design or their relations to found materials and spaces. <b><\/b> Generously supported by:<\/p>\n<p class=\"MsoNormal\"><a href=\"http:\/\/www.prohelvetia.ch\/\" target=\"_blank\" rel=\"noopener\">Pro-Helvetia, Schweizer Kulturstiftung<\/a><\/p>\n<p class=\"MsoNormal\"><a href=\"http:\/\/www.secuex.es\/\" target=\"_blank\" rel=\"noopener\">Spanish Cultural Action AC\/E<\/a><\/p>\n<p class=\"MsoNormal\"><a href=\"http:\/\/www.ifa.de\/\" target=\"_blank\" rel=\"noopener\">IFA &#8211; Institut f\u00fcr Auslandsbeziehungen<\/a><\/p>\n<p class=\"MsoNormal\">\n<p class=\"MsoNormal\"><b>Friday, 13 May 2011, 4:10 PM<\/b><\/p>\n<p class=\"MsoNormal\"><i>Two Case Studies on Landscape, Interiors and Abstraction in Contemporary Art<\/i><\/p>\n<p class=\"MsoNormal\">Conference\u00a0presentation by Burkhard Meltzer<\/p>\n<p class=\"MsoNormal\">Lawley Lecture Theatre, Kingston Hill Campus, London, UK<\/p>\n<p class=\"MsoNormal\">Furniture objects often appear as intermediary between interior space and ideas of an exterior landscape in contemporary art installations. Two case studies show, how elements of furniture serve as a model for urban architecture or the landscape at large. In the works of Martin Boyce and Mamiko Otsubo, landscape-related structures do not necessarily represent a particular interest of contemporary artists in the representation of nature, but rather the idea of urban spaces or landscapes translated into an abstract pattern.<b><\/b><\/p>\n<p class=\"MsoNormal\">Two linked conferences \u2013\u00a0<b>FLOW 1 <\/b>and\u00a0<b>FLOW 2 <\/b>\u2013 will address issues of the relationships between interiors and landscape. FLOW 1 will take a historical perspective covering the period from the late nineteenth century to the present day. It will be hosted by the Modern Interiors Research Centre (MIRC) in collaboration with the Landscape Interface Studio, Kingston University, in London on the 12th and 13th May 2011.<\/p>\n<p class=\"MsoNormal\">Thursday 12 and Friday 13 May 2011<\/p>\n<p class=\"MsoNormal\">See <a href=\"http:\/\/fada.kingston.ac.uk\/research\/mir\/mir_conf.php\">Kingston University website<\/a> for further details.<\/p>\n<p><\/p>","protected":false},"excerpt":{"rendered":"<p>1 October to 20 November,\u00a0open daily 10 AM to 7 PM Opening: Friday,\u00a030\u00a0September, 19:00 Exhibition co-curated by Tido von Oppeln, Alexandra Waldburg Wolfegg, Elena Agudio, Bessaam El Asmar Totem and Taboo Complexity and Relationships between Art and Design Freiraum Quartier21 International, Museumsplatz 1-5, Wien In the context of design as an applied art, Totem and [&hellip;]<\/p>\n","protected":false},"author":1819,"featured_media":0,"parent":0,"menu_order":3,"comment_status":"closed","ping_status":"closed","template":"","meta":{"footnotes":""},"class_list":["post-6857","page","type-page","status-publish","hentry"],"_links":{"self":[{"href":"https:\/\/blog.zhdk.ch\/prototyp\/en\/wp-json\/wp\/v2\/pages\/6857","targetHints":{"allow":["GET"]}}],"collection":[{"href":"https:\/\/blog.zhdk.ch\/prototyp\/en\/wp-json\/wp\/v2\/pages"}],"about":[{"href":"https:\/\/blog.zhdk.ch\/prototyp\/en\/wp-json\/wp\/v2\/types\/page"}],"author":[{"embeddable":true,"href":"https:\/\/blog.zhdk.ch\/prototyp\/en\/wp-json\/wp\/v2\/users\/1819"}],"replies":[{"embeddable":true,"href":"https:\/\/blog.zhdk.ch\/prototyp\/en\/wp-json\/wp\/v2\/comments?post=6857"}],"version-history":[{"count":25,"href":"https:\/\/blog.zhdk.ch\/prototyp\/en\/wp-json\/wp\/v2\/pages\/6857\/revisions"}],"predecessor-version":[{"id":7485,"href":"https:\/\/blog.zhdk.ch\/prototyp\/en\/wp-json\/wp\/v2\/pages\/6857\/revisions\/7485"}],"wp:attachment":[{"href":"https:\/\/blog.zhdk.ch\/prototyp\/en\/wp-json\/wp\/v2\/media?parent=6857"}],"curies":[{"name":"wp","href":"https:\/\/api.w.org\/{rel}","templated":true}]}}