{"id":6865,"date":"2012-03-12T12:43:42","date_gmt":"2012-03-12T10:43:42","guid":{"rendered":"http:\/\/prototyp.zhdk.ch\/?page_id=6557"},"modified":"2014-01-15T19:14:17","modified_gmt":"2014-01-15T17:14:17","slug":"publikationen","status":"publish","type":"page","link":"https:\/\/blog.zhdk.ch\/prototyp\/en\/publikationen\/","title":{"rendered":"Publications"},"content":{"rendered":"<p><strong><strong>Anthology <\/strong><\/strong><\/p>\n<p><em><strong><strong>It`s Not a Garden Table<\/strong><\/strong><\/em><\/p>\n<p class=\"MsoNormal\"><span><strong>Design and Art in the Expanded Field<\/strong><\/span><\/p>\n<div id=\"attachment_7359\" style=\"width: 360px\" class=\"wp-caption alignnone\"><a href=\"https:\/\/blog.zhdk.ch\/prototyp\/files\/2013\/11\/cover_d.jpg\"><img loading=\"lazy\" decoding=\"async\" aria-describedby=\"caption-attachment-7359\" class=\" wp-image-7359  \" alt=\"Anthology edited by J\u00f6rg Huber, Burkhard Meltzer, Heike Munder, Tido von Oppeln\" src=\"https:\/\/blog.zhdk.ch\/prototyp\/files\/2013\/11\/cover_d-688x1024.jpg\" width=\"350\" height=\"521\" srcset=\"https:\/\/blog.zhdk.ch\/prototyp\/files\/2013\/11\/cover_d-688x1024.jpg 688w, https:\/\/blog.zhdk.ch\/prototyp\/files\/2013\/11\/cover_d-201x300.jpg 201w, https:\/\/blog.zhdk.ch\/prototyp\/files\/2013\/11\/cover_d-624x927.jpg 624w, https:\/\/blog.zhdk.ch\/prototyp\/files\/2013\/11\/cover_d.jpg 890w\" sizes=\"auto, (max-width: 350px) 100vw, 350px\" \/><\/a><p id=\"caption-attachment-7359\" class=\"wp-caption-text\">Anthology edited by J\u00f6rg Huber, Burkhard Meltzer, Heike Munder, Tido von Oppeln<\/p><\/div>\n<p class=\"MsoNormal\"><span>Artists, designers and theorists are discussing the consequences of design as a self-referential practice, the aesthetics of lifeworld in the art context, and many other topics with a special focus on furniture. The publication proposes three approaches towards the expanded definition of design today and its relation to the art context:<\/span><\/p>\n<p class=\"MsoNormal\"><span>\u201eDistinction\u201c: with texts by Sven L\u00fctticken, Klaus Spechtenhauser, Tido von Oppeln, Mateo Kries, Burkhard Meltzer<\/span><\/p>\n<p class=\"MsoNormal\"><span>\u201eParticipation\u201c: with texts by Alexander Garc\u00eda D\u00fcttmann, Monika Kritzm\u00f6ller, Jennifer Allen, Judith Welter and a talk with Martin Boyce, Fr\u00e9d\u00e9ric Dedelley and Max Borka<\/span><\/p>\n<p class=\"MsoNormal\"><span>\u201eProduction\u201c: Interviews with Jerszy Seymor, Julia Lohmann, Jurgen Bey, Martino Gamper, Front Design, Martin Boyce, David Renggli, Matthew Smith, Andrea Zittel, Florian Slotawa and Mamiko Otsubo<\/span><\/p>\n<p class=\"MsoNormal\"><span>Published on the occasion of a research collaboration of the Institute of Critical Theory (Zurich University of the Arts) and the migros museum f\u00fcr gegenwartskunst, Zurich.<\/span><\/p>\n<p class=\"MsoNormal\">Graphic Design: flag, <a href=\"http:\/\/www.flag.cc\" target=\"_blank\">www.flag.cc<\/a><\/p>\n<p class=\"MsoNormal\"><span>Distributed by JRP|Ringier, <\/span><span><a href=\"http:\/\/www.jrp-ringier.com\/\"><span>www.jrp-ringier.com<\/span><\/a><\/span><\/p>\n<p class=\"MsoNormal\"><span>Editions: English ISBN 978-3-03764-211-5 \/ German ISBN 978-3-03764-237-5<\/span><\/p>\n<p class=\"MsoNormal\"><span>Softcover, 165&#215;220 mm, 296 Pages, more than 200 Images, 32 in Color, CHF 48<\/span><\/p>\n<p class=\"MsoNormal\"><strong> Downloads<\/strong><\/p>\n<p class=\"MsoNormal\">see also the German version of this website for more downloads.<\/p>\n<p><a title=\"Monika Kritzm\u00f6ller, In Good Company: Constructing Identity Through Objects, in: It\u2018s Not a Garden Table, Art and Design in the Expanded Field, Zurich, 2011, pp. 189 - 212\" href=\"https:\/\/blog.zhdk.ch\/prototyp\/files\/2012\/03\/MK_en.pdf\">Monika Kritzm\u00f6ller, In Good Company: Constructing Identity Through Objects, in: It\u2018s Not a Garden Table, Art and Design in the Expanded Field, Zurich, 2011, pp. 189 &#8211; 212<\/a> <a title=\"Tido von Oppeln, For a concept of the autonomous work in design, in: It\u2018s Not a Garden Table, Art and Design in the Expanded Field, Zurich, 20011, pp.16 - 33\" href=\"https:\/\/blog.zhdk.ch\/prototyp\/files\/2012\/03\/tvo_en.pdf\">Tido von Oppeln, For a concept of the autonomous work in design, in: It\u2018s Not a Garden Table, Art and Design in the Expanded Field, Zurich, 20011, pp.16 &#8211; 33<\/a> <a title=\"Klaus Spechtenhauser, From discontent to complexity, in: It\u2018s Not a Garden Table, Art and Design in the Expanded Field, Zurich, 2011, pp.71 - 89\" href=\"https:\/\/blog.zhdk.ch\/prototyp\/files\/2012\/03\/K_SP_en.pdf\">Klaus Spechtenhauser, From discontent to complexity, in: It\u2018s Not a Garden Table, Art and Design in the Expanded Field, Zurich, 2011, pp.71 &#8211; 89<\/a> <a title=\"Burkhard Meltzer, Design as Self-Criticism of Art, in: It\u2018s Not a Garden Table, Art and Design in the Expanded Field, Zurich, 2011, pp. 91 - 107\" href=\"https:\/\/blog.zhdk.ch\/prototyp\/files\/2012\/03\/BM_en.pdf\">Burkhard Meltzer, Design as Self-Criticism of Art, in: It\u2018s Not a Garden Table, Art and Design in the Expanded Field, Zurich, 2011, pp. 91 &#8211; 107<\/a><\/p>\n<p><\/p>","protected":false},"excerpt":{"rendered":"<p>Anthology It`s Not a Garden Table Design and Art in the Expanded Field Artists, designers and theorists are discussing the consequences of design as a self-referential practice, the aesthetics of lifeworld in the art context, and many other topics with a special focus on furniture. The publication proposes three approaches towards the expanded definition of [&hellip;]<\/p>\n","protected":false},"author":1819,"featured_media":0,"parent":0,"menu_order":2,"comment_status":"closed","ping_status":"closed","template":"","meta":{"footnotes":""},"class_list":["post-6865","page","type-page","status-publish","hentry"],"_links":{"self":[{"href":"https:\/\/blog.zhdk.ch\/prototyp\/en\/wp-json\/wp\/v2\/pages\/6865","targetHints":{"allow":["GET"]}}],"collection":[{"href":"https:\/\/blog.zhdk.ch\/prototyp\/en\/wp-json\/wp\/v2\/pages"}],"about":[{"href":"https:\/\/blog.zhdk.ch\/prototyp\/en\/wp-json\/wp\/v2\/types\/page"}],"author":[{"embeddable":true,"href":"https:\/\/blog.zhdk.ch\/prototyp\/en\/wp-json\/wp\/v2\/users\/1819"}],"replies":[{"embeddable":true,"href":"https:\/\/blog.zhdk.ch\/prototyp\/en\/wp-json\/wp\/v2\/comments?post=6865"}],"version-history":[{"count":13,"href":"https:\/\/blog.zhdk.ch\/prototyp\/en\/wp-json\/wp\/v2\/pages\/6865\/revisions"}],"predecessor-version":[{"id":7465,"href":"https:\/\/blog.zhdk.ch\/prototyp\/en\/wp-json\/wp\/v2\/pages\/6865\/revisions\/7465"}],"wp:attachment":[{"href":"https:\/\/blog.zhdk.ch\/prototyp\/en\/wp-json\/wp\/v2\/media?parent=6865"}],"curies":[{"name":"wp","href":"https:\/\/api.w.org\/{rel}","templated":true}]}}