{"id":19,"date":"2009-01-13T16:27:41","date_gmt":"2009-01-13T14:27:41","guid":{"rendered":"http:\/\/prototyp.zhdk.ch\/?page_id=19"},"modified":"2018-05-16T10:16:40","modified_gmt":"2018-05-16T08:16:40","slug":"kontakt","status":"publish","type":"page","link":"https:\/\/blog.zhdk.ch\/prototyp\/kontakt\/","title":{"rendered":"Kontakt"},"content":{"rendered":"<p><b>Z\u00fcrcher Hochschule der K\u00fcnste<\/b><br \/>\nInstitut f\u00fcr Theorie<br \/>\nProf. Dr. Dieter Mersch, Leiter Institut f\u00fcr Theorie<\/p>\n<p><a href=\"http:\/\/www.zhdk.ch\/\">www.zhdk.ch<\/a>\u00a0\/\u00a0<a href=\"https:\/\/www.zhdk.ch\/ith\" target=\"_blank\" rel=\"noopener\">www.zhdk.ch\/ith<\/a><\/p>\n<p>Toni-Areal, Pfingstweidstrasse 96<br \/>\nCH-8031 Z\u00fcrich<br \/>\nTel +41 43 446 65 05<br \/>\nFax +41 43 446 45 39<\/p>\n<p><b>Burkhard Meltzer, Forschungsteam<\/b><\/p>\n<p>Geboren 1979, lebt in Z\u00fcrich. Studierte\u00a01998-2003 Fotografie in Dortmund und Z\u00fcrich.\u00a02003 bis 2007 Mitarbeit im kuratorischen Team der Neuen Kunst Halle St. Gallen, bis 2006 als kuratorische Assistenz und bis 2007 als Kurator und k\u00fcnstlerischer Leiter. Seit 2007 Gr\u00fcndungsmitglied des kuratorischen Kollektivs &#8222;The John Institute&#8220; und T\u00e4tigkeit als freier Kurator. Seit 2006 Dozent an der Z\u00fcrcher Hochschule der K\u00fcnste. Als freier Autor \u00e4ussert sich Burkhard Meltzer in Magazinen wie kunstbulletin, frieze magazine, Parkett und spike sowie in Buchpublikationen regelm\u00e4ssig zu Themen der Gegenwartskunst.<\/p>\n<p><b>Tido von Oppeln, Forschungsteam<\/b><\/p>\n<p>Tido von Oppeln wurde 1974 in Ostfriesland geboren. Er studierte Kulturwissenschaften und Philosophie an der Humboldt Universit\u00e4t Berlin. 2002 wurde er Vorstand des Werkbundarchiv \u2013 Museum der Dinge und 2003 Mitgr\u00fcnder des echtzeitinstitut. Seit 2005 arbeitet er als Autor und Kurator und war an verschiedenen Ausstellungen zu Design, Kunst und Architektur im Werkbundarchiv &#8211; museum der dinge, Vitra Design Museum und im Marta Herford beteiligt. Er schreibt regelm\u00e4ssig f\u00fcr das belgische Kunst, Architektur und Designmagazin DAMN. Seit 2009 arbeitet er zudem als Dozent f\u00fcr Design-theorie und -geschichte in Luzern und Z\u00fcrich.<\/p>","protected":false},"excerpt":{"rendered":"<p>Z\u00fcrcher Hochschule der K\u00fcnste Institut f\u00fcr Theorie Prof. Dr. Dieter Mersch, Leiter Institut f\u00fcr Theorie www.zhdk.ch\u00a0\/\u00a0www.zhdk.ch\/ith Toni-Areal, Pfingstweidstrasse 96 CH-8031 Z\u00fcrich Tel +41 43 446 65 05 Fax +41 43 446 45 39 Burkhard Meltzer, Forschungsteam Geboren 1979, lebt in Z\u00fcrich. Studierte\u00a01998-2003 Fotografie in Dortmund und Z\u00fcrich.\u00a02003 bis 2007 Mitarbeit im kuratorischen Team der Neuen [&hellip;]<\/p>\n","protected":false},"author":1819,"featured_media":0,"parent":0,"menu_order":5,"comment_status":"closed","ping_status":"closed","template":"","meta":{"footnotes":""},"class_list":["post-19","page","type-page","status-publish","hentry"],"_links":{"self":[{"href":"https:\/\/blog.zhdk.ch\/prototyp\/wp-json\/wp\/v2\/pages\/19","targetHints":{"allow":["GET"]}}],"collection":[{"href":"https:\/\/blog.zhdk.ch\/prototyp\/wp-json\/wp\/v2\/pages"}],"about":[{"href":"https:\/\/blog.zhdk.ch\/prototyp\/wp-json\/wp\/v2\/types\/page"}],"author":[{"embeddable":true,"href":"https:\/\/blog.zhdk.ch\/prototyp\/wp-json\/wp\/v2\/users\/1819"}],"replies":[{"embeddable":true,"href":"https:\/\/blog.zhdk.ch\/prototyp\/wp-json\/wp\/v2\/comments?post=19"}],"version-history":[{"count":12,"href":"https:\/\/blog.zhdk.ch\/prototyp\/wp-json\/wp\/v2\/pages\/19\/revisions"}],"predecessor-version":[{"id":7479,"href":"https:\/\/blog.zhdk.ch\/prototyp\/wp-json\/wp\/v2\/pages\/19\/revisions\/7479"}],"wp:attachment":[{"href":"https:\/\/blog.zhdk.ch\/prototyp\/wp-json\/wp\/v2\/media?parent=19"}],"curies":[{"name":"wp","href":"https:\/\/api.w.org\/{rel}","templated":true}]}}