{"id":6855,"date":"2009-01-13T16:41:44","date_gmt":"2009-01-13T14:41:44","guid":{"rendered":"http:\/\/prototyp.zhdk.ch\/?page_id=23"},"modified":"2013-11-07T19:25:03","modified_gmt":"2013-11-07T17:25:03","slug":"partner-2","status":"publish","type":"page","link":"https:\/\/blog.zhdk.ch\/prototyp\/partner-2\/","title":{"rendered":"Partner"},"content":{"rendered":"<p><\/p>\n<p style=\"text-align: left\"><strong><a class=\"aligncenter\" title=\"DORE\" href=\"http:\/\/www.snf.ch\/D\/foerderung\/projekte\/DORE\/Seiten\/default.aspx\" target=\"_blank\"><span style=\"font-weight: normal\">Das Projekt wird erm\u00f6glicht durch eine F\u00f6rderung des Programms DORE des schweizerischen Nationalfonds.<\/span><\/a><\/strong><\/p>\n<p style=\"text-align: left\"><strong>Wissenschaftliche Mitarbeit Architektur und Kulturwissenschaft<\/strong><\/p>\n<p style=\"text-align: left\">ETH Z\u00fcrich,\u00a0Institut Wohnforum &#8211; ETH CASE<\/p>\n<p style=\"text-align: left\">Herr Klaus Spechtenhauser, Frau Dr. Margrit Hugentobler<\/p>\n<p style=\"text-align: left\"><a href=\"http:\/\/www.wohnforum.arch.ethz.ch\/\" target=\"_blank\">www.wohnforum.arch.ethz.ch<\/a><\/p>\n<p style=\"text-align: left\"><strong>Wissenschaftliche Mitarbeit Soziologie<\/strong><\/p>\n<p style=\"text-align: left\"><strong><\/strong>Universit\u00e4t St. Gallen, Institut f\u00fcr Soziologie<\/p>\n<p style=\"text-align: left\">PD Dr. Monika Kritzm\u00f6ller, Prof. Dr. Franz Schultheiss<\/p>\n<p style=\"text-align: left\"><a href=\"http:\/\/www.sfs.unisg.ch\/\" target=\"_blank\">www.sfs.unisg.ch<\/a><\/p>\n<p style=\"text-align: left\"><strong>Ausstellungsinstitution Design<\/strong><\/p>\n<p style=\"text-align: left\">Vitra Design Museum, Weil am Rhein<\/p>\n<p style=\"text-align: left\">Herr Mathias Schwartz-Claus, Kurator<\/p>\n<p style=\"text-align: left\"><a href=\"http:\/\/www.design-museum.de\/\" target=\"_blank\">www.design-museum.de<\/a><\/p>\n<p style=\"text-align: left\"><strong>Ausstellungsinstitution Kunst<\/strong><\/p>\n<p style=\"text-align: left\"><strong><span style=\"font-weight: normal\">migros museum f\u00fcr gegenwartskunst, <\/span><span style=\"font-weight: normal\">Z\u00fcrich<\/span> <\/strong><\/p>\n<p style=\"text-align: left\"><strong><\/strong> Frau Heike Munder, Direktorin<\/p>\n<p style=\"text-align: left\"><a href=\"http:\/\/www.migrosmuseum.ch\/\" target=\"_blank\">www.migrosmuseum.ch<\/a><\/p>\n<p style=\"text-align: left\"><strong>Ausstellungsinstitution Produktkultur des 20.\/21. Jahrhunderts<\/strong><\/p>\n<p style=\"text-align: left\">Museum der Dinge, Berlin<\/p>\n<p style=\"text-align: left\">Frau Renate Flagmeier, Kuratorin<\/p>\n<p style=\"text-align: left\"><a title=\"www.museumderdinge.de\" href=\"http:\/\/www.museumderdinge.de\/\" target=\"_blank\">www.museumderdinge.de<\/a><\/p>\n<p style=\"text-align: left\"><strong>Wirtschaftspartner Bereich M\u00f6belproduktion<\/strong><\/p>\n<p style=\"text-align: left\"><strong><span style=\"font-weight: normal\">Vitra AG, Birsfelden<\/span> <\/strong><\/p>\n<p style=\"text-align: left\"><strong><\/strong> Herr Eckart Maise, Head of Vitra Home Division<\/p>\n<p style=\"text-align: left\"><a href=\"http:\/\/www.vitra.com\/\" target=\"_blank\">www.vitra.com<\/a><\/p>\n<p style=\"text-align: left\"><strong>Wirtschaftspartner M\u00f6belhandel<\/strong><\/p>\n<p style=\"text-align: left\">Teo Jakob Gruppe, Bern<\/p>\n<p style=\"text-align: left\">Frau Franziska Martin, Leiterin Kommunkation<\/p>\n<p style=\"text-align: left\"><a title=\"www.teojakob.ch\" href=\"http:\/\/www.teojakob.ch\/\" target=\"_blank\">www.teojakob.ch<\/a><\/p>\n<p style=\"text-align: left\"><strong>Medienpartner elektronische Fachmedien<\/strong><\/p>\n<p style=\"text-align: left\"><strong><\/strong>architonic ag, Z\u00fcrich<\/p>\n<p style=\"text-align: left\">Herr Nils Becker, Managing Director<\/p>\n<p style=\"text-align: left\"><a href=\"http:\/\/www.architonic.com\/\" target=\"_blank\">www.architonic.com<\/a><\/p>\n<p><\/p>","protected":false},"excerpt":{"rendered":"<p>Das Projekt wird erm\u00f6glicht durch eine F\u00f6rderung des Programms DORE des schweizerischen Nationalfonds. Wissenschaftliche Mitarbeit Architektur und Kulturwissenschaft ETH Z\u00fcrich,\u00a0Institut Wohnforum &#8211; ETH CASE Herr Klaus Spechtenhauser, Frau Dr. Margrit Hugentobler www.wohnforum.arch.ethz.ch Wissenschaftliche Mitarbeit Soziologie Universit\u00e4t St. Gallen, Institut f\u00fcr Soziologie PD Dr. Monika Kritzm\u00f6ller, Prof. Dr. Franz Schultheiss www.sfs.unisg.ch Ausstellungsinstitution Design Vitra Design Museum, [&hellip;]<\/p>\n","protected":false},"author":1819,"featured_media":0,"parent":0,"menu_order":6,"comment_status":"closed","ping_status":"closed","template":"","meta":{"footnotes":""},"class_list":["post-6855","page","type-page","status-publish","hentry"],"_links":{"self":[{"href":"https:\/\/blog.zhdk.ch\/prototyp\/wp-json\/wp\/v2\/pages\/6855","targetHints":{"allow":["GET"]}}],"collection":[{"href":"https:\/\/blog.zhdk.ch\/prototyp\/wp-json\/wp\/v2\/pages"}],"about":[{"href":"https:\/\/blog.zhdk.ch\/prototyp\/wp-json\/wp\/v2\/types\/page"}],"author":[{"embeddable":true,"href":"https:\/\/blog.zhdk.ch\/prototyp\/wp-json\/wp\/v2\/users\/1819"}],"replies":[{"embeddable":true,"href":"https:\/\/blog.zhdk.ch\/prototyp\/wp-json\/wp\/v2\/comments?post=6855"}],"version-history":[{"count":4,"href":"https:\/\/blog.zhdk.ch\/prototyp\/wp-json\/wp\/v2\/pages\/6855\/revisions"}],"predecessor-version":[{"id":7303,"href":"https:\/\/blog.zhdk.ch\/prototyp\/wp-json\/wp\/v2\/pages\/6855\/revisions\/7303"}],"wp:attachment":[{"href":"https:\/\/blog.zhdk.ch\/prototyp\/wp-json\/wp\/v2\/media?parent=6855"}],"curies":[{"name":"wp","href":"https:\/\/api.w.org\/{rel}","templated":true}]}}