{"id":6857,"date":"2011-05-05T14:37:06","date_gmt":"2011-05-05T12:37:06","guid":{"rendered":"http:\/\/prototyp.zhdk.ch\/?page_id=2929"},"modified":"2018-05-16T10:24:16","modified_gmt":"2018-05-16T08:24:16","slug":"programm-2011program-2011","status":"publish","type":"page","link":"https:\/\/blog.zhdk.ch\/prototyp\/programm-2011program-2011\/","title":{"rendered":"Programm 2011"},"content":{"rendered":"<p><strong>1. Oktober &#8211; 20. November, t\u00e4glich von 10-19 Uhr ge\u00f6ffnet<\/strong><\/p>\n<p class=\"MsoNormal\" style=\"font-weight: bold\"><strong><strong>Er\u00f6ffnung: Freitag,\u00a030.\u00a0September, 19:00 Uhr<\/strong><\/strong><\/p>\n<p class=\"MsoNormal\" style=\"font-weight: bold\"><strong><em><strong>Totem and Taboo<\/strong><\/em><\/strong><\/p>\n<p class=\"MsoNormal\">Complexity and Relationships between Art and Design<\/p>\n<p class=\"MsoNormal\">Ausstellung, co-kuratiert von Tido von Oppeln, Alexandra Waldburg Wolfegg, Elena Agudio, Bessaam El Asmar<\/p>\n<p class=\"MsoNormal\">Freiraum Quartier21 International, Museumsplatz 1-5, Wien, \u00d6sterreich<\/p>\n<p class=\"MsoNormal\">Entlang des Designs als angewandter Kunst versteht\u00a0<em>Totem and Taboo<\/em> die Kunst hypothetisch als Vaterfigur oder als Verwandten des Designs. Die Metapher der Verwandtschaft und famili\u00e4ren \u00c4hnlichkeit f\u00fchrte in der Arbeit der AutorInnen- und KuratorInnengruppe zu dem Text\u00a0<em>Totem and Taboo\u00a0<\/em>von Sigmund Freud. Dieser entstand um 1910, etwa zur Geburtsstunde des modernen Designs, und stellt das Totem als ein Objekt dar, das einen abwesenden Verwandten repr\u00e4sentiert; und das Tabu als die Angst vor Inzest, vor zu gro\u00dfer N\u00e4he. Der Text fungiert als ein Modell f\u00fcr das Verh\u00e4ltnis dieser beiden Felder zueinander, obwohl er weder von Kunst noch von Design handelt.<\/p>\n<p class=\"MsoNormal\">Beteiligte K\u00fcnstlerInnen\/DesignerInnen: \u00d8ystein Aasan, Stephane Barbier Bouvet, Paolo Chiasera, Jan De Cock, Martino Gamper, Jeppe Hein, Lisa Lapinski, Rodney LaTourelle, Kai Linke, Kueng Caputo, Studio Makkink &amp; Bey, Michaela Meise, Manfred Pernice, Gianni Pettena, Bertjan Pot, Stefan Sagmeister, Andrea Sala, Joe Scanlan, Clemence Seilles, Judith Seng, Jerszy Seymour, Florian Slotawa, Albert Weis, Johannes Wohnseifer, Heimo Zobernig u. a.<\/p>\n<p class=\"MsoNormal\">Eine Ausstellung der Reihe freiraum quartier21 International in Kooperation mit dem Bundesministerium f\u00fcr europ\u00e4ische und internationale Angelegenheiten und internationalen Partnern.<\/p>\n<p class=\"MsoNormal\" style=\"font-weight: bold\"><a href=\"http:\/\/www.quartier21.at\/\">www.totemandtaboo.net<\/a><\/p>\n<p class=\"MsoNormal\" style=\"font-weight: bold\"><a href=\"http:\/\/www.quartier21.at\/\">www.quartier21.at<\/a><\/p>\n<p class=\"MsoNormal\" style=\"font-weight: bold\"><em><strong>It`s Not a Garden Table<\/strong><\/em><\/p>\n<p class=\"MsoNormal\"><strong>Design und Kunst im erweiterten Feld<\/strong><\/p>\n<p class=\"MsoNormal\"><strong>1. September 2011 um 19 Uhr<\/strong><\/p>\n<p class=\"MsoNormal\">Buchvernissage in Z\u00fcrich und Diskussion mit Meret Ernst (Redakteurin hochparterre)<\/p>\n<p class=\"MsoNormal\">bei Motto Books, Kochstrasse 1, CH-8004 Z\u00fcrich<\/p>\n<p class=\"MsoNormal\"><strong><strong><strong>13. September 2011 um 20:30 Uhr<\/strong><\/strong><\/strong><\/p>\n<p class=\"MsoNormal\">Buchvernissage in Berlin bei pro qm, Almstadtstra\u00dfe 48-50, \u2028D-10119 Berlin<\/p>\n<p class=\"MsoNormal\"><a href=\"https:\/\/blog.zhdk.ch\/prototyp\/files\/2013\/11\/cover_d.jpg\"><img loading=\"lazy\" decoding=\"async\" class=\"alignnone size-medium wp-image-7359\" src=\"https:\/\/blog.zhdk.ch\/prototyp\/files\/2013\/11\/cover_d-201x300.jpg\" alt=\"cover_d\" width=\"201\" height=\"300\" srcset=\"https:\/\/blog.zhdk.ch\/prototyp\/files\/2013\/11\/cover_d-201x300.jpg 201w, https:\/\/blog.zhdk.ch\/prototyp\/files\/2013\/11\/cover_d-688x1024.jpg 688w, https:\/\/blog.zhdk.ch\/prototyp\/files\/2013\/11\/cover_d-624x927.jpg 624w, https:\/\/blog.zhdk.ch\/prototyp\/files\/2013\/11\/cover_d.jpg 890w\" sizes=\"auto, (max-width: 201px) 100vw, 201px\" \/><\/a><\/p>\n<p class=\"MsoNormal\">K\u00fcnstler, Designer und Theoretiker diskutieren die Konsequenzen eines selbstreferenziellen Designkonzepts, der \u00c4sthetik der Lebenswelt im Kunstkontext und andere damit verkn\u00fcpfte Themen mit einem besonderen Fokus auf die Objektkategorie des M\u00f6bels. Die Publikation schl\u00e4gt drei Zug\u00e4nge f\u00fcreine erweiterte Auffassung von Design heute und ihre Beziehung zum Kunstkontext vor:<\/p>\n<p class=\"MsoNormal\">\u201eUnterscheiden\u201c: mit Texten von Sven L\u00fctticken, Klaus Spechtenhauser, Tido von Oppeln, Mateo Kries, Burkhard Meltzer<\/p>\n<p class=\"MsoNormal\">\u201eTeilnehmen\u201c:\u00a0mit Texten von Alexander Garc\u00eda D\u00fcttmann, Monika Kritzm\u00f6ller, Jennifer Allen, Judith Welter und einem Gespr\u00e4ch zwischen Martin Boyce, Fr\u00e9d\u00e9ric Dedelley und Max Borka<\/p>\n<p class=\"MsoNormal\">\u201eHerstellen\u201c: Interviews mit Jerszy Seymor, Julia Lohmann, Jurgen Bey, Martino Gamper, Front Design, Martin Boyce, David Renggli, Matthew Smith, Andrea Zittel, Florian Slotawa und Mamiko Otsubo<\/p>\n<p class=\"MsoNormal\">Herausgegeben anl\u00e4sslich einer Forschungszusammenarbeit zwischen dem Institut f\u00fcr Theorie (ith) der ZHdK und dem migros museum f\u00fcr gegenwartskunst Z\u00fcrich von J\u00f6rg Huber,\u00a0Burkhard Meltzer,\u00a0Heike Munder,\u00a0Tido von Oppeln.<\/p>\n<p class=\"MsoNormal\">Gestaltung: flag\/<a href=\"http:\/\/www.flag.cc\" target=\"_blank\" rel=\"noopener\">www.flag.cc<\/a><\/p>\n<p class=\"MsoNormal\">Erscheint bei JRP|Ringier, <a href=\"http:\/\/www.jrp-ringier.com\/\">www.jrp-ringier.com<\/a><\/p>\n<p class=\"MsoNormal\">Ausgaben: Deutsch ISBN 978-3-03764-237-5 \/ Englisch ISBN 978-3-03764-211-5<\/p>\n<p class=\"MsoNormal\">Softcover, 165&#215;220 mm, 296 Seiten, \u00fcber 200 Abbildungen, davon 32 in Farbe, CHF 48<\/p>\n<p class=\"MsoNormal\"><strong>30. Juni &#8211; 16. Juli 2011<\/strong> <strong>Er\u00f6ffnung: 30. Juni, 19 Uhr<\/strong><\/p>\n<p><em><strong>Eine Grammatik der dritten Person<\/strong><\/em><\/p>\n<p class=\"MsoNormal\">Ausstellung, kuratiert von Burkhard Meltzer und Tido von Oppeln<\/p>\n<p class=\"MsoNormal\">Mit Clemence Seilles, Stephane Barbier Bouvet, Kueng\/Caputo, Jochen Weber, Kai Linke, Xabier Salaberria, David Heitz<\/p>\n<div id=\"attachment_7379\" style=\"width: 892px\" class=\"wp-caption alignnone\"><a href=\"https:\/\/blog.zhdk.ch\/prototyp\/files\/2013\/11\/grosserraum8_klein.jpg\"><img loading=\"lazy\" decoding=\"async\" aria-describedby=\"caption-attachment-7379\" class=\"size-full wp-image-7379\" src=\"https:\/\/blog.zhdk.ch\/prototyp\/files\/2013\/11\/grosserraum8_klein.jpg\" alt=\"Installationsansicht\" width=\"882\" height=\"591\" srcset=\"https:\/\/blog.zhdk.ch\/prototyp\/files\/2013\/11\/grosserraum8_klein.jpg 882w, https:\/\/blog.zhdk.ch\/prototyp\/files\/2013\/11\/grosserraum8_klein-300x201.jpg 300w, https:\/\/blog.zhdk.ch\/prototyp\/files\/2013\/11\/grosserraum8_klein-624x418.jpg 624w\" sizes=\"auto, (max-width: 882px) 100vw, 882px\" \/><\/a><p id=\"caption-attachment-7379\" class=\"wp-caption-text\">Installationsansicht<\/p><\/div>\n<p class=\"MsoNormal\"><a href=\"http:\/\/www.corner-college.com\/\" target=\"_blank\" rel=\"noopener\">Kunstraum Corner-College, Z\u00fcrich, Schweiz<\/a><\/p>\n<p class=\"MsoNormal\">Eine Grammatik der dritten Person versucht, Abgrenzungen und Verweise zwischen verschiedenen Wertesystemen der materiellen Kultur\u00a0r\u00e4umlich erfahrbar zu machen.Dabei er\u00f6ffnet die Gruppenausstellung Perspektiven auf das aktuelle Verh\u00e4ltnis von Kunst und Design und zeigt junge Positionen aus beiden Disziplinen. Es geht um die Wiederentdeckung einer gemeinsamen Geschichte des Displays von Warenauslage, Messe und Museum ebenso wie um Durchdringungen zwischen privaten und \u00f6ffentlichen R\u00e4umen. In Installation, Performance und Fotografie besch\u00e4ftigen sich die beteiligten K\u00fcnstlerInnen und DesignerInnen mit Einfl\u00fcssen der industriellen Moderne, des zeitgen\u00f6ssischen Designs sowie vorgefundenen Materialien und R\u00e4umen.<\/p>\n<p class=\"MsoNormal\">Mit grossz\u00fcgiger Unterst\u00fctzung von:<\/p>\n<p class=\"MsoNormal\"><a href=\"http:\/\/www.prohelvetia.ch\/\" target=\"_blank\" rel=\"noopener\">Pro-Helvetia, Schweizer Kulturstiftung<\/a><\/p>\n<p class=\"MsoNormal\"><span lang=\"EN-GB\"><a href=\"http:\/\/www.secuex.es\/\" target=\"_blank\" rel=\"noopener\">Spanish Cultural Action AC\/E<\/a><\/span><\/p>\n<p class=\"MsoNormal\"><a href=\"http:\/\/www.ifa.de\/\" target=\"_blank\" rel=\"noopener\">IFA &#8211; Institut f\u00fcr Auslandsbeziehungen<\/a><\/p>\n<p class=\"MsoNormal\">\n<p class=\"MsoNormal\"><strong>Freitag, 13. Mai 2011, 16:10 Uhr<\/strong><\/p>\n<p class=\"MsoNormal\"><strong><em><strong>Zwei Studien \u00fcber Landschaft, Interieur und Abstraktion in der zeitgen\u00f6ssischen Kunst<\/strong><\/em><\/strong><\/p>\n<p class=\"MsoNormal\">Konferenzpr\u00e4sentation von Burkhard Meltzer<\/p>\n<p class=\"MsoNormal\">Lawley Lecture Theatre, Kingston Hill Campus, London, UK<\/p>\n<p class=\"MsoNormal\">M\u00f6bel erscheinen in der Gegenwartskunst oft als Schnittstelle zwischen Interieur und Vorstellungen einer Landschaft. Zwei Beispiele zeitgen\u00f6ssischer Installationen zeigen auf, inwiefern M\u00f6belelemente als Modell einer urbanen Architektur oder einer Landschaft wahrgenommen werden. In den Arbeiten von Martin Boyce und Mamiko Otsubo repr\u00e4sentieren Strukturen einer Landschaft nicht unbedingt ein besonderes Interesse an Natur, sondern eher eine Idee urbaner R\u00e4ume oder Landschaften, die in ein abstraktes visuelles Muster \u00fcbersetzt werden.<\/p>\n<p class=\"MsoNormal\">Die Konferenzreihe FLOW 1 und\u00a0FLOW 2 besch\u00e4ftigt sich mit den Beziehungen zwischen Interieur und Landschaft. FLOW 1 wird veranstaltet vom Modern Interiors Research Centre (MIRC) in Zusammenarbeit mit dem Landscape Interface Studio, Kingston University, London und untersucht eine historische Perspektive vom sp\u00e4ten 19. Jahrhundert bis zur Gegenwart. 12.-13. Mai 2011.<\/p>\n<p class=\"MsoNormal\">Details zur Konferenz: <a href=\"http:\/\/fada.kingston.ac.uk\/research\/mir\/mir_conf.php\" target=\"_blank\" rel=\"noopener\">Kingston University website<\/a><\/p>\n<p><\/p>","protected":false},"excerpt":{"rendered":"<p>1. Oktober &#8211; 20. November, t\u00e4glich von 10-19 Uhr ge\u00f6ffnet Er\u00f6ffnung: Freitag,\u00a030.\u00a0September, 19:00 Uhr Totem and Taboo Complexity and Relationships between Art and Design Ausstellung, co-kuratiert von Tido von Oppeln, Alexandra Waldburg Wolfegg, Elena Agudio, Bessaam El Asmar Freiraum Quartier21 International, Museumsplatz 1-5, Wien, \u00d6sterreich Entlang des Designs als angewandter Kunst versteht\u00a0Totem and Taboo die [&hellip;]<\/p>\n","protected":false},"author":1819,"featured_media":0,"parent":0,"menu_order":3,"comment_status":"closed","ping_status":"closed","template":"","meta":{"footnotes":""},"class_list":["post-6857","page","type-page","status-publish","hentry"],"_links":{"self":[{"href":"https:\/\/blog.zhdk.ch\/prototyp\/wp-json\/wp\/v2\/pages\/6857","targetHints":{"allow":["GET"]}}],"collection":[{"href":"https:\/\/blog.zhdk.ch\/prototyp\/wp-json\/wp\/v2\/pages"}],"about":[{"href":"https:\/\/blog.zhdk.ch\/prototyp\/wp-json\/wp\/v2\/types\/page"}],"author":[{"embeddable":true,"href":"https:\/\/blog.zhdk.ch\/prototyp\/wp-json\/wp\/v2\/users\/1819"}],"replies":[{"embeddable":true,"href":"https:\/\/blog.zhdk.ch\/prototyp\/wp-json\/wp\/v2\/comments?post=6857"}],"version-history":[{"count":25,"href":"https:\/\/blog.zhdk.ch\/prototyp\/wp-json\/wp\/v2\/pages\/6857\/revisions"}],"predecessor-version":[{"id":7485,"href":"https:\/\/blog.zhdk.ch\/prototyp\/wp-json\/wp\/v2\/pages\/6857\/revisions\/7485"}],"wp:attachment":[{"href":"https:\/\/blog.zhdk.ch\/prototyp\/wp-json\/wp\/v2\/media?parent=6857"}],"curies":[{"name":"wp","href":"https:\/\/api.w.org\/{rel}","templated":true}]}}