{"id":6865,"date":"2012-03-12T12:43:42","date_gmt":"2012-03-12T10:43:42","guid":{"rendered":"http:\/\/prototyp.zhdk.ch\/?page_id=6557"},"modified":"2014-01-15T19:14:17","modified_gmt":"2014-01-15T17:14:17","slug":"publikationen","status":"publish","type":"page","link":"https:\/\/blog.zhdk.ch\/prototyp\/publikationen\/","title":{"rendered":"Publikationen"},"content":{"rendered":"<p><\/p>\n<p style=\"text-align: left\"><strong>Sammelband\u00a0<\/strong> <em><strong><\/strong><\/em><\/p>\n<p style=\"text-align: left\"><em><strong>It`s Not a Garden Table<\/strong><\/em><\/p>\n<p class=\"MsoNormal\" style=\"text-align: left\"><span><strong>Design und Kunst im erweiterten Feld<\/strong><\/span><\/p>\n<div id=\"attachment_7359\" style=\"width: 317px\" class=\"wp-caption alignnone\"><a href=\"https:\/\/blog.zhdk.ch\/prototyp\/files\/2013\/11\/cover_d.jpg\"><img loading=\"lazy\" decoding=\"async\" aria-describedby=\"caption-attachment-7359\" class=\" wp-image-7359  \" alt=\"Sammelband herausgegeben von J\u00f6rg Huber, Burkhard Meltzer, Heike Munder, Tido von Oppeln\" src=\"https:\/\/blog.zhdk.ch\/prototyp\/files\/2013\/11\/cover_d-688x1024.jpg\" width=\"307\" height=\"456\" srcset=\"https:\/\/blog.zhdk.ch\/prototyp\/files\/2013\/11\/cover_d-688x1024.jpg 688w, https:\/\/blog.zhdk.ch\/prototyp\/files\/2013\/11\/cover_d-201x300.jpg 201w, https:\/\/blog.zhdk.ch\/prototyp\/files\/2013\/11\/cover_d-624x927.jpg 624w, https:\/\/blog.zhdk.ch\/prototyp\/files\/2013\/11\/cover_d.jpg 890w\" sizes=\"auto, (max-width: 307px) 100vw, 307px\" \/><\/a><p id=\"caption-attachment-7359\" class=\"wp-caption-text\">Sammelband herausgegeben von J\u00f6rg Huber, Burkhard Meltzer, Heike Munder, Tido von Oppeln<\/p><\/div>\n<p class=\"MsoNormal\" style=\"text-align: left\"><span>K\u00fcnstler, Designer und Theoretiker diskutieren die Konsequenzen eines selbstreferenziellen Designkonzepts, der \u00c4sthetik der Lebenswelt im Kunstkontext und andere damit verkn\u00fcpfte Themen mit einem besonderen Fokus auf die Objektkategorie des M\u00f6bels. Die Publikation schl\u00e4gt drei Zug\u00e4nge f\u00fcreine erweiterte Auffassung von Design heute und ihre Beziehung zum Kunstkontext vor: <\/span><\/p>\n<p class=\"MsoNormal\" style=\"text-align: left\"><span>\u201eUnterscheiden\u201c: mit Texten von Sven L\u00fctticken, Klaus Spechtenhauser, Tido von Oppeln, Mateo Kries, Burkhard Meltzer<\/span><\/p>\n<p class=\"MsoNormal\" style=\"text-align: left\"><span>\u201eTeilnehmen\u201c:\u00a0mit Texten von Alexander Garc\u00eda D\u00fcttmann, Monika Kritzm\u00f6ller, Jennifer Allen, Judith Welter und einem Gespr\u00e4ch zwischen Martin Boyce, Fr\u00e9d\u00e9ric Dedelley und Max Borka<\/span><\/p>\n<p class=\"MsoNormal\" style=\"text-align: left\"><span>\u201eHerstellen\u201c: Interviews mit Jerszy Seymor, Julia Lohmann, Jurgen Bey, Martino Gamper, Front Design, Martin Boyce, David Renggli, Matthew Smith, Andrea Zittel, Florian Slotawa und Mamiko Otsubo<\/span><\/p>\n<p class=\"MsoNormal\" style=\"text-align: left\"><span>Herausgegeben anl\u00e4sslich einer Forschungszusammenarbeit zwischen dem Institut f\u00fcr Theorie (ith) der ZHdK und dem migros museum f\u00fcr gegenwartskunst Z\u00fcrich <\/span>von J\u00f6rg Huber,\u00a0Burkhard Meltzer,\u00a0Heike Munder,\u00a0Tido von Oppeln.<\/p>\n<p class=\"MsoNormal\" style=\"text-align: left\"><span>Gestaltung: flag\/<a href=\"http:\/\/www.flag.cc\" target=\"_blank\">www.flag.cc<\/a><\/span><\/p>\n<p class=\"MsoNormal\" style=\"text-align: left\"><span>Erscheint bei JRP|Ringier, <\/span><span><a href=\"http:\/\/www.jrp-ringier.com\/\"><span>www.jrp-ringier.com<\/span><\/a><\/span><\/p>\n<p class=\"MsoNormal\" style=\"text-align: left\"><span>Ausgaben: Deutsch ISBN 978-3-03764-237-5 \/ Englisch ISBN 978-3-03764-211-5<\/span><\/p>\n<p class=\"MsoNormal\" style=\"text-align: left\">Softcover, 165&#215;220 mm, 296 Seiten, \u00fcber 200 Abbildungen, davon 32 in Farbe, CHF 48<\/p>\n<p class=\"MsoNormal\" style=\"text-align: left\"><strong> Downloads<\/strong><\/p>\n<p style=\"text-align: left\"><a href=\"https:\/\/blog.zhdk.ch\/prototyp\/files\/2013\/12\/Forschungsbeitrag_KlausSpechtenhauser.pdf\" target=\"_blank\">Klaus Spechtenhauser \/\u00a0M\u00f6bel mit Eigenschaften. Anmerkungen zu ausgew\u00e4hlten Designausstellungen, 2012<\/a><\/p>\n<p style=\"text-align: left\"><a title=\"Tido von Oppeln, Betrachtung zum Gegenstand des Gebrauchs,  2012\" href=\"https:\/\/blog.zhdk.ch\/prototyp\/files\/2012\/03\/Forschungsbeitrag_TidovOppeln.pdf\" target=\"_blank\">Tido von Oppeln, Betrachtung zum Gegenstand des Gebrauchs, 2012<\/a><\/p>\n<p style=\"text-align: left\"><a title=\"Burkhard Meltzer, Der Vermittlungsschalter, 2012\" href=\"http:\/\/allover-magazin.com\/?p=1081\" target=\"_blank\">Burkhard Meltzer, Der Vermittlungsschalter, Wien\/Basel 2012<\/a><\/p>\n<p style=\"text-align: left\"><a href=\"https:\/\/blog.zhdk.ch\/prototyp\/files\/2013\/12\/Kritzm\u00f6ller-Jenseits-des-Ge-wohnten-.pdf\">Monika Kritzm\u00f6ller, Jenseits des Ge-Wohnten, D\u00fcsseldorf 2012<\/a><\/p>\n<p style=\"text-align: left\"><a href=\"https:\/\/blog.zhdk.ch\/prototyp\/files\/2013\/12\/MK_dt.pdf\">Monika Kritzm\u00f6ller, In guter Gesellschaft: Die Konstruktion von Identit\u00e4t im Objekt, in: It\u2018s Not a Garden Table, Kunst und Design im erweiterten Feld, Z\u00fcrich, 2011, S. 197 &#8211; 223<\/a><\/p>\n<p style=\"text-align: left\"><a href=\"https:\/\/blog.zhdk.ch\/prototyp\/files\/2013\/12\/K_SP_dt.pdf\">Klaus Spechtenhauser, Vom Unbehagen zur Komplexit\u00e4t, in: It\u2018s Not a Garden Table, Kunst und Design im erweiterten Feld, Z\u00fcrich, 2011, S.71 &#8211; 89<\/a><\/p>\n<p style=\"text-align: left\"><a href=\"https:\/\/blog.zhdk.ch\/prototyp\/files\/2013\/12\/tvo_dt.pdf\">Tido von Oppeln, F\u00fcr einen Werkbegriff im Design, in: It\u2018s Not a Garden Table, Kunst und Design im erweiterten Feld, Z\u00fcrich, 2011, S.16-35<\/a><\/p>\n<p style=\"text-align: left\"><a href=\"https:\/\/blog.zhdk.ch\/prototyp\/files\/2013\/12\/BM_dt.pdf\">Burkhard Meltzer, Design: Selbstkritik der Kunst, in: It\u2018s Not a Garden Table, Kunst und Design im erweiterten Feld, Z\u00fcrich, 2011, S. 91 &#8211; 107<\/a><\/p>\n<p><\/p>","protected":false},"excerpt":{"rendered":"<p>Sammelband\u00a0 It`s Not a Garden Table Design und Kunst im erweiterten Feld K\u00fcnstler, Designer und Theoretiker diskutieren die Konsequenzen eines selbstreferenziellen Designkonzepts, der \u00c4sthetik der Lebenswelt im Kunstkontext und andere damit verkn\u00fcpfte Themen mit einem besonderen Fokus auf die Objektkategorie des M\u00f6bels. Die Publikation schl\u00e4gt drei Zug\u00e4nge f\u00fcreine erweiterte Auffassung von Design heute und ihre [&hellip;]<\/p>\n","protected":false},"author":1819,"featured_media":0,"parent":0,"menu_order":2,"comment_status":"closed","ping_status":"closed","template":"","meta":{"footnotes":""},"class_list":["post-6865","page","type-page","status-publish","hentry"],"_links":{"self":[{"href":"https:\/\/blog.zhdk.ch\/prototyp\/wp-json\/wp\/v2\/pages\/6865","targetHints":{"allow":["GET"]}}],"collection":[{"href":"https:\/\/blog.zhdk.ch\/prototyp\/wp-json\/wp\/v2\/pages"}],"about":[{"href":"https:\/\/blog.zhdk.ch\/prototyp\/wp-json\/wp\/v2\/types\/page"}],"author":[{"embeddable":true,"href":"https:\/\/blog.zhdk.ch\/prototyp\/wp-json\/wp\/v2\/users\/1819"}],"replies":[{"embeddable":true,"href":"https:\/\/blog.zhdk.ch\/prototyp\/wp-json\/wp\/v2\/comments?post=6865"}],"version-history":[{"count":13,"href":"https:\/\/blog.zhdk.ch\/prototyp\/wp-json\/wp\/v2\/pages\/6865\/revisions"}],"predecessor-version":[{"id":7465,"href":"https:\/\/blog.zhdk.ch\/prototyp\/wp-json\/wp\/v2\/pages\/6865\/revisions\/7465"}],"wp:attachment":[{"href":"https:\/\/blog.zhdk.ch\/prototyp\/wp-json\/wp\/v2\/media?parent=6865"}],"curies":[{"name":"wp","href":"https:\/\/api.w.org\/{rel}","templated":true}]}}