{"id":3,"date":"2012-10-05T09:18:08","date_gmt":"2012-10-05T09:18:08","guid":{"rendered":"https:\/\/blog.zhdk.ch\/rearttheurbanpressblogg\/?page_id=2"},"modified":"2014-03-27T19:27:53","modified_gmt":"2014-03-27T19:27:53","slug":"sample-page","status":"publish","type":"page","link":"https:\/\/blog.zhdk.ch\/rearttheurbanpressblogg\/","title":{"rendered":"Das Projekt"},"content":{"rendered":"<p><a href=\"https:\/\/blog.zhdk.ch\/rearttheurbanpressblogg\/files\/2012\/10\/cropped-cropped-Baustelle.jpg\"><img loading=\"lazy\" decoding=\"async\" class=\"alignnone size-full wp-image-131\" src=\"https:\/\/blog.zhdk.ch\/rearttheurbanpressblogg\/files\/2012\/10\/cropped-cropped-Baustelle.jpg\" alt=\"\" width=\"770\" height=\"140\" srcset=\"https:\/\/blog.zhdk.ch\/rearttheurbanpressblogg\/files\/2012\/10\/cropped-cropped-Baustelle.jpg 770w, https:\/\/blog.zhdk.ch\/rearttheurbanpressblogg\/files\/2012\/10\/cropped-cropped-Baustelle-300x54.jpg 300w\" sizes=\"auto, (max-width: 770px) 85vw, 770px\" \/><\/a><\/p>\n<h1><\/h1>\n<p><strong>\u201eCity Link\u201c<\/strong> und <strong>&#8222;Die Pressestelle&#8220;<\/strong> sind ein Projekt von Studierenden des <a href=\"http:\/\/trans.zhdk.ch\" target=\"_blank\">Masterstudiengangs Transdisziplinarit\u00e4t<\/a> an der Z\u00fcrcher Hochschule der K\u00fcnste. Es verkn\u00fcpft Leute, Themen und Orte &#8211; und verbindet die Stadt Z\u00fcrich mit der Konferenz <a href=\"http:\/\/www.rearttheurban.org\" target=\"_blank\">reART:theURBAN<\/a>.<\/p>\n<p><strong>\u201eCity Link\u201c<\/strong> tr\u00e4gt die Konferenz in Form von Spazierg\u00e4ngen, Gespr\u00e4chen und Interventionen, die die Studierenden mit den G\u00e4sten der Konferenz unternehmen, in die Stadt. Gemeinsam wurden wichtige, provokative oder schr\u00e4ge Orte in Z\u00fcrich besucht und die G\u00e4ste mit konkreten Situationen in der Stadt in Ber\u00fchrung gebracht.\u00a0 Diese Begegnungen und Interventionen werden von den Studierenden in Bezug auf die eigenen Interessen und in der Auseinandersetzung mit den Themen des Gastes individuell entwickelt. Die Konferenzthemen werden so mit den Visionen der Studierenden verkn\u00fcpft.<\/p>\n<p><strong><strong>\u201e<\/strong>Die Pressestelle<strong>\u201c<\/strong><\/strong> ist ein &#8222;Newsroom&#8220;, die Schnittstelle zwischen dem Innen und dem Aussen und ist in den drei Tagen der Konferenz auf der B\u00fchne im Stall 6, zwischen Theater Foyer und Caf\u00e9 \/ Bar installiert. In Echtzeit wird Text- und Bildmaterial verarbeitet, dokumentiert, produziert und archiviert. Ausger\u00fcstet mit Schreibmaschinen, einem Risographen, Kopier- und Druckmaschinen und einem Stapel vorgedruckter Letterpress-Plakate, wird in der Pressestelle ununterbrochen vervielf\u00e4ltigt. Dabei geht es sowohl um die Verbreitung von eigenen News, als auch um Mitteilungen, die die Konferenzteilnehmer sowie jegliche andere Person an der Pressestelle in Form einer Zeile oder eines Bildes abgeben k\u00f6nnen. Die Echtzeit-Produktion der Pressestelle basiert zudem auf den City Link-Projekten und -Interventionen, die die Studierenden mit den Konferenzg\u00e4sten durchgef\u00fchrt haben. Das gesammelte Material wird auf Plakate \u00fcbertragen, die w\u00e4hrend der Konferenz ausgestellt und an die Leute verteilt werden.<\/p>\n<p>Es ging darum, die verschiedenen Perspektiven und Disziplinen der an der Konferenz Teilnehmenden zu verweben und ein Netz von Verbindungen quer durch die Sph\u00e4ren unserer Heimatstadt zu ziehen.<\/p>\n<p>Ein Projekt des Master-Studiengangs Transdisziplinarit\u00e4t der Z\u00fcrcher Hochschule der K\u00fcnste<br \/>\n&#8222;Die Pressestelle&#8220;: Patricia Nocon, Maya Prachoinig, Sophie Schmidt, Mirjam Wirz<br \/>\n&#8222;City Link&#8220;: Urs Bachmann, Rafa\u00eblle Berchtold, Vera Buck, Malene Charles, Ivan Denes, Janic Eberhard, Ricardo Eizirik, Rahel Erny, Dominik Fornezzi, Patrick Gusset, Jolanda Huber, Jyoti Kapur, Katrin Kolo, Martin Loetscher, Barbara Naegelin, Allison Nichol, Elisabeth St\u00f6ckler, Jennifer Vogel, Alfred Vorster<\/p>\n<p>Mentoren des Studiengangs Transdisziplinarit\u00e4t: <a href=\"http:\/\/www.rearttheurban.org\/info\/Muller.html\" target=\"_blank\">Patrick M\u00fcller<\/a>, Basil Rogger, <a href=\"http:\/\/www.rearttheurban.org\/info\/Schipper.html\" target=\"_blank\">Imanuel Schipper<\/a>, Irene V\u00f6geli (Dozierende), Delphine Chapuis-Schmitz (Assistentin)<\/p>\n<p>&nbsp;<\/p>\n<p>&nbsp;<\/p>\n<p><a href=\"http:\/\/www.rearttheurban.org\/info\/Home.html\">http:\/\/www.rearttheurban.org<\/a>\u00a0\u00a0\u00a0\u00a0\u00a0\u00a0\u00a0\u00a0\u00a0\u00a0\u00a0\u00a0\u00a0\u00a0\u00a0\u00a0\u00a0\u00a0\u00a0\u00a0\u00a0\u00a0\u00a0\u00a0\u00a0\u00a0\u00a0\u00a0\u00a0\u00a0\u00a0\u00a0\u00a0\u00a0\u00a0\u00a0\u00a0\u00a0 <a href=\"http:\/\/trans.zhdk.ch\/\">Master in Transdisziplinarit\u00e4t<\/a><\/p>\n<p><a href=\"https:\/\/blog.zhdk.ch\/rearttheurbanpressblogg\/files\/2012\/10\/Picture_flyer_reart_mail.jpeg\"><img loading=\"lazy\" decoding=\"async\" class=\"alignnone  wp-image-217\" src=\"https:\/\/blog.zhdk.ch\/rearttheurbanpressblogg\/files\/2012\/10\/Picture_flyer_reart_mail.jpeg\" alt=\"\" width=\"269\" height=\"128\" srcset=\"https:\/\/blog.zhdk.ch\/rearttheurbanpressblogg\/files\/2012\/10\/Picture_flyer_reart_mail.jpeg 320w, https:\/\/blog.zhdk.ch\/rearttheurbanpressblogg\/files\/2012\/10\/Picture_flyer_reart_mail-300x143.jpeg 300w\" sizes=\"auto, (max-width: 269px) 85vw, 269px\" \/><\/a>\u00a0\u00a0\u00a0\u00a0\u00a0\u00a0\u00a0\u00a0\u00a0\u00a0\u00a0 <a href=\"https:\/\/blog.zhdk.ch\/rearttheurbanpressblogg\/files\/2012\/10\/logozhdk_1-1bmLR.jpg\"><img loading=\"lazy\" decoding=\"async\" class=\"alignnone  wp-image-223\" src=\"https:\/\/blog.zhdk.ch\/rearttheurbanpressblogg\/files\/2012\/10\/logozhdk_1-1bmLR-1024x402.jpg\" alt=\"\" width=\"338\" height=\"132\" srcset=\"https:\/\/blog.zhdk.ch\/rearttheurbanpressblogg\/files\/2012\/10\/logozhdk_1-1bmLR-1024x402.jpg 1024w, https:\/\/blog.zhdk.ch\/rearttheurbanpressblogg\/files\/2012\/10\/logozhdk_1-1bmLR-300x117.jpg 300w\" sizes=\"auto, (max-width: 338px) 85vw, 338px\" \/><\/a><\/p>\n<p>&nbsp;<\/p>\n<p>&nbsp;<\/p>\n","protected":false},"excerpt":{"rendered":"<p>\u201eCity Link\u201c und &#8222;Die Pressestelle&#8220; sind ein Projekt von Studierenden des Masterstudiengangs Transdisziplinarit\u00e4t an der Z\u00fcrcher Hochschule der K\u00fcnste. Es verkn\u00fcpft Leute, Themen und Orte &#8211; und verbindet die Stadt Z\u00fcrich mit der Konferenz reART:theURBAN. \u201eCity Link\u201c tr\u00e4gt die Konferenz in Form von Spazierg\u00e4ngen, Gespr\u00e4chen und Interventionen, die die Studierenden mit den G\u00e4sten der Konferenz &hellip; <a href=\"https:\/\/blog.zhdk.ch\/rearttheurbanpressblogg\/\" class=\"more-link\"><span class=\"screen-reader-text\">\u201eDas Projekt\u201c <\/span>weiterlesen<\/a><\/p>\n","protected":false},"author":1307,"featured_media":0,"parent":0,"menu_order":0,"comment_status":"closed","ping_status":"closed","template":"","meta":{"footnotes":""},"class_list":["post-3","page","type-page","status-publish","hentry"],"_links":{"self":[{"href":"https:\/\/blog.zhdk.ch\/rearttheurbanpressblogg\/wp-json\/wp\/v2\/pages\/3","targetHints":{"allow":["GET"]}}],"collection":[{"href":"https:\/\/blog.zhdk.ch\/rearttheurbanpressblogg\/wp-json\/wp\/v2\/pages"}],"about":[{"href":"https:\/\/blog.zhdk.ch\/rearttheurbanpressblogg\/wp-json\/wp\/v2\/types\/page"}],"author":[{"embeddable":true,"href":"https:\/\/blog.zhdk.ch\/rearttheurbanpressblogg\/wp-json\/wp\/v2\/users\/1307"}],"replies":[{"embeddable":true,"href":"https:\/\/blog.zhdk.ch\/rearttheurbanpressblogg\/wp-json\/wp\/v2\/comments?post=3"}],"version-history":[{"count":37,"href":"https:\/\/blog.zhdk.ch\/rearttheurbanpressblogg\/wp-json\/wp\/v2\/pages\/3\/revisions"}],"predecessor-version":[{"id":1691,"href":"https:\/\/blog.zhdk.ch\/rearttheurbanpressblogg\/wp-json\/wp\/v2\/pages\/3\/revisions\/1691"}],"wp:attachment":[{"href":"https:\/\/blog.zhdk.ch\/rearttheurbanpressblogg\/wp-json\/wp\/v2\/media?parent=3"}],"curies":[{"name":"wp","href":"https:\/\/api.w.org\/{rel}","templated":true}]}}