{"id":39,"date":"2012-10-09T10:26:37","date_gmt":"2012-10-09T10:26:37","guid":{"rendered":"https:\/\/blog.zhdk.ch\/rearttheurbanpressblogg\/?page_id=39"},"modified":"2014-03-27T19:29:18","modified_gmt":"2014-03-27T19:29:18","slug":"spaziergang-mit","status":"publish","type":"page","link":"https:\/\/blog.zhdk.ch\/rearttheurbanpressblogg\/spaziergang-mit\/","title":{"rendered":"Spaziergang mit &#8230;"},"content":{"rendered":"<p><a href=\"https:\/\/blog.zhdk.ch\/rearttheurbanpressblogg\/files\/2012\/10\/DSC00045-e1351119267313.jpg\"><img loading=\"lazy\" decoding=\"async\" class=\"alignnone size-full wp-image-327\" src=\"https:\/\/blog.zhdk.ch\/rearttheurbanpressblogg\/files\/2012\/10\/DSC00045-e1351119267313.jpg\" alt=\"\" width=\"640\" height=\"300\" srcset=\"https:\/\/blog.zhdk.ch\/rearttheurbanpressblogg\/files\/2012\/10\/DSC00045-e1351119267313.jpg 640w, https:\/\/blog.zhdk.ch\/rearttheurbanpressblogg\/files\/2012\/10\/DSC00045-e1351119267313-300x140.jpg 300w\" sizes=\"auto, (max-width: 640px) 85vw, 640px\" \/><\/a><\/p>\n<p>Wollten Sie nicht schon immer mal mit &#8230; spazieren gehen? Und haben Sie sich nicht schon oft vorgestellt, &#8230; in einen konfrontativen Dialog zu verwickeln? Den Studierenden bot sich diese Gelegenheit, und so hat jede und jeder einen Gast seiner oder ihrer Wahl ausgesucht, um gemeinsam wichtige, provokative oder schr\u00e4ge Orte in Z\u00fcrich zu besuchen und die G\u00e4ste mit konkreten Situationen in der Stadt in Ber\u00fchrung zu bringen. Diese Begegnungen und Interventionen, initiiert von jeweils einer\/einer der Studierenden und dokumentiert von einem\/einer zweiten, werden in Bezug auf ihre eigenen Interessen und in der Auseinandersetzung mit den Themen des Gastes individuell entwickelt. Die Konferenzthemen werden so mit den Visionen der Studierenden verkn\u00fcpft. Gleichzeitig wird eine eigene Schicht quer durch die Konferenz und die Stadt gelegt. Dokumentationen der Projekte &#8211; die teilweise kurz vor oder auch w\u00e4hrend der Konferenz stattfinden &#8211; k\u00f6nnen neben diesem Blog auch an der Pressestelle eingesehen werden.<\/p>\n<p>The real-time production in the press office is also based on encounters, meetings and small productions that each student initiated out of his or her interests and worked on with one of the conference guests. They jointly visited significant, provocative, and witty places in Zurich, where the conference guests were linked to locations in the urban landscape of the concrete city. They will interweave the different perspectives and disciplines that are introduced by the artists and scientists participating in the conference, thereby creating a transverse layer of significance through the public sphere of our home city. The encounters and interventions are published in a blog and can also be seen on a documentary base in the press office.<\/p>\n<p>&nbsp;<\/p>\n","protected":false},"excerpt":{"rendered":"<p>Wollten Sie nicht schon immer mal mit &#8230; spazieren gehen? Und haben Sie sich nicht schon oft vorgestellt, &#8230; in einen konfrontativen Dialog zu verwickeln? Den Studierenden bot sich diese Gelegenheit, und so hat jede und jeder einen Gast seiner oder ihrer Wahl ausgesucht, um gemeinsam wichtige, provokative oder schr\u00e4ge Orte in Z\u00fcrich zu besuchen &hellip; <a href=\"https:\/\/blog.zhdk.ch\/rearttheurbanpressblogg\/spaziergang-mit\/\" class=\"more-link\"><span class=\"screen-reader-text\">\u201eSpaziergang mit &#8230;\u201c <\/span>weiterlesen<\/a><\/p>\n","protected":false},"author":1307,"featured_media":0,"parent":0,"menu_order":12,"comment_status":"closed","ping_status":"closed","template":"","meta":{"footnotes":""},"class_list":["post-39","page","type-page","status-publish","hentry"],"_links":{"self":[{"href":"https:\/\/blog.zhdk.ch\/rearttheurbanpressblogg\/wp-json\/wp\/v2\/pages\/39","targetHints":{"allow":["GET"]}}],"collection":[{"href":"https:\/\/blog.zhdk.ch\/rearttheurbanpressblogg\/wp-json\/wp\/v2\/pages"}],"about":[{"href":"https:\/\/blog.zhdk.ch\/rearttheurbanpressblogg\/wp-json\/wp\/v2\/types\/page"}],"author":[{"embeddable":true,"href":"https:\/\/blog.zhdk.ch\/rearttheurbanpressblogg\/wp-json\/wp\/v2\/users\/1307"}],"replies":[{"embeddable":true,"href":"https:\/\/blog.zhdk.ch\/rearttheurbanpressblogg\/wp-json\/wp\/v2\/comments?post=39"}],"version-history":[{"count":14,"href":"https:\/\/blog.zhdk.ch\/rearttheurbanpressblogg\/wp-json\/wp\/v2\/pages\/39\/revisions"}],"predecessor-version":[{"id":1697,"href":"https:\/\/blog.zhdk.ch\/rearttheurbanpressblogg\/wp-json\/wp\/v2\/pages\/39\/revisions\/1697"}],"wp:attachment":[{"href":"https:\/\/blog.zhdk.ch\/rearttheurbanpressblogg\/wp-json\/wp\/v2\/media?parent=39"}],"curies":[{"name":"wp","href":"https:\/\/api.w.org\/{rel}","templated":true}]}}