{"id":391,"date":"2012-10-25T10:37:24","date_gmt":"2012-10-25T10:37:24","guid":{"rendered":"https:\/\/blog.zhdk.ch\/rearttheurbanpressblogg\/?page_id=391"},"modified":"2014-03-27T19:29:33","modified_gmt":"2014-03-27T19:29:33","slug":"vera-buck-und-vibeke-jensen","status":"publish","type":"page","link":"https:\/\/blog.zhdk.ch\/rearttheurbanpressblogg\/spaziergang-mit\/vera-buck-und-vibeke-jensen\/","title":{"rendered":"Vera Buck und Vibeke Jensen"},"content":{"rendered":"<p align=\"CENTER\"><a href=\"https:\/\/blog.zhdk.ch\/rearttheurbanpressblogg\/files\/2012\/10\/reART-helvetiaplatz-gesamt.pdf\"><div id='gallery-1' class='gallery galleryid-391 gallery-columns-3 gallery-size-thumbnail'><figure class='gallery-item'>\n\t\t\t<div class='gallery-icon portrait'>\n\t\t\t\t<a href='https:\/\/blog.zhdk.ch\/rearttheurbanpressblogg\/spaziergang-mit\/vera-buck-und-vibeke-jensen\/attachment-7\/'><img loading=\"lazy\" decoding=\"async\" width=\"150\" height=\"150\" src=\"https:\/\/blog.zhdk.ch\/rearttheurbanpressblogg\/files\/2012\/10\/attachment-7-e1351257333252-150x150.jpg\" class=\"attachment-thumbnail size-thumbnail\" alt=\"\" \/><\/a>\n\t\t\t<\/div><\/figure><figure class='gallery-item'>\n\t\t\t<div class='gallery-icon landscape'>\n\t\t\t\t<a href='https:\/\/blog.zhdk.ch\/rearttheurbanpressblogg\/spaziergang-mit\/vera-buck-und-vibeke-jensen\/attachment-2\/'><img loading=\"lazy\" decoding=\"async\" width=\"150\" height=\"150\" src=\"https:\/\/blog.zhdk.ch\/rearttheurbanpressblogg\/files\/2012\/10\/attachment-2-e1351250134485-150x150.jpg\" class=\"attachment-thumbnail size-thumbnail\" alt=\"\" \/><\/a>\n\t\t\t<\/div><\/figure><figure class='gallery-item'>\n\t\t\t<div class='gallery-icon portrait'>\n\t\t\t\t<a href='https:\/\/blog.zhdk.ch\/rearttheurbanpressblogg\/spaziergang-mit\/vera-buck-und-vibeke-jensen\/attachment-8\/'><img loading=\"lazy\" decoding=\"async\" width=\"150\" height=\"150\" src=\"https:\/\/blog.zhdk.ch\/rearttheurbanpressblogg\/files\/2012\/10\/attachment-8-e1351257315451-150x150.jpg\" class=\"attachment-thumbnail size-thumbnail\" alt=\"\" \/><\/a>\n\t\t\t<\/div><\/figure><figure class='gallery-item'>\n\t\t\t<div class='gallery-icon portrait'>\n\t\t\t\t<a href='https:\/\/blog.zhdk.ch\/rearttheurbanpressblogg\/spaziergang-mit\/vera-buck-und-vibeke-jensen\/attachment-4\/'><img loading=\"lazy\" decoding=\"async\" width=\"150\" height=\"150\" src=\"https:\/\/blog.zhdk.ch\/rearttheurbanpressblogg\/files\/2012\/10\/attachment-4-e1351249722120-150x150.jpg\" class=\"attachment-thumbnail size-thumbnail\" alt=\"\" \/><\/a>\n\t\t\t<\/div><\/figure><figure class='gallery-item'>\n\t\t\t<div class='gallery-icon portrait'>\n\t\t\t\t<a href='https:\/\/blog.zhdk.ch\/rearttheurbanpressblogg\/spaziergang-mit\/vera-buck-und-vibeke-jensen\/attachment-3\/'><img loading=\"lazy\" decoding=\"async\" width=\"150\" height=\"150\" src=\"https:\/\/blog.zhdk.ch\/rearttheurbanpressblogg\/files\/2012\/10\/attachment-3-e1351249810719-150x150.jpg\" class=\"attachment-thumbnail size-thumbnail\" alt=\"\" \/><\/a>\n\t\t\t<\/div><\/figure><figure class='gallery-item'>\n\t\t\t<div class='gallery-icon portrait'>\n\t\t\t\t<a href='https:\/\/blog.zhdk.ch\/rearttheurbanpressblogg\/spaziergang-mit\/vera-buck-und-vibeke-jensen\/attachment-1\/'><img loading=\"lazy\" decoding=\"async\" width=\"150\" height=\"150\" src=\"https:\/\/blog.zhdk.ch\/rearttheurbanpressblogg\/files\/2012\/10\/attachment-1-e1351257296131-150x150.jpg\" class=\"attachment-thumbnail size-thumbnail\" alt=\"\" \/><\/a>\n\t\t\t<\/div><\/figure>\n\t\t<\/div>\n<\/p>\n<p><\/a><\/p>\n<p>&nbsp;<\/p>\n<p><strong>Bilder: Vibeke Jensen<\/strong><\/p>\n<p>&nbsp;<\/p>\n<h2 style=\"text-align: left\" align=\"CENTER\"><span style=\"font-family: Helvetica, Arial, sans-serif\"><span style=\"font-size: large\">Literarisch-Urbaner Raum in Z\u00fcrich:<\/span><\/span><\/h2>\n<h2 style=\"text-align: left\" align=\"CENTER\"><span style=\"font-family: Helvetica, Arial, sans-serif\"><span style=\"font-size: large\">Versuch einer psychogeografischen Erfassung <\/span><\/span><\/h2>\n<p><strong>von Vera Buck<\/strong><\/p>\n<p>&nbsp;<\/p>\n<p align=\"LEFT\"><span style=\"font-family: Helvetica, Arial, sans-serif\">Vom Erforschen, Erk\u00e4mpfen, Erobern und Umnutzen des St\u00e4dtischen Raums: <\/span><\/p>\n<ol>\n<li>\n<p align=\"LEFT\"><span style=\"font-family: Helvetica, Arial, sans-serif\"><em><strong>D\u00e9rive<\/strong><\/em><\/span><span style=\"font-family: Helvetica, Arial, sans-serif\"><em> \u2013 <\/em><\/span><span style=\"font-family: Helvetica, Arial, sans-serif\">Suchen Sie sich einen Ort in der Stadt, an dem das Spektakel herrscht. An dem Sie verschiedenartige urbane Stimmungsfelder sp\u00fcren. An dem die Grenzen zwischen den Atmosph\u00e4reneinheiten aufgesp\u00fcrt und vernichtet werden m\u00fcssen. Dann: Schweifen Sie umher. Gehen Sie lockeren Schrittes, verzichten Sie auf bekannte Bewegungs- und Handlungsmodi und auf die Verlockungen des Terrains (Burger, Sandwichst\u00e4nde, Eiscreme, Schuhschaufenster, Hunde streicheln, Katzen treten&#8230;) und geben Sie sich einer anderen Begegnung hin: Der Begegnung mit den Buchstaben, die sich diesen Raum Untertan gemacht haben. Werbeplakate. Stra\u00dfennamen. Graffiti. Verzeichnen Sie jedes Wort, das Ihnen begegnet in einer Liste, um das literarisch-urbane Feingewebe herauszuarbeiten, das auf die unbestimmten Verhaltensweisen der Menschen in diesem Raum wirkt.<\/span><\/p>\n<\/li>\n<\/ol>\n<p align=\"LEFT\"><span style=\"font-family: Helvetica, Arial, sans-serif\">Allein oder in einer kleinen Gruppe erfolgt diese Form des Umherschweifens und Notierens \u00fcber die Dauer von durchschnittlich einem Tag. <\/span><\/p>\n<ol start=\"2\">\n<li>\n<p align=\"LEFT\"><span style=\"font-family: Helvetica, Arial, sans-serif\"><em><strong>Analyse <\/strong><\/em><\/span><span style=\"font-family: Helvetica, Arial, sans-serif\"><em>&#8211; <\/em><\/span><span style=\"font-family: Helvetica, Arial, sans-serif\">Sichten Sie das textuelle Material, und analysieren Sie es \u2013 akkurat ! &#8211; um eine influentielle Kartographie des erforschten Raums zu erstellen. <\/span><\/p>\n<\/li>\n<li>\n<p align=\"LEFT\"><span style=\"font-family: Helvetica, Arial, sans-serif\"><em><strong>D\u00e9tournement<\/strong><\/em><\/span><span style=\"font-family: Helvetica, Arial, sans-serif\"><em> \u2013 <\/em><\/span><span style=\"font-family: Helvetica, Arial, sans-serif\">Unter Anwendung situationistisch zeitgem\u00e4\u00dfer Kunstmittel gliedern Sie die die bestehenden Wort- und Textspektakel in eine h\u00f6here Konstruktion der Umwelt ein. D.h.: Ver\u00e4ndern Sie! Missbrauchen Sie! Streichen Sie! Zweckentfremden Sie die W\u00f6rter im Dienste einer situationistischen Konsrumkritik und Kritik an der visuelle Vormacht innerhalb der spektakul\u00e4ren Propagandamaschine. Hebeln Sie die Strukturen des Warenfetischismus aus und gestalten Sie die Lebensumgebung in eine h\u00f6here Qualit\u00e4t der Leidenschaft um. <\/span><\/p>\n<\/li>\n<\/ol>\n<p align=\"CENTER\"><span style=\"color: #000000\"><span style=\"font-family: Helvetica, Arial, sans-serif\"><span style=\"font-size: large\">1. D\u00e9rive: <\/span><\/span><\/span><\/p>\n<p align=\"CENTER\"><span style=\"color: #000000\"><span style=\"font-family: Helvetica, Arial, sans-serif\"><span style=\"font-size: large\">Der Z\u00fcrcher Helvetiaplatz und sein Wortspektakel<\/span><\/span><\/span><\/p>\n<p align=\"JUSTIFY\"><span style=\"color: #000000\"><span style=\"font-family: Copperplate\"><span style=\"font-size: medium\">Hooters free Wifi Trabeco AG Justizvollzug Kanton Z\u00fcrich Psychiatrisch Psychologischer Dienst Immo Kompass Weissgrund Kommunikation Stellenvermittlung Tempor\u00e4r Dauerstellen Roth Optik Rodenstock Bis zu 40 Prozent besser sehen in der N\u00e4he fragen Sie nach Impression Gleitsicht Gl\u00e4sern bei ihrem zertifizierten Rodenstock f\u00fcr Eyelens Technologie Kostenloser Schnelltest jetzt hier im Gesch\u00e4ft Augen auf f\u00fcr die Umwelt clevere Technologie f\u00fcr die Schweiz Reduktion der C02 Belastung 100 Prozent weniger Kunststoffabfall 80 Prozent Geringerer Gebrauch von Frischwasser Ganzer Platz Volkshaus 16 int. DVD Schallplattenb\u00f6rse Sa 27 Okt 10-18 h <\/span><\/span><\/span><span style=\"color: #000000\"><span style=\"font-family: Copperplate\"><span style=\"font-size: medium\">Helvetiaplatz<\/span><\/span><\/span><span style=\"color: #000000\"><span style=\"font-family: Copperplate\"><span style=\"font-size: medium\"> Kino Xenix Rado Jamanico Iridea Farben der optimale Start ins Anlegen der UBS Anlageplan Treff Caf\u00e9 Bar Kiosk Treffpoint Langstrasse Weil Sie in 10 Tagen ihr Geld zur\u00fcckerhalten jetzt 10 Tage New York gewinnen Visana und Sie liegen richtig Max Herre die Welt zu Gast bei Fabriktheater The end of time 18 Jahr Buchhandlung am Hottinger Platz 190 versteckte B\u00fccher 2 literarische Spazierg\u00e4gne Restaurant Busch Aktion Men\u00fc und Getr\u00e4nke Specials 6 Flaschen zum Preis von 5 Low Cost International Swiss Calls Subways Tissot All natural Florida exotiv Mega Maxibon Swisslos Schallplatten Altgold Ankauf hier Christian Uhren Schmuck Rado the thinnest uneingeschr\u00e4nktes Lebensgef\u00fchl trotz Blasenschw\u00e4che preiswert l\u00e4ngere Kosten\u00fcbernahme durch die Krankenkasse zuverl\u00e4ssig hoher Tragekomfort luftdurchl\u00e4ssig freie Luftzirkulation Geruchsschutz mit speziellem Geruchsuperabsorber ohne Latex hergestellt EDS extra dry System elastischer Klebeklettverschl\u00fcsse f\u00fcr eine perfekte Anpassung an den K\u00f6rper seitlicher Auslaufschutz erh\u00f6ht die Sicherheit N\u00e4sseindikator informiert \u00fcber den Wechselbedarf einfach besser beraten Top well Apotheken erk\u00e4ltet f\u00fcr die gezielte Behandlung beim Sport im B\u00fcro oder im Alltag ausgenommen ein und Aussteigenlassen Neue Lebensabschnitte beginnen wir sind auf ihrer Seite Z\u00fcrich macht vorw\u00e4rts schnappen Sie frische Luft Spiel Baracke Cyper Mobbing verletzt und kann bis zum Suizid f\u00fchren die Notrufnummer von Pro Juventud hilft betroffenen Jugendlichen weil es 78 Prozent Kinderrabatt gibt Richtung Hardplatz Pippi im Taka Tuka Land.<\/span><\/span><\/span><\/p>\n<p align=\"CENTER\"><span style=\"font-family: Helvetica, Arial, sans-serif\"><span style=\"font-size: large\">2. Analyse:<\/span><\/span><\/p>\n<p align=\"CENTER\"><span style=\"font-family: Helvetica, Arial, sans-serif\"><span style=\"font-size: large\">Der Helvetiaplatz aufger\u00e4umt<\/span><\/span><\/p>\n<p align=\"LEFT\"><span style=\"font-family: Helvetica, Arial, sans-serif\"><span style=\"font-size: medium\">Aaaaaaaaaaaaaaaaaaaaaaaaaaaaaaaaaaaaaaaaaaaaaaaaaaaaaaaaaaaaaaaaaaaaaaaaaaaaaaaaaaaaaaaaaaaaaaaaaaaaaaaaaaa (117)<\/span><\/span><\/p>\n<p align=\"LEFT\"><span style=\"font-family: Helvetica, Arial, sans-serif\"><span style=\"font-size: medium\">bbbbbbbbbbbbbbbbbbbbbbbbbbbbbbbbbbbbbbbbb (41)<\/span><\/span><\/p>\n<p align=\"LEFT\"><span style=\"font-family: Helvetica, Arial, sans-serif\"><span style=\"font-size: medium\">ccccccccccccccccccccccccccccccccccccccccccccccccccccccccccccccc (63)<\/span><\/span><\/p>\n<p align=\"LEFT\"><span style=\"font-family: Helvetica, Arial, sans-serif\"><span style=\"font-size: medium\">dddddddddddddddddddddddddddddddddddddddddddddddd (48)<\/span><\/span><\/p>\n<p align=\"LEFT\"><span style=\"font-family: Helvetica, Arial, sans-serif\"><span style=\"font-size: medium\">eeeeeeeeeeeeeeeeeeeeeeeeeeeeeeeeeeeeeeeeeeeeeeeeeeeeeeeeeeeeeeeeeeeeeeeeeeeeeeeeeeeeeeeeeeeeeeeeeeeeeeeeeeeeeeeeeeeeeeeeeeeeeeeeeeeeeeeeeeeeeeeeeeeeeeeeeeeeeeeeeeeeeeeeeeeeeeeeeeeeeeeeeeeeeeeeeeeeeeeeeeeeeeeeeeeeeeeeeeeeeeeeeeeeeeeeeeeeeeeeeeeeeeeeeee (251)<\/span><\/span><\/p>\n<p align=\"LEFT\"><span style=\"font-family: Helvetica, Arial, sans-serif\"><span style=\"font-size: medium\">ffffffffffffffffffffffffffffffffffffffffffff (44)<\/span><\/span><\/p>\n<p align=\"LEFT\"><span style=\"font-family: Helvetica, Arial, sans-serif\"><span style=\"font-size: medium\">ggggggggggggggggggggggggggggggggggggggggggggggggggggggg (55)<\/span><\/span><\/p>\n<p align=\"LEFT\"><span style=\"font-family: Helvetica, Arial, sans-serif\"><span style=\"font-size: medium\">hhhhhhhhhhhhhhhhhhhhhhhhhhhhhhhhhhhhhhhhhhhhhhhhhhhhhhhhhhhhhhhhhhhhhhhhhhhhhhhhhh (82)<\/span><\/span><\/p>\n<p align=\"LEFT\"><span style=\"font-family: Helvetica, Arial, sans-serif\"><span style=\"font-size: medium\">iiiiiiiiiiiiiiiiiiiiiiiiiiiiiiiiiiiiiiiiiiiiiiiiiiiiiiiiiiiiiiiiiiiiiiiiiiiiiiiiiiiiiiiiiiiiiiiiiiiiiiiiiiiiiiiiiiiiiiiiiiiiiiiiiiiiii (134)<\/span><\/span><\/p>\n<p align=\"LEFT\"><span style=\"font-family: Helvetica, Arial, sans-serif\"><span style=\"font-size: medium\">jjjjjjj (7)<\/span><\/span><\/p>\n<p align=\"LEFT\"><span style=\"font-family: Helvetica, Arial, sans-serif\"><span style=\"font-size: medium\">kkkkkkkkkkkkkkkkkkkkkkkkkkkkkkkkkkkkkkkkkk (42)<\/span><\/span><\/p>\n<p align=\"LEFT\"><span style=\"font-family: Helvetica, Arial, sans-serif\"><span style=\"font-size: medium\">lllllllllllllllllllllllllllllllllllllllllllllllllllllllllllllllllllllllllllllllllllllllllllllll (95)<\/span><\/span><\/p>\n<p align=\"LEFT\"><span style=\"font-family: Helvetica, Arial, sans-serif\"><span style=\"font-size: medium\">mmmmmmmmmmmmmmmmmmmmmmmmmmmmmmmmmmmmmm (38)<\/span><\/span><\/p>\n<p align=\"LEFT\"><span style=\"font-family: Helvetica, Arial, sans-serif\"><span style=\"font-size: medium\">nnnnnnnnnnnnnnnnnnnnnnnnnnnnnnnnnnnnnnnnnnnnnnnnnnnnnnnnnnnnnnnnnnnnnnnnnnnnnnnnnnnnnnnnnnnnnnnnnnnnnnnnnnnnnnnnnnnnnnnnnnnnnnnnnnnnnnnnnnn (139)<\/span><\/span><\/p>\n<p align=\"LEFT\"><span style=\"font-family: Helvetica, Arial, sans-serif\"><span style=\"font-size: medium\">ooooooooooooooooooooooooooooooooooooooooooooooooooooooooooooooooooooooooooooo (77)<\/span><\/span><\/p>\n<p align=\"LEFT\"><span style=\"font-family: Helvetica, Arial, sans-serif\"><span style=\"font-size: medium\">ppppppppppppppppppppppppppppppppppppppp (39)<\/span><\/span><\/p>\n<p align=\"LEFT\"><span style=\"font-family: Helvetica, Arial, sans-serif\"><span style=\"font-size: medium\">rrrrrrrrrrrrrrrrrrrrrrrrrrrrrrrrrrrrrrrrrrrrrrrrrrrrrrrrrrrrrrrrrrrrrrrrrrrrrrrrrrrrrrrrrrrrrrrrrrrrrrrrrrrrrrrrrrrrrrrrrrrrrrrrrrrrrrrrrrrrrrr (143)<\/span><\/span><\/p>\n<p align=\"LEFT\"><span style=\"font-family: Helvetica, Arial, sans-serif\"><span style=\"font-size: medium\">sssssssssssssssssssssssssssssssssssssssssssssssssssssssssssssssssssssssssssssssssssssssssssssssssssssssssssssssssssssssssssssssss (135)<\/span><\/span><\/p>\n<p align=\"LEFT\"><span style=\"font-family: Helvetica, Arial, sans-serif\"><span style=\"font-size: medium\">tttttttttttttttttttttttttttttttttttttttttttttttttttttttttttttttttttttttttttttttttttttttttttttttttttttttttttttttttttttttttttttttttttttttttttttt (142)<\/span><\/span><\/p>\n<p align=\"LEFT\"><span style=\"font-family: Helvetica, Arial, sans-serif\"><span style=\"font-size: medium\">uuuuuuuuuuuuuuuuuuuuuuuuuuuuuuuuuuuuuuuuuuuuuuuuuuuuuuuuuuuuuu (62)<\/span><\/span><\/p>\n<p align=\"LEFT\"><span style=\"font-family: Helvetica, Arial, sans-serif\"><span style=\"font-size: medium\">vvvvvvvvvvvvvvvv (16)<\/span><\/span><\/p>\n<p align=\"LEFT\"><span style=\"font-family: Helvetica, Arial, sans-serif\"><span style=\"font-size: medium\">wwwwwwwwwwwwwwwwwwwww (21)<\/span><\/span><\/p>\n<p align=\"LEFT\"><span style=\"font-family: Helvetica, Arial, sans-serif\"><span style=\"font-size: medium\">xxxxxxx (7)<\/span><\/span><\/p>\n<p align=\"LEFT\"><span style=\"font-family: Helvetica, Arial, sans-serif\"><span style=\"font-size: medium\">yyyyyyyy (8)<\/span><\/span><\/p>\n<p align=\"LEFT\"><span style=\"color: #000000\"><span style=\"font-family: Copperplate\"><span style=\"font-size: medium\">zzzzzzzzzzzzzzzzzzzzzzzzzzzzzzzzzz (33)<\/span><\/span><\/span><\/p>\n<p align=\"CENTER\"><span style=\"font-family: Helvetica, Arial, sans-serif\"><span style=\"font-size: large\">3. D\u00e9tournemet:<\/span><\/span><\/p>\n<p align=\"CENTER\"><span style=\"font-family: Helvetica, Arial, sans-serif\"><span style=\"font-size: large\">F\u00fcr eine h\u00f6here Qualit\u00e4t literarisch-urbaner Leidenschaften<\/span><\/span><\/p>\n<p>&nbsp;<\/p>\n<p><span style=\"font-family: Helvetica, Arial, sans-serif\">I<\/span><\/p>\n<p><span style=\"font-family: Helvetica, Arial, sans-serif\">Der Hardplatz in Gleitsicht &#8211;<\/span><\/p>\n<p><span style=\"font-family: Helvetica, Arial, sans-serif\">Getr\u00e4nkespecials.<\/span><\/p>\n<p><span style=\"font-family: Helvetica, Arial, sans-serif\">Im Kunststoffabfall hilft <\/span><\/p>\n<p><span style=\"font-family: Helvetica, Arial, sans-serif\">seitlicher Auslaufschutz den Jugendlichen \u00fcber 40<\/span><\/p>\n<p><span style=\"font-family: Helvetica, Arial, sans-serif\">&#8211; ein uneingeschr\u00e4nktes Lebensgef\u00fchl!<\/span><\/p>\n<p><span style=\"font-family: Helvetica, Arial, sans-serif\">Wir sind psychiatrisch erk\u00e4ltet,<\/span><\/p>\n<p><span style=\"font-family: Helvetica, Arial, sans-serif\">die Apotheken mit Altgold aber ohne System<\/span><\/p>\n<p><span style=\"font-family: Helvetica, Arial, sans-serif\">und <\/span><\/p>\n<p><span style=\"font-family: Helvetica, Arial, sans-serif\">Kommunikation ohne Latex kann<\/span><\/p>\n<p><span style=\"font-family: Helvetica, Arial, sans-serif\">zum Suizid f\u00fchren. <\/span><\/p>\n<p>&nbsp;<\/p>\n<p><span style=\"font-family: Helvetica, Arial, sans-serif\">II<\/span><\/p>\n<p><span style=\"font-family: Helvetica, Arial, sans-serif\">Vorw\u00e4rts! Schnappen Sie Sicherheit! <\/span><\/p>\n<p><span style=\"font-family: Helvetica, Arial, sans-serif\">Im Busch auf der Langstrasse liegen <\/span><\/p>\n<p><span style=\"font-family: Helvetica, Arial, sans-serif\">versteckte Umwelt und <\/span><\/p>\n<p><span style=\"font-family: Helvetica, Arial, sans-serif\">K\u00f6rper <\/span><\/p>\n<p><span style=\"font-family: Helvetica, Arial, sans-serif\">auf Weissgrund<\/span><\/p>\n<p><span style=\"font-family: Helvetica, Arial, sans-serif\">weil es jetzt <\/span><\/p>\n<p><span style=\"font-family: Helvetica, Arial, sans-serif\">78 Prozent Kinderrabatt gibt.<\/span><\/p>\n<p>&nbsp;<\/p>\n<p><span style=\"font-family: Helvetica, Arial, sans-serif\">III<\/span><\/p>\n<p><span style=\"font-family: Helvetica, Arial, sans-serif\">Im-Treff-Caf\u00e9-Bar-Kiosk-Treffpoint<\/span><\/p>\n<p><span style=\"font-family: Helvetica, Arial, sans-serif\">erh\u00f6ht Anpassung den Wechselbedarf <\/span><\/p>\n<p><span style=\"font-family: Helvetica, Arial, sans-serif\">nach Frischwasser:<\/span><\/p>\n<p><span style=\"font-family: Helvetica, Arial, sans-serif\">16 Flaschen zum Preis von 18, <\/span><\/p>\n<p><span style=\"font-family: Helvetica, Arial, sans-serif\">trotz Blasenschw\u00e4che &#8211; eine perfekte Welt. <\/span><\/p>\n<p><span style=\"font-family: Helvetica, Arial, sans-serif\">Beim Mobbing preiswert verletzt, <\/span><\/p>\n<p><span style=\"font-family: Helvetica, Arial, sans-serif\">der optimale Start ins B\u00fcro.<\/span><\/p>\n<p>&nbsp;<\/p>\n<p><span style=\"font-family: Helvetica, Arial, sans-serif\">IV<\/span><\/p>\n<p><span style=\"font-family: Helvetica, Arial, sans-serif\">Durch weniger Lowcost sehen wir:<\/span><\/p>\n<p><span style=\"font-family: Helvetica, Arial, sans-serif\">frische Lebensabschnitte<\/span><\/p>\n<p><span style=\"font-family: Helvetica, Arial, sans-serif\">New York! Florida! Hottinger Platz!<\/span><\/p>\n<p><span style=\"font-family: Helvetica, Arial, sans-serif\">Die Luft ist luftdurchl\u00e4ssig <\/span><\/p>\n<p><span style=\"font-family: Helvetica, Arial, sans-serif\">&#8211; ausgenommen jetzt und hier.<\/span><\/p>\n<p><span style=\"font-family: Helvetica, Arial, sans-serif\">Clevere B\u00fccher beginnen mit &#8218;end&#8216;<\/span><\/p>\n<p><span style=\"font-family: Helvetica, Arial, sans-serif\">f\u00fcr l\u00e4ngere Augen mit &#8218;int.&#8216; <\/span><\/p>\n<p><span style=\"font-family: Helvetica, Arial, sans-serif\">und &#8218;h&#8216;<\/span><\/p>\n<p><span style=\"font-family: Helvetica, Arial, sans-serif\">und Farben. <\/span><\/p>\n<p>&nbsp;<\/p>\n<p>&nbsp;<\/p>\n<p><strong>Bild: <a href=\"http:\/\/www.rearttheurban.org\/info\/Jensen.html\">Vibeke Jensen<\/a><\/strong><br \/>\n<strong>Text: <a href=\"http:\/\/www.vera-buck.com\">Vera Buck<\/a><br \/>\n<\/strong>reART:theURBAN \u201eCity link\u201c<strong><br \/>\n<\/strong><\/p>\n","protected":false},"excerpt":{"rendered":"<p>&nbsp; Bilder: Vibeke Jensen &nbsp; Literarisch-Urbaner Raum in Z\u00fcrich: Versuch einer psychogeografischen Erfassung von Vera Buck &nbsp; Vom Erforschen, Erk\u00e4mpfen, Erobern und Umnutzen des St\u00e4dtischen Raums: D\u00e9rive \u2013 Suchen Sie sich einen Ort in der Stadt, an dem das Spektakel herrscht. An dem Sie verschiedenartige urbane Stimmungsfelder sp\u00fcren. An dem die Grenzen zwischen den Atmosph\u00e4reneinheiten &hellip; <a href=\"https:\/\/blog.zhdk.ch\/rearttheurbanpressblogg\/spaziergang-mit\/vera-buck-und-vibeke-jensen\/\" class=\"more-link\"><span class=\"screen-reader-text\">\u201eVera Buck und Vibeke Jensen\u201c <\/span>weiterlesen<\/a><\/p>\n","protected":false},"author":1307,"featured_media":0,"parent":39,"menu_order":0,"comment_status":"closed","ping_status":"closed","template":"","meta":{"footnotes":""},"class_list":["post-391","page","type-page","status-publish","hentry"],"_links":{"self":[{"href":"https:\/\/blog.zhdk.ch\/rearttheurbanpressblogg\/wp-json\/wp\/v2\/pages\/391","targetHints":{"allow":["GET"]}}],"collection":[{"href":"https:\/\/blog.zhdk.ch\/rearttheurbanpressblogg\/wp-json\/wp\/v2\/pages"}],"about":[{"href":"https:\/\/blog.zhdk.ch\/rearttheurbanpressblogg\/wp-json\/wp\/v2\/types\/page"}],"author":[{"embeddable":true,"href":"https:\/\/blog.zhdk.ch\/rearttheurbanpressblogg\/wp-json\/wp\/v2\/users\/1307"}],"replies":[{"embeddable":true,"href":"https:\/\/blog.zhdk.ch\/rearttheurbanpressblogg\/wp-json\/wp\/v2\/comments?post=391"}],"version-history":[{"count":19,"href":"https:\/\/blog.zhdk.ch\/rearttheurbanpressblogg\/wp-json\/wp\/v2\/pages\/391\/revisions"}],"predecessor-version":[{"id":1709,"href":"https:\/\/blog.zhdk.ch\/rearttheurbanpressblogg\/wp-json\/wp\/v2\/pages\/391\/revisions\/1709"}],"up":[{"embeddable":true,"href":"https:\/\/blog.zhdk.ch\/rearttheurbanpressblogg\/wp-json\/wp\/v2\/pages\/39"}],"wp:attachment":[{"href":"https:\/\/blog.zhdk.ch\/rearttheurbanpressblogg\/wp-json\/wp\/v2\/media?parent=391"}],"curies":[{"name":"wp","href":"https:\/\/api.w.org\/{rel}","templated":true}]}}