{"id":441,"date":"2012-10-25T14:10:59","date_gmt":"2012-10-25T14:10:59","guid":{"rendered":"https:\/\/blog.zhdk.ch\/rearttheurbanpressblogg\/?page_id=441"},"modified":"2014-03-27T19:28:47","modified_gmt":"2014-03-27T19:28:47","slug":"katrin-kolo-und-gabriele-klein","status":"publish","type":"page","link":"https:\/\/blog.zhdk.ch\/rearttheurbanpressblogg\/spaziergang-mit\/katrin-kolo-und-gabriele-klein\/","title":{"rendered":"Katrin Kolo und Gabriele Klein"},"content":{"rendered":"<h1>Warten, Ankommen, Umweg, Schlafen<\/h1>\n<p>8:50 warte auf S-Bahn 8:58 steige in S-Bahn 8:52 S-Bahn bleibt in Oerlikon stehen, weil ein anderer Zug ausf\u00e4llt 9:15 komme am Flughafen an, fahre Rolltreppe nach oben, laufe durch Papeterie-Gesch\u00e4ft, immer noch auf der Suche nach &#8222;Black Box&#8220;, laufe den Schildern nach, die mich noch weiter hinauff\u00fchren, um nach dem \u00dcbergang wieder hinunterzuf\u00fchren. Per Rolltreppe kann ich hoch, runter f\u00fchren nur die Stufen. Unten gelb-schwarz gestreifter Boden f\u00fcr Ankommende, Wartende werden hinter Zaun eingepfercht. Martin kommt nicht. Lange Nacht gehabt. Handy-Akku leer. Videokamera zuhause. Speichere im Kopf und im K\u00f6rper. Kinder springen, rufen, legen sich auf Boden, schreien, m\u00fcssen aufs Klo. Was ist wichtiger: Die Oma abholen oder Pipi machen? Unz\u00e4hlige M\u00e4nner in Anz\u00fcgen dunkel, weiss gehen an den eingesperrten Wartenden vorbei. Suchende Blicke der Ankommenden, werden sie abgeholt? Wo geht es zur Bahn? Wie gehen sie jetzt weiter, nachdem sie die Regie \u00fcber ihre Fortbewegung in den vergangenen Stunden outgesourcet hatten?<\/p>\n<p><iframe loading=\"lazy\" title=\"video 2012 10 25 09 23 51\" width=\"840\" height=\"630\" src=\"https:\/\/www.youtube.com\/embed\/zHqMavlze7I?feature=oembed\" frameborder=\"0\" allow=\"accelerometer; autoplay; clipboard-write; encrypted-media; gyroscope; picture-in-picture\" allowfullscreen><\/iframe><\/p>\n<p>10:10 Wie leicht es doch ist, eine Frau abzuholen. Ein L\u00e4cheln wird ohne Z\u00f6gern erwidert. Und sie ist es. Sehr m\u00fcde. Die Schilder f\u00fchren uns zu einer tempor\u00e4ren Strassensperre, die aber gleich wieder f\u00fcr Fussg\u00e4nger ge\u00f6ffnet wird. Wir fahren nach unten. Die Fahrkartenautomaten alle besetzt. R\u00e4tselnde Ausl\u00e4nder studieren das Angebot des ZVV und brauchen noch l\u00e4nger, ohne zu bekommen, was sie wollen. Ich versuche im eigenen Interesse zu helfen. Beschleunigung. Endlich Ticket. Noch eine Rolltreppe. GK zieht Rollkoffer, mit Tasche drauf. Tr\u00e4gt Tasche, mit Koffer drin. Tr\u00e4gt warme Winterjacke \u00fcber Arm, mit was drin?<\/p>\n<p>10:32 Einstieg S-Bahn. Reise zum HB scheint lang. GK sehr m\u00fcde. Kurze Nacht. Am HB Wege an Bauz\u00e4unen unter HB durch bis auf andere Seite, dort Rolltreppe an Oberfl\u00e4che, durch L\u00fccke im Zaun auf Verkehrsinsel mit Busstation. Bus kommt in 4 Minuten, sagt die Leuchtanzeige. Sitzen im Bus. Habe mittlerweile Tasche mit Koffer drin \u00fcbernommen. Verpasse Ausstieg, fahren zu weit. Haltestelle verlegt, fahren noch weiter. Laufen zur\u00fcck. Gr\u00fcne Buchstaben k\u00fcndigen Hotel an.<\/p>\n<p>11:15 Check in. Kaffee. Sitzen. Reden. Denken? Ankommen im Gespr\u00e4ch.<\/p>\n<p>12:30 Abschied am Lift. 2 K\u00fcsschen auf die Backe, eins in die Luft.<\/p>\n<p><strong>Gast: <a href=\"http:\/\/www.rearttheurban.org\/info\/Klein.html\" target=\"_blank\">Gabriele Klein<\/a><\/strong><br \/>\n<strong>Tat und Text: Katrin Kolo<\/strong><strong><br \/>\n<\/strong>reART:theURBAN \u201eCity link\u201c<\/p>\n<p>&nbsp;<\/p>\n","protected":false},"excerpt":{"rendered":"<p>Warten, Ankommen, Umweg, Schlafen 8:50 warte auf S-Bahn 8:58 steige in S-Bahn 8:52 S-Bahn bleibt in Oerlikon stehen, weil ein anderer Zug ausf\u00e4llt 9:15 komme am Flughafen an, fahre Rolltreppe nach oben, laufe durch Papeterie-Gesch\u00e4ft, immer noch auf der Suche nach &#8222;Black Box&#8220;, laufe den Schildern nach, die mich noch weiter hinauff\u00fchren, um nach dem &hellip; <a href=\"https:\/\/blog.zhdk.ch\/rearttheurbanpressblogg\/spaziergang-mit\/katrin-kolo-und-gabriele-klein\/\" class=\"more-link\"><span class=\"screen-reader-text\">\u201eKatrin Kolo und Gabriele Klein\u201c <\/span>weiterlesen<\/a><\/p>\n","protected":false},"author":1307,"featured_media":451,"parent":39,"menu_order":0,"comment_status":"closed","ping_status":"closed","template":"","meta":{"footnotes":""},"class_list":["post-441","page","type-page","status-publish","has-post-thumbnail","hentry"],"_links":{"self":[{"href":"https:\/\/blog.zhdk.ch\/rearttheurbanpressblogg\/wp-json\/wp\/v2\/pages\/441","targetHints":{"allow":["GET"]}}],"collection":[{"href":"https:\/\/blog.zhdk.ch\/rearttheurbanpressblogg\/wp-json\/wp\/v2\/pages"}],"about":[{"href":"https:\/\/blog.zhdk.ch\/rearttheurbanpressblogg\/wp-json\/wp\/v2\/types\/page"}],"author":[{"embeddable":true,"href":"https:\/\/blog.zhdk.ch\/rearttheurbanpressblogg\/wp-json\/wp\/v2\/users\/1307"}],"replies":[{"embeddable":true,"href":"https:\/\/blog.zhdk.ch\/rearttheurbanpressblogg\/wp-json\/wp\/v2\/comments?post=441"}],"version-history":[{"count":18,"href":"https:\/\/blog.zhdk.ch\/rearttheurbanpressblogg\/wp-json\/wp\/v2\/pages\/441\/revisions"}],"predecessor-version":[{"id":1705,"href":"https:\/\/blog.zhdk.ch\/rearttheurbanpressblogg\/wp-json\/wp\/v2\/pages\/441\/revisions\/1705"}],"up":[{"embeddable":true,"href":"https:\/\/blog.zhdk.ch\/rearttheurbanpressblogg\/wp-json\/wp\/v2\/pages\/39"}],"wp:featuredmedia":[{"embeddable":true,"href":"https:\/\/blog.zhdk.ch\/rearttheurbanpressblogg\/wp-json\/wp\/v2\/media\/451"}],"wp:attachment":[{"href":"https:\/\/blog.zhdk.ch\/rearttheurbanpressblogg\/wp-json\/wp\/v2\/media?parent=441"}],"curies":[{"name":"wp","href":"https:\/\/api.w.org\/{rel}","templated":true}]}}