{"id":45,"date":"2012-10-09T10:26:23","date_gmt":"2012-10-09T10:26:23","guid":{"rendered":"https:\/\/blog.zhdk.ch\/rearttheurbanpressblogg\/?page_id=45"},"modified":"2014-03-27T19:29:39","modified_gmt":"2014-03-27T19:29:39","slug":"im-stall-6","status":"publish","type":"page","link":"https:\/\/blog.zhdk.ch\/rearttheurbanpressblogg\/im-stall-6\/","title":{"rendered":"im Stall 6 &#8230;"},"content":{"rendered":"<p>&nbsp;<\/p>\n<p><a href=\"https:\/\/blog.zhdk.ch\/rearttheurbanpressblogg\/files\/2012\/10\/IMG_0823.jpg\"><img loading=\"lazy\" decoding=\"async\" src=\"https:\/\/blog.zhdk.ch\/rearttheurbanpressblogg\/files\/2012\/10\/IMG_0823-1024x767.jpg\" alt=\"\" width=\"695\" height=\"520\" \/><\/a><\/p>\n<p>Die Pressestelle ist die Schnittstelle zwischen dem Innen und Aussen in den drei Tagen der Konferenz. Sie der Ort, an dem dokumentiert, verarbeitet, transformiert, reproduziert, archiviert und vervielf\u00e4ltigt wird. Installiert im Stall 6 des Theaterhauses Gessneralle kann jeder und jede w\u00e4hrend der \u00d6ffnungszeiten der Konferenz zu uns kommen und Material (Text und Bild) oder kleine Pressemitteilungen abgeben. Wir sind ausgestattet mit einem Kopierer, Schreibmaschinen, einem Risographen und einem Drucker sowie einem Stapel von vorgedruckten Letterpress-Plakaten. Die Plakate sind nur zum Teil gestaltet, so dass wir Material den Plakaten hinzuf\u00fcgen k\u00f6nnen. Wir selbst werden auch aktiv, machen Fotos, nehmen auf, kommentieren&#8230;<\/p>\n<p>Besuchen Sie uns! Plakatieren Sie die Stadt!<\/p>\n<p>&nbsp;<\/p>\n<p>The \u2018press office\u2019 is a newsroom where Zurich and the conference collide; here real-time processing, documentation, production and archiving of textual and visual material take place. Throughout the three days of the conference the press office will be installed on the stage at Stall 6, both theatre foyer and cafe\/bar. Equipped with typewriters, a risograph, printing and copy machines, and a stack of pre-printed letterpress posters, the press office crew will process both self-produced material and material dropped off by the conference audience and any other person that has a line or an image to contribute. The material will be transferred onto posters to then be displayed and given away to attendees.<\/p>\n<p>Come and join us in the press office! Take your posters to the streets!<\/p>\n<p>&nbsp;<\/p>\n","protected":false},"excerpt":{"rendered":"<p>&nbsp; Die Pressestelle ist die Schnittstelle zwischen dem Innen und Aussen in den drei Tagen der Konferenz. Sie der Ort, an dem dokumentiert, verarbeitet, transformiert, reproduziert, archiviert und vervielf\u00e4ltigt wird. Installiert im Stall 6 des Theaterhauses Gessneralle kann jeder und jede w\u00e4hrend der \u00d6ffnungszeiten der Konferenz zu uns kommen und Material (Text und Bild) oder &hellip; <a href=\"https:\/\/blog.zhdk.ch\/rearttheurbanpressblogg\/im-stall-6\/\" class=\"more-link\"><span class=\"screen-reader-text\">\u201eim Stall 6 &#8230;\u201c <\/span>weiterlesen<\/a><\/p>\n","protected":false},"author":1307,"featured_media":0,"parent":0,"menu_order":13,"comment_status":"closed","ping_status":"closed","template":"","meta":{"footnotes":""},"class_list":["post-45","page","type-page","status-publish","hentry"],"_links":{"self":[{"href":"https:\/\/blog.zhdk.ch\/rearttheurbanpressblogg\/wp-json\/wp\/v2\/pages\/45","targetHints":{"allow":["GET"]}}],"collection":[{"href":"https:\/\/blog.zhdk.ch\/rearttheurbanpressblogg\/wp-json\/wp\/v2\/pages"}],"about":[{"href":"https:\/\/blog.zhdk.ch\/rearttheurbanpressblogg\/wp-json\/wp\/v2\/types\/page"}],"author":[{"embeddable":true,"href":"https:\/\/blog.zhdk.ch\/rearttheurbanpressblogg\/wp-json\/wp\/v2\/users\/1307"}],"replies":[{"embeddable":true,"href":"https:\/\/blog.zhdk.ch\/rearttheurbanpressblogg\/wp-json\/wp\/v2\/comments?post=45"}],"version-history":[{"count":25,"href":"https:\/\/blog.zhdk.ch\/rearttheurbanpressblogg\/wp-json\/wp\/v2\/pages\/45\/revisions"}],"predecessor-version":[{"id":1711,"href":"https:\/\/blog.zhdk.ch\/rearttheurbanpressblogg\/wp-json\/wp\/v2\/pages\/45\/revisions\/1711"}],"wp:attachment":[{"href":"https:\/\/blog.zhdk.ch\/rearttheurbanpressblogg\/wp-json\/wp\/v2\/media?parent=45"}],"curies":[{"name":"wp","href":"https:\/\/api.w.org\/{rel}","templated":true}]}}