{"id":469,"date":"2012-10-26T23:57:36","date_gmt":"2012-10-26T23:57:36","guid":{"rendered":"https:\/\/blog.zhdk.ch\/rearttheurbanpressblogg\/?page_id=469"},"modified":"2014-03-27T19:28:52","modified_gmt":"2014-03-27T19:28:52","slug":"rafaelle-berchtold-und-san-keller","status":"publish","type":"page","link":"https:\/\/blog.zhdk.ch\/rearttheurbanpressblogg\/spaziergang-mit\/rafaelle-berchtold-und-san-keller\/","title":{"rendered":"Rafa\u00eblle Berchtold und San Keller"},"content":{"rendered":"<h1>&#8222;Kunst vs. \u00d6konomie&#8220;<\/h1>\n<h1>Schach spielen &#8211; Kunst vs. \u00d6konomie &#8211; Duell mit San Keller<\/h1>\n<p>Ein Film von Rafa\u00eblle Berchtold<\/p>\n<p><iframe loading=\"lazy\" title=\"Kunst vs  O\u0308konomie 1 Teil\" width=\"840\" height=\"473\" src=\"https:\/\/www.youtube.com\/embed\/Z12Na-u0nwA?feature=oembed\" frameborder=\"0\" allow=\"accelerometer; autoplay; clipboard-write; encrypted-media; gyroscope; picture-in-picture\" allowfullscreen><\/iframe><\/p>\n<p><iframe loading=\"lazy\" title=\"Kunst vs  O\u0308konomie 2 Teil\" width=\"840\" height=\"473\" src=\"https:\/\/www.youtube.com\/embed\/8jM52xWIRKA?feature=oembed\" frameborder=\"0\" allow=\"accelerometer; autoplay; clipboard-write; encrypted-media; gyroscope; picture-in-picture\" allowfullscreen><\/iframe><\/p>\n<p><em>&#8222;Die Natur hat uns das Schachbrett gegeben, aus dem wir nicht \u00a0hinauswirken k\u00f6nnen, noch wollen; sie hat uns die Steine geschnitzt, deren Wert, Bewegung und Verm\u00f6gen nach und nach bekannt werden; nun ist es an uns, Z\u00fcge zu tun, von denen wir uns Gewinn versprechen.&#8220;<br \/>\nJohann Wolfgang von Goethe<\/em><\/p>\n<p>&nbsp;<\/p>\n<p><strong>\u00a0<\/strong><strong>\u00a0\u00a0\u00a0\u00a0\u00a0\u00a0\u00a0\u00a0\u00a0\u00a0\u00a0 I.\u00a0\u00a0\u00a0\u00a0\u00a0\u00a0\u00a0\u00a0\u00a0\u00a0\u00a0\u00a0\u00a0\u00a0\u00a0\u00a0\u00a0\u00a0\u00a0 <\/strong><strong><span style=\"text-decoration: underline\">Kunst und Siedlung<\/span><\/strong><\/p>\n<p>In urbanen Ballungsr\u00e4umen gibt es immer mehr Menschen. Urbanisierung muss der Frage gerecht werden, wie Ordnung geschaffen wird, damit ein gutes Leben in der Stadt \u00fcberhaupt m\u00f6glich wird. Dabei geht es nicht nur um die gute Infrastruktur und die Bauweise, sondern auch darum, wie ein lebendiger Lebensraum \u00fcberhaupt entsteht. Der Ort, der durch den Gebrauch, durch die Bewegung Performativit\u00e4t erzeugt. Inwiefern die Kunst eine Rolle spielt, wird zurzeit in diversen Projekten getestet. Kann oder muss Kunst helfen?<\/p>\n<p><strong><\/strong><\/p>\n<p><strong>\u00a0\u00a0\u00a0\u00a0\u00a0\u00a0\u00a0\u00a0\u00a0\u00a0\u00a0 II.\u00a0\u00a0\u00a0\u00a0\u00a0\u00a0\u00a0\u00a0\u00a0\u00a0\u00a0\u00a0\u00a0\u00a0\u00a0\u00a0\u00a0 <\/strong><strong><span style=\"text-decoration: underline\">Kunst und \u00d6konomie<\/span><\/strong><\/p>\n<p>Was hat Urbanit\u00e4t mit \u00d6konomie zu tun? Der Finanzplatz Z\u00fcrich muss stark und m\u00e4chtig erscheinen. Er muss eine Kulisse zur Schau bieten, die diesen Platz finanztr\u00e4chtig erscheinen l\u00e4sst. Wenn wir Kunst in der Stadt entdecken, ist auch sie gepr\u00e4gt vom Kapital. Die Dinge sind vorbereitet und sch\u00f6n zurecht gemacht, um als perfekt durchgestaltete, reich inszenierte Stadt zur Schau gestellt zu werden und dem Image zu dienen. Welchen Sinn hat es, die Kunst \u00f6ffentlich zug\u00e4nglich zu machen, wenn alles einem kapitalistischen Sinn folgt, der zus\u00e4tzlich privatisiert motiviert ist?<\/p>\n<p><strong><\/strong><\/p>\n<p><strong>\u00a0\u00a0\u00a0\u00a0\u00a0\u00a0\u00a0\u00a0\u00a0\u00a0\u00a0 III.\u00a0\u00a0\u00a0\u00a0\u00a0\u00a0\u00a0\u00a0\u00a0\u00a0\u00a0\u00a0\u00a0\u00a0\u00a0 <\/strong><strong><span style=\"text-decoration: underline\">Kunst und Gesellschaft<\/span><\/strong><\/p>\n<p>Wir leben in einer Welt, wo wir t\u00e4glich \u201eall you can eat, all you can drink\u201c trainieren und \u201eder Ehrliche ist immer der Dumme\u201c oder \u201eGeiz ist geil\u201c ein\u00fcben. Aber diese moralischen Defizite k\u00f6nnen wir bek\u00e4mpfen, ihnen alternative Kulturtechniken entgegen setzen. Es muss nicht sein, dass die \u201eUmklammerung des Konsumzwangs ihren endg\u00fcltigen Sieg davon tr\u00e4gt\u201c, es k\u00f6nnte sein und sollte m\u00f6glich sein, dass wir \u201eunseren Garten bestellen\u201c und so in Ordnung kommen mit der uns stets dominierenden \u00d6konomie.<\/p>\n<p>&nbsp;<\/p>\n<p><strong>Gast: <a href=\"http:\/\/www.rearttheurban.org\/info\/Keller.html\" target=\"_blank\">San Keller<\/a><\/strong><br \/>\nFilm<strong>: Rafa\u00eblle Berchtold<\/strong><br \/>\n<strong><\/strong>reART:theURBAN \u201eCity link\u201c<strong><strong><br \/>\n<\/strong><\/strong><\/p>\n<p>&nbsp;<\/p>\n","protected":false},"excerpt":{"rendered":"<p>&#8222;Kunst vs. \u00d6konomie&#8220; Schach spielen &#8211; Kunst vs. \u00d6konomie &#8211; Duell mit San Keller Ein Film von Rafa\u00eblle Berchtold &#8222;Die Natur hat uns das Schachbrett gegeben, aus dem wir nicht \u00a0hinauswirken k\u00f6nnen, noch wollen; sie hat uns die Steine geschnitzt, deren Wert, Bewegung und Verm\u00f6gen nach und nach bekannt werden; nun ist es an uns, &hellip; <a href=\"https:\/\/blog.zhdk.ch\/rearttheurbanpressblogg\/spaziergang-mit\/rafaelle-berchtold-und-san-keller\/\" class=\"more-link\"><span class=\"screen-reader-text\">\u201eRafa\u00eblle Berchtold und San Keller\u201c <\/span>weiterlesen<\/a><\/p>\n","protected":false},"author":1307,"featured_media":0,"parent":39,"menu_order":0,"comment_status":"closed","ping_status":"closed","template":"","meta":{"footnotes":""},"class_list":["post-469","page","type-page","status-publish","hentry"],"_links":{"self":[{"href":"https:\/\/blog.zhdk.ch\/rearttheurbanpressblogg\/wp-json\/wp\/v2\/pages\/469","targetHints":{"allow":["GET"]}}],"collection":[{"href":"https:\/\/blog.zhdk.ch\/rearttheurbanpressblogg\/wp-json\/wp\/v2\/pages"}],"about":[{"href":"https:\/\/blog.zhdk.ch\/rearttheurbanpressblogg\/wp-json\/wp\/v2\/types\/page"}],"author":[{"embeddable":true,"href":"https:\/\/blog.zhdk.ch\/rearttheurbanpressblogg\/wp-json\/wp\/v2\/users\/1307"}],"replies":[{"embeddable":true,"href":"https:\/\/blog.zhdk.ch\/rearttheurbanpressblogg\/wp-json\/wp\/v2\/comments?post=469"}],"version-history":[{"count":33,"href":"https:\/\/blog.zhdk.ch\/rearttheurbanpressblogg\/wp-json\/wp\/v2\/pages\/469\/revisions"}],"predecessor-version":[{"id":1707,"href":"https:\/\/blog.zhdk.ch\/rearttheurbanpressblogg\/wp-json\/wp\/v2\/pages\/469\/revisions\/1707"}],"up":[{"embeddable":true,"href":"https:\/\/blog.zhdk.ch\/rearttheurbanpressblogg\/wp-json\/wp\/v2\/pages\/39"}],"wp:attachment":[{"href":"https:\/\/blog.zhdk.ch\/rearttheurbanpressblogg\/wp-json\/wp\/v2\/media?parent=469"}],"curies":[{"name":"wp","href":"https:\/\/api.w.org\/{rel}","templated":true}]}}