{"id":330,"date":"2011-11-30T17:21:31","date_gmt":"2011-11-30T15:21:31","guid":{"rendered":"https:\/\/blog.zhdk.ch\/reoccupation\/?page_id=330"},"modified":"2011-12-07T15:40:13","modified_gmt":"2011-12-07T13:40:13","slug":"activities","status":"publish","type":"page","link":"https:\/\/blog.zhdk.ch\/reoccupation\/activities\/","title":{"rendered":"Activities"},"content":{"rendered":"<p><strong>Performative Inquiry in the Urban Space of Zurich into the Question \u201cWas is(s)t Z\u00fcrich?\u201d (What is\/eats Zurich)<\/strong><\/p>\n<p>From September 19 to 23, 2011, we created spaces in different parts of Zurich \u2013 Seefeldstrasse, the market place in the Oerlikon, Wiedikon train station, Langstrasse, and Z\u00fcghusplatz &#8211; that invited passers-by to stop and tarry, to exchange a bowl of soup for a chat about what they thought of their city and to look for recipes for Zurich.<br \/>\nBetween noon and 2 pm, lunch was served at a typical Zurich market stand in the form of bread and soup, while the lunchers discussed with Frank Rieniets whether Zurich could be compared with confectionary, haute cuisine, or sushi, whether it could be described with terms such as ratatouille or tutti-frutti or whether it would not be more suitable to prescribe a fasting of bread and water. On the spot, Tim Rieniets transformed these talks into visual maps of Zurich\u2019s texture. Simultaneously, Imanuel Schipper conducted one-to-one interviews with passers by and video taped the residents\u2019 recipes.<\/p>\nngg_shortcode_0_placeholder\n<p><strong>Presentation of Research Results of the City Installation \u201cAlles muss Weg \u2013 9 Tage urbaner Ausverkauf\u201c (Everything Must Go \u2013 9 Days of Urban Sell-Off) in the Schiffbau<\/strong><\/p>\n<p>A week later, we presented our experiences with the performative inquiry \u201cWas is(st) Z\u00fcrich?\u201d in the context of the city installation \u201cAlles muss Weg \u2013 9 Tage urbaner Ausverkauf\u201c in the Schauspielhaus Zurich\u2019s Schiffbau as a performative market installation.<\/p>\n<p>On September 29, 2011, visitors could experience the previously collected recipes taking turns at four different stands: One stand offered sushi, ratatouille, confectionary, bread, bismarks, and <em>Quartiergeist<\/em>, at another, visitors could experience the lunch table talk format live, the third produced their own contribution to the video archive, and at the fourth stand the visual maps of the collected recipes could be discussed. Between every turn, Zurich experts from different fields of expertise went up a podium speaker\u2019s corner-style in the center of the circularly arranged market stands and gave the public space some input: Meret Schlegel (choreographer, Tanzhaus Zurich) contemplated the question \u201cWhat moves Zurich\u201d, Clemens Bellut (philosopher, ZHdK) \u201cHow can Zurich be conceived?\u201d, Lino Sibelius (head of the Haus der Farben) \u201cWhat color is Zurich?\u201d, Jens Badura (philosopher, ZHdK) \u201cWhat is Zurich?\u201d, Simon Keller (project supervisor for over-all strategies of the Zurich City Department for Urban and Local Development) \u201cWhat Zurich could be\u201d, and Ray Herlitz (restaurant proprietor) \u201cWhat Zurich eats\u201d. Together, we watched the video-archived recipes at the end of the four turns.<\/p>\n<p><strong>Nightly Research Salons accompanying the Ciudades Paralelas Festival<\/strong><\/p>\n<p>On seven evenings, Research Salons and public talks were held in the festival center in the Schiffbau. Guests from academic and cultural backgrounds met with the artists of Ciudades Paralelas, exchanged their impressions about and thoughts of the recently visited places and discussed this special form of theater performance.<\/p>\n<p>June 24 Lukas B\u00e4rfuss (author, Schauspielhaus Zurich) und Nikolaus M\u00fcller-Sch\u00f6ll (theater scholar, University of Hamburg) speak with Mariano Pensotti and Ligna<br \/>\nJune 25 Martin Burckhardt (philosopher, Berlin) and Christopher Dell (musician and theorist of improvisation, Darmstadt) speak with Christian Garcia<br \/>\nJune 27 Andres Bosshard (sound researcher and -composer, Zurich) and Philip Ursprung (art historian, ETH) speak with Ant Hampton<br \/>\nJune 28 Christopher Henning (philosopher, University of St. Gall) and Clemens Bellut (philosopher, ZHdK) speak with Gerardo Naumann<br \/>\nJune 29 Jens Badura (philosopher, ZHdK) and Angeli Janhsen (art historian, University of Freiburg) speak with Ligna und Lola Arias<br \/>\nJune 30 Georg Christoph Tholen (media and art scholar, University of Basel) and Patrick Primavesi (theater scholar, University of Leipzig) speak with Dominic Huber<br \/>\nJuly 1 Miriam Drewes (theater scholar, University of Munich) speaks with Stefan Kaegi<\/p>\n<p><strong>Interdisciplinary Workshop<\/strong><\/p>\n<p>In the summer semester 2011, Tim Rieniets and Gabriela Muri held a workshop for ETH and ZHdK students from various disciplinary fields which was geared towards preparing the students for collecting information during selected urban space interventions by Ciudades Paralelas through empirical methods. The goal was finding answers to questions such as: Could urban space interventions be purposefully deployed to strengthen public spaces in the city? Which interventions would be most suited for this task? And how would urban or architectural space need to be constituted in order for the interventions to take their full effect?<\/p>\n<p><strong>Laboratory 1 Scenography<\/strong><\/p>\n<p>\u201cRem Koolhaas &amp; Bernhard Tschumi. A Conversation moderated by Stephan Tr\u00fcby with an introduction by Marc Ang\u00e9lil and Philip Ursprung\u201c. Thus reads the title of the talk conducted by Stephan Tr\u00fcby with two icons of the performative turn in architecture.<\/p>\n<p>In a workshop within the MAS Spatial Desing (ZHdK) the following day, we discussed site-specific theater and performative turn after introductory speeches from Imanuel Schipper, <a href=\"http:\/\/www.gta.arch.ethz.ch\/staff\/anne-kockelkorn\/curriculum-vitae-en\">Anne Kockelkorn<\/a> (gta\/ETH), <a href=\"http:\/\/sublimeflesh.blogspot.com\/2005\/03\/hannes-mayer.html\">Hannes Mayer<\/a> (Archithese), and Johanna Dangel (WiMi Re\/Okkupation).<\/p>\n<p>&nbsp;<\/p>\n<p>&nbsp;<\/p>\n<p lang=\"de-DE\">\n","protected":false},"excerpt":{"rendered":"<p>Performative Inquiry in the Urban Space of Zurich into the Question \u201cWas is(s)t Z\u00fcrich?\u201d (What is\/eats Zurich) From September 19 to 23, 2011, we created spaces in different parts of Zurich \u2013 Seefeldstrasse, the market place in the Oerlikon, Wiedikon &hellip; <a href=\"https:\/\/blog.zhdk.ch\/reoccupation\/activities\/\">Continue reading <span class=\"meta-nav\">&rarr;<\/span><\/a><\/p>\n","protected":false},"author":158,"featured_media":0,"parent":0,"menu_order":3,"comment_status":"open","ping_status":"closed","template":"","meta":{"ngg_post_thumbnail":0,"footnotes":""},"class_list":["post-330","page","type-page","status-publish","hentry"],"_links":{"self":[{"href":"https:\/\/blog.zhdk.ch\/reoccupation\/wp-json\/wp\/v2\/pages\/330","targetHints":{"allow":["GET"]}}],"collection":[{"href":"https:\/\/blog.zhdk.ch\/reoccupation\/wp-json\/wp\/v2\/pages"}],"about":[{"href":"https:\/\/blog.zhdk.ch\/reoccupation\/wp-json\/wp\/v2\/types\/page"}],"author":[{"embeddable":true,"href":"https:\/\/blog.zhdk.ch\/reoccupation\/wp-json\/wp\/v2\/users\/158"}],"replies":[{"embeddable":true,"href":"https:\/\/blog.zhdk.ch\/reoccupation\/wp-json\/wp\/v2\/comments?post=330"}],"version-history":[{"count":10,"href":"https:\/\/blog.zhdk.ch\/reoccupation\/wp-json\/wp\/v2\/pages\/330\/revisions"}],"predecessor-version":[{"id":587,"href":"https:\/\/blog.zhdk.ch\/reoccupation\/wp-json\/wp\/v2\/pages\/330\/revisions\/587"}],"wp:attachment":[{"href":"https:\/\/blog.zhdk.ch\/reoccupation\/wp-json\/wp\/v2\/media?parent=330"}],"curies":[{"name":"wp","href":"https:\/\/api.w.org\/{rel}","templated":true}]}}