{"id":348,"date":"2011-11-30T17:25:27","date_gmt":"2011-11-30T15:25:27","guid":{"rendered":"https:\/\/blog.zhdk.ch\/reoccupation\/?page_id=348"},"modified":"2012-03-07T21:05:51","modified_gmt":"2012-03-07T19:05:51","slug":"researcher","status":"publish","type":"page","link":"https:\/\/blog.zhdk.ch\/reoccupation\/researcher\/","title":{"rendered":"Researchers"},"content":{"rendered":"<p><img loading=\"lazy\" decoding=\"async\" class=\"alignleft size-medium wp-image-237\" src=\"https:\/\/blog.zhdk.ch\/reoccupation\/files\/2011\/10\/Imanuel-Schipper2-klein.jpeg1-223x300.jpg\" alt=\"\" width=\"223\" height=\"300\" srcset=\"https:\/\/blog.zhdk.ch\/reoccupation\/files\/2011\/10\/Imanuel-Schipper2-klein.jpeg1-223x300.jpg 223w, https:\/\/blog.zhdk.ch\/reoccupation\/files\/2011\/10\/Imanuel-Schipper2-klein.jpeg1.jpg 238w\" sizes=\"auto, (max-width: 223px) 100vw, 223px\" \/><\/p>\n<p>Imanuel Schipper is head of the Swiss National Science Foundation (<a href=\"http:\/\/www.snf.ch\/E\/Pages\/default.aspx\">SNSF<\/a>) funded research project \u201eRe\/Occupation. Designing Public Spheres in Urban Space by Theatrical Interventions\u201c. Between sepetember 2009 and november 2010 he was head of the also by the SNSF funded research project \u201e<a href=\"https:\/\/blog.zhdk.ch\/authenticity\">Longing for Authenticity<\/a>. A Critical Analysis of the Term an the Actual Practice in the Context of Contemporary Staging.\u201c He already dealt with strategies of construction and staging for several years. Many times, he worked as a dramaturgist for the theatre collective Rimini Protokoll and developed together with the collective a contemporary way of documentary theatre.<br \/>\nImanuel Schipper works on the interface between scientific research, teaching, and artistic practice. He analyses the terms \u201etheatricality\u201c, \u201eperformativity\u201c, \u201edramaturgy\u201c, \u201estaging\u201c, \u201ereception\u201c and \u201emediality\u201c &#8211; coming from the theatre studies &#8211; beyond the boundaries of the theatre, for example in design, urban design, scenography and curation.<br \/>\nHe participated several times as curator and dramaturgist in theatrical\/performative interventions in public spaces, amongst others Re-Location: Sanatorium am Schiffbau Z\u00fcrich (together with Matthias von Hartz), City of Abstracts (William Forsythe) or Hot Spots \u2013 \u00edmoun eth\u00f3 in Athens with Rimini Protokoll.<br \/>\n\u201eI search theatrical structures outside the theatre, but also look for solutions to transform practical and theoretical theatre knowledge in non-theatrical areas.\u201c<\/p>\n<p><img loading=\"lazy\" decoding=\"async\" class=\"alignleft size-medium wp-image-201\" src=\"https:\/\/blog.zhdk.ch\/reoccupation\/files\/2011\/10\/Clemens-300x225.jpg\" alt=\"\" width=\"300\" height=\"225\" srcset=\"https:\/\/blog.zhdk.ch\/reoccupation\/files\/2011\/10\/Clemens-300x225.jpg 300w, https:\/\/blog.zhdk.ch\/reoccupation\/files\/2011\/10\/Clemens-1024x768.jpg 1024w\" sizes=\"auto, (max-width: 300px) 100vw, 300px\" \/><\/p>\n<p>Clemens Bellut studied Philosophy, Philology and Ethnology in Bonn and T\u00fcbingen. Teaching at the University T\u00fcbingen, the H\u00f6lderlin- House T\u00fcbingen, the Evangelische Stift in T\u00fcbingen, the Merz- Akademie in Stuttgart, the FU Berlin, the Technical University Ilmenau and the Zurich University of the Arts (ZHdK). From 1993 to 1997 consultant of the chairmans of the airport corporation Frankfurt (FRAport); since 2006 &#8211; together with Ruedi Baur and Stefanie-Vera Kockot &#8211; head of the institut <a href=\"http:\/\/design2context.zhdk.ch\/\">Design2context<\/a> of the ZHdK.<br \/>\nHis main research is centered around the concepts of identity and representation in the field of philosophical theory and design theory and deals with questions of \u201ecivisme\u201c.<\/p>\n<p><img loading=\"lazy\" decoding=\"async\" class=\"alignleft size-medium wp-image-233\" src=\"https:\/\/blog.zhdk.ch\/reoccupation\/files\/2011\/10\/11Gabriela-234x300.jpg\" alt=\"\" width=\"234\" height=\"300\" srcset=\"https:\/\/blog.zhdk.ch\/reoccupation\/files\/2011\/10\/11Gabriela-234x300.jpg 234w, https:\/\/blog.zhdk.ch\/reoccupation\/files\/2011\/10\/11Gabriela-800x1024.jpg 800w\" sizes=\"auto, (max-width: 234px) 100vw, 234px\" \/><\/p>\n<p>Gabriela Muri is an architect and a cultural scientist and works as senior lecturer at the <a href=\"http:\/\/www.soziologie.arch.ethz.ch\/\">chair for sociology<\/a> at the architecture departement of the ETH Zurich. In her PhD Pause! Zeitordnung und Auszeiten aus alltagskultureller Sicht and in her interdisciplinary research projects, she focuses on the fundamental preconditions of the production and representation of space and time in urban contexts (urban design, public space, spatial design, cultur of time \u2013 modern course of the year), but also on the daily life of different groups of society (event culture, youth culture, intergenerationality, techno scene, happiness of daily life). In her habilitation Raum-, Zeit- und Bildrepr\u00e4sentationen urbaner \u00d6ffentlichkeiten, she deals with the spatiotemporal conception of the situationality in urban contexts. Explicitly, she integrates theoretical questions concerning culture and city, which are closely connected with conditions of production and aesthetical characteristics of contemporary event culture and scene cultures. Opposed to staging and typing of public sphere as stage- or consumption cultur, are situative relevant and everyday practices of appropriation of agents \u2013 here are links for an examination of theatrical interventions in everyday urban spaces.<br \/>\nIn the context of her habilitationgrant of the University of Zurich, Gabriela Muri was Research Fellow at the EHESS, Centre d\u2019\u00e9tude des mouvements sociaux in Paris, and at the Universit\u00e0 di Milano Bicocca; 2010, she taught as a visiting professor a the Institut d\u2019Urbanisme in Grenoble (Universit\u00e9 Pierre Mend\u00e8s).<br \/>\nDue to her longtime research and teaching activity at the <a href=\"http:\/\/www.ipk.uzh.ch\/index.html\">Institute for Popular Cultures<\/a> at the University Zurich and at the chair for sociology at the architecture departement of the ETH Zurich, she is to locate in all the different disciplines, which deal with central questions of contemporary urban design and appropriation of public urban spaces.<br \/>\nIn several research- and exhibition projects, she worked with collegues of Zurich&#8217;s University of the Arts and she has experienced the exchange of their contexts of theory and their practical relevance as very productive.<\/p>\n<p><img loading=\"lazy\" decoding=\"async\" class=\"alignleft size-medium wp-image-241\" src=\"https:\/\/blog.zhdk.ch\/reoccupation\/files\/2011\/10\/tim_2-240x300.jpg\" alt=\"\" width=\"240\" height=\"300\" srcset=\"https:\/\/blog.zhdk.ch\/reoccupation\/files\/2011\/10\/tim_2-240x300.jpg 240w, https:\/\/blog.zhdk.ch\/reoccupation\/files\/2011\/10\/tim_2-821x1024.jpg 821w, https:\/\/blog.zhdk.ch\/reoccupation\/files\/2011\/10\/tim_2.jpg 1061w\" sizes=\"auto, (max-width: 240px) 100vw, 240px\" \/><\/p>\n<p>Tim Rieniets is an architect, researcher and curator and works as senior lecturer at the<a href=\"http:\/\/christiaanse.arch.ethz.ch\/\"> chair for architecture and urban design<\/a> at the ETH Zurich. Public space takes on a central position in his scientific, didactic and curatorial activities: As co-curator of the 4th International Architecture Biennale Rotterdam 2009 &#8220;<a href=\"http:\/\/www.iabr.nl\/EN\/activities\/biennale_editions\/2009\/2009.php\">Open City<\/a>: Designing Coexistence&#8221;, Tim Rieniets dealt intensively with questions of accessibility and participation in urban spaces. In cooperation with internationals experts, phenomena of spatial segregation were analyzed and solutions for urban design were developed. Also the exhibition design of the Biennale at the Netherlands Architecture Institute (by MAXWAN Architects + Urbanists) followed the idea to generate a space for the public, stimulating encounters between visitors and encouraging their active participation. For this purpose, architecture, displayed pieces, commercial offers and events were melted into a \u201espace of possibilities\u201c. The results of the exhibition were published in the publication \u201eOpen City: Designing Coexistence\u201c (Rieniets et al 2009).<br \/>\nTim Rieniets is initiator and coordinator of the <a href=\"http:\/\/www.urbanresearch.ethz.ch\/\">Urban Research Studio<\/a> at the chair for architecture and urban design (ETH Zurich), where he investigated the production and use of public spaces by means of empirical research. Involving architecture students, different aspects of publicness and public space were examined, e.g.: time and rhythm of the use of public space; formal and informal media (placards, signs, graffiti); waste as indicator for mental value of public space; contingent encounters in public space; security and surveillance a.s.o.<br \/>\nAs lecturer and co-organizer of the interdisciplinary workshop \u201e<a href=\"www.fancity2008.ch\">Fancity 2008<\/a>\u201c, Tim Rieniets contributed to the critical analysis of public space in Zurich, one of the host cities of the UEFA European Football Championship 2008. Furthermore, he curated the interdisciplinary exhibition \u201e<a href=\"www.af-z.ch\/langstrasseverlaengern\">Langstrasse verl\u00e4ngern!<\/a>\u201c at the Architekturforum Z\u00fcrich, which dealt with tendencies of gentrification and commercialization of public space.<\/p>\n<p><img loading=\"lazy\" decoding=\"async\" class=\"alignleft size-medium wp-image-257\" src=\"https:\/\/blog.zhdk.ch\/reoccupation\/files\/2011\/10\/0_Tr\u00fcby1-177x300.jpg\" alt=\"\" width=\"177\" height=\"300\" srcset=\"https:\/\/blog.zhdk.ch\/reoccupation\/files\/2011\/10\/0_Tr\u00fcby1-177x300.jpg 177w, https:\/\/blog.zhdk.ch\/reoccupation\/files\/2011\/10\/0_Tr\u00fcby1-604x1024.jpg 604w, https:\/\/blog.zhdk.ch\/reoccupation\/files\/2011\/10\/0_Tr\u00fcby1.jpg 629w\" sizes=\"auto, (max-width: 177px) 100vw, 177px\" \/><\/p>\n<p>Dr. Stephan Tr\u00fcby (b. 1970) is an architect, theoretician, curator and director of the post-graduate programme &#8220;<a href=\"http:\/\/www.spatialdesign.ch\/\">Spatial Design<\/a>&#8221; at Zurich&#8217;s University of the Arts. He studied architecture at the AA School, London. From 2007-2009 he was Professor of Architecture at Karlsruhe&#8217;s University of Arts and Design (HfG). Amongst his most important publications arearchitektur_theorie.doc: Essays since 1960 (with Gerd de Bruyn, Birkh\u00e4user, 2003), 5 Codes: Architecture, Paranoia and Risk in Times of Terror (ed. by Igmade, Birkh\u00e4user, 2006), Exit-Architecture: Design between War and Peace (Springer, 2008), The World of Madelon Vriesendorp (with Shumon Basar, AA Publications, 2008) andHertzianism: Electromagnetism in Architecture, Design and Art (Fink, 2009). He is an Editorial Consultant of ARCH+ . His research focuses on history and theory of scenography, interlacing of &#8220;scenography and architecture&#8221; and &#8220;theater\/performance and architecture&#8221;. In &#8220;Exit-Architecture&#8221; Tr\u00fcby examined concepts of &#8220;function&#8221;, &#8220;event&#8221; and temporariness&#8221; in existing architectures. In &#8220;Re\/Occupation&#8221;, he will develop this topic further.<\/p>\n<p><a href=\"https:\/\/blog.zhdk.ch\/reoccupation\/files\/2011\/11\/johanna.jpg\"><img loading=\"lazy\" decoding=\"async\" class=\"alignleft size-full wp-image-284\" src=\"https:\/\/blog.zhdk.ch\/reoccupation\/files\/2011\/11\/johanna.jpg\" alt=\"\" width=\"200\" height=\"300\" \/><\/a><\/p>\n<p>Johanna Dangel studied literature and history in Freiburg im Breisgau and Paris. During and after her studies dramaturgical assistences (Theaterhaus Gessneralle, Theater Freiburg, Vorarlberger Landestheater Bregenz).<br \/>\nSince 2009, she works as a scientific researcher at the Zuricher university of the Arts: -\u201e<a href=\"https:\/\/blog.zhdk.ch\/authenticity\">Longing for authenticity<\/a>. A critical research of concept and practice in contemporary theater\u201c -\u201eRe\/Occupation. Designing Public Spheres in Urban Space by Theatrical Interventions\u201c.<\/p>\n<p>She writes on her dissertation \u201eThe mediatised Death. The recipient&#8217;s search for authentic death-experience in (re-)presentations\u201c and works as free dramturgist for the dance Company urbanReflects (Parcival XX-XI, a cooperation with the TZI of the University of Bremen, 2010).<\/p>\n<p style=\"text-align: left\"><a href=\"https:\/\/blog.zhdk.ch\/reoccupation\/files\/2011\/11\/P1012278.jpg\"><img loading=\"lazy\" decoding=\"async\" class=\"alignleft size-thumbnail wp-image-665\" src=\"https:\/\/blog.zhdk.ch\/reoccupation\/files\/2011\/11\/P1012278-150x150.jpg\" alt=\"\" width=\"150\" height=\"150\" \/><\/a>Cecilie Sachs Olsen studied urban studies at the international and interdisciplinary programme 4Cities at the universities of Brussels, Vienna, Copenhagen and Madrid, and theatre and performance studies at the University of Copenhagen. During her studies, Cecilie Sachs Olsen has dealt with art, culture and urbanity in all forms. She has worked at the largest Nordic festival of art in public space, Metropolis in Copenhagen; she is co-founder of the Danish theatre group, Black Box Pangea; and is initiator and coordinator of the project zURBS (<a href=\"http:\/\/www.zurbs.org\">www.zurbs.org<\/a>)\u00a0 -a social-artistic urban laboratory for Zurich, which aims at re-thinking urban realities through a social-artistic performative approach. Her particular research interest is in the integral use of art in urban development, and especially the potential of arts festivals to provide new and alternative perspectives on the development of cities. She actively writes and publishes articles and does presentations\/workshops on this and related topics.<\/p>\n","protected":false},"excerpt":{"rendered":"<p>Imanuel Schipper is head of the Swiss National Science Foundation (SNSF) funded research project \u201eRe\/Occupation. Designing Public Spheres in Urban Space by Theatrical Interventions\u201c. Between sepetember 2009 and november 2010 he was head of the also by the SNSF funded &hellip; <a href=\"https:\/\/blog.zhdk.ch\/reoccupation\/researcher\/\">Continue reading <span class=\"meta-nav\">&rarr;<\/span><\/a><\/p>\n","protected":false},"author":158,"featured_media":0,"parent":0,"menu_order":4,"comment_status":"open","ping_status":"open","template":"","meta":{"ngg_post_thumbnail":0,"footnotes":""},"class_list":["post-348","page","type-page","status-publish","hentry"],"_links":{"self":[{"href":"https:\/\/blog.zhdk.ch\/reoccupation\/wp-json\/wp\/v2\/pages\/348","targetHints":{"allow":["GET"]}}],"collection":[{"href":"https:\/\/blog.zhdk.ch\/reoccupation\/wp-json\/wp\/v2\/pages"}],"about":[{"href":"https:\/\/blog.zhdk.ch\/reoccupation\/wp-json\/wp\/v2\/types\/page"}],"author":[{"embeddable":true,"href":"https:\/\/blog.zhdk.ch\/reoccupation\/wp-json\/wp\/v2\/users\/158"}],"replies":[{"embeddable":true,"href":"https:\/\/blog.zhdk.ch\/reoccupation\/wp-json\/wp\/v2\/comments?post=348"}],"version-history":[{"count":24,"href":"https:\/\/blog.zhdk.ch\/reoccupation\/wp-json\/wp\/v2\/pages\/348\/revisions"}],"predecessor-version":[{"id":420,"href":"https:\/\/blog.zhdk.ch\/reoccupation\/wp-json\/wp\/v2\/pages\/348\/revisions\/420"}],"wp:attachment":[{"href":"https:\/\/blog.zhdk.ch\/reoccupation\/wp-json\/wp\/v2\/media?parent=348"}],"curies":[{"name":"wp","href":"https:\/\/api.w.org\/{rel}","templated":true}]}}