{"id":602,"date":"2011-11-30T12:35:51","date_gmt":"2011-11-30T12:35:51","guid":{"rendered":"https:\/\/blog.zhdk.ch\/reokkupation\/?page_id=602"},"modified":"2011-12-28T23:19:34","modified_gmt":"2011-12-28T23:19:34","slug":"ciudades-paralelas","status":"publish","type":"page","link":"https:\/\/blog.zhdk.ch\/reokkupation\/ciudades-paralelas\/","title":{"rendered":"Ciudades Paralelas"},"content":{"rendered":"<p><a href=\"http:\/\/www.ciudadesparalelas.com\/menu_aleman.html\">CIUDADES PARALELAS\/ PARALLELE ST\u00c4DTE<\/a><br \/>\nEin Projekt kuratiert von Lola Arias \/ Stefan Kaegi<\/p>\n<p>Hotelzimmer, Shoppingcenter, Fabriken&#8230; Funktionale Orte sind keine Sehensw\u00fcrdigkeiten. Sie existieren in jeder Stadt. Sie machen die Stadt als Stadt bewohnbar. Es sind wiedererkennbare Orte,die in St\u00e4dten rund um die Welt parallele Existenzen mit \u00e4hnlichen Regeln aber lokalen Gesichtern haben.<\/p>\n<p>F\u00fcr \u201eCiudades Paralelas\u201c luden Lola Arias und Stefan Kaegi K\u00fcnstlerInnen ein, Interventionen f\u00fcr \u00f6ffentliche R\u00e4ume zu erfinden. Beobachtungsstationen f\u00fcr Situationen. Es sind Projekte, die einen t\u00e4glich benutzten Raum in eine B\u00fchne verwandeln und Zuschauer dazu verf\u00fchren, Zeit in diesem Raum zu verbringen, bis sich seine Wahrnehmung ver\u00e4ndert. St\u00fccke, die f\u00fcr Massen gebaute R\u00e4ume subjektiv erlebbar machen. In Berlin, Buenos Aires, Warschau und Z\u00fcrich werden die die acht Projekte jeweils neu kontextualisiert und mit Darstellern aus der Stadt inszeniert.<\/p>\nngg_shortcode_0_placeholder\n<p>&nbsp;<\/p>\n<p><a href=\"https:\/\/blog.zhdk.ch\/reokkupation\/files\/2011\/11\/nuevos_logos_concepto1.png\"><img loading=\"lazy\" decoding=\"async\" class=\"alignleft size-medium wp-image-862\" src=\"https:\/\/blog.zhdk.ch\/reokkupation\/files\/2011\/11\/nuevos_logos_concepto1-300x91.png\" alt=\"\" width=\"300\" height=\"91\" srcset=\"https:\/\/blog.zhdk.ch\/reokkupation\/files\/2011\/11\/nuevos_logos_concepto1-300x91.png 300w, https:\/\/blog.zhdk.ch\/reokkupation\/files\/2011\/11\/nuevos_logos_concepto1.png 494w\" sizes=\"auto, (max-width: 300px) 100vw, 300px\" \/><\/a><\/p>\n","protected":false},"excerpt":{"rendered":"<p>CIUDADES PARALELAS\/ PARALLELE ST\u00c4DTE Ein Projekt kuratiert von Lola Arias \/ Stefan Kaegi Hotelzimmer, Shoppingcenter, Fabriken&#8230; Funktionale Orte sind keine Sehensw\u00fcrdigkeiten. Sie existieren in jeder Stadt. Sie machen die Stadt als Stadt bewohnbar. Es sind wiedererkennbare Orte,die in St\u00e4dten rund &hellip; <a href=\"https:\/\/blog.zhdk.ch\/reokkupation\/ciudades-paralelas\/\">Continue reading <span class=\"meta-nav\">&rarr;<\/span><\/a><\/p>\n","protected":false},"author":158,"featured_media":0,"parent":0,"menu_order":2,"comment_status":"open","ping_status":"closed","template":"sidebar-page.php","meta":{"ngg_post_thumbnail":0,"footnotes":""},"class_list":["post-602","page","type-page","status-publish","hentry"],"_links":{"self":[{"href":"https:\/\/blog.zhdk.ch\/reokkupation\/wp-json\/wp\/v2\/pages\/602","targetHints":{"allow":["GET"]}}],"collection":[{"href":"https:\/\/blog.zhdk.ch\/reokkupation\/wp-json\/wp\/v2\/pages"}],"about":[{"href":"https:\/\/blog.zhdk.ch\/reokkupation\/wp-json\/wp\/v2\/types\/page"}],"author":[{"embeddable":true,"href":"https:\/\/blog.zhdk.ch\/reokkupation\/wp-json\/wp\/v2\/users\/158"}],"replies":[{"embeddable":true,"href":"https:\/\/blog.zhdk.ch\/reokkupation\/wp-json\/wp\/v2\/comments?post=602"}],"version-history":[{"count":14,"href":"https:\/\/blog.zhdk.ch\/reokkupation\/wp-json\/wp\/v2\/pages\/602\/revisions"}],"predecessor-version":[{"id":698,"href":"https:\/\/blog.zhdk.ch\/reokkupation\/wp-json\/wp\/v2\/pages\/602\/revisions\/698"}],"wp:attachment":[{"href":"https:\/\/blog.zhdk.ch\/reokkupation\/wp-json\/wp\/v2\/media?parent=602"}],"curies":[{"name":"wp","href":"https:\/\/api.w.org\/{rel}","templated":true}]}}