{"id":1783,"date":"2018-03-31T15:14:42","date_gmt":"2018-03-31T15:14:42","guid":{"rendered":"https:\/\/blog.zhdk.ch\/revisit\/?page_id=1783"},"modified":"2018-04-11T16:01:39","modified_gmt":"2018-04-11T16:01:39","slug":"fuehrungen","status":"publish","type":"page","link":"https:\/\/blog.zhdk.ch\/revisit\/fuehrungen\/","title":{"rendered":"F\u00fchrungen"},"content":{"rendered":"<p><strong>Startpunkt: Schaudepot, Museum f\u00fcr Gestaltung Z&uuml;rich, Toni-Areal Pfingstweidstrasse 96 vor dem Museumseingang<br \/>\n<\/strong><\/p>\n<p><strong>Samstag, 21. April 2018, 13 \u2013 14.30 Uhr<\/strong><br \/>\nF&uuml;hrung mit Paolo Bianchi,<br \/>\nCAS Creationship und MA Art Education<br \/>\nP\u00e4dagogische Praktiken und Kreativit\u00e4tsmodelle zwischen Lake Eden und Toni-Areal<\/p>\n<p><strong>Dienstag, 24. April 2018, 13 \u2013 14 Uhr<\/strong><br \/>\nF&uuml;hrungen durch die F+F-Ausstellung mit Michael Hiltbrunner, Daniela Mirabella und Rolf Wolfensberger<\/p>\n<p><strong>Mittwoch, 2. Mai 2018, 13 \u2013 14.30 Uhr<\/strong><br \/>\nF&uuml;hrung mit Prof. Dr. Jochen Kiefer<br \/>\nDas Theater und die Bildenden Ku\u0308nste. Ein Streifzug anhand Revisiting Black<br \/>\nMountain durch die Museumsausstellung und das Toni-Areal<\/p>\n<p><strong>Samstag, 5. Mai 2018, 13 \u2013 14 Uhr<\/strong><br \/>\nF&uuml;hrungen durch die F+F-Ausstellung mit Michael Hiltbrunner, Daniela Mirabella und Rolf Wolfensberger<\/p>\n<p><strong>Dienstag, 8. Mai, 13 \u2013 14.30 Uhr<\/strong><br \/>\nRundgang mit Martin Jaeggi<br \/>\nMuseumsausstellung und ausgew\u00e4hlte Arbeiten im Toni-Areal<\/p>\n<p><strong>Samstag, 12. Mai 2018, 13 \u2013 14 Uhr<\/strong><br \/>\nF&uuml;hrung mit Prof. Dr. Dorothee Richter,<br \/>\nExperimentelle Lehrformat ein Curating und Fine Arts<\/p>\n<p><strong>Sonntag, 13. Mai 2018, 11 Uhr<\/strong><br \/>\nAndres Janser, Kurator der Ausstellung<br \/>\nF\u00fchrung durch Ausstellung im Museum f\u00fcr Gestaltung Z\u00fcrich<\/p>\n<p><strong>Donnerstag, 17. Mai 2018, 13 \u2013 14 Uhr<\/strong><br \/>\nF&uuml;hrung mit Prof. Bitten Stetter,<br \/>\nHochschule der Zukunft. Ru\u0308ckblicke &amp; Prognosen<\/p>\n<p><strong>Sonntag, 20. Mai 2018, 11 Uhr<\/strong><br \/>\nMit Martin Jaeggi, Kurator der Ausstellung<br \/>\nF&uuml;hrung durch Ausstellung im Museum f\u00fcr Gestaltung Z\u00fcrich<\/p>\n<p><strong>Freitag, 25. Mai, 12.30 \u2013 14 Uhr<\/strong><br \/>\nF&uuml;hrung Kollektiv International Totem featuring Brandon Farnsworth<br \/>\nEine normale musikalische Fu\u0308hrung<\/p>\n<p><strong>Sonntag, 3. Juni 2018, 11 uhr<\/strong><br \/>\nMit Anna Schiestl, Wissenschaftliche Mitarbeiterin der Ausstellung<br \/>\nF\u00fchrung durch Ausstellung im Museum f\u00fcr Gestaltung Z\u00fcrich<\/p>\n","protected":false},"excerpt":{"rendered":"<p class=\"post-excerpt\">Startpunkt: Schaudepot, Museum f\u00fcr Gestaltung Z&uuml;rich, Toni-Areal Pfingstweidstrasse 96 vor dem Museumseingang Samstag, 21. April 2018, 13 \u2013 14.30 Uhr&#8230;<\/p>\n","protected":false},"author":3797,"featured_media":0,"parent":0,"menu_order":0,"comment_status":"closed","ping_status":"closed","template":"","meta":{"footnotes":""},"class_list":["post-1783","page","type-page","status-publish","hentry"],"_links":{"self":[{"href":"https:\/\/blog.zhdk.ch\/revisit\/wp-json\/wp\/v2\/pages\/1783","targetHints":{"allow":["GET"]}}],"collection":[{"href":"https:\/\/blog.zhdk.ch\/revisit\/wp-json\/wp\/v2\/pages"}],"about":[{"href":"https:\/\/blog.zhdk.ch\/revisit\/wp-json\/wp\/v2\/types\/page"}],"author":[{"embeddable":true,"href":"https:\/\/blog.zhdk.ch\/revisit\/wp-json\/wp\/v2\/users\/3797"}],"replies":[{"embeddable":true,"href":"https:\/\/blog.zhdk.ch\/revisit\/wp-json\/wp\/v2\/comments?post=1783"}],"version-history":[{"count":3,"href":"https:\/\/blog.zhdk.ch\/revisit\/wp-json\/wp\/v2\/pages\/1783\/revisions"}],"predecessor-version":[{"id":1887,"href":"https:\/\/blog.zhdk.ch\/revisit\/wp-json\/wp\/v2\/pages\/1783\/revisions\/1887"}],"wp:attachment":[{"href":"https:\/\/blog.zhdk.ch\/revisit\/wp-json\/wp\/v2\/media?parent=1783"}],"curies":[{"name":"wp","href":"https:\/\/api.w.org\/{rel}","templated":true}]}}