{"id":419,"date":"2011-04-02T10:35:53","date_gmt":"2011-04-02T10:35:53","guid":{"rendered":"https:\/\/blog.zhdk.ch\/schulmusik\/?page_id=419"},"modified":"2011-04-02T10:38:35","modified_gmt":"2011-04-02T10:38:35","slug":"uber-uns","status":"publish","type":"page","link":"https:\/\/blog.zhdk.ch\/schulmusik\/uber-uns\/","title":{"rendered":"\u00dcber uns"},"content":{"rendered":"<p>Dieser Blog ist eines der offiziellen Sprachrohre der Schulmusikausbildung an der ZHdK. Hier schreiben Studenten, Dozenten, und die Schulleitung \u00fcber Themen die etwas mit Schulmusik zu tun haben. Manchmal wird auch etwas \u00fcber die Ausbildung konkret geschrieben. Wir m\u00f6chten so allen aktiven SchulmusikerInnen und andere Interresierte zeigen wie vielf\u00e4ltig das Berufsfeld sein kann, und welche Themen uns in unserer Ausbildung besch\u00e4ftigen.<\/p>\n","protected":false},"excerpt":{"rendered":"<p>Dieser Blog ist eines der offiziellen Sprachrohre der Schulmusikausbildung an der ZHdK. Hier schreiben Studenten, Dozenten, und die Schulleitung \u00fcber Themen die etwas mit Schulmusik zu tun haben. Manchmal wird auch etwas \u00fcber die Ausbildung konkret geschrieben. Wir m\u00f6chten so allen aktiven SchulmusikerInnen und andere Interresierte zeigen wie vielf\u00e4ltig das Berufsfeld sein kann, und welche [&hellip;]<\/p>\n","protected":false},"author":517,"featured_media":0,"parent":0,"menu_order":0,"comment_status":"open","ping_status":"open","template":"","meta":{"footnotes":""},"class_list":["post-419","page","type-page","status-publish","hentry"],"_links":{"self":[{"href":"https:\/\/blog.zhdk.ch\/schulmusik\/wp-json\/wp\/v2\/pages\/419","targetHints":{"allow":["GET"]}}],"collection":[{"href":"https:\/\/blog.zhdk.ch\/schulmusik\/wp-json\/wp\/v2\/pages"}],"about":[{"href":"https:\/\/blog.zhdk.ch\/schulmusik\/wp-json\/wp\/v2\/types\/page"}],"author":[{"embeddable":true,"href":"https:\/\/blog.zhdk.ch\/schulmusik\/wp-json\/wp\/v2\/users\/517"}],"replies":[{"embeddable":true,"href":"https:\/\/blog.zhdk.ch\/schulmusik\/wp-json\/wp\/v2\/comments?post=419"}],"version-history":[{"count":4,"href":"https:\/\/blog.zhdk.ch\/schulmusik\/wp-json\/wp\/v2\/pages\/419\/revisions"}],"predecessor-version":[{"id":427,"href":"https:\/\/blog.zhdk.ch\/schulmusik\/wp-json\/wp\/v2\/pages\/419\/revisions\/427"}],"wp:attachment":[{"href":"https:\/\/blog.zhdk.ch\/schulmusik\/wp-json\/wp\/v2\/media?parent=419"}],"curies":[{"name":"wp","href":"https:\/\/api.w.org\/{rel}","templated":true}]}}