{"id":13,"date":"2020-02-19T11:14:53","date_gmt":"2020-02-19T11:14:53","guid":{"rendered":"https:\/\/blog.zhdk.ch\/schwarzaufweiss\/?page_id=13"},"modified":"2020-02-21T10:20:21","modified_gmt":"2020-02-21T10:20:21","slug":"schwarz-auf-weiss-politische-zeichnungen-und-bildraeume","status":"publish","type":"page","link":"https:\/\/blog.zhdk.ch\/schwarzaufweiss\/","title":{"rendered":"Schwarz auf Weiss. Politische Zeichnungen und Bildr\u00e4ume."},"content":{"rendered":"\n<figure class=\"wp-block-image size-large\"><img loading=\"lazy\" decoding=\"async\" width=\"800\" height=\"416\" src=\"https:\/\/blog.zhdk.ch\/schwarzaufweiss\/files\/2020\/02\/mailsignatur_pc_288ppi.jpg\" alt=\"\" class=\"wp-image-15\" srcset=\"https:\/\/blog.zhdk.ch\/schwarzaufweiss\/files\/2020\/02\/mailsignatur_pc_288ppi.jpg 800w, https:\/\/blog.zhdk.ch\/schwarzaufweiss\/files\/2020\/02\/mailsignatur_pc_288ppi-300x156.jpg 300w, https:\/\/blog.zhdk.ch\/schwarzaufweiss\/files\/2020\/02\/mailsignatur_pc_288ppi-768x399.jpg 768w\" sizes=\"auto, (max-width: 800px) 100vw, 800px\" \/><\/figure>\n\n\n\n<p>In Bildserien, Comics und Graphic Novells sind Bildsprache und Schriftbild kaum voneinander zu trennen und es entstehen vielf\u00e4ltige Formen des grafischen Erz\u00e4hlens. Der forschende Blick auf historische Ereignisse, politische und soziale Themen wird autobiografisch, dokumentarisch oder fiktional vom Zeichenstil ge-fasst und dramaturgisch zu einer Geschichte verdichtet.<br> Die Frage nach den unterschiedlichen k\u00fcnstlerischen Arbeitsmethoden und Stilmitteln zum Erz\u00e4hlen in Bildserien sind direkt mit Fragestellungen zur historischen Augenzeugenschaft und zur performativen Eigenwirksamkeit der Bildserien  verkn\u00fcpft.<br> Die eingeladenen Referenten<em>innen sind K\u00fcnstler<\/em>innen und Autoren<em>innen, die im Medium der Graphic Novel erz\u00e4hlen sowie Wissenschaftler<\/em>innen und Historiker<em>innen, die sich mit den Performativen K\u00fcnsten, der Mediengeschichte, sowie Methoden und Theorien der Geschichtswissenschaft befassen. Das Symposium m\u00f6chte sie in Diskussionsforen mit Studierenden der ZHdK ins Ge-spr\u00e4ch bringen. Die von den K\u00fcnstler<\/em>innen vorgestellten Arbeiten und Recherche-prozesse wechseln mit wissenschaftlichen Referaten und den Foren ab.<br> Das Symposium bezieht sich auf das Forschungsprojekt \u00abPerformative R\u00e4ume.  Von Buchenwald in die Schweiz\u00bb am Institute for the Performing Arts and Film (IPF) der Z\u00fcrcher Hochschule der K\u00fcnste (ZHdK) und auf die Ausstellung  \u00abgezeichnet. Die \u2039Buchenwaldkinder\u203a auf dem Zugerberg\u00bb, die 2019 im Museum Burg Zug gezeigt wurde. Kern der Ausstellung waren Zeichnungen und Bildserien, die von j\u00fcdischen Jugendlichen nach der Befreiung aus dem Konzentrationslager Buchenwald gezeichnet wurden.<\/p>\n","protected":false},"excerpt":{"rendered":"<p>In Bildserien, Comics und Graphic Novells sind Bildsprache und Schriftbild kaum voneinander zu trennen und es entstehen vielf\u00e4ltige Formen des grafischen Erz\u00e4hlens. Der forschende Blick auf historische Ereignisse, politische und soziale Themen wird autobiografisch, dokumentarisch oder fiktional vom Zeichenstil ge-fasst und dramaturgisch zu einer Geschichte verdichtet. Die Frage nach den unterschiedlichen k\u00fcnstlerischen Arbeitsmethoden und Stilmitteln zum Erz\u00e4hlen in Bildserien sind direkt mit Fragestellungen zur historischen Augenzeugenschaft und zur performativen Eigenwirksamkeit der Bildserien verkn\u00fcpft. Die eingeladenen Referenteninnen sind K\u00fcnstlerinnen und Autoreninnen, die im Medium der Graphic Novel erz\u00e4hlen sowie Wissenschaftlerinnen und&hellip;<\/p>\n","protected":false},"author":2704,"featured_media":0,"parent":0,"menu_order":0,"comment_status":"closed","ping_status":"closed","template":"","meta":{"footnotes":""},"class_list":["post-13","page","type-page","status-publish","hentry"],"_links":{"self":[{"href":"https:\/\/blog.zhdk.ch\/schwarzaufweiss\/wp-json\/wp\/v2\/pages\/13","targetHints":{"allow":["GET"]}}],"collection":[{"href":"https:\/\/blog.zhdk.ch\/schwarzaufweiss\/wp-json\/wp\/v2\/pages"}],"about":[{"href":"https:\/\/blog.zhdk.ch\/schwarzaufweiss\/wp-json\/wp\/v2\/types\/page"}],"author":[{"embeddable":true,"href":"https:\/\/blog.zhdk.ch\/schwarzaufweiss\/wp-json\/wp\/v2\/users\/2704"}],"replies":[{"embeddable":true,"href":"https:\/\/blog.zhdk.ch\/schwarzaufweiss\/wp-json\/wp\/v2\/comments?post=13"}],"version-history":[{"count":2,"href":"https:\/\/blog.zhdk.ch\/schwarzaufweiss\/wp-json\/wp\/v2\/pages\/13\/revisions"}],"predecessor-version":[{"id":105,"href":"https:\/\/blog.zhdk.ch\/schwarzaufweiss\/wp-json\/wp\/v2\/pages\/13\/revisions\/105"}],"wp:attachment":[{"href":"https:\/\/blog.zhdk.ch\/schwarzaufweiss\/wp-json\/wp\/v2\/media?parent=13"}],"curies":[{"name":"wp","href":"https:\/\/api.w.org\/{rel}","templated":true}]}}