{"id":33,"date":"2020-02-19T11:30:03","date_gmt":"2020-02-19T11:30:03","guid":{"rendered":"https:\/\/blog.zhdk.ch\/schwarzaufweiss\/?page_id=33"},"modified":"2020-02-19T16:02:15","modified_gmt":"2020-02-19T16:02:15","slug":"pogramm","status":"publish","type":"page","link":"https:\/\/blog.zhdk.ch\/schwarzaufweiss\/pogramm\/","title":{"rendered":"PROGRAMM"},"content":{"rendered":"<p>TAGUNGSPROGRAMM<\/p>\n<p><strong>Donnerstag, 12. M\u00e4rz 2020<\/strong><\/p>\n<p><strong>16:00<\/strong><br \/>\n<strong>Begru\u0308ssung Prof. Anton Rey<\/strong><br \/>\nLeiter Institute for the performing Arts and Film<\/p>\n<p><strong>Gezeichnete Geschichte<\/strong><\/p>\n<p><strong>16:15<\/strong><br \/>\n<strong>Manuel Fabritz (CH)<\/strong> Dozent, Forschungsprojekt &#8222;Performative R\u00e4ume&#8220;<br \/>\n<strong>gezeichnet. Von Buchenwald in die Schweiz.<\/strong><\/p>\n<p><strong>16:45 <\/strong><br \/>\n<strong>Dr. J\u00f6rn Wendland (D)<\/strong>\u00a0Kulturwissenschaftler, Dozent<br \/>\n<strong>\u00dcber Leben im KZ. Kunst von H\u00e4ftlingen aus NS-Zwangslagern<\/strong><\/p>\n<p><strong>17:15 <\/strong><br \/>\n<strong>Leela Corman (USA)<\/strong>\u00a0Comiczeichnerin,\u00a0Illustratorin<br \/>\n<strong>Blood Roads and City Streets<\/strong><\/p>\n<p><strong>17:45 Diskussion<\/strong><\/p>\n<p>AP\u00c9RO<\/p>\n<p><strong>Freitag, 13. M\u00e4rz 2020<\/strong><\/p>\n<p><strong>Reportage und Fiktion<\/strong><\/p>\n<p><strong>10:00 <\/strong><br \/>\n<strong>Kai Pfeiffer (D)\u00a0<\/strong>Comicreportage, bildender K\u00fcnstler, Kurator<br \/>\n<strong>Poetik der Zeugenschaft<\/strong><\/p>\n<p><strong>10:30 <\/strong><br \/>\n<strong>Hamid\u00a0Sulaiman\u00a0(SYR \/ F)<\/strong>\u00a0Maler und Illustrator<br \/>\n<strong>Freedom Hospital &#8211;\u00a0Tales from Exile<\/strong><\/p>\n<p>Kaffeepause<\/p>\n<p><strong>11:30 <\/strong><br \/>\n<strong>Anja\u00a0Kofmel\u00a0(CH)<\/strong>\u00a0Animationsfilm, Dokumentarfilmerin und Illustratorin<br \/>\n<strong>Darstellen des Nicht-Darstellbaren<\/strong><\/p>\n<p><strong>12:00<br \/>\nDiskussion<\/strong><\/p>\n<p><strong>In Bildserien transformierte Geschichte<\/strong><\/p>\n<p><strong>14:00 <\/strong><br \/>\n<strong>Hannes Binder (CH)\u00a0<\/strong>Illustrator und Maler<br \/>\n<strong>Ein K\u00fcnstlergespr\u00e4ch \u00fcber schwarze Zeichnungen und andere Zeitmaschineneffekte.<\/strong><\/p>\n<p><strong>14:30 <\/strong><br \/>\n<strong>Prof. Dr. Monika\u00a0Dommann\u00a0(CH)<\/strong>\u00a0Historikerin und Universit\u00e4tsprofessorin<br \/>\n<strong>MAUS. Als die Historiker*innen anfingen Comics zu lesen.<\/strong><\/p>\n<p>Kaffeepause<\/p>\n<p><strong>15:30 <\/strong><br \/>\n<strong>Prof. Ulli Lust (AT \/ D)<\/strong>\u00a0Comiczeichnerin, Illustratorin, Hochschulprofessorin<br \/>\n<strong>Flughunde &#8211; Werkstattbericht \u00fcber die Adaption des Romans in eine sequentielle Bilderz\u00e4hlung<\/strong><\/p>\n<p><strong>16:00 <\/strong><br \/>\n<strong>Diskussion<\/strong><\/p>\n","protected":false},"excerpt":{"rendered":"<p>TAGUNGSPROGRAMM Donnerstag, 12. M\u00e4rz 2020 16:00 Begru\u0308ssung Prof. Anton Rey Leiter Institute for the performing Arts and Film Gezeichnete Geschichte 16:15 Manuel Fabritz (CH) Dozent, Forschungsprojekt &#8222;Performative R\u00e4ume&#8220; gezeichnet. Von Buchenwald in die Schweiz. 16:45 Dr. J\u00f6rn Wendland (D)\u00a0Kulturwissenschaftler, Dozent \u00dcber Leben im KZ. Kunst von H\u00e4ftlingen aus NS-Zwangslagern 17:15 Leela Corman (USA)\u00a0Comiczeichnerin,\u00a0Illustratorin Blood Roads and City Streets 17:45 Diskussion AP\u00c9RO Freitag, 13. M\u00e4rz 2020 Reportage und Fiktion 10:00 Kai Pfeiffer (D)\u00a0Comicreportage, bildender K\u00fcnstler, Kurator Poetik der Zeugenschaft 10:30 Hamid\u00a0Sulaiman\u00a0(SYR \/ F)\u00a0Maler und Illustrator Freedom Hospital &#8211;\u00a0Tales from Exile Kaffeepause&hellip;<\/p>\n","protected":false},"author":2704,"featured_media":0,"parent":0,"menu_order":0,"comment_status":"closed","ping_status":"closed","template":"","meta":{"footnotes":""},"class_list":["post-33","page","type-page","status-publish","hentry"],"_links":{"self":[{"href":"https:\/\/blog.zhdk.ch\/schwarzaufweiss\/wp-json\/wp\/v2\/pages\/33","targetHints":{"allow":["GET"]}}],"collection":[{"href":"https:\/\/blog.zhdk.ch\/schwarzaufweiss\/wp-json\/wp\/v2\/pages"}],"about":[{"href":"https:\/\/blog.zhdk.ch\/schwarzaufweiss\/wp-json\/wp\/v2\/types\/page"}],"author":[{"embeddable":true,"href":"https:\/\/blog.zhdk.ch\/schwarzaufweiss\/wp-json\/wp\/v2\/users\/2704"}],"replies":[{"embeddable":true,"href":"https:\/\/blog.zhdk.ch\/schwarzaufweiss\/wp-json\/wp\/v2\/comments?post=33"}],"version-history":[{"count":5,"href":"https:\/\/blog.zhdk.ch\/schwarzaufweiss\/wp-json\/wp\/v2\/pages\/33\/revisions"}],"predecessor-version":[{"id":97,"href":"https:\/\/blog.zhdk.ch\/schwarzaufweiss\/wp-json\/wp\/v2\/pages\/33\/revisions\/97"}],"wp:attachment":[{"href":"https:\/\/blog.zhdk.ch\/schwarzaufweiss\/wp-json\/wp\/v2\/media?parent=33"}],"curies":[{"name":"wp","href":"https:\/\/api.w.org\/{rel}","templated":true}]}}