{"id":79,"date":"2020-02-19T12:06:26","date_gmt":"2020-02-19T12:06:26","guid":{"rendered":"https:\/\/blog.zhdk.ch\/schwarzaufweiss\/?page_id=79"},"modified":"2020-02-19T16:06:26","modified_gmt":"2020-02-19T16:06:26","slug":"kontakt","status":"publish","type":"page","link":"https:\/\/blog.zhdk.ch\/schwarzaufweiss\/kontakt\/","title":{"rendered":"KONTAKT"},"content":{"rendered":"<p>ZHdK &#8211; Z\u00fcrcher Hochschule der K\u00fcnste<br \/>\nInstitute for the Performing Arts and Film (IPF)<\/p>\n<p>Pfingstweidstrasse 96<br \/>\nPostfach<br \/>\n<strong>8031 Z\u00fcrich<\/strong><\/p>\n<p>Link zum Forschungsprojekt<br \/>\n<a href=\"https:\/\/www.zhdk.ch\/forschungsprojekt\/552819\">Performative R\u00e4ume. Von Buchenwald in die Schweiz<\/a><\/p>\n","protected":false},"excerpt":{"rendered":"<p>ZHdK &#8211; Z\u00fcrcher Hochschule der K\u00fcnste Institute for the Performing Arts and Film (IPF) Pfingstweidstrasse 96 Postfach 8031 Z\u00fcrich Link zum Forschungsprojekt Performative R\u00e4ume. Von Buchenwald in die Schweiz<\/p>\n","protected":false},"author":2704,"featured_media":0,"parent":0,"menu_order":0,"comment_status":"closed","ping_status":"closed","template":"","meta":{"footnotes":""},"class_list":["post-79","page","type-page","status-publish","hentry"],"_links":{"self":[{"href":"https:\/\/blog.zhdk.ch\/schwarzaufweiss\/wp-json\/wp\/v2\/pages\/79","targetHints":{"allow":["GET"]}}],"collection":[{"href":"https:\/\/blog.zhdk.ch\/schwarzaufweiss\/wp-json\/wp\/v2\/pages"}],"about":[{"href":"https:\/\/blog.zhdk.ch\/schwarzaufweiss\/wp-json\/wp\/v2\/types\/page"}],"author":[{"embeddable":true,"href":"https:\/\/blog.zhdk.ch\/schwarzaufweiss\/wp-json\/wp\/v2\/users\/2704"}],"replies":[{"embeddable":true,"href":"https:\/\/blog.zhdk.ch\/schwarzaufweiss\/wp-json\/wp\/v2\/comments?post=79"}],"version-history":[{"count":5,"href":"https:\/\/blog.zhdk.ch\/schwarzaufweiss\/wp-json\/wp\/v2\/pages\/79\/revisions"}],"predecessor-version":[{"id":123,"href":"https:\/\/blog.zhdk.ch\/schwarzaufweiss\/wp-json\/wp\/v2\/pages\/79\/revisions\/123"}],"wp:attachment":[{"href":"https:\/\/blog.zhdk.ch\/schwarzaufweiss\/wp-json\/wp\/v2\/media?parent=79"}],"curies":[{"name":"wp","href":"https:\/\/api.w.org\/{rel}","templated":true}]}}