{"id":10137,"date":"2016-08-17T12:25:05","date_gmt":"2016-08-17T12:25:05","guid":{"rendered":"https:\/\/blog.zhdk.ch\/sfex\/?page_id=10137"},"modified":"2021-09-13T18:15:26","modified_gmt":"2021-09-13T18:15:26","slug":"interviews-of-schweizer-filmexperimente","status":"publish","type":"page","link":"https:\/\/blog.zhdk.ch\/sfex\/interviews-of-schweizer-filmexperimente\/","title":{"rendered":"Interviews made in the project &#8220;Schweizer Filmexperimente&#8221;"},"content":{"rendered":"\n<p>Alle Interviews im Forschungsprojekt &#8220;Schweizer Filmexperimente&#8221; wurden im Rahmen des Forschungsprojektes von Hilfskr\u00e4ften ab digitalen Aufnahmen integral transkribiert. Auf Korrekturen betreffend des Redeflusses wurde verzichtet. Die Interviews waren entsprechend nicht zur unmittelbaren Ver\u00f6ffentlichung vorgesehen, werden hier aber dennoch in unbearbeiteter Form f\u00fcr die weitere Forschung und vertiefte Besch\u00e4ftigung zur Verf\u00fcgung gestellt.<\/p>\n\n\n\n<p><em>All interviews in the research project &#8220;Swiss Film Experiments&#8221; were integrally transcribed from digital recordings by assistants as part of the research project. No<\/em> <em>corrections were made to the flow of speech. Accordingly, the interviews were not intended for publication. We decided to nevertheless make these sources available here in unedited form for further research and in-depth examination.<\/em><\/p>\n\n\n\n<div class=\"wp-block-columns has-4-columns is-layout-flex wp-container-core-columns-is-layout-9d6595d7 wp-block-columns-is-layout-flex\">\n<div class=\"wp-block-column is-layout-flow wp-block-column-is-layout-flow\">\n<p><a href=\"https:\/\/blog.zhdk.ch\/sfex\/files\/2010\/07\/Urs_Breitenstein.pdf\">Urs Breitenstein<\/a><br>Basel<br>5. Oktober 2012<\/p>\n<\/div>\n\n\n\n<div class=\"wp-block-column is-layout-flow wp-block-column-is-layout-flow\">\n<p><a href=\"https:\/\/blog.zhdk.ch\/sfex\/files\/2011\/11\/130902_Dutoit_interview.pdf\">Jacques Dutoit<\/a><br>Biel<br>2. September 2013<\/p>\n<\/div>\n\n\n\n<div class=\"wp-block-column is-layout-flow wp-block-column-is-layout-flow\">\n<p><a href=\"https:\/\/blog.zhdk.ch\/sfex\/files\/2019\/06\/Von_Gunten_Peter_Interview_SFE_130705.pdf\" target=\"_blank\" rel=\"noreferrer noopener\" aria-label=\"Peter von Gunten (opens in a new tab)\">Peter von Gunten<\/a><br>Bern<br>5. Juli 2013<\/p>\n<\/div>\n\n\n\n<div class=\"wp-block-column is-layout-flow wp-block-column-is-layout-flow\">\n<p><a href=\"https:\/\/blog.zhdk.ch\/sfex\/files\/2010\/12\/130417_Haas_Guido_Interview_def.pdf\">Gudio Haas<\/a><br>Kaltacker<br>17. April 2013<\/p>\n<\/div>\n<\/div>\n\n\n\n<div class=\"wp-block-columns has-4-columns is-layout-flex wp-container-core-columns-is-layout-9d6595d7 wp-block-columns-is-layout-flex\">\n<div class=\"wp-block-column is-layout-flow wp-block-column-is-layout-flow\">\n<p><a href=\"https:\/\/blog.zhdk.ch\/sfex\/files\/2016\/08\/151208_InterviewCeciliaHausheer_unkorrigiert.pdf\">Cecilia Hausheer<\/a><br>Z\u00fcrich<br>8. Dezember 2015<\/p>\n<\/div>\n\n\n\n<div class=\"wp-block-column is-layout-flow wp-block-column-is-layout-flow\">\n<p><a href=\"https:\/\/blog.zhdk.ch\/sfex\/files\/2015\/11\/120523_Hein_KarlHeinz_PAP__.pdf\">Karlheinz Hein<\/a><br>via Telefon<br>23. Mai 2012<\/p>\n<\/div>\n\n\n\n<div class=\"wp-block-column is-layout-flow wp-block-column-is-layout-flow\">\n<p><a href=\"https:\/\/blog.zhdk.ch\/sfex\/files\/2010\/09\/Clemens-Klopfenstein.pdf\">Clemens Klopfenstein<\/a><br>Bevagna<br>8. Juni 2012<\/p>\n<\/div>\n\n\n\n<div class=\"wp-block-column is-layout-flow wp-block-column-is-layout-flow\">\n<p><a href=\"https:\/\/blog.zhdk.ch\/sfex\/files\/2010\/10\/INTERVIEW-MIT-BEAT-KUERT.pdf\">Beat Kuert<\/a><br>via Telefon<br>12. April 2013<\/p>\n<\/div>\n<\/div>\n\n\n\n<div class=\"wp-block-columns has-4-columns is-layout-flex wp-container-core-columns-is-layout-9d6595d7 wp-block-columns-is-layout-flex\">\n<div class=\"wp-block-column is-layout-flow wp-block-column-is-layout-flow\">\n<p><a href=\"https:\/\/blog.zhdk.ch\/sfex\/files\/2010\/07\/INTERVIEW-MIT-ANDRE-LEHMANN.pdf\">Andr\u00e9 Lehmann<\/a><br>Basel<br>13. M\u00e4rz 2013<\/p>\n<\/div>\n\n\n\n<div class=\"wp-block-column is-layout-flow wp-block-column-is-layout-flow\">\n<p><a href=\"https:\/\/blog.zhdk.ch\/sfex\/valerianmaly_20160318\/\">Valerian Maly<\/a>&nbsp;<br>Bern<br>18. M\u00e4rz 2016<\/p>\n<\/div>\n\n\n\n<div class=\"wp-block-column is-layout-flow wp-block-column-is-layout-flow\">\n<p><a href=\"https:\/\/blog.zhdk.ch\/sfex\/files\/2011\/03\/Dieter_Meier_InterviewTranskript.pdf\">Dieter Meier<\/a><br>Z\u00fcrich<br>19. Juni + 7. Juli 2011<\/p>\n<\/div>\n\n\n\n<div class=\"wp-block-column is-layout-flow wp-block-column-is-layout-flow\">\n<p><a href=\"https:\/\/blog.zhdk.ch\/sfex\/files\/2016\/08\/160204_Interview_Transkript_Charles-Moser.pdf\">Charles Moser<\/a><br>Luzern<br>5. Februar 2016<\/p>\n<\/div>\n<\/div>\n\n\n\n<div class=\"wp-block-columns has-4-columns is-layout-flex wp-container-core-columns-is-layout-9d6595d7 wp-block-columns-is-layout-flex\">\n<div class=\"wp-block-column is-layout-flow wp-block-column-is-layout-flow\">\n<p><a href=\"https:\/\/blog.zhdk.ch\/sfex\/files\/2011\/01\/FREDI_MURER.pdf\">Fredi Murer<\/a><br>Z\u00fcrich<br>19. Dezember 2012<\/p>\n<\/div>\n\n\n\n<div class=\"wp-block-column is-layout-flow wp-block-column-is-layout-flow\">\n<p><a href=\"https:\/\/blog.zhdk.ch\/sfex\/files\/2011\/04\/Werner_von_Mutzenbecher.pdf\">Werner von Mutzenbecher<\/a><br>Basel<br>13. M\u00e4rz 2013<\/p>\n<\/div>\n\n\n\n<div class=\"wp-block-column is-layout-flow wp-block-column-is-layout-flow\">\n<p><a href=\"https:\/\/blog.zhdk.ch\/sfex\/files\/2016\/08\/110815_InterviewNeumeier_Teil-Transkription.rtf\">Mani Neumeier<\/a><br>via Telefon<br>15. August 2011<\/p>\n<\/div>\n\n\n\n<div class=\"wp-block-column is-layout-flow wp-block-column-is-layout-flow\">\n<p><a href=\"https:\/\/blog.zhdk.ch\/sfex\/files\/2010\/10\/RETO-ANDREA-SAVOLDELLI.pdf\">Reto Andrea Savoldelli<\/a><br>Z\u00fcrich<br>14. November 2012<\/p>\n<\/div>\n<\/div>\n\n\n\n<div class=\"wp-block-columns has-4-columns is-layout-flex wp-container-core-columns-is-layout-9d6595d7 wp-block-columns-is-layout-flex\">\n<div class=\"wp-block-column is-layout-flow wp-block-column-is-layout-flow\">\n<p><a href=\"https:\/\/blog.zhdk.ch\/sfex\/files\/2010\/12\/HHK_Schoenherr1.pdf\">HHK Schoenherr<\/a><br>Z\u00fcrich<br>28. M\u00e4rz 2012<\/p>\n<\/div>\n\n\n\n<div class=\"wp-block-column is-layout-flow wp-block-column-is-layout-flow\">\n<p><a href=\"https:\/\/blog.zhdk.ch\/sfex\/files\/2010\/12\/Sebastian_Schreoder.pdf\">Sebastian_Schroeder<\/a><br>Kilchberg<br>14. September 2011<\/p>\n<\/div>\n\n\n\n<div class=\"wp-block-column is-layout-flow wp-block-column-is-layout-flow\">\n<p><a href=\"https:\/\/blog.zhdk.ch\/sfex\/files\/2010\/07\/Hansjakob_Siber.pdf\">Hans-Jakob Siber<\/a><br>Aatal<br>10. Mai + 13. Juli 2011<\/p>\n<\/div>\n\n\n\n<div class=\"wp-block-column is-layout-flow wp-block-column-is-layout-flow\">\n<p><a href=\"https:\/\/blog.zhdk.ch\/sfex\/niklausstauss_15-08-11-17_08\/\">Niklaus Stauss&nbsp;<\/a><br>Z\u00fcrich<br>18. August 2011&nbsp;<\/p>\n<\/div>\n<\/div>\n\n\n\n<div class=\"wp-block-columns has-4-columns is-layout-flex wp-container-core-columns-is-layout-9d6595d7 wp-block-columns-is-layout-flex\">\n<div class=\"wp-block-column is-layout-flow wp-block-column-is-layout-flow\">\n<p><a href=\"https:\/\/blog.zhdk.ch\/sfex\/files\/2010\/10\/120606_Interview_Uhlmann_Frapolli.pdf\">Bernhard Uhlmann \/ Giorgio Frapolli<\/a><br>Z\u00fcrich<br>6. Juni 2012<\/p>\n\n\n\n<p><\/p>\n<\/div>\n\n\n\n<div class=\"wp-block-column is-layout-flow wp-block-column-is-layout-flow\">\n<p><a href=\"https:\/\/blog.zhdk.ch\/sfex\/files\/2011\/11\/EntretienWicky_CH28.pdf\" target=\"_blank\" rel=\"noreferrer noopener\">Tjerk Wicky<\/a><br>Lausanne<br>27. M\u00e4rz 2012<\/p>\n<\/div>\n\n\n\n<div class=\"wp-block-column is-layout-flow wp-block-column-is-layout-flow\"><\/div>\n\n\n\n<div class=\"wp-block-column is-layout-flow wp-block-column-is-layout-flow\">\n<p><\/p>\n<\/div>\n<\/div>\n","protected":false},"excerpt":{"rendered":"<p>Alle Interviews im Forschungsprojekt &#8220;Schweizer Filmexperimente&#8221; wurden im Rahmen des Forschungsprojektes von Hilfskr\u00e4ften ab digitalen Aufnahmen integral transkribiert. Auf Korrekturen betreffend des Redeflusses wurde verzichtet. Die Interviews waren entsprechend nicht zur unmittelbaren Ver\u00f6ffentlichung vorgesehen, werden hier aber dennoch in unbearbeiteter Form f\u00fcr die weitere Forschung und vertiefte Besch\u00e4ftigung zur Verf\u00fcgung gestellt. All interviews in the research project &#8220;Swiss Film Experiments&#8221; were integrally transcribed from digital recordings by assistants as part of the research project. No corrections were made to the flow of speech. Accordingly, the interviews were not intended for&hellip;<\/p>\n","protected":false},"author":366,"featured_media":0,"parent":0,"menu_order":1,"comment_status":"closed","ping_status":"closed","template":"","meta":{"footnotes":""},"class_list":["post-10137","page","type-page","status-publish","hentry"],"_links":{"self":[{"href":"https:\/\/blog.zhdk.ch\/sfex\/wp-json\/wp\/v2\/pages\/10137","targetHints":{"allow":["GET"]}}],"collection":[{"href":"https:\/\/blog.zhdk.ch\/sfex\/wp-json\/wp\/v2\/pages"}],"about":[{"href":"https:\/\/blog.zhdk.ch\/sfex\/wp-json\/wp\/v2\/types\/page"}],"author":[{"embeddable":true,"href":"https:\/\/blog.zhdk.ch\/sfex\/wp-json\/wp\/v2\/users\/366"}],"replies":[{"embeddable":true,"href":"https:\/\/blog.zhdk.ch\/sfex\/wp-json\/wp\/v2\/comments?post=10137"}],"version-history":[{"count":18,"href":"https:\/\/blog.zhdk.ch\/sfex\/wp-json\/wp\/v2\/pages\/10137\/revisions"}],"predecessor-version":[{"id":12034,"href":"https:\/\/blog.zhdk.ch\/sfex\/wp-json\/wp\/v2\/pages\/10137\/revisions\/12034"}],"wp:attachment":[{"href":"https:\/\/blog.zhdk.ch\/sfex\/wp-json\/wp\/v2\/media?parent=10137"}],"curies":[{"name":"wp","href":"https:\/\/api.w.org\/{rel}","templated":true}]}}