{"id":10634,"date":"2019-05-08T10:30:22","date_gmt":"2019-05-08T10:30:22","guid":{"rendered":"https:\/\/blog.zhdk.ch\/sfex\/?page_id=10634"},"modified":"2020-06-30T10:21:50","modified_gmt":"2020-06-30T10:21:50","slug":"startseite","status":"publish","type":"page","link":"https:\/\/blog.zhdk.ch\/sfex\/","title":{"rendered":"Schweizer Filmexperimente \/ Swiss Film Experiments"},"content":{"rendered":"\n<figure class=\"wp-block-image size-large\"><a href=\"https:\/\/blog.zhdk.ch\/sfex\/files\/2019\/06\/large.jpg\"><img loading=\"lazy\" decoding=\"async\" width=\"1024\" height=\"320\" src=\"https:\/\/blog.zhdk.ch\/sfex\/files\/2019\/06\/large-1024x320.jpg\" alt=\"\" class=\"wp-image-11462\" srcset=\"https:\/\/blog.zhdk.ch\/sfex\/files\/2019\/06\/large-1024x320.jpg 1024w, https:\/\/blog.zhdk.ch\/sfex\/files\/2019\/06\/large-300x94.jpg 300w, https:\/\/blog.zhdk.ch\/sfex\/files\/2019\/06\/large-768x240.jpg 768w, https:\/\/blog.zhdk.ch\/sfex\/files\/2019\/06\/large.jpg 1280w\" sizes=\"auto, (max-width: 1024px) 100vw, 1024px\" \/><\/a><figcaption>Peter St\u00e4mpfli, <em>Ligne Continue<\/em> 1974 \/ <em>Firebird<\/em> 1969<\/figcaption><\/figure>\n\n\n\n<p><em>for english, please scroll down<\/em><\/p>\n\n\n\n<p><strong>Neben jeder offiziellen Filmgeschichte gibt es weitere Filmgeschichte(n), die nie geschrieben wurden und dem Vergessen anheim gefallen sind. Eine solche &#8220;mindere&#8221; Geschichte sind die Schweizer Filmexperimente. Im Rahmen des gleichnamigen Forschungsprojekts sind ab 2010 Materialien zu dieser Geschichte gesammelt und kontextualisiert worden. Diese Sammlung findet sich in den vorliegenden Webseiten, die aus einem kollaborativen Forschungsblog hervorgegangen sind und nun \u00f6ffentlich zur Verf\u00fcgung gestellt wird. <\/strong><\/p>\n\n\n\n<p>Die Eintr\u00e4ge auf den folgenden Seiten sind das Resultat sorgf\u00e4ltiger Recherchen, aber hastiger Aufbereitung. Alle Informationen dienten dem Austausch von gefundenen Quellen unter den Projektbeteiligten, um einen gemeinsamen Wissensstand zu erm\u00f6glichen und Informationen f\u00fcr zuk\u00fcnftige Interpretationen bereitzustellen. Gleichzeitig mit der Publikation des Bandes <em><a rel=\"noreferrer noopener\" aria-label=\"Minor Cinema. Swiss Experimental Film (opens in a new tab)\" href=\"https:\/\/www.lespressesdureel.com\/EN\/ouvrage.php?id=7731&amp;menu=0\" target=\"_blank\">Minor Cinema. Experimental Film in Switzerland<\/a><\/em> (jrp | editions 2020) werden nun alle Materialien ver\u00f6ffentlicht, die im Rahmen des Forschungsprojektes gesichtet, gescannt und aufbereitet wurden. Die Materialien sind unbearbeitet und unredigiert, die Quellen der Originaldokumente sind soweit bekannt nachgewiesen, viele Angaben jedoch bed\u00fcrfen weiterer Sicherung \u2013 und sicherlich weiterer Kritik.<\/p>\n\n\n\n<p>Die Materialien stehen allen Interessierten und Forschenden zur Verf\u00fcgung, sind aber nicht kommerziell nutzbar. Rechteinhaber von Daten, die sich auf diesen Webseiten befinden, k\u00f6nnen die L\u00f6schung der entsprechenden Dateien verlangen, wenn sie mit der Publikation auf dieser Plattform nicht einverstanden sind. Bitte wenden Sie sich an die Projektverantwortlichen.<\/p>\n\n\n\n<p>Das Projekt &#8220;Schweizer Filmexperimente&#8221; wurde abgeschlossen mit einer Reihe von Ausstellungen unter dem Titel <a rel=\"noreferrer noopener\" aria-label=\" (opens in a new tab)\" href=\"http:\/\/www.fri-art.ch\/de\/ausstellungen\/film-implosion-experiments-in-swiss-cinema-and-moving-images\" target=\"_blank\">&#8220;Film Implosion&#8221; in Fribourg<\/a> (2015\/2016), Z\u00fcrich (2017) und <a rel=\"noreferrer noopener\" aria-label=\" (opens in a new tab)\" href=\"http:\/\/www.medrar.org\/film-implosion\/\" target=\"_blank\">Kairo<\/a> (2017), f\u00fcr welche Kataloge erschienen sind (<a rel=\"noreferrer noopener\" aria-label=\" (opens in a new tab)\" href=\"http:\/\/www.fri-art.ch\/de\/editionen\/film-implosion\" target=\"_blank\">Fribourg\/Z\u00fcrich<\/a>; <a rel=\"noreferrer noopener\" aria-label=\"Kairo (opens in a new tab)\" href=\"https:\/\/issuu.com\/medrar\/docs\/fi_booklet_final_preview\/2\" target=\"_blank\">Kairo<\/a>). Die Projektpublikation ist 2020 in englischer Sprache erschienen und im <a rel=\"noreferrer noopener\" aria-label=\" (opens in a new tab)\" href=\"https:\/\/www.lespressesdureel.com\/EN\/ouvrage.php?id=7731&amp;menu=0\" target=\"_blank\">Buchhandel<\/a> erh\u00e4ltlich. Die originalsprachlichen Texte in Deutsch und Franz\u00f6sisch aus dieser Buchpublikation k\u00f6nnen <a href=\"https:\/\/blog.zhdk.ch\/sfex\/publication-minor-cinema\/\">hier<\/a> kostenlos als pdf-Datei heruntergeladen werden. Einige der Filme, die das Forschungsprojekt aufgefunden hat, konnten mit freundlicher Genehmigung der Filmemacher\/innen im Medienarchiv der K\u00fcnste der Z\u00fcrcher Hochschule der K\u00fcnste zur Sichtung als gering aufgel\u00f6ste digitale Kopie ver\u00f6ffentlicht werden (medienarchiv.zhdk.ch). Diese Filme sind unter dem Stichwort &#8220;Filmexperimente&#8221; zu finden und k\u00f6nnen <a rel=\"noreferrer noopener\" aria-label=\" (opens in a new tab)\" href=\"https:\/\/medienarchiv.zhdk.ch\/entries?list%5Bfilter%5D=%7B%22search%22%3A%22filmexperimente%22%7D&amp;list%5Bshow_filter%5D=true\" target=\"_blank\">online<\/a> visioniert werden.<\/p>\n\n\n\n<p>Die Projektverantwortlichen bedanken sich an dieser Stelle\nbei allen Projektbeteiligten, vor allem den Filmemacher\/innen, aber auch den\nGeldgebern, sowie unseren institutionellen Partner\/innen und Freund\/innen.<\/p>\n\n\n\n<figure class=\"wp-block-video alignleft\"><video height=\"1080\" style=\"aspect-ratio: 1920 \/ 1080;\" width=\"1920\" controls src=\"https:\/\/blog.zhdk.ch\/sfex\/files\/2020\/04\/20151218_1_Anton.mov\"><\/video><figcaption>Kurzer Filmclip aus der Ausstellung im Fri Art, gedreht mit einer Handykamera. \u00a9 Anton Rey.<\/figcaption><\/figure>\n\n\n\n<p><em><strong>Verf\u00fcgen Sie \u00fcber Materialien (Programmhefte, Fotografien, Artikel, etc.), die sie dieser offenen Sammlung hinzuf\u00fcgen m\u00f6chten, sind sie herzlich eingeladen <a href=\"https:\/\/blog.zhdk.ch\/sfex\/about-us\/\">uns zu kontaktieren<\/a><\/strong>.<\/em><\/p>\n\n\n\n<p><\/p>\n\n\n\n<p>\/<\/p>\n\n\n\n<p><\/p>\n\n\n\n<p><strong>Every official film history has its exclusions \u2013 alternative film history(s) that were never written and have often fallen to oblivion. One such &#8220;lesser&#8221; history are the Swiss film experiments. Starting in 2010, material on this history has been collected and contextualized in the research project of the same name. This collection is presented on these web pages, which have emerged from a collaborative research blog and are now available to the public.<\/strong><\/p>\n\n\n\n<p>The entries on the following pages are the result of careful research, but hasty preparation. All information was used to exchange sources among the project participants in order to enable a common level of knowledge and to provide information for future interpretations. Simultaneously with the publication of the volume <em><a href=\"https:\/\/www.lespressesdureel.com\/EN\/ouvrage.php?id=7731&amp;menu=0\" target=\"_blank\" rel=\"noreferrer noopener\" aria-label=\"Minor Cinema. Experimental Film in Switzerland (opens in a new tab)\">Minor Cinema. Experimental Film in Switzerland<\/a><\/em> (jrp | editions 2020), all materials that have been viewed, scanned and edited within the research project are now being published. The materials are unprocessed and unedited, the sources of the original documents have been verified as far as known, some information requires further assurance &#8211; and certainly further criticism.<\/p>\n\n\n\n<p>The\nmaterials are available to all interested parties and researchers, but cannot\nbe used commercially. Rights holders of data contained on these web pages can\ndemand the deletion of the corresponding files if they do not agree with the\npublication on this platform. Please contact the persons responsible for the\nproject.<\/p>\n\n\n\n<p>The &#8220;Swiss Film Experiments&#8221; project was concluded with a series of exhibitions entitled <a rel=\"noreferrer noopener\" aria-label=\"&quot;Film Implosion&quot; (opens in a new tab)\" href=\"http:\/\/www.fri-art.ch\/de\/ausstellungen\/film-implosion-experiments-in-swiss-cinema-and-moving-images\" target=\"_blank\">&#8220;Film Implosion&#8221;<\/a> in Fribourg (2015\/2016), Zurich (2017) and <a rel=\"noreferrer noopener\" aria-label=\"Cairo (opens in a new tab)\" href=\"http:\/\/www.medrar.org\/film-implosion\/\" target=\"_blank\">Cairo<\/a> (2017), for which catalogues have been published (<a rel=\"noreferrer noopener\" aria-label=\"Fribourg\/Zurich (opens in a new tab)\" href=\"http:\/\/www.fri-art.ch\/de\/editionen\/film-implosion\" target=\"_blank\">Fribourg\/Zurich<\/a>; <a rel=\"noreferrer noopener\" aria-label=\"Cairo (opens in a new tab)\" href=\"https:\/\/issuu.com\/medrar\/docs\/fi_booklet_final_preview\/2\" target=\"_blank\">Cairo<\/a>). The project publication was published in 2020 in English language and is available in <a rel=\"noreferrer noopener\" aria-label=\"bookshops (opens in a new tab)\" href=\"https:\/\/www.lespressesdureel.com\/EN\/ouvrage.php?id=7731&amp;menu=0\" target=\"_blank\">bookshops<\/a>. The original texts in German and French from this book are <a href=\"https:\/\/blog.zhdk.ch\/sfex\/publication-minor-cinema\/\">available for free<\/a> as pdf files. With the kind permission of the filmmakers, some of the films found by the research project could be published for viewing as low-resolution digital copies in the Media Archive of the Arts at the Zurich University of the Arts (medienarchiv.zhdk.ch). These films can be found under the keyword &#8220;Film Experiments&#8221; and <a rel=\"noreferrer noopener\" aria-label=\"can be viewed online (opens in a new tab)\" href=\"https:\/\/medienarchiv.zhdk.ch\/entries?list%5Bfilter%5D=%7B%22search%22%3A%22filmexperimente%22%7D&amp;list%5Bshow_filter%5D=true\" target=\"_blank\">can be viewed online<\/a>.<\/p>\n\n\n\n<p>The researchers would like to seize this opportunity to thank all people involved in the project, especially the filmmakers, but also the sponsors, our institutional partners and our friends. <\/p>\n\n\n\n<figure class=\"wp-block-video\"><video height=\"1080\" style=\"aspect-ratio: 1920 \/ 1080;\" width=\"1920\" controls src=\"https:\/\/blog.zhdk.ch\/sfex\/files\/2020\/04\/20151218_2_Anton.mov\"><\/video><figcaption>Short clip from the exhibition at Fri Art shot with the camera of a mobile phone. \u00a9 Anton Rey.<\/figcaption><\/figure>\n\n\n\n<p><em><strong>If you have materials (programmes, photographs, articles, etc.) that you would like to add to this open collection, you are welcome <a href=\"https:\/\/blog.zhdk.ch\/sfex\/about-us\/\">to contact us<\/a>. <\/strong><\/em><\/p>\n\n\n\n<p><\/p>\n","protected":false},"excerpt":{"rendered":"<p>for english, please scroll down Neben jeder offiziellen Filmgeschichte gibt es weitere Filmgeschichte(n), die nie geschrieben wurden und dem Vergessen anheim gefallen sind. Eine solche &#8220;mindere&#8221; Geschichte sind die Schweizer Filmexperimente. Im Rahmen des gleichnamigen Forschungsprojekts sind ab 2010 Materialien zu dieser Geschichte gesammelt und kontextualisiert worden. Diese Sammlung findet sich in den vorliegenden Webseiten, die aus einem kollaborativen Forschungsblog hervorgegangen sind und nun \u00f6ffentlich zur Verf\u00fcgung gestellt wird. Die Eintr\u00e4ge auf den folgenden Seiten sind das Resultat sorgf\u00e4ltiger Recherchen, aber hastiger Aufbereitung. Alle Informationen dienten dem Austausch von gefundenen&hellip;<\/p>\n","protected":false},"author":1537,"featured_media":0,"parent":0,"menu_order":0,"comment_status":"closed","ping_status":"closed","template":"","meta":{"footnotes":""},"class_list":["post-10634","page","type-page","status-publish","hentry"],"_links":{"self":[{"href":"https:\/\/blog.zhdk.ch\/sfex\/wp-json\/wp\/v2\/pages\/10634","targetHints":{"allow":["GET"]}}],"collection":[{"href":"https:\/\/blog.zhdk.ch\/sfex\/wp-json\/wp\/v2\/pages"}],"about":[{"href":"https:\/\/blog.zhdk.ch\/sfex\/wp-json\/wp\/v2\/types\/page"}],"author":[{"embeddable":true,"href":"https:\/\/blog.zhdk.ch\/sfex\/wp-json\/wp\/v2\/users\/1537"}],"replies":[{"embeddable":true,"href":"https:\/\/blog.zhdk.ch\/sfex\/wp-json\/wp\/v2\/comments?post=10634"}],"version-history":[{"count":40,"href":"https:\/\/blog.zhdk.ch\/sfex\/wp-json\/wp\/v2\/pages\/10634\/revisions"}],"predecessor-version":[{"id":11779,"href":"https:\/\/blog.zhdk.ch\/sfex\/wp-json\/wp\/v2\/pages\/10634\/revisions\/11779"}],"wp:attachment":[{"href":"https:\/\/blog.zhdk.ch\/sfex\/wp-json\/wp\/v2\/media?parent=10634"}],"curies":[{"name":"wp","href":"https:\/\/api.w.org\/{rel}","templated":true}]}}