{"id":2,"date":"2010-07-06T14:54:04","date_gmt":"2010-07-06T14:54:04","guid":{"rendered":"https:\/\/blog.zhdk.ch\/sfex\/?page_id=2"},"modified":"2019-05-09T14:54:01","modified_gmt":"2019-05-09T14:54:01","slug":"timeline","status":"publish","type":"page","link":"https:\/\/blog.zhdk.ch\/sfex\/timeline\/","title":{"rendered":"Timeline"},"content":{"rendered":"<h4>1927<\/h4>\n<p>Funding of the avant-garde film magazine <em>Close-Up<\/em> by Kenneth Macpherson, Hilda Doolittle and Bryher (Territet, 1927-1933)<\/p>\n<hr \/>\n<h4>1929<\/h4>\n<p>First Congr\u00e8s International du Cin\u00e9ma Ind\u00e9pendant, La Sarraz<\/p>\n<hr \/>\n<h4>1930<\/h4>\n<p>Second Congr\u00e8s International du Cin\u00e9ma Ind\u00e9pendant, Bruxelles<\/p>\n<hr \/>\n<h4>1939<\/h4>\n<p><a href=\"https:\/\/blog.zhdk.ch\/sfex\/2011\/04\/04\/charles-blanc-gatti\/\">Charles Blanc-Gatti<\/a>: <a href=\"https:\/\/blog.zhdk.ch\/sfex\/2011\/04\/04\/chromophony-charles-blanc-gatti\/\">Chromophony.<\/a> 4 Min. Early Example of an &#8216;Absolute Film&#8217;.<\/p>\n<hr \/>\n<h4>1943<\/h4>\n<p>&#8220;Der Film gestern und heute&#8221;, exhibition organised by Georg Schmidt in Basel Kunsthalle (cf Peter B\u00e4chlin, Werner Schmalenbach, Georg Schmidt, <em>Der Film: wirtschaftlich, gesellschaftlich, k\u00fcnstlerisch<\/em>, Basel, Holbein-Verlag, 1947)<\/p>\n<hr \/>\n<h4>1945<\/h4>\n<p>&#8220;Images du cin\u00e9ma fran\u00e7ais&#8221;, Mus\u00e9e cantonal des Beaux-Art\/Palais de Rumine, exhibition organised by Henri Langlois<\/p>\n<hr \/>\n<h4>1949<\/h4>\n<p><a title=\"Festival de Knokke-le-Zoute, EXPRMNTL 1\" href=\"https:\/\/blog.zhdk.ch\/sfex\/2010\/11\/16\/festival-de-knokke-le-zoute\/\">First Festival of Knokke-le-Zoute<\/a>, founded by Jacques Ledoux, Cin\u00e9math\u00e8que Royale de Bruxelles<\/p>\n<p>Five Swiss films, by Julius Pinschewer, are presented:<\/p>\n<p><em>Der N\u00e4hkasten<\/em>; <em>Der Sieger<\/em> (w\/ W. Ruttmann); <em>Kipho<\/em> (w\/ Guido Seeber); <em>Das Lammchen<\/em>; <em>Spiel der Wellen<\/em>; <em>King Coal<\/em>.<\/p>\n<hr \/>\n<h4>1950<\/h4>\n<hr \/>\n<h4>1951<\/h4>\n<hr \/>\n<h4>1952<\/h4>\n<hr \/>\n<h4>1953<\/h4>\n<p><a href=\"http:\/\/ffwt.kon5.net\/search\/katalog_detail.php?id=1564&amp;typ=deep\" target=\"_blank\" rel=\"noopener noreferrer\"><strong>Under the Brooklyn Bridge<\/strong><\/a> &#8211; Rudy Burckhardt (USA 1953)<\/p>\n<hr \/>\n<h4>1954<\/h4>\n<p><a href=\"https:\/\/blog.zhdk.ch\/sfex\/?p=1319\" target=\"_blank\" rel=\"noopener noreferrer\"><strong>Festival du\u00a0 Film de Demain<\/strong>, 1954, Basel<\/a><\/p>\n<p><em>Op\u00e9ration b\u00e9ton<\/em>, Jean-Luc Godard&#8217;s first short film<\/p>\n<hr \/>\n<h4>1955<\/h4>\n<p>Jonas Mekas founds the experimental film magazine <em>Filmculture<\/em> in New York<\/p>\n<hr \/>\n<h4>1956<\/h4>\n<hr \/>\n<h4>1957<\/h4>\n<p>The experimental filmmaker\u00a0<a title=\"Ferry Radax\" href=\"https:\/\/blog.zhdk.ch\/sfex\/2011\/01\/26\/ferry-radax\/\">Ferry Radax<\/a>\u00a0starts making his own films as well as commissioned films in Switzerland.\u00a0<a title=\"Georg Radanowicz\" href=\"https:\/\/blog.zhdk.ch\/sfex\/2011\/01\/26\/georg-radanowicz\/\">Georg Radanowicz<\/a>\u00a0is his assistant.<\/p>\n<hr \/>\n<h4>1958<\/h4>\n<p><a title=\"Knokke-le-Zoute\" href=\"https:\/\/blog.zhdk.ch\/sfex\/2010\/08\/24\/knokke-le-zoute\/\">Second Festival in Knokke-le-Zoute<\/a>, held in Brussels (World Expo)<\/p>\n<p>Swiss films presented: <em>Nice Time<\/em>\u00a0 (Claude Goretta and Alain Tanner);\u00a0 <em>Sur le zinc<\/em> (Fred Schmid)<\/p>\n<p>The <i>Filmartikel<\/i> to institute a law for film is accepted in Switzerland.<\/p>\n<p>In<i> Abstrakt 1 und 2,\u00a0<\/i>1958-1959,\u00a0<a title=\"Guido Haas\" href=\"https:\/\/blog.zhdk.ch\/sfex\/2010\/12\/08\/guido-haas-2\/\">Guido und Eva Haas<\/a>\u00a0draw directly into 16mm film.<\/p>\n<hr \/>\n<h4>1959<\/h4>\n<p><em><a title=\"Isognomik59\" href=\"https:\/\/blog.zhdk.ch\/sfex\/2011\/01\/25\/isognomik\/\">Isognomik59<\/a><\/em> (1959) by Bernhard Luginb\u00fchl and <a href=\"https:\/\/blog.zhdk.ch\/sfex\/2015\/06\/20\/leonardo-bezzola\/\">Leonardo Bezzola<\/a> is a cartoon with kinetic figures. The film remains without sound and is accompanied by live music.<\/p>\n<p>In<em> Filmographie<\/em> (1959) Franz Fedier draws directly onto\u00a035mm film. In 1976 \u00a0Fedier ads the soundtrack of a training session of the boxer Fritz Chervet.<\/p>\n<hr \/>\n<h4>1960<\/h4>\n<p>Together with German actor G\u00fcnter Gr\u00e4wert, the Swiss painter and producer \u00a0Mauritz E. Houck shoots the experimental movie\u00a0<em><span style=\"color: #000000\">Die Zukunft ist f\u00e4llig<\/span><\/em> (1960\/61) in Munich. (Premier\u00a0in Locarno 1961)<\/p>\n<p>Exhibition\u00a0&#8220;Der Film&#8221; in the Kunstgewerbemuseum Z\u00fcrich.<\/p>\n<hr \/>\n<h4>1961<\/h4>\n<p>First &#8220;<a title=\"Filmarbeitswochen \/ Semaines d\u2019etudes cin\u00e9matographiques\" href=\"https:\/\/blog.zhdk.ch\/sfex\/2012\/05\/30\/filmarbeitswochen-semaines-detudes-cinematographiques\/\">Filmarbeitswochen \/ Semaines d&#8217;\u00e9tudes cin\u00e9mathographiques<\/a>&#8221; in Engelberg. (This yearly meeting of filmmakers and filmhistorians, organised by Alex B\u00e4nninger, and later Freddy Landry (1962), took place yearly in autum until 1976)<\/p>\n<p>&#8220;New American Cinema&#8221; exhibition, Festival dei Due Mondi, Spoleto, July 1961.<\/p>\n<hr \/>\n<h4>1962<\/h4>\n<p>Foundation of the New York Film-Makers&#8217; Cooperative (by Jonas Mekas, Shirley Clarke, Stan Brakhage, Gregory Markopoulos, Lloyd Michael Williams and other filmmakers)<\/p>\n<p>The Swiss Governement decrees its first statue for the funding and the promotion of film in Switzerland (film law).<\/p>\n<hr \/>\n<h4>1963<\/h4>\n<p><a title=\"Exprmntl 3 Knokke 1963\/1964\" href=\"https:\/\/blog.zhdk.ch\/sfex\/2012\/02\/08\/knokke-1963\/\">Third Festival in Knokke-le-Zoute<\/a><\/p>\n<p>Swiss films presented: <em><a title=\"P\u00eache de nuit\" href=\"https:\/\/blog.zhdk.ch\/sfex\/2011\/11\/01\/peche-de-nuit\/\">P\u00eache de nuit<\/a><\/em> (Henri Chopin, Tjerk Wicky, Luc Peire);<em> 27 min. 45 Sek.<\/em> (Gerd Dahlmann), <em><a title=\"Inclinations (zweite Version)\" href=\"https:\/\/blog.zhdk.ch\/sfex\/2010\/12\/01\/inclinations-zweite-version\/\">Inclinations<\/a><\/em> (<a title=\"Guido Haas\" href=\"https:\/\/blog.zhdk.ch\/sfex\/2010\/12\/08\/guido-haas-2\/\">Guido und Eva Haas<\/a>)<\/p>\n<p>the first federal law for film comes to effect in Switzerland (first subsidies for the\u00a0Cin\u00e9math\u00e8que, sponsorships for documentary movies and quality boni for finished movies).<\/p>\n<hr \/>\n<h4>1964<\/h4>\n<hr \/>\n<h4>1965<\/h4>\n<p>Formation of the\u00a0<a title=\"Platte 27 (Z\u00fcrich)\" href=\"https:\/\/blog.zhdk.ch\/sfex\/2011\/04\/13\/platte-27-zurich\/\">Platte 27<\/a>, and alternative location for art and culture On\u00a0Plattenstrasse 27 in Z\u00fcrich, founded in the Spring of 1965 (see\u00a0<a href=\"https:\/\/blog.zhdk.ch\/sfex\/files\/2011\/04\/6809_Platte27_Programm.pdf\">Programm vom September 1968<\/a>) existed in altered form until the mid-1970ies. This was also the location for first screenings of the\u00a0<a href=\"https:\/\/blog.zhdk.ch\/sfex\/?p=821\">Film Forum.<\/a><\/p>\n<p><em><a title=\"Pazifik, oder die Zufriedenen\" href=\"https:\/\/blog.zhdk.ch\/sfex\/2010\/07\/24\/pazifik-oder-die-zufriedenen\/\">Pazifik<\/a> <\/em>(<a title=\"Fredi M. Murer\" href=\"https:\/\/blog.zhdk.ch\/sfex\/2011\/01\/26\/fredi-m-murer\/\">Fredi M. Murer<\/a>)<\/p>\n<hr \/>\n<h4>1966<\/h4>\n<p><a title=\"Solothurner Filmtage allgemein\" href=\"https:\/\/blog.zhdk.ch\/sfex\/2011\/04\/13\/solothurner-filmtage-allgemein\/\">First Festival in Solothurn\/Soleure<\/a><\/p>\n<p>Foundation of the cine-club and distributor <a title=\"Film Forum Z\u00fcrich\" href=\"https:\/\/blog.zhdk.ch\/sfex\/2010\/10\/06\/film-forum-zurich\/\">Film Forum<\/a> by <a title=\"Hans-Jakob Siber\" href=\"https:\/\/blog.zhdk.ch\/sfex\/2010\/07\/06\/hallo-welt\/\">Hans Jakob Siber<\/a> (aka Swiss Filmmakers&#8217; Cooperative, activities untill 1968\/69)<\/p>\n<hr \/>\n<h4>1967<\/h4>\n<p><a title=\"exprmntl 4 Knokke\" href=\"https:\/\/blog.zhdk.ch\/sfex\/2011\/04\/21\/exprmntl-4-knokke\/\">Fourth Festival in Knokke-le-Zoute<\/a><\/p>\n<p>Swiss films presented: <em>Thalers&#8217;, Meiers&#8217;, Sadkowskys Life in the evenening<\/em> (<a title=\"HHK Schoenherr\" href=\"https:\/\/blog.zhdk.ch\/sfex\/2010\/12\/01\/hhk-schoenherr\/\">HHK Schoenherr<\/a>); <a href=\"https:\/\/blog.zhdk.ch\/sfex\/2012\/06\/21\/anamorphosis\/\">Anamorphosis<\/a> (Guido und Eva Haas); Jalousie (<a href=\"https:\/\/blog.zhdk.ch\/sfex\/2010\/07\/06\/hallo-welt\/\">Hans-Jakob Siber<\/a>); Pic-Nic (<a href=\"https:\/\/blog.zhdk.ch\/sfex\/2011\/01\/26\/georg-radanowicz\/\">Georg Radanowicz<\/a>)<br \/>\nOff competition: <em>Das Gesicht der alten Frau, die Suppenterrine, Vreni Keller spricht und des Popo der Madame <\/em>(HHK Schoenherr); <em><a title=\"Wir sterben vor\" href=\"https:\/\/blog.zhdk.ch\/sfex\/2011\/01\/19\/wir-sterben-vor\/\">Wir sterben vor<\/a><\/em> (AKS); .<\/p>\n<p>P.A. Sitney&#8217;s touring exhibition on &#8220;<a href=\"https:\/\/blog.zhdk.ch\/sfex\/2014\/05\/30\/new-american-cinema-exposition-1967\/\">New American Cinema<\/a>&#8221; (September; Lausanne, Zurich, Solothurn)<\/p>\n<p><a title=\"Cin\u00e9 Circus\" href=\"https:\/\/blog.zhdk.ch\/sfex\/2010\/10\/20\/cine-cirkus\/\">\u00a0Cine-Circus<\/a>. Yearly events in different cities: Basel, Bern, Luzern. The touring programm Cine-Circus was established as a continuation of the\u00a0<a title=\"Film Forum Z\u00fcrich\" href=\"https:\/\/blog.zhdk.ch\/sfex\/2010\/10\/06\/film-forum-zurich\/\">Filmforums<\/a>\u00a0in Zurich Z\u00fcrich and took place for the first time in 1967 in <a href=\"https:\/\/blog.zhdk.ch\/sfex\/files\/2010\/10\/Cinezirkus_erstes-Programm.pdf\">Lucerne<\/a>.<\/p>\n<hr \/>\n<h4>1968<\/h4>\n<p>Foundation of the film magazine <em><a title=\"Supervisuell\" href=\"https:\/\/blog.zhdk.ch\/sfex\/2011\/04\/04\/supervisuell-2\/\">Supervisuell<\/a><\/em> (6 vol., April\/May 1968 &#8211; 1970) by HHK Schoenherr and the FilmForum Zurich.<\/p>\n<p><a title=\"Solothurn\/Soleure 3, Januar 1968\" href=\"https:\/\/blog.zhdk.ch\/sfex\/2010\/07\/24\/solothurnsoleure-3-januar-1968\/\">Solothurn Festival<\/a>: January, 21: Programme of Robert Nelson&#8217;s films in Solothurn (see programme changes of the festival)<\/p>\n<p><a title=\"Filmklub Z\u00fcrich\" href=\"https:\/\/blog.zhdk.ch\/sfex\/2010\/10\/06\/filmklub-zurich\/\">Filmklub Z\u00fcrich<\/a>, February: programme of Robert Nelson&#8217;s films (in Person); May: programme of Gregory Markopolous&#8217; films (in Person)<\/p>\n<p>Foundation of the production group and rental\u00a0<a title=\"Cin\u00e9ma Marginal Distribution\" href=\"https:\/\/blog.zhdk.ch\/sfex\/2011\/04\/01\/travelling\/\">Cin\u00e9ma Marginal<\/a> (Distribution untill 1973) by Marcel Leiser and Fran\u00e7ois Pasche (later with Frederic Gonseth, Marcel Sch\u00fcpbach)<br \/>\nOther founding members were\u00a0Fran\u00e7ois Pasche, Fr\u00e9d\u00e9ric Gonseth and Marcel Sch\u00fcpbach. Their first film catalogue was published in\u00a01968, depending on source, the first public screeningstook place either on May 1 (Travelling) or on April 22 (programm Filmforum) in Zurich.<\/p>\n<p>Touring programm\u00a0<a title=\"Cin\u00e9 Circus\" href=\"https:\/\/blog.zhdk.ch\/sfex\/2010\/10\/20\/cine-cirkus\/\">Cine Circus<\/a>: May in Berne, December in Basel (Nov. 30\/Dec. 1) and Winterthur (Dec. 8).<\/p>\n<p>First &#8220;Hamburger Filmschau&#8221; (February 1968). Organized by the Hamburg Filmmakers Coop (Helmut Herbst, Werner Nekes, Dore O., Werner Grassmann, Hellmuth Costard, et. al.)<\/p>\n<p>First European Meeting of\u00a0 Independent Filmmakers, Stachus Munich (Nov. 12-17, 1968): organized by the &#8220;undependent film center&#8221; and\u00a0<a title=\"HHK Schoenherr\" href=\"https:\/\/blog.zhdk.ch\/sfex\/2010\/12\/01\/hhk-schoenherr\/\">HHK Schoenherr<\/a>.\u00a0(Second presentation of VALIE EXPORT&#8217;S of the\u00a0&#8220;Tapp und Tastkino&#8221;).<\/p>\n<p><em><a title=\"Lydia\" href=\"https:\/\/blog.zhdk.ch\/sfex\/2010\/07\/25\/lydia\/\">Lydia<\/a><\/em> (<a title=\"Reto A. Savoldelli\" href=\"https:\/\/blog.zhdk.ch\/sfex\/2010\/10\/06\/reto-a-savoldelli-2\/\">Reto Salvodelli<\/a>)<\/p>\n<p>Foundation of the group &#8220;Impact &#8221; by Jean Scheurer, Jean-Claude Shauenberg, Pierre Guberanand and Henri Barbier (activities till 1975; with G\u00e9rald Minkoff, Ren\u00e9 Bauermeister, Janos Urban and Jean Otth).<\/p>\n<hr \/>\n<h4>1969<\/h4>\n<p><a title=\"Film-In Luzern\" href=\"https:\/\/blog.zhdk.ch\/sfex\/2010\/10\/20\/film-in-luzern\/\">Festival Film-In Luzern<\/a>, 1969-1972<\/p>\n<p><a title=\"Underground Explosion\" href=\"https:\/\/blog.zhdk.ch\/sfex\/2011\/03\/30\/underground-explosion\/\">Underground Explosion<\/a>:\u00a015. April 1969 in Circus Krone in Munich; April 18, 1969 in Volkshaus Z\u00fcrich (Platte 27 im Volkshaus), May 3, in Essen; May 6, in Cologne, May 8, in Stuttgart.<\/p>\n<p>Two screenings of experimental films organized in cooperation with the city of Zurich.<\/p>\n<p>Call for the film prize\u00a0<a title=\"Filmf\u00f6rderung durch das Stadtpr\u00e4sidium Z\u00fcrich\" href=\"https:\/\/blog.zhdk.ch\/sfex\/2010\/12\/08\/filmforderung-durch-das-stadtprasidium-zurich\/\">Scotoni-Experimentalfilmpreises<\/a>\u00a0offering a yearly fee of 5000,- CHF\u00a0for the course of five years. First (and perhaps last) awardee: HHK. Schoenherr.<\/p>\n<p>Foundation of the International Festival of Documentary Films in Nyon by Moritz and Erika de Hadeln, with a retrospective of Gregory Markopoulos (led to a protest of the audience).<\/p>\n<p>Amendment of the film law: Feature films are now also supported. The passage saying that films are of\u00a0\u201esovereign importance\u201c is discarded.<\/p>\n<p>Foundation of the group Ecart by John Armleder, Patrick Lucchini and Claude Rechner<\/p>\n<p>Ren\u00e9 Berger (director of the\u00a0Mus\u00e9e Cantonal de Lausanne from 1962 till 1982) institutes introductory workshops at the University of Lausanne:\u00a0<em>Esth\u00e9tique et mass m\u00e9dia: La t\u00e9l\u00e9vision.<\/em>\u00a0Amongst others, R\u00e9n\u00e9 Bauermeister, G\u00e9rald Minkoff, Muriel Olesen, Jean Otth and Janos Urban visit these courses.<\/p>\n<hr \/>\n<h4>1970<\/h4>\n<p><a title=\"Film-In Luzern\" href=\"https:\/\/blog.zhdk.ch\/sfex\/2010\/10\/20\/film-in-luzern\/\">Festival Film-In<\/a>, Lucern, may 27 to June 7, cycle progressive film, curated by Progressive Art Production<\/p>\n<p><a href=\"https:\/\/blog.zhdk.ch\/sfex\/files\/2010\/10\/Film-In_Luzern_Programm_1970_klein.pdf\">Document and manifesto for the compilation of films shown in the Kunstmuseum and Kleintheater Lucerne<\/a> at the <a href=\"https:\/\/blog.zhdk.ch\/sfex\/2010\/10\/20\/film-in-luzern\/\">Film-In<\/a> put together by Marcel Boucard<\/p>\n<p>Opening of the Kellerkino Bern, Switzerland&#8217;s first \u201ealternative cinema\u201c<\/p>\n<p>Foundation of Film\u2013Pool, a non-for-profit film rental for Swiss movies.<\/p>\n<p>Foundatiom of Nemo Film by\u00a0Alexander J. Seiler, Georg Radanowicz, June Kovach, Fredi Murer, Claude Champion, Yves Yersin, Kurt Gloor and Markus Imhoof.<\/p>\n<p>Final\u00a0<a title=\"Cin\u00e9 Circus\" href=\"https:\/\/blog.zhdk.ch\/sfex\/2010\/10\/20\/cine-cirkus\/\">Cin\u00e9-Circus<\/a>-Programm in Basel (October), organized by\u00a0AKS and the national film center.<\/p>\n<hr \/>\n<h4>1971<\/h4>\n<p><a title=\"Film-In Luzern\" href=\"https:\/\/blog.zhdk.ch\/sfex\/2010\/10\/20\/film-in-luzern\/\">Festival Film-In<\/a>, Lucern, June 4 to 11, \u00a0Swiss Shortfilmprogramm,\u00a0Progressive Films, Switzerland.<\/p>\n<p><a title=\"Stella da Falla\" href=\"https:\/\/blog.zhdk.ch\/sfex\/2010\/07\/25\/stella-da-falla\/\">Stella da Falla<\/a>, <a title=\"Reto A. Savoldelli\" href=\"https:\/\/blog.zhdk.ch\/sfex\/2010\/10\/06\/reto-a-savoldelli-2\/\">Reto A. Savoldelli<\/a>, 1971, 16mm, color, 90 Min. Sponsored by the Swiss television,\u00a0&#8220;Aktion Jungfilmer&#8221; screeped on\u00a0DRS, July 17, 1972. Premi\u00e8re: <a href=\"https:\/\/blog.zhdk.ch\/sfex\/2010\/07\/24\/solothurnsoleure-7-januar-1972\/\">7. Solothurner Filmtage (January 27, 1972)<\/a><\/p>\n<hr \/>\n<h4>1972<\/h4>\n<p><a href=\"https:\/\/blog.zhdk.ch\/sfex\/2010\/12\/01\/hhk-schoenherr\/\">HHK Schoenherr<\/a>&#8216;s touring programm: \u00a0&#8220;<a href=\"https:\/\/blog.zhdk.ch\/sfex\/2010\/10\/06\/movies-kaputt\/\">Movies Kaputt\/Kaputtes Kino<\/a>&#8221; presented and financed by Pro Helvetia from May to June 1972. Shown in: Mannheim, K\u00f6ln, Amsterdam, Hamburg, Berlin, Frankfurt, M\u00fcnchen, London.<\/p>\n<p>Hy\u00e8res Festival du Jeune Cin\u00e9ma,\u00a0a few\u00a0Swiss films were shown\u00a0between 1972 and 1983<\/p>\n<p><a href=\"https:\/\/blog.zhdk.ch\/sfex\/2011\/10\/20\/actionfilmvideo-1972\/\">ACTION\/FILM\/VIDEO<\/a>, exhibition, May 5 to 18, Galerie Impact, Lausanne with 73 films\u00a0by 50 artists from\u00a010 coutcries\u00a0(Schubiger, 158)<\/p>\n<p>Foundation of the alternative film rental, film-cooperative. The Swiss film center publishes the first\u00a0\u201eSchweizer Filmkatalog\u201c, edited by Hans-Ulrich Schlumpf.<\/p>\n<hr \/>\n<h4>1973<\/h4>\n<p>Last awarding of the <a href=\"https:\/\/blog.zhdk.ch\/sfex\/2010\/12\/08\/filmforderung-durch-das-stadtprasidium-zurich\/\">Scotoni-Prize.<\/a><\/p>\n<hr \/>\n<h4>1974<\/h4>\n<p>Exhibition Montreux, <a href=\"https:\/\/blog.zhdk.ch\/sfex\/2010\/11\/16\/new-forms-in-film-montreux-1974\/\">New Forms in Film<\/a>, August 03 to 24.<\/p>\n<p><a title=\"Knokke-le-Zoute\" href=\"https:\/\/blog.zhdk.ch\/sfex\/2010\/08\/24\/knokke-le-zoute\/\">5. Festival in Knokke-le-Zoute<\/a>,\u00a0Jury member: Harald Szeemann. Swiss contribution:\u00a081 000 Units, Dieter Meier<\/p>\n<p><a title=\"Hans-Jakob Siber\" href=\"https:\/\/blog.zhdk.ch\/sfex\/2010\/07\/06\/hallo-welt\/\">Hans Jakob Siber<\/a>\u00a0stops making films after the screening of the film\u00a0<a title=\"Die Sage vom alten Hirten Xeudi und seinem Freund Reimann\" href=\"https:\/\/blog.zhdk.ch\/sfex\/2010\/07\/25\/die-sage-vom-alten-hirten-xeudi-und-seinem-freund-reimann\/\">Die Sage vom alten Hirten Xeudi und seinem Freund Reimann<\/a> in Berlin.<\/p>\n<p>Court-Circuit &#8220;Autre aspect du cin\u00e9ma suisse, Maison de Jeunes, Geneva, October<\/p>\n<p>Festival <a href=\"https:\/\/blog.zhdk.ch\/sfex\/2011\/12\/08\/impact-art-video-art-74\/\"><em>Impact art video art 74 &#8211; 8 jours vid\u00e9o<\/em><\/a> (also called Confrontation) (Schubiger, 158)<\/p>\n<hr \/>\n<h4>1975<\/h4>\n<p>Foundation of the production-association\u00a0Filmkollektiv.<\/p>\n<p>Foundation of Cin\u00e9libre, as successor of the \u201eVereinigung Schweizer Filmklubs\u201c as union of alternating screening locations in\u00a0Bern, Genf and Z\u00fcrich.<\/p>\n<hr \/>\n<h4>1976<\/h4>\n<p>Andy Warhol retrospective, Kunstmuseum Zurich<\/p>\n<p>Pro Helvetia organizes\u00a0<i>Art vid\u00e9o: Recherches et exp\u00e9rience<\/i>s\u00a0in Paris<\/p>\n<hr \/>\n<h4>1977<\/h4>\n<p><a href=\"https:\/\/blog.zhdk.ch\/sfex\/2011\/06\/08\/cinema-en-marge\/\"><i>Cin\u00e9ma en marge<\/i><\/a>, takes place for the first time as part of \u00a0\u201eEspaces\u201c organized by Pro Helvetia in Paris. It was repeated from 1978 to\u00a01981, organized by Ir\u00e8ne Lambelet and\u00a0Otto Ceresa (Pro Helvetia). \u00a0Presentation of 16mm- and Super 8-films\u00a0wits free contributions of\u00a0Swiss and French film authors.<\/p>\n<p>Foundation of the Department of cinema at the ESAV (Geneva school of fine arts) by Fran\u00e7ois Albera and Francis Reusser (workshops with Boris Lehmann, Johan van der Keuken, Stephen Dwoskin, Jean-Marie Straub and Dani\u00e8le Huillet during the end of 1970s and the 1980s)<\/p>\n<p><em>Vid\u00e9o<\/em>, Exhibition in the Mus\u00e9e d&#8217;Art et d&#8217;Histoire in Geneva.<\/p>\n<hr \/>\n<h4>1978<\/h4>\n<p><a href=\"https:\/\/blog.zhdk.ch\/sfex\/2010\/12\/08\/filmfront\/\">Filmfront<\/a>, published irregularly between 1978 ano\u00a01988 in Basel. The film-magazine is dedicated to a\u00a0\u201cfight\u00a0for independent film\u201d.<\/p>\n<hr \/>\n<h4>1979<\/h4>\n<p>Michael Snow film retrospective, Kunstmuseum Lucern, 1979<\/p>\n<hr \/>\n<h4>1979<\/h4>\n<p><a href=\"https:\/\/blog.zhdk.ch\/sfex\/2012\/02\/02\/geschichte-der-nacht\/\"><i>Geschichte der Nacht<\/i><\/a>, <a href=\"https:\/\/blog.zhdk.ch\/sfex\/2010\/09\/14\/clemens-klopfenstein-interview-2003\/\">Clemens Klopfenstein<\/a> 1979, 63 Min.<\/p>\n<p>Conference\u00a0of the Cin\u00e9math\u00e8que on the occasion of the 50th anniversary of\u00a0the historical congress on\u00a0 avantgard film in La Sarraz in 1929. Peter Kubelka\u00a0presents a contemporary experimental film programm.<\/p>\n<hr \/>\n<h4>1980<\/h4>\n<p>First Krienser Filmtage (<a href=\"https:\/\/blog.zhdk.ch\/sfex\/2011\/04\/20\/krienser-filmtage\/\">Viper<\/a>)<\/p>\n<p>Foundation of\u00a0 Videoart Locarno by Rinaldo Bianda (activities till 1999)<\/p>\n<p>Exhibition \u00a0&#8220;Cine graphia. la linea in movimento. la fotographia di movimento \u2013 il cinema sperimentale \u2013 l\u2019arte video&#8221;, August 1 to 10, Gallery Flaviana, Locarno<\/p>\n<p>Start of a video collection at Kunsthaus Z\u00fcrich by\u00a0Ursula Perucchi-Petri. (Schubiger, 157)<\/p>\n<p>Ch\u00e9rif and Silvie Defraoui integrate Video in their\u00a0<em>Atelier de M\u00e9dias mixtes<\/em>\u00a0at the Ecole sup\u00e9rieure d\u2019arts visuels ESAV Geneva\u00a0(Schubiger, 159)<\/p>\n<p><em><a href=\"https:\/\/blog.zhdk.ch\/sfex\/2012\/06\/21\/video-performance-ausstellung-in-der-berner-gallerie-1980\/\">Vid\u00e9o &amp; Performance<\/a>, <\/em>exhibition in Bern (Berner Galerie) with 5 pioneers from Western Switzerland as well as Ura\u00a0L\u00fcthi and\u00a0Dieter Meier (Schubiger, 161)<\/p>\n<hr \/>\n<h4>1981<\/h4>\n<p>&#8220;Filmzyklen \u00fcber das experimentelle Filmschaffen organisiert seit einiger Zeit Franz Reichle im Kunstgewerbemuseum. So unter anderem \u00fcber Jonas Mekas (&#8230;) Michael Snow und Marguerite Duras.\u201c <i>Filmfront<\/i> 1981\/15, p. 42<\/p>\n<p>Exhibition: <i>Video-Workshop. Befragungen und M\u00f6glichkeiten eines neuen Mediums<\/i>. St\u00e4dtische Galerie zum Strauhof, Z\u00fcrich (Schubiger, 160)<\/p>\n<p>Exhibition: <a href=\"https:\/\/blog.zhdk.ch\/sfex\/2012\/06\/27\/schweizer-kunst-70-80-kunstmuseum-luzern-1981\/\"><em>Schweizer Kunst 70&#8242;-80&#8242; Regionalismus\/ Internationalismus<\/em><\/a>, Kunstmuseum Luzern, Martin Kunz with a\u00a0\u00a0selection of video- and performance art<\/p>\n<hr \/>\n<h4>1982<\/h4>\n<p>Cinema Xenix (Z\u00fcrich, Patrick Riesen and Cyril Thurston):\u00a0experimental film programm<\/p>\n<hr \/>\n<h4>1983<\/h4>\n<hr \/>\n<h4>1984<\/h4>\n<p>Ren\u00e9 Pulver and Reinhard Manz from the video society\u00a0Basel found the\u00a0<em>Videowochen im Wenkenpark<\/em> (Director: Pulver, relevated in\u00a01986, 1988)<\/p>\n<hr \/>\n<h4>1985<\/h4>\n<p><i>Quinzaine du Cin\u00e9ma exp\u00e9rimental<\/i>\u00a0from 15\/05\/1985 to 28\/05\/1985 Location: Cin\u00e9math\u00e8que fran\u00e7aise; Centre Georges Pompidou<\/p>\n<p>Sections: Cin\u00e9ma des plasticiens; Le cin\u00e9ma exp\u00e9rimental am\u00e9ricain (1905-1985) dans les collections du MOMA<\/p>\n<p>Filmmakers, Artists: Daniel Spoerri (for Switzerland)\u00a0\u00a0<i>Resurrection<\/i>, 1965-1982, 16mm, bw, 10 min.<\/p>\n<p>From 1985 the Centre pour l\u2019image contemporaine Saint-Gervais Gen\u00e8ve (CIC)\u00a0organizes\u00a0the\u00a0<em>Semaine internationale de la video<\/em> biannually (Schubiger, 157)<\/p>\n<p>First\u00a0video sampler for the United Independent Video Switzerland\u00a0(UVS). Tapes with 17 individual titles of known video artists\u00a0(second edition in 1987, third and last edition in 1994) (Schubiger, 161)<\/p>\n<p>From\u00a01985 the Art Academy in Basel offers a course that puts \u201eartistic and creative audiovisual video work at the center\u201c. Director:\u00a0Ren\u00e9 Pulver. Students (amongst others): Muda Mathis, Pipilotti Rist, K\u00e4the Walser and Renatus Z\u00fcrcher. (Schubiger, 161)<\/p>\n<hr \/>\n<h4>1986<\/h4>\n<p>Filmpodium (Bienne, Jacques Dutoit and Beat Porter)<\/p>\n<p>Neues Kino (Basel)<\/p>\n<hr \/>\n<h4>1987<\/h4>\n<p><em>Der Lauf der Dinge<\/em> (Peter Fischli, David Weiss)<\/p>\n<p>Exhibition:\u00a0<i>Stiller Nachmittag,\u00a0<\/i>Kunsthaus Z\u00fcrich, video art is shown together with &#8220;normal&#8221; art (Schubiger, 162)<\/p>\n<hr \/>\n<h4>1988<\/h4>\n<p>Last issue of the film magazine <a href=\"https:\/\/blog.zhdk.ch\/sfex\/2010\/12\/08\/filmfront\/\"><em>Filmfront<\/em><\/a><\/p>\n<hr \/>\n<h4>1989<\/h4>\n<p>Experimental film programm in the Cinema Spoutnik in\u00a0Usine (Geneva)<\/p>\n<hr \/>\n<h4>1990<\/h4>\n<p>Exibition: <i>Les pionniers de la vid\u00e9o en suisse<\/i>, Centre \u00a0pour l\u2019image contemporaine Saint-Gervais Gen\u00e8ve (CIC)<\/p>\n<hr \/>\n<h4>1991<\/h4>\n<p><a href=\"https:\/\/blog.zhdk.ch\/sfex\/2012\/03\/21\/les-debordants-jurg-hassler-ch-1991-35mm-26-min\/\"><em>Les D\u00e9bordants<\/em><\/a> (<a href=\"https:\/\/blog.zhdk.ch\/sfex\/2012\/09\/12\/jurg-hassler\/\">J\u00fcrg Hassler<\/a>)<\/p>\n<hr \/>\n","protected":false},"excerpt":{"rendered":"<p>1927 Funding of the avant-garde film magazine Close-Up by Kenneth Macpherson, Hilda Doolittle and Bryher (Territet, 1927-1933) 1929 First Congr\u00e8s International du Cin\u00e9ma Ind\u00e9pendant, La Sarraz 1930 Second Congr\u00e8s International du Cin\u00e9ma Ind\u00e9pendant, Bruxelles 1939 Charles Blanc-Gatti: Chromophony. 4 Min. Early Example of an &#8216;Absolute Film&#8217;. 1943 &#8220;Der Film gestern und heute&#8221;, exhibition organised by Georg Schmidt in Basel Kunsthalle (cf Peter B\u00e4chlin, Werner Schmalenbach, Georg Schmidt, Der Film: wirtschaftlich, gesellschaftlich, k\u00fcnstlerisch, Basel, Holbein-Verlag, 1947) 1945 &#8220;Images du cin\u00e9ma fran\u00e7ais&#8221;, Mus\u00e9e cantonal des Beaux-Art\/Palais de Rumine, exhibition organised by Henri&hellip;<\/p>\n","protected":false},"author":366,"featured_media":0,"parent":0,"menu_order":2,"comment_status":"open","ping_status":"open","template":"","meta":{"footnotes":""},"class_list":["post-2","page","type-page","status-publish","hentry"],"_links":{"self":[{"href":"https:\/\/blog.zhdk.ch\/sfex\/wp-json\/wp\/v2\/pages\/2","targetHints":{"allow":["GET"]}}],"collection":[{"href":"https:\/\/blog.zhdk.ch\/sfex\/wp-json\/wp\/v2\/pages"}],"about":[{"href":"https:\/\/blog.zhdk.ch\/sfex\/wp-json\/wp\/v2\/types\/page"}],"author":[{"embeddable":true,"href":"https:\/\/blog.zhdk.ch\/sfex\/wp-json\/wp\/v2\/users\/366"}],"replies":[{"embeddable":true,"href":"https:\/\/blog.zhdk.ch\/sfex\/wp-json\/wp\/v2\/comments?post=2"}],"version-history":[{"count":117,"href":"https:\/\/blog.zhdk.ch\/sfex\/wp-json\/wp\/v2\/pages\/2\/revisions"}],"predecessor-version":[{"id":10960,"href":"https:\/\/blog.zhdk.ch\/sfex\/wp-json\/wp\/v2\/pages\/2\/revisions\/10960"}],"wp:attachment":[{"href":"https:\/\/blog.zhdk.ch\/sfex\/wp-json\/wp\/v2\/media?parent=2"}],"curies":[{"name":"wp","href":"https:\/\/api.w.org\/{rel}","templated":true}]}}