{"id":371,"date":"2017-03-01T12:17:07","date_gmt":"2017-03-01T11:17:07","guid":{"rendered":"https:\/\/blog.zhdk.ch\/sichtfenster\/?page_id=371"},"modified":"2017-05-29T14:46:39","modified_gmt":"2017-05-29T12:46:39","slug":"sichtfenster-mae-fruehling-2016","status":"publish","type":"page","link":"https:\/\/blog.zhdk.ch\/sichtfenster\/sichtfenster-mae-fruehling-2016\/","title":{"rendered":"MAE Fr\u00fchling 2016"},"content":{"rendered":"<p>Was ist ein\/e Lehrer\/in?<\/p>\n<p>Was ein\/e Lehrer\/in ist, davon haben alle eine Vorstellung, verbringen wir doch mindestens 10&#8217;000 Stunden in der Volksschule, dies mit verschiedenen Lehrpersonen und machen w\u00e4hrend dieser Zeit vielf\u00e4ltige Erfahrungen mit Lehrer\/innen-Rollen.<br \/>\nDoch wie wird man ein\/e Lehrer\/in? Die Auseinandersetzung mit jener angesprochenen Lernbiographie ist Teil der Ausbildung und f\u00fchrt eine selbstreflexive Praxis im Auge, eigene Rollenbilder sollen befragt aber auch erprobt werden. Die Erinnerung an die eigene Schulzeit ist nie ein rein \u00abhistorisches\u00bb Erinnern, sondern bedeutet immer auch ein Imaginieren, im Sinne eines bildhaften Erfindens. Hier setzt das Sichtfenster des Master Art Education im FS 16 an, indem es sich mit jenen Bildern von Lehrer\/innen besch\u00e4ftigt, die uns im Kino begegnen.<br \/>\nDie Filme werden durch ihre Suggestionskraft selbst zum subtilen Lehrakt, indem sie uns affizieren. Die in den Filmen repr\u00e4sentierten Lehrer\/innen-Rollen tragen wir mit uns herum und ins Unterrichtszimmer, wir interpretieren sie, schreiben sie um und wirken an den kollektiv-imaginierten Bilder der Lehrer\/innen-Rollen mit.<\/p>\n<p>Diese Prozesse stehen im Zentrum der vier Anl\u00e4sse des MAE Sichtfenster FS 16. Sichtbar machen bedeutet hier ein Vorf\u00fchren dessen, als was sich die Lehrerolle zeigt: In Gesten, Blicken, G\u00e4ngen und deren Choreographie.<\/p>\n<p><a href=\"https:\/\/blog.zhdk.ch\/sichtfenster\/files\/2017\/02\/mae-fs16_blackboard.jpg\"><img loading=\"lazy\" decoding=\"async\" class=\"alignnone size-full wp-image-377\" src=\"https:\/\/blog.zhdk.ch\/sichtfenster\/files\/2017\/02\/mae-fs16_blackboard.jpg\" alt=\"\" width=\"1440\" height=\"1025\" srcset=\"https:\/\/blog.zhdk.ch\/sichtfenster\/files\/2017\/02\/mae-fs16_blackboard.jpg 1440w, https:\/\/blog.zhdk.ch\/sichtfenster\/files\/2017\/02\/mae-fs16_blackboard-300x214.jpg 300w, https:\/\/blog.zhdk.ch\/sichtfenster\/files\/2017\/02\/mae-fs16_blackboard-768x547.jpg 768w, https:\/\/blog.zhdk.ch\/sichtfenster\/files\/2017\/02\/mae-fs16_blackboard-1024x729.jpg 1024w\" sizes=\"auto, (max-width: 1440px) 100vw, 1440px\" \/><\/a><\/p>\n<p>&nbsp;<\/p>\n<hr \/>\n<p><strong>Episode 1<\/strong><\/p>\n<p>Vier Studierende des MAE verfassen auf der Grundlage ihrer Praktika ein minuti\u00f6ses Script der Handlungsabl\u00e4ufe einer Lehrperson. Im leeren, neutralen Unterrichtsraum des 4.T48, der zwischen White Space und Schulzimmer oszilliert, befolgt der Schauspieler Dominik Wolfisberger die detaillierten Regieanweisungen, die ihm souffliert werden. Er f\u00fchrt Gesten, Blicke, G\u00e4nge aus und kommuniziert mit einer imagin\u00e4ren Sch\u00fclerschaft. Das Publikum schaut diesem Schauspiel draussen im Korridor \u2013 \u00abvor die T\u00fcr gestellt\u00bb \u2013 durch das Sichtfenster \u2013 dessen Proportionen mit jenen der Breitleinwand im Kino korrespondieren \u2013 zu. Inhaltlich bleiben die Regieanweisungen im Dunkeln, das Publikum wohnt einem Stummfilm bei. Die Figur des Lehrers kokettiert durch das Fenster mit dem Publikum, adressiert es als seine potentielle Sch\u00fclerschaft, seine Blicke sind best\u00e4tigend, ermunternd oder ermahnend. Zugleich trifft die Erwiederung dieser sozialen Gesten seitens des Publikums ins Leere, denn es geht allein um das Vorf\u00fchren der Wirkungskraft der Zeigegesten einer Lehrperson.<\/p>\n<p><a href=\"https:\/\/blog.zhdk.ch\/sichtfenster\/files\/2017\/02\/mae-fs16_episode1_01.jpg\"><img loading=\"lazy\" decoding=\"async\" class=\"alignnone size-full wp-image-379\" src=\"https:\/\/blog.zhdk.ch\/sichtfenster\/files\/2017\/02\/mae-fs16_episode1_01.jpg\" alt=\"\" width=\"1440\" height=\"995\" srcset=\"https:\/\/blog.zhdk.ch\/sichtfenster\/files\/2017\/02\/mae-fs16_episode1_01.jpg 1440w, https:\/\/blog.zhdk.ch\/sichtfenster\/files\/2017\/02\/mae-fs16_episode1_01-300x207.jpg 300w, https:\/\/blog.zhdk.ch\/sichtfenster\/files\/2017\/02\/mae-fs16_episode1_01-768x531.jpg 768w, https:\/\/blog.zhdk.ch\/sichtfenster\/files\/2017\/02\/mae-fs16_episode1_01-1024x708.jpg 1024w\" sizes=\"auto, (max-width: 1440px) 100vw, 1440px\" \/><\/a><\/p>\n<p><a href=\"https:\/\/blog.zhdk.ch\/sichtfenster\/files\/2017\/02\/mae-fs16_episode1_02.jpg\"><img loading=\"lazy\" decoding=\"async\" class=\"alignnone size-full wp-image-381\" src=\"https:\/\/blog.zhdk.ch\/sichtfenster\/files\/2017\/02\/mae-fs16_episode1_02.jpg\" alt=\"\" width=\"1440\" height=\"1134\" srcset=\"https:\/\/blog.zhdk.ch\/sichtfenster\/files\/2017\/02\/mae-fs16_episode1_02.jpg 1440w, https:\/\/blog.zhdk.ch\/sichtfenster\/files\/2017\/02\/mae-fs16_episode1_02-300x236.jpg 300w, https:\/\/blog.zhdk.ch\/sichtfenster\/files\/2017\/02\/mae-fs16_episode1_02-768x605.jpg 768w, https:\/\/blog.zhdk.ch\/sichtfenster\/files\/2017\/02\/mae-fs16_episode1_02-1024x806.jpg 1024w\" sizes=\"auto, (max-width: 1440px) 100vw, 1440px\" \/><\/a><\/p>\n<p><a href=\"https:\/\/blog.zhdk.ch\/sichtfenster\/files\/2017\/02\/mae-fs16_episode1_03.jpg\"><img loading=\"lazy\" decoding=\"async\" class=\"alignnone size-full wp-image-383\" src=\"https:\/\/blog.zhdk.ch\/sichtfenster\/files\/2017\/02\/mae-fs16_episode1_03.jpg\" alt=\"\" width=\"1440\" height=\"1082\" srcset=\"https:\/\/blog.zhdk.ch\/sichtfenster\/files\/2017\/02\/mae-fs16_episode1_03.jpg 1440w, https:\/\/blog.zhdk.ch\/sichtfenster\/files\/2017\/02\/mae-fs16_episode1_03-300x225.jpg 300w, https:\/\/blog.zhdk.ch\/sichtfenster\/files\/2017\/02\/mae-fs16_episode1_03-768x577.jpg 768w, https:\/\/blog.zhdk.ch\/sichtfenster\/files\/2017\/02\/mae-fs16_episode1_03-1024x769.jpg 1024w\" sizes=\"auto, (max-width: 1440px) 100vw, 1440px\" \/><\/a><\/p>\n<p><i>Performance mit Dominik Wolfinger<\/i><\/p>\n<p>&nbsp;<\/p>\n<hr \/>\n<p><strong>Episode 2<\/strong><\/p>\n<p>Im franz\u00f6sischen Spielfilm <i>Entre les murs (la Classe)<\/i> des Regiesseurs Laurent Cantet fallen der biographische Hintergrund des Hauptdarstellers mit der Hauptfigur des Lehrers zusammen. Als Drehbuchvorlage f\u00fcr den Film diente das autobiographische Buch von Francois Begaudeau, der sich selber in der Rolle des Franz\u00f6sischlehrers spielt. Die als ewiges Ping-Pong inszenierte Interaktion zwischen Lehrer und Sch\u00fclerinnen einer Schule im sozialen Milieu der Pariser Banlieue wirft Fragen nach der Verhandelbarkeit vom p\u00e4dagogischen Verh\u00e4ltnis und der Partizipation in der Schule auf.<\/p>\n<p><a href=\"https:\/\/blog.zhdk.ch\/sichtfenster\/files\/2017\/02\/mae-fs16_episode2_02.jpg\"><img loading=\"lazy\" decoding=\"async\" class=\"alignnone size-full wp-image-385\" src=\"https:\/\/blog.zhdk.ch\/sichtfenster\/files\/2017\/02\/mae-fs16_episode2_02.jpg\" alt=\"\" width=\"1440\" height=\"961\" srcset=\"https:\/\/blog.zhdk.ch\/sichtfenster\/files\/2017\/02\/mae-fs16_episode2_02.jpg 1440w, https:\/\/blog.zhdk.ch\/sichtfenster\/files\/2017\/02\/mae-fs16_episode2_02-300x200.jpg 300w, https:\/\/blog.zhdk.ch\/sichtfenster\/files\/2017\/02\/mae-fs16_episode2_02-768x513.jpg 768w, https:\/\/blog.zhdk.ch\/sichtfenster\/files\/2017\/02\/mae-fs16_episode2_02-1024x683.jpg 1024w\" sizes=\"auto, (max-width: 1440px) 100vw, 1440px\" \/><\/a><\/p>\n<p><a href=\"https:\/\/blog.zhdk.ch\/sichtfenster\/files\/2017\/02\/mae-fs16_episode2_03.jpg\"><img loading=\"lazy\" decoding=\"async\" class=\"alignnone size-full wp-image-387\" src=\"https:\/\/blog.zhdk.ch\/sichtfenster\/files\/2017\/02\/mae-fs16_episode2_03.jpg\" alt=\"\" width=\"1440\" height=\"1080\" srcset=\"https:\/\/blog.zhdk.ch\/sichtfenster\/files\/2017\/02\/mae-fs16_episode2_03.jpg 1440w, https:\/\/blog.zhdk.ch\/sichtfenster\/files\/2017\/02\/mae-fs16_episode2_03-300x225.jpg 300w, https:\/\/blog.zhdk.ch\/sichtfenster\/files\/2017\/02\/mae-fs16_episode2_03-768x576.jpg 768w, https:\/\/blog.zhdk.ch\/sichtfenster\/files\/2017\/02\/mae-fs16_episode2_03-1024x768.jpg 1024w\" sizes=\"auto, (max-width: 1440px) 100vw, 1440px\" \/><\/a><\/p>\n<p><em>Filmstill, \u00abEntre les murs\u00bb, Laurent Cantet\u00a0(2008\u2028)<br \/>\nFilmvorf\u00fchrung mit anschlie\u00dfender Diskussion<\/em><\/p>\n<p>&nbsp;<\/p>\n<hr \/>\n<p><strong>Episode 3<\/strong><\/p>\n<p>Das Biographische und dessen Inszenierung nehmen Vincent Scarth und Juliette Uzor \u2013 zwei Studierende des MAE \u2013 zum Anlass, ihre Rolle als angehende Lehrpersonen performativ zu inszenieren. W\u00e4hrend in Episode 1 der Schauspieler Dominik Wolfisberger die Rolle des Lehrers spielt, kehrt sich dieses Verh\u00e4ltnis nun um, wenn die angehenden Lehrpersonen ihrerseits ihre Situation im Noch-Nicht zum Anlass einer performativen Auseinandersetzung mit dem Zuk\u00fcnftigen nehmen. So befragen sie mitunter spielend aber auch spielerisch das Verh\u00e4ltnis von Lehrerrolle und Schauspielerei.<\/p>\n<p><a href=\"https:\/\/blog.zhdk.ch\/sichtfenster\/files\/2017\/02\/mae-fs16_episode3_01.jpg\"><img loading=\"lazy\" decoding=\"async\" class=\"alignnone size-full wp-image-389\" src=\"https:\/\/blog.zhdk.ch\/sichtfenster\/files\/2017\/02\/mae-fs16_episode3_01.jpg\" alt=\"\" width=\"1440\" height=\"1034\" srcset=\"https:\/\/blog.zhdk.ch\/sichtfenster\/files\/2017\/02\/mae-fs16_episode3_01.jpg 1440w, https:\/\/blog.zhdk.ch\/sichtfenster\/files\/2017\/02\/mae-fs16_episode3_01-300x215.jpg 300w, https:\/\/blog.zhdk.ch\/sichtfenster\/files\/2017\/02\/mae-fs16_episode3_01-768x551.jpg 768w, https:\/\/blog.zhdk.ch\/sichtfenster\/files\/2017\/02\/mae-fs16_episode3_01-1024x735.jpg 1024w\" sizes=\"auto, (max-width: 1440px) 100vw, 1440px\" \/><\/a><\/p>\n<p><a href=\"https:\/\/blog.zhdk.ch\/sichtfenster\/files\/2017\/02\/mae-fs16_episode3_02.jpg\"><img loading=\"lazy\" decoding=\"async\" class=\"alignnone size-full wp-image-391\" src=\"https:\/\/blog.zhdk.ch\/sichtfenster\/files\/2017\/02\/mae-fs16_episode3_02.jpg\" alt=\"\" width=\"1440\" height=\"1080\" srcset=\"https:\/\/blog.zhdk.ch\/sichtfenster\/files\/2017\/02\/mae-fs16_episode3_02.jpg 1440w, https:\/\/blog.zhdk.ch\/sichtfenster\/files\/2017\/02\/mae-fs16_episode3_02-300x225.jpg 300w, https:\/\/blog.zhdk.ch\/sichtfenster\/files\/2017\/02\/mae-fs16_episode3_02-768x576.jpg 768w, https:\/\/blog.zhdk.ch\/sichtfenster\/files\/2017\/02\/mae-fs16_episode3_02-1024x768.jpg 1024w\" sizes=\"auto, (max-width: 1440px) 100vw, 1440px\" \/><\/a><\/p>\n<p><a href=\"https:\/\/blog.zhdk.ch\/sichtfenster\/files\/2017\/02\/mae-fs16_episode3_03.jpg\"><img loading=\"lazy\" decoding=\"async\" class=\"alignnone size-full wp-image-393\" src=\"https:\/\/blog.zhdk.ch\/sichtfenster\/files\/2017\/02\/mae-fs16_episode3_03.jpg\" alt=\"\" width=\"1440\" height=\"1080\" srcset=\"https:\/\/blog.zhdk.ch\/sichtfenster\/files\/2017\/02\/mae-fs16_episode3_03.jpg 1440w, https:\/\/blog.zhdk.ch\/sichtfenster\/files\/2017\/02\/mae-fs16_episode3_03-300x225.jpg 300w, https:\/\/blog.zhdk.ch\/sichtfenster\/files\/2017\/02\/mae-fs16_episode3_03-768x576.jpg 768w, https:\/\/blog.zhdk.ch\/sichtfenster\/files\/2017\/02\/mae-fs16_episode3_03-1024x768.jpg 1024w\" sizes=\"auto, (max-width: 1440px) 100vw, 1440px\" \/><\/a><\/p>\n<p><em>Performance mit Vincent Scarth und Juliette Uzor<\/em><br \/>\n<em>Perfomance und anschlie\u00dfende Diskussion<\/em><\/p>\n<p>&nbsp;<\/p>\n<hr \/>\n<p><strong>Episode 4<\/strong><\/p>\n<p>Der Film <i>High School<\/i> aus dem Jahr 1968 zeigt den Schulalltag einer Highschool in Philadelphia aus einer beobachtenden Perspektive. Der Regisseur Frederick Wiseman \u2013 ein Vorreiter des <i>Direct Cinema<\/i> \u2013 fokusiert auf Zeigegesten von Lehrpersonen.<br \/>\nEine Spanischlehrerin spricht vor und dirigiert mit ihren H\u00e4nden den Takt, in dem nachgesprochen werden soll \u00abexistentialista\u00bb, und noch einmal: \u00abexistentialista\u00bb. Die Geste wird in der n\u00e4chsten Szene im Musikraum wiederaufgenommen und explizit gemacht: ein Lehrer dirigiert das Schulorchester, Sch\u00fcler und Lehrer sind durch das Band des Blicks verbunden, ihm folgen die Eins\u00e4tze. Und in der darauffolgenden Szene tippt der Schulsekret\u00e4r immer wieder tadelnd mit erhobenem Zeigefinger \u2013 in dessen Verl\u00e4ngerung ein Kugelschreiber &#8211; auf einen Sch\u00fcler, der seine Turnkleider zu Hause vergessen hat, auch hier wird der Merksatz wiederholt: \u00abYou better be in a gym outfit! You better be in a gym outfit.\u00bb Sp\u00e4ter in der Turnhalle, Gymnastik zu Musik. \u00dcben, wiederholen, vormachen, nachmachen. Der K\u00f6rper ist am Lernen stets mitbeteiligt, kollektiv.<\/p>\n<p><a href=\"https:\/\/blog.zhdk.ch\/sichtfenster\/files\/2017\/02\/mae-fs16_episode4_01.jpg\"><img loading=\"lazy\" decoding=\"async\" class=\"alignnone size-full wp-image-397\" src=\"https:\/\/blog.zhdk.ch\/sichtfenster\/files\/2017\/02\/mae-fs16_episode4_01.jpg\" alt=\"\" width=\"567\" height=\"418\" srcset=\"https:\/\/blog.zhdk.ch\/sichtfenster\/files\/2017\/02\/mae-fs16_episode4_01.jpg 567w, https:\/\/blog.zhdk.ch\/sichtfenster\/files\/2017\/02\/mae-fs16_episode4_01-300x221.jpg 300w\" sizes=\"auto, (max-width: 567px) 100vw, 567px\" \/><\/a><\/p>\n<p><a href=\"https:\/\/blog.zhdk.ch\/sichtfenster\/files\/2017\/02\/mae-fs16_episode4_02.jpg\"><img loading=\"lazy\" decoding=\"async\" class=\"alignnone size-full wp-image-399\" src=\"https:\/\/blog.zhdk.ch\/sichtfenster\/files\/2017\/02\/mae-fs16_episode4_02.jpg\" alt=\"\" width=\"567\" height=\"418\" srcset=\"https:\/\/blog.zhdk.ch\/sichtfenster\/files\/2017\/02\/mae-fs16_episode4_02.jpg 567w, https:\/\/blog.zhdk.ch\/sichtfenster\/files\/2017\/02\/mae-fs16_episode4_02-300x221.jpg 300w\" sizes=\"auto, (max-width: 567px) 100vw, 567px\" \/><\/a><\/p>\n<p><em>Filmstill, \u00abHigh School\u00bb, Frederick Wiseman\u00a0(1968)<\/em><br \/>\n<em>Filmvorf\u00fchrung und anschlie\u00dfende Diskussion<br \/>\n<\/em><\/p>\n<p>&nbsp;<\/p>\n<hr \/>\n<p><b>Text:<\/b><br \/>\nMargot Zanni<\/p>\n<p><b>Mitwirkende:<\/b><br \/>\nDieter Fromherz, Vincent Scarth, Juliette Uzor, Dominik Wolfinger, Margot Zanni<\/p>\n","protected":false},"excerpt":{"rendered":"<p>Was ist ein\/e Lehrer\/in? Was ein\/e Lehrer\/in ist, davon haben alle eine Vorstellung, verbringen wir doch mindestens 10&#8217;000 Stunden in der Volksschule, dies mit verschiedenen Lehrpersonen und machen w\u00e4hrend dieser Zeit vielf\u00e4ltige Erfahrungen mit Lehrer\/innen-Rollen. Doch wie wird man ein\/e Lehrer\/in? Die Auseinandersetzung mit jener angesprochenen Lernbiographie ist Teil der Ausbildung und f\u00fchrt eine selbstreflexive [&hellip;]<\/p>\n","protected":false},"author":287,"featured_media":0,"parent":0,"menu_order":0,"comment_status":"closed","ping_status":"closed","template":"","meta":{"footnotes":""},"class_list":["post-371","page","type-page","status-publish","hentry"],"_links":{"self":[{"href":"https:\/\/blog.zhdk.ch\/sichtfenster\/wp-json\/wp\/v2\/pages\/371","targetHints":{"allow":["GET"]}}],"collection":[{"href":"https:\/\/blog.zhdk.ch\/sichtfenster\/wp-json\/wp\/v2\/pages"}],"about":[{"href":"https:\/\/blog.zhdk.ch\/sichtfenster\/wp-json\/wp\/v2\/types\/page"}],"author":[{"embeddable":true,"href":"https:\/\/blog.zhdk.ch\/sichtfenster\/wp-json\/wp\/v2\/users\/287"}],"replies":[{"embeddable":true,"href":"https:\/\/blog.zhdk.ch\/sichtfenster\/wp-json\/wp\/v2\/comments?post=371"}],"version-history":[{"count":12,"href":"https:\/\/blog.zhdk.ch\/sichtfenster\/wp-json\/wp\/v2\/pages\/371\/revisions"}],"predecessor-version":[{"id":517,"href":"https:\/\/blog.zhdk.ch\/sichtfenster\/wp-json\/wp\/v2\/pages\/371\/revisions\/517"}],"wp:attachment":[{"href":"https:\/\/blog.zhdk.ch\/sichtfenster\/wp-json\/wp\/v2\/media?parent=371"}],"curies":[{"name":"wp","href":"https:\/\/api.w.org\/{rel}","templated":true}]}}