{"id":677,"date":"2017-06-28T10:29:10","date_gmt":"2017-06-28T08:29:10","guid":{"rendered":"https:\/\/blog.zhdk.ch\/sichtfenster\/?page_id=677"},"modified":"2017-06-28T13:00:14","modified_gmt":"2017-06-28T11:00:14","slug":"mae-fruehling-2017","status":"publish","type":"page","link":"https:\/\/blog.zhdk.ch\/sichtfenster\/mae-fruehling-2017\/","title":{"rendered":"MAE Fr\u00fchling 2017"},"content":{"rendered":"<h3 style=\"text-align: center\">5. Mai \u2013 2. Juni 2017<br \/>\nRaum 4.T48<\/h3>\n<hr \/>\n<p><em>Wie und als was zeigt sich Unterricht? <\/em><\/p>\n<p>In kurzen Episoden verdichten Studierende ihre Unterrichtsbeobachtungen aus Hospitationen am Gymnasium zu bild\u00adhaften Texten. Sie fokussieren auf allt\u00e4gliche Ph\u00e4nomene des Unterrichtsgeschehens, nehmen Gesten, Gespr\u00e4chsfetzen oder Irritationen im Schulzimmer zum Anlass anekdotenhafter Erz\u00e4hlungen. Die Serie dieser ph\u00e4nomenologischen Beschreibungen wird ins Seminar zur\u00fcckspielt und deren gemeinsame Lekt\u00fcre zur Basis f\u00fcr den Erfahrungsaustausch von Unterrichtspraxis. Das Projekt lehnt sich in Ans\u00e4tzen an die Innsbrucker und Brixner Vignettenforschung an.<\/p>\n<p>Im Sichtfenster \u00fcberlagern sich Ausz\u00fcge der Texte in w\u00f6chentlichen Etappen. Die vollst\u00e4ndige Textsammlung ist als Brosch\u00fcre im Sekretariat Art Education erh\u00e4ltlich und auf dem Blog einsehbar.<\/p>\n<hr \/>\n<p><a href=\"https:\/\/blog.zhdk.ch\/sichtfenster\/files\/2017\/06\/mae_fs17_01.jpg\"><img loading=\"lazy\" decoding=\"async\" class=\"aligncenter wp-image-697 size-full\" src=\"https:\/\/blog.zhdk.ch\/sichtfenster\/files\/2017\/06\/mae_fs17_01.jpg\" alt=\"\" width=\"2160\" height=\"1620\" srcset=\"https:\/\/blog.zhdk.ch\/sichtfenster\/files\/2017\/06\/mae_fs17_01.jpg 2160w, https:\/\/blog.zhdk.ch\/sichtfenster\/files\/2017\/06\/mae_fs17_01-300x225.jpg 300w, https:\/\/blog.zhdk.ch\/sichtfenster\/files\/2017\/06\/mae_fs17_01-768x576.jpg 768w, https:\/\/blog.zhdk.ch\/sichtfenster\/files\/2017\/06\/mae_fs17_01-1024x768.jpg 1024w\" sizes=\"auto, (max-width: 2160px) 100vw, 2160px\" \/><\/a><\/p>\n<p><a href=\"https:\/\/blog.zhdk.ch\/sichtfenster\/files\/2017\/06\/mae_fs17_02.jpg\"><img loading=\"lazy\" decoding=\"async\" class=\"aligncenter wp-image-699 size-full\" src=\"https:\/\/blog.zhdk.ch\/sichtfenster\/files\/2017\/06\/mae_fs17_02.jpg\" alt=\"\" width=\"2160\" height=\"1620\" srcset=\"https:\/\/blog.zhdk.ch\/sichtfenster\/files\/2017\/06\/mae_fs17_02.jpg 2160w, https:\/\/blog.zhdk.ch\/sichtfenster\/files\/2017\/06\/mae_fs17_02-300x225.jpg 300w, https:\/\/blog.zhdk.ch\/sichtfenster\/files\/2017\/06\/mae_fs17_02-768x576.jpg 768w, https:\/\/blog.zhdk.ch\/sichtfenster\/files\/2017\/06\/mae_fs17_02-1024x768.jpg 1024w\" sizes=\"auto, (max-width: 2160px) 100vw, 2160px\" \/><\/a><\/p>\n<p><a href=\"https:\/\/blog.zhdk.ch\/sichtfenster\/files\/2017\/06\/mae_fs17_03.jpg\"><img loading=\"lazy\" decoding=\"async\" class=\"aligncenter size-full wp-image-701\" src=\"https:\/\/blog.zhdk.ch\/sichtfenster\/files\/2017\/06\/mae_fs17_03.jpg\" alt=\"\" width=\"2160\" height=\"1620\" srcset=\"https:\/\/blog.zhdk.ch\/sichtfenster\/files\/2017\/06\/mae_fs17_03.jpg 2160w, https:\/\/blog.zhdk.ch\/sichtfenster\/files\/2017\/06\/mae_fs17_03-300x225.jpg 300w, https:\/\/blog.zhdk.ch\/sichtfenster\/files\/2017\/06\/mae_fs17_03-768x576.jpg 768w, https:\/\/blog.zhdk.ch\/sichtfenster\/files\/2017\/06\/mae_fs17_03-1024x768.jpg 1024w\" sizes=\"auto, (max-width: 2160px) 100vw, 2160px\" \/><\/a><\/p>\n<p><a href=\"https:\/\/blog.zhdk.ch\/sichtfenster\/files\/2017\/06\/mae_fs17_04.jpg\"><img loading=\"lazy\" decoding=\"async\" class=\"aligncenter size-full wp-image-703\" src=\"https:\/\/blog.zhdk.ch\/sichtfenster\/files\/2017\/06\/mae_fs17_04.jpg\" alt=\"\" width=\"2160\" height=\"1620\" srcset=\"https:\/\/blog.zhdk.ch\/sichtfenster\/files\/2017\/06\/mae_fs17_04.jpg 2160w, https:\/\/blog.zhdk.ch\/sichtfenster\/files\/2017\/06\/mae_fs17_04-300x225.jpg 300w, https:\/\/blog.zhdk.ch\/sichtfenster\/files\/2017\/06\/mae_fs17_04-768x576.jpg 768w, https:\/\/blog.zhdk.ch\/sichtfenster\/files\/2017\/06\/mae_fs17_04-1024x768.jpg 1024w\" sizes=\"auto, (max-width: 2160px) 100vw, 2160px\" \/><\/a><\/p>\n<p><a href=\"https:\/\/blog.zhdk.ch\/sichtfenster\/files\/2017\/06\/mae_fs17_06.jpg\"><img loading=\"lazy\" decoding=\"async\" class=\"aligncenter size-full wp-image-707\" src=\"https:\/\/blog.zhdk.ch\/sichtfenster\/files\/2017\/06\/mae_fs17_06.jpg\" alt=\"\" width=\"2160\" height=\"1620\" srcset=\"https:\/\/blog.zhdk.ch\/sichtfenster\/files\/2017\/06\/mae_fs17_06.jpg 2160w, https:\/\/blog.zhdk.ch\/sichtfenster\/files\/2017\/06\/mae_fs17_06-300x225.jpg 300w, https:\/\/blog.zhdk.ch\/sichtfenster\/files\/2017\/06\/mae_fs17_06-768x576.jpg 768w, https:\/\/blog.zhdk.ch\/sichtfenster\/files\/2017\/06\/mae_fs17_06-1024x768.jpg 1024w\" sizes=\"auto, (max-width: 2160px) 100vw, 2160px\" \/><\/a><\/p>\n<p><a href=\"https:\/\/blog.zhdk.ch\/sichtfenster\/files\/2017\/06\/mae_fs17_05.jpg\"><img loading=\"lazy\" decoding=\"async\" class=\"aligncenter size-full wp-image-705\" src=\"https:\/\/blog.zhdk.ch\/sichtfenster\/files\/2017\/06\/mae_fs17_05.jpg\" alt=\"\" width=\"2160\" height=\"1620\" srcset=\"https:\/\/blog.zhdk.ch\/sichtfenster\/files\/2017\/06\/mae_fs17_05.jpg 2160w, https:\/\/blog.zhdk.ch\/sichtfenster\/files\/2017\/06\/mae_fs17_05-300x225.jpg 300w, https:\/\/blog.zhdk.ch\/sichtfenster\/files\/2017\/06\/mae_fs17_05-768x576.jpg 768w, https:\/\/blog.zhdk.ch\/sichtfenster\/files\/2017\/06\/mae_fs17_05-1024x768.jpg 1024w\" sizes=\"auto, (max-width: 2160px) 100vw, 2160px\" \/><\/a><\/p>\n<p><a href=\"https:\/\/blog.zhdk.ch\/sichtfenster\/files\/2017\/06\/mae_fs17_07.jpg\"><img loading=\"lazy\" decoding=\"async\" class=\"aligncenter size-full wp-image-713\" src=\"https:\/\/blog.zhdk.ch\/sichtfenster\/files\/2017\/06\/mae_fs17_07.jpg\" alt=\"\" width=\"2160\" height=\"1620\" srcset=\"https:\/\/blog.zhdk.ch\/sichtfenster\/files\/2017\/06\/mae_fs17_07.jpg 2160w, https:\/\/blog.zhdk.ch\/sichtfenster\/files\/2017\/06\/mae_fs17_07-300x225.jpg 300w, https:\/\/blog.zhdk.ch\/sichtfenster\/files\/2017\/06\/mae_fs17_07-768x576.jpg 768w, https:\/\/blog.zhdk.ch\/sichtfenster\/files\/2017\/06\/mae_fs17_07-1024x768.jpg 1024w\" sizes=\"auto, (max-width: 2160px) 100vw, 2160px\" \/><\/a><a href=\"https:\/\/blog.zhdk.ch\/sichtfenster\/files\/2017\/06\/mae_fs17_08.jpg\"><img loading=\"lazy\" decoding=\"async\" class=\"aligncenter size-full wp-image-717\" src=\"https:\/\/blog.zhdk.ch\/sichtfenster\/files\/2017\/06\/mae_fs17_08.jpg\" alt=\"\" width=\"2160\" height=\"1620\" srcset=\"https:\/\/blog.zhdk.ch\/sichtfenster\/files\/2017\/06\/mae_fs17_08.jpg 2160w, https:\/\/blog.zhdk.ch\/sichtfenster\/files\/2017\/06\/mae_fs17_08-300x225.jpg 300w, https:\/\/blog.zhdk.ch\/sichtfenster\/files\/2017\/06\/mae_fs17_08-768x576.jpg 768w, https:\/\/blog.zhdk.ch\/sichtfenster\/files\/2017\/06\/mae_fs17_08-1024x768.jpg 1024w\" sizes=\"auto, (max-width: 2160px) 100vw, 2160px\" \/><\/a><\/p>\n<hr \/>\n<div><\/div>\n<div><b>Konzept und Realisation:<\/b><br \/>\nPiero Glina, Judit Villiger, Margot Zanni<br \/>\nStudierende der Vertiefung Kunstp\u00e4dagogik<\/div>\n","protected":false},"excerpt":{"rendered":"<p>5. Mai \u2013 2. Juni 2017 Raum 4.T48 Wie und als was zeigt sich Unterricht? In kurzen Episoden verdichten Studierende ihre Unterrichtsbeobachtungen aus Hospitationen am Gymnasium zu bild\u00adhaften Texten. Sie fokussieren auf allt\u00e4gliche Ph\u00e4nomene des Unterrichtsgeschehens, nehmen Gesten, Gespr\u00e4chsfetzen oder Irritationen im Schulzimmer zum Anlass anekdotenhafter Erz\u00e4hlungen. Die Serie dieser ph\u00e4nomenologischen Beschreibungen wird ins Seminar [&hellip;]<\/p>\n","protected":false},"author":287,"featured_media":0,"parent":0,"menu_order":0,"comment_status":"closed","ping_status":"closed","template":"","meta":{"footnotes":""},"class_list":["post-677","page","type-page","status-publish","hentry"],"_links":{"self":[{"href":"https:\/\/blog.zhdk.ch\/sichtfenster\/wp-json\/wp\/v2\/pages\/677","targetHints":{"allow":["GET"]}}],"collection":[{"href":"https:\/\/blog.zhdk.ch\/sichtfenster\/wp-json\/wp\/v2\/pages"}],"about":[{"href":"https:\/\/blog.zhdk.ch\/sichtfenster\/wp-json\/wp\/v2\/types\/page"}],"author":[{"embeddable":true,"href":"https:\/\/blog.zhdk.ch\/sichtfenster\/wp-json\/wp\/v2\/users\/287"}],"replies":[{"embeddable":true,"href":"https:\/\/blog.zhdk.ch\/sichtfenster\/wp-json\/wp\/v2\/comments?post=677"}],"version-history":[{"count":12,"href":"https:\/\/blog.zhdk.ch\/sichtfenster\/wp-json\/wp\/v2\/pages\/677\/revisions"}],"predecessor-version":[{"id":721,"href":"https:\/\/blog.zhdk.ch\/sichtfenster\/wp-json\/wp\/v2\/pages\/677\/revisions\/721"}],"wp:attachment":[{"href":"https:\/\/blog.zhdk.ch\/sichtfenster\/wp-json\/wp\/v2\/media?parent=677"}],"curies":[{"name":"wp","href":"https:\/\/api.w.org\/{rel}","templated":true}]}}