{"id":103,"date":"2013-07-04T07:02:12","date_gmt":"2013-07-04T07:02:12","guid":{"rendered":"https:\/\/blog.zhdk.ch\/sigridschade\/?page_id=103"},"modified":"2014-01-26T14:57:35","modified_gmt":"2014-01-26T14:57:35","slug":"beratergremien-und-jurys","status":"publish","type":"page","link":"https:\/\/blog.zhdk.ch\/sigridschade\/beratergremien-und-jurys\/","title":{"rendered":"Beratergremien und Jurys"},"content":{"rendered":"<p><strong>2012<\/strong><br \/>\nMtglied der Expertenkommission zur Erstellung eines inhaltlichen Konzeptes f\u00fcr den Fachbereich Kunstwissenschaft an\u00a0der Katholischen Privatuniversit\u00e4t Linz<\/p>\n<p><strong>2007 -2010<\/strong><br \/>\nMitglied des Hochschulrats der Muthesius-Kunsthochschule Kiel<\/p>\n<p><strong>seit 2005<\/strong><br \/>\nMitglied der Jury &#8222;F\u00f6rderpreis Kunstwissenschaft&#8220; der Alfred-Richterich-Stiftung, Schweizerisches Institut f\u00fcr Kunstwissenschaft Z\u00fcrich.<\/p>\n<p><strong>2000 &#8211; 2001<\/strong><br \/>\nVorsitzende der Externen Expertenkommission zur Studien- und Strukturreform<br \/>\nder Hochschule f\u00fcr bildende K\u00fcnste, Hamburg, Abgabe der Expertise: Dez. 2001<\/p>\n<p><strong>1999 &#8211; 2001<\/strong><br \/>\nMitglied des Landesbeirats der Freien Hansestadt Bremen f\u00fcr Kunst im \u00d6ffentlichen Raum.<\/p>\n<p><strong>1999<\/strong><br \/>\nAdvisory Editor der new Thames and Hudson Encyclopaedia of Art.<\/p>\n<p><strong>1998 &#8211; 2002<\/strong><br \/>\nMitglied der Auswahlkommission f\u00fcr den F\u00f6rderpreis f\u00fcr bildende Kunst der Freien Hansestadt Bremen<\/p>\n<p><strong>1995 &#8211; 1998<\/strong><br \/>\nMitglied des Advisory Board des O.K. Centrums f\u00fcr Gegenwartskunst, Linz, \u00d6sterrreich<\/p>\n<p><strong>1993 &#8211; 1999<\/strong><br \/>\nMitglied des International Advisory Board der Zeitschrift &#8222;Art History&#8220;.<\/p>\n","protected":false},"excerpt":{"rendered":"<p>2012 Mtglied der Expertenkommission zur Erstellung eines inhaltlichen Konzeptes f\u00fcr den Fachbereich Kunstwissenschaft an\u00a0der Katholischen Privatuniversit\u00e4t Linz 2007 -2010 Mitglied des Hochschulrats der Muthesius-Kunsthochschule Kiel seit 2005 Mitglied der Jury &#8222;F\u00f6rderpreis Kunstwissenschaft&#8220; der Alfred-Richterich-Stiftung, Schweizerisches Institut f\u00fcr Kunstwissenschaft Z\u00fcrich. 2000 &#8211; 2001 Vorsitzende der Externen Expertenkommission zur Studien- und Strukturreform der Hochschule f\u00fcr bildende K\u00fcnste, [&hellip;]<\/p>\n","protected":false},"author":1571,"featured_media":0,"parent":0,"menu_order":9,"comment_status":"closed","ping_status":"open","template":"","meta":{"footnotes":""},"class_list":["post-103","page","type-page","status-publish","hentry"],"_links":{"self":[{"href":"https:\/\/blog.zhdk.ch\/sigridschade\/wp-json\/wp\/v2\/pages\/103","targetHints":{"allow":["GET"]}}],"collection":[{"href":"https:\/\/blog.zhdk.ch\/sigridschade\/wp-json\/wp\/v2\/pages"}],"about":[{"href":"https:\/\/blog.zhdk.ch\/sigridschade\/wp-json\/wp\/v2\/types\/page"}],"author":[{"embeddable":true,"href":"https:\/\/blog.zhdk.ch\/sigridschade\/wp-json\/wp\/v2\/users\/1571"}],"replies":[{"embeddable":true,"href":"https:\/\/blog.zhdk.ch\/sigridschade\/wp-json\/wp\/v2\/comments?post=103"}],"version-history":[{"count":9,"href":"https:\/\/blog.zhdk.ch\/sigridschade\/wp-json\/wp\/v2\/pages\/103\/revisions"}],"predecessor-version":[{"id":609,"href":"https:\/\/blog.zhdk.ch\/sigridschade\/wp-json\/wp\/v2\/pages\/103\/revisions\/609"}],"wp:attachment":[{"href":"https:\/\/blog.zhdk.ch\/sigridschade\/wp-json\/wp\/v2\/media?parent=103"}],"curies":[{"name":"wp","href":"https:\/\/api.w.org\/{rel}","templated":true}]}}