{"id":119,"date":"2013-07-04T07:08:06","date_gmt":"2013-07-04T07:08:06","guid":{"rendered":"https:\/\/blog.zhdk.ch\/sigridschade\/?page_id=119"},"modified":"2016-02-17T17:51:18","modified_gmt":"2016-02-17T17:51:18","slug":"119-2","status":"publish","type":"page","link":"https:\/\/blog.zhdk.ch\/sigridschade\/119-2\/","title":{"rendered":"Kongress-Organisation"},"content":{"rendered":"<h3><strong>2015<\/strong><\/h3>\n<p>Mitveranstalterin der Internationalen Tagung <em><strong>\u201ePerformance Kunst in der Schweiz, Erinnern und Aufzeichnen 1987-2006<\/strong><\/em>, 14. 11. 2015 Unternehmen Mitte Basel, Performance Chronik Basel \u2013 Teil 2 in Kooperation mit Master of Arts in Fine Arts \u2013 Art in Public Spheres &amp; Art Teaching, HSLU \u2013 D&amp;K, Luzern, Institute for Cultural Studies in the Arts, ZHdK, Z\u00fcrich, Institut \u00c4sthetische Praxis und Theorie FHNW\/HGK\/IAP, Basel, Institut Kunst, FHNW\/HGK, Basel<\/p>\n<h3><strong>2012<\/strong><\/h3>\n<p>&#8222;<em><strong>Constructions of Cultural Identities in Newsreel Cinema and Television after 1945&#8243;<\/strong><\/em> 22-24 novembre 2012, Universit\u00e9 de Lausanne,\u00a0cooperational Research Project SNF Imesch-Oechslin (UNIL) \/ Schade (ICS\/ZHdK)<\/p>\n<h3><strong>2011<\/strong><\/h3>\n<p><em><strong>&#8222;aux \u00e9coutes des images<\/strong><\/em>. <em><strong>Aktuelle Zug\u00e4nge zu audiovisuellen Produktionsformen und k\u00fcnstlerischen Arbeiten \u201ezwischen Sehen und H\u00f6ren\u201c<br \/>\n<\/strong><\/em>Symposium, Freitag 2. Dezember 2011, ICS in Kooperation mit dem\u00a0 Museum Tinguely, Paul Sacher-Anlage 2, 4002 Basel.<\/p>\n<p><em>&#8222;<strong>Recollecting the Act Zur Tradierung von Performancekunst<\/strong><\/em>&#8222;, Transdisziplin\u00e4res Symposium im Rahmen des SNF-DORE-Projekts<strong> archiv performativ<\/strong>, Donnerstag, 6. bis Samstag, 8. Oktober 2011, ICS in Kooperation mit der Kaserne Basel.<\/p>\n<p>&#8222;<em><strong>Rethinking Needlework. Diskursive F\u00e4den in aktuellen Kunst- und Designproduktionen<\/strong><\/em>&#8220; Eine Veranstaltung des Museum Bellerive in Zusammenarbeit mit dem Institute for Cultural Studies in the Arts ICS der ZHDK, Konzept: Sigrid Adorf, Marion Strunk, Eva Afuhs, TanjaTrampe, M\u00f2nica Gaspar, Sigrid Schade. 20. Mai 2011<\/p>\n<h3><strong><br \/>\n2010<\/strong><\/h3>\n<p>Sigrid Schade, Sigrid Adorf und Sabine Gebhardt Fink: Konzeption des Panels <strong>&#8222;<em>Affekt in Kunst und visueller Kultu<\/em>r<\/strong>&#8222;, Erster Schweizerischer Kongress f\u00fcr Kunstgeschichte, VKKS, Universit\u00e4t Bern, 2. \u2013 4. September 2010<\/p>\n<p><strong><em>CREATING BELONGING in Immigrant Cities. K\u00fcnstlerische Arbeit und Konstruktionen von Zugeh\u00f6rigkeit in Projekten mit MigrantInnen<\/em><\/strong>, ICS, ZHdK 7. Mai ab 12.00<\/p>\n<h3><strong><br \/>\n2009<\/strong><\/h3>\n<p><strong><em>Diskriminierung. Wahrnehmung und Unterbrechung, e<\/em><\/strong>ine Tagung des ICS, des IAE und des ZKR, 27. Februar 2009<\/p>\n<h3><strong><br \/>\n2008<\/strong><\/h3>\n<p><em><strong>Swiss artists-in-labs KONFERENZ.\u00a0<\/strong><\/em> <em><strong>TRESPASSING ALLOWED \u2013 KUNST IM LABOR<\/strong><\/em><\/p>\n<p>Die Kunstschaffenden und WissenschaftlerInnen des Swiss artists-in-labs Programms 2008\/2009 pr\u00e4sentieren ihre Projekte. Informationen: www.artistsinlabs.ch<\/p>\n<p><em><strong>Art in a Multicultural Society. <\/strong><\/em>I<em><strong>ntegrationskonzepte im Kulturvergleich Niederlande \u2013 Schweiz <\/strong><\/em><\/p>\n<p>Eine Veranstaltung\u00a0der Stiftung Dutchartdesk.ch\u00a0und der Z\u00fcrcher Hochschule der K\u00fcnste &#8211; Institute for Cultural Studies in the Arts und Institute for Art Education, Departement Kulturanalysen\u00a0und -Vermittlung<\/p>\n<h3><strong>2007<\/strong><\/h3>\n<p><em><strong>Re-Visionen des Displays<\/strong><\/em>. <em><strong>Ausstellungs-Szenarien, ihre Lekt\u00fcren und ihr Publikum<\/strong><\/em><br \/>\nInternationales Symposium des Instituts Cultural Studies in Art, Media and Design und des Postgraduate Programs in Curating an der hgkz in Kooperation mit dem Migros Museum. Konzept und Organisation: Jennifer John, Dorothee Richter, Sigrid Schade, 28., 29. und 30. Juni 2007, migros museum Z\u00fcrich.<\/p>\n<p><strong><em>Unstete Staffelungen. Geschlechtliche Konstruktionen von Kunst,\u00a0 Geschichte und Handwerk<\/em><\/strong>, zusammen mit Jennifer John (Konzept).\u00a0 Tagung des ICS in Kooperation mit dem Museum f\u00fcr Gestaltung Z\u00fcrich anl\u00e4sslich der Ausstellung \u00abSophie Taeuber-Arp. Gestalterin, Architektin,\u00a0 T\u00e4nzerin\u00bb (22. Februar \u2013 20. Mai 2007), Freitag, 11. Mai 2007, Museum Bellerive und Vortragsaal HGKZ.<\/p>\n<h3><strong>2006<\/strong><\/h3>\n<p><em><strong>&#8222;Is it now?\u201c \u2013 Gegenwart in den K\u00fcnsten<\/strong><\/em>, Internationales interdisziplin\u00e4res Symposium des ICS, Konzeption Sigrid Adorf, Sabine Gebhardt Fink, Sigrid Schade, Steffen Schmidt, 11.\/12. Juli 2006 Toni-Areal Z\u00fcrich<\/p>\n<h3><strong>2005<\/strong><\/h3>\n<p><em><strong>Inscriptions\/Transgressions. Kunstgeschichte und Gender Studies<\/strong><\/em> Mus\u00e9e cantonal des beaux-arts Lausanne, Aula du Palais de Rumine Konzept\/Organisation: PD Dr. Kornelia Imesch, Jennifer John MA, Dr. des. Daniela Mondini, Prof. Dr. Sigrid Schade, Nicole Schweizer MA, Tagung der Vereinigung Kunsthistorikerinnen und Kunsthistoriker der Schweiz (VKKS\/ASHHA) in Zusammenarbeit mit dem ICS, HGKZ sowie dem Schweizerischen Institut f\u00fcr Kunstwissenschaft in Z\u00fcrich\/Lausanne (SIK) und dem Mus\u00e9e cantonal des beaux-arts in Lausanne.<\/p>\n<p><em><strong>Was ist eine Ausstellung- What is an Exhibition?<\/strong><\/em> Symposium des ICS, Forschungsprojekt Ausstellungs-Displays in Kooperation mit dem O.K. Centrum f\u00fcr Gegenwartskunst Linz, Ober\u00f6sterreich.<\/p>\n<p><em><strong>WissensBilder. Aesthetische Strategien in den Wissenschaften<\/strong><\/em>, Symposium des ICS und ith, HGKZ in Zusammenarbeit mit Science et Cit\u00e9, Schweiz.<\/p>\n<h3><strong><br \/>\n2004<\/strong><\/h3>\n<p><em><strong>Zur Wiederkehr des Ornaments<\/strong><\/em>, Symposium des ICS, HGKZ.<\/p>\n<p><em><strong>Bilder. Positionen. Was heisst ver\u00e4ndern?<\/strong><\/em> ICS Hochschule f\u00fcr Gestaltung und Kunst Z\u00fcrich, in Kooperation mit dem NDS Cultural and Gender Studies, ICS, HGKZ.<\/p>\n<h3><strong>2003<\/strong><\/h3>\n<p><strong><em>Unterschiede. Unterscheiden. Zur Interferenz von Gender und Kulturen<\/em><\/strong>,\u00a0 ICS z. m. NGS, Hochschule f\u00fcr Gestaltung und Kunst Z\u00fcrich.<\/p>\n<p><strong><em>Nomadic Transitions, Thinking about Art<\/em><\/strong>, ICS Hochschule f\u00fcr Gestaltung und Kunst Z\u00fcrich, z. m Dr. Jill Scott; Kooperation m. University of Plymouth.<\/p>\n<p><strong><em>Buch \/ Medium \/ Fotografie<\/em><\/strong> anl\u00e4sslich der Ausstellung <strong><em>&#8222;ars photographica&#8220;<\/em><\/strong> im Neuen Museum Weserburg Bremen. Studienzentrum f\u00fcr K\u00fcnstlerpublikationen, Bremen. Konzeption: Prof. Dr. Sigrid Schade und Dr. Anne Thurmann-Jajes<\/p>\n<h3><strong>2002<\/strong><\/h3>\n<p><strong><em>SchnittStellen. 1. Basler Kongress f\u00fcr Medienwissenschaft<\/em><\/strong>, ICS z. m. Prof. Dr. G. C. Tholen, Institut f\u00fcr Medienwissenschaften, Universit\u00e4t Basel<\/p>\n<h3><\/h3>\n<h3><strong>2001<\/strong><\/h3>\n<p><strong><em>K\u00fcnstlerpublikationen. Ein Genre und seine Erschlie\u00dfung in Bibliotheken, Museen und Sammlungen<\/em><\/strong>, Internationale Tagung, anl\u00e4sslich der Ausstellung <em><br \/>\nOut of Print<\/em>, Studienzentrum f\u00fcr K\u00fcnstlerpublikationen, Bremen, z. m.\u00a0 Dr. Anne Thurmann &#8211; Jajes.<\/p>\n<h3><strong>2000<\/strong><\/h3>\n<p>Pr\u00e4sidentin z. m. Prof. Dr. Marcia Pointon, Manchester, Section &#8222;Mediating Generation&#8220; of the Thirtieth International Congress of History of Art on &#8222;Time&#8220; in London 2000 (CIHA).<\/p>\n<h3><strong><br \/>\n1999<\/strong><\/h3>\n<p>3rd Colloquium of the Anglo-German-Research-Group on Gender and Representation <em>Home &#8211; <strong>Not Home. Differentiation of Spaces<\/strong><\/em> mit Anthea Callen and Marcia Pointon, Lincoln Campus, Montfort University, England.<\/p>\n<h3><strong><br \/>\n1998<\/strong><\/h3>\n<p>Symposium <strong><em>Das Kunstmuseum und die Neuen Medien<\/em><\/strong>, zusammen mit\u00a0 Dr. Guido Boulboull\u00e9 in Kooperation mit der Kunsthalle Bremen.<\/p>\n<h3><strong><br \/>\n1997<\/strong><\/h3>\n<p>Internationaler Kongress <strong><em>Konfigurationen. Zwischen Kunst und Medien <\/em><\/strong>\u00a0in Kassel. In Kooperation mit der documenta X, zusammen mit\u00a0 PD. Dr. G. C. Tholen, Universit\u00e4t Kassel.<\/p>\n<h3><strong>1996<\/strong><\/h3>\n<p>Symposium <em>Kunstraub und Beutekunst. <strong>Zur symbolischen Zirkulation\u00a0 von Kunst- und Kulturobjekten<\/strong><\/em>, Universit\u00e4t Bremen im Kontext der Ausstellung:<br \/>\nVera Frenkel &#8222;Body Missing&#8220; in Kooperation mit der Gesellschaft f\u00fcr\u00a0 Aktuelle Kunst, Bremen.<\/p>\n<h3><strong><br \/>\n1995<\/strong><\/h3>\n<p>Kolloquium <strong><em>Kunst und Neue Medien<\/em><\/strong>, Universit\u00e4t Bremen zusammen mit\u00a0 Dr. Guido Boulboull\u00e9 im Kontext der Ausstellung RAM in Kooperation\u00a0 mit dem Neuen Museum Weserburg Bremen.<\/p>\n<h3><strong><br \/>\n1994<\/strong><\/h3>\n<p>2nd Colloquium of the\u00a0 Anglo-German-Research-Group on Gender\u00a0 and Representation: <strong><em>Identities<\/em><\/strong>, Universit\u00e4t Bremen Bremen with\u00a0 Prof. Dr. Marcia Pointon, Manchester.<\/p>\n<h3><strong><br \/>\n1991 &#8211; 1993<\/strong><\/h3>\n<p>Koordination als Wissenschaftliche Mitarbeiterin am Kulturwissenschaftlichen Institut\u00a0 Essen:<\/p>\n<ul>\n<li>Symposium <strong><em>&#8222;Bildged\u00e4chtnis<\/em>&#8222;<\/strong> (1993, Organisation)<\/li>\n<li>Kolloquium <strong><em>&#8222;Fatal Histories<\/em>&#8222;<\/strong> (1992, Organisation)<\/li>\n<li>Symposium <strong><em>Antisemitismus und Geschlechterdifferenz<\/em><\/strong><br \/>\n(1992, Organisation)<\/li>\n<li>Symposium <strong><em>Das Geschlecht der Allegorien<\/em><\/strong><br \/>\n(1991, Konzept und Organisation)<\/li>\n<li>Symposium <strong><em>Korrespondenzen zwischen kritischer Theorie und\u00a0 Poststrukturalismus<\/em><\/strong> (1991, Mitarbeit am Konzept und Organisation)<\/li>\n<\/ul>\n<h3><strong><br \/>\n1992<\/strong><\/h3>\n<p>1st Colloquium of the &#8222;Anglo-German-Research-Group on Gender and Representation&#8220;: <em>Boundaries,<\/em> Goethe Institute London (Chair: Prof. Dr. Sigrid Schade, Prof. Dr. Marcia Pointon, Manchester) with Marcia Pointon<\/p>\n<h3><strong><br \/>\n1986<\/strong><\/h3>\n<p>Vierte Kunsthistorikerinnen-Tagung in Berlin, Technische Universit\u00e4t Berlin, in Kooperation mit Dr. Silke Wenk, Hochschule der K\u00fcnste Berlin et al.<\/p>\n","protected":false},"excerpt":{"rendered":"<p>2015 Mitveranstalterin der Internationalen Tagung \u201ePerformance Kunst in der Schweiz, Erinnern und Aufzeichnen 1987-2006, 14. 11. 2015 Unternehmen Mitte Basel, Performance Chronik Basel \u2013 Teil 2 in Kooperation mit Master of Arts in Fine Arts \u2013 Art in Public Spheres &amp; Art Teaching, HSLU \u2013 D&amp;K, Luzern, Institute for Cultural Studies in the Arts, ZHdK, [&hellip;]<\/p>\n","protected":false},"author":1571,"featured_media":0,"parent":0,"menu_order":11,"comment_status":"closed","ping_status":"open","template":"","meta":{"footnotes":""},"class_list":["post-119","page","type-page","status-publish","hentry"],"_links":{"self":[{"href":"https:\/\/blog.zhdk.ch\/sigridschade\/wp-json\/wp\/v2\/pages\/119","targetHints":{"allow":["GET"]}}],"collection":[{"href":"https:\/\/blog.zhdk.ch\/sigridschade\/wp-json\/wp\/v2\/pages"}],"about":[{"href":"https:\/\/blog.zhdk.ch\/sigridschade\/wp-json\/wp\/v2\/types\/page"}],"author":[{"embeddable":true,"href":"https:\/\/blog.zhdk.ch\/sigridschade\/wp-json\/wp\/v2\/users\/1571"}],"replies":[{"embeddable":true,"href":"https:\/\/blog.zhdk.ch\/sigridschade\/wp-json\/wp\/v2\/comments?post=119"}],"version-history":[{"count":20,"href":"https:\/\/blog.zhdk.ch\/sigridschade\/wp-json\/wp\/v2\/pages\/119\/revisions"}],"predecessor-version":[{"id":721,"href":"https:\/\/blog.zhdk.ch\/sigridschade\/wp-json\/wp\/v2\/pages\/119\/revisions\/721"}],"wp:attachment":[{"href":"https:\/\/blog.zhdk.ch\/sigridschade\/wp-json\/wp\/v2\/media?parent=119"}],"curies":[{"name":"wp","href":"https:\/\/api.w.org\/{rel}","templated":true}]}}