{"id":141,"date":"2013-07-04T07:20:43","date_gmt":"2013-07-04T07:20:43","guid":{"rendered":"https:\/\/blog.zhdk.ch\/sigridschade\/?page_id=141"},"modified":"2013-07-30T09:46:00","modified_gmt":"2013-07-30T09:46:00","slug":"lehrveranstaltungen","status":"publish","type":"page","link":"https:\/\/blog.zhdk.ch\/sigridschade\/lehrveranstaltungen\/","title":{"rendered":"Lehrveranstaltungen"},"content":{"rendered":"<p>V=Vorlesung<br \/>\nE=Einf\u00fchrungsseminar<br \/>\nS=Seminar oder Hauptseminar<br \/>\nK=Kolloquium<\/p>\n<h3>Allgemeine, \u00dcberblicks- und Theorieveranstaltungen<\/h3>\n<ul>\n<li>History of European Architecture (V)<\/li>\n<li>Methods of Analysis and Interpretation of Art (E)<\/li>\n<li>Einf\u00fchrung in die Kunstwissenschaft (E)<\/li>\n<li>Einf\u00fchrung in die Kunstp\u00e4dagogik (E)<\/li>\n<li>Einf\u00fchrung in die Kulturwissenschaft (E)<\/li>\n<li>Einf\u00fchrung in die feministische Kunstgeschichtsforschung (E)<\/li>\n<li>Hierarchien k\u00fcnstlerischer Gattungen und Geschlechterdifferenz (S)<\/li>\n<li>Methoden kunst- und kulturwissenschaftlicher Geschlechterforschung (K)<\/li>\n<li>Kunst und Psychoanalyse I: Blicktheorien und ihre Relevanz in Film<br \/>\nund Bildsemiotik (S)<\/li>\n<li>Kunst und Psychoanalyse II: Das Unheimliche als\u00a0 psychoanalytische<br \/>\nund \u00e4sthetische Kategorie, (mit Exkursion zur Ausstellung<br \/>\n&#8222;Phantasma und Phantome. Gestalten des\u00a0 Unheimlichen in\u00a0 Kunst<br \/>\nund Psychoanalyse, Linz) (S)<\/li>\n<li>Film, Bild und Politik, Projektplenum (S)<\/li>\n<li>Sch\u00f6pfermythen in der bildenden Kunst (S)<\/li>\n<li>Bild- und Textlekt\u00fcren. Methodische Probleme zwischen linguistic<br \/>\nund iconic turn (S)<\/li>\n<li>Zur Beredsamkeit des Leibes. Zum Einsatz von K\u00f6rpersprachen<br \/>\nin Kunst\u00a0 und Fotografie vom 15. &#8211; 20 Jahrhundert (S u.V)<\/li>\n<li>Zwischen Kolonialismus und Globalisierung: Zur Problematik des Konzeptes von\u00a0\u00a0&#8222;Weltkunst&#8220; in der Kunstgeschichte seit dem 19. Jh. (S)<\/li>\n<\/ul>\n<h3>Renaissance &#8211; 19. Jahrhundert<\/h3>\n<ul>\n<li>Motive der Verkehrten Welt in Sp\u00e4tmittelalter und Fr\u00fcher Neuzeit (S)<\/li>\n<li>Der weibliche Akt. Zur Konstituierung des voyeuristischen Blicks (S)<\/li>\n<li>Zwischen Anatomie und Kunst: Zeichnungen und Druckgraphik der Renaissance (S)<\/li>\n<li>Raumkonzeptionen der fr\u00fchen Neuzeit (S)<\/li>\n<li>Hexendarstellungen der fr\u00fchen Neuzeit (S)<\/li>\n<li>Die Kunst- und Wunderkammern der fr\u00fchen Neuzeit. (S)<\/li>\n<li>Museumsgeschichte als Sammlungsgeschichte am Beispiel der Kasseler Museen (S)<\/li>\n<li>Zeichen von Besessenheit. Zur Darstellung von\u00a0 Besessenen vom<br \/>\n14. &#8211; 19. Jahrhundert (S u. V)<\/li>\n<li>Goya &#8211; ein Existenzialist avant la lettre (S)<\/li>\n<li>Die Salonmalerei im 19. Jahrhundert (S)<\/li>\n<\/ul>\n<h3>Moderne<\/h3>\n<ul>\n<li>Der weibliche Akt im 20. Jahrhundert (S u. V)<\/li>\n<li>Das Fragment in der Kunst des 20. Jahrhunderts (S)<\/li>\n<li>Die andere H\u00e4lfte der Avantgarde. K\u00fcnstlerinnen des 20. Jahrhunderts (S)<\/li>\n<li>Das Bauhaus (S)<\/li>\n<li>Kunst im Dritten Reich (S)<\/li>\n<li>Kunsthandwerk und Bildende Kunst im 19. und 20. Jahrhundert (S)<\/li>\n<li>Abstrakte Malerei und ihre theoretische Begr\u00fcndung 1910 bis 1930 (S)<\/li>\n<li>Schriftbilder in der Kunst des 20. Jahrhundert (S)<\/li>\n<li>Wahrnehmung und Zeit als Problem der Moderne (S)<\/li>\n<li>Spurensicherung: Wechselwirkungen zwischen Fotografie und Bildender Kunst (S)<\/li>\n<li>K\u00fcnstlerb\u00fccher des 20. Jahrhunderts (S)<\/li>\n<li>Projektplenum im Rahmen des Projekts &#8222;Text und Bild&#8220; (S)<\/li>\n<\/ul>\n<h3>Aktuelle Kunst<\/h3>\n<ul>\n<li>Kunstpolitik und Kunsttheorie in Westdeutschland nach 1945 (S)<\/li>\n<li>Kunst und Kunstpolitik der DDR (S)<\/li>\n<li>Kunst und Neue Medien (S)<\/li>\n<li>documenta VII, 1987 (S)<\/li>\n<li>K\u00f6rperkonzepte zeitgen\u00f6ssischer K\u00fcnstler und K\u00fcnstlerinnen (S u. V)<\/li>\n<li>Zur Geschichte der Videokunst I u. II (S)<\/li>\n<li>Video &#8211; ein neues Medium k\u00fcnstlerischer Praxis, Projektplenum (S)<\/li>\n<li>Zur Diskursgeschichte der documenta in Kassel (S)<\/li>\n<li>Zum Interesse aktueller K\u00fcnstlerInnen an surrealistischen Bild- und Medienkonzepten (S)<\/li>\n<li>Zur Entstehung des K\u00fcnstlerbuchs in den 60er Jahren (S)<\/li>\n<li>Kunstmuseen im Internet (S)<\/li>\n<li>K\u00fcnstlerische Projekte im WWW (S)<\/li>\n<li>Projektplenum im Rahmen des Projekts &#8222;Illusion &amp; Interface&#8220; (S)<\/li>\n<li>Art, Media and Design in Cultural Studies \u2013 zur Reflexion der Cultural\u00a0 Debate and Culture Wars in Arbeiten zeitgen\u00f6ssischer\u00a0 K\u00fcnstlerInnen (S)<\/li>\n<li>Familienfotografie ausstellen<\/li>\n<\/ul>\n","protected":false},"excerpt":{"rendered":"<p>V=Vorlesung E=Einf\u00fchrungsseminar S=Seminar oder Hauptseminar K=Kolloquium Allgemeine, \u00dcberblicks- und Theorieveranstaltungen History of European Architecture (V) Methods of Analysis and Interpretation of Art (E) Einf\u00fchrung in die Kunstwissenschaft (E) Einf\u00fchrung in die Kunstp\u00e4dagogik (E) Einf\u00fchrung in die Kulturwissenschaft (E) Einf\u00fchrung in die feministische Kunstgeschichtsforschung (E) Hierarchien k\u00fcnstlerischer Gattungen und Geschlechterdifferenz (S) Methoden kunst- und kulturwissenschaftlicher Geschlechterforschung [&hellip;]<\/p>\n","protected":false},"author":1571,"featured_media":0,"parent":0,"menu_order":5,"comment_status":"closed","ping_status":"open","template":"","meta":{"footnotes":""},"class_list":["post-141","page","type-page","status-publish","hentry"],"_links":{"self":[{"href":"https:\/\/blog.zhdk.ch\/sigridschade\/wp-json\/wp\/v2\/pages\/141","targetHints":{"allow":["GET"]}}],"collection":[{"href":"https:\/\/blog.zhdk.ch\/sigridschade\/wp-json\/wp\/v2\/pages"}],"about":[{"href":"https:\/\/blog.zhdk.ch\/sigridschade\/wp-json\/wp\/v2\/types\/page"}],"author":[{"embeddable":true,"href":"https:\/\/blog.zhdk.ch\/sigridschade\/wp-json\/wp\/v2\/users\/1571"}],"replies":[{"embeddable":true,"href":"https:\/\/blog.zhdk.ch\/sigridschade\/wp-json\/wp\/v2\/comments?post=141"}],"version-history":[{"count":8,"href":"https:\/\/blog.zhdk.ch\/sigridschade\/wp-json\/wp\/v2\/pages\/141\/revisions"}],"predecessor-version":[{"id":147,"href":"https:\/\/blog.zhdk.ch\/sigridschade\/wp-json\/wp\/v2\/pages\/141\/revisions\/147"}],"wp:attachment":[{"href":"https:\/\/blog.zhdk.ch\/sigridschade\/wp-json\/wp\/v2\/media?parent=141"}],"curies":[{"name":"wp","href":"https:\/\/api.w.org\/{rel}","templated":true}]}}