{"id":159,"date":"2013-07-04T08:14:36","date_gmt":"2013-07-04T08:14:36","guid":{"rendered":"https:\/\/blog.zhdk.ch\/sigridschade\/?page_id=159"},"modified":"2025-12-02T06:48:55","modified_gmt":"2025-12-02T06:48:55","slug":"aktuelles","status":"publish","type":"page","link":"https:\/\/blog.zhdk.ch\/sigridschade\/aktuelles\/","title":{"rendered":"Aktuelles"},"content":{"rendered":"<h4>Seit dem 1. Mai 2019 ist Sigrid Schade pensioniert.<\/h4>\n<h3>Veranstaltungen:<\/h3>\n<p class=\"uagb-heading-text\">Donnerstag, 04.12.2025, 18 Uhr:<\/p>\n<p class=\"uagb-heading-text\">In der Ausstellung <strong>&#8222;Golden Notebooks | Frauen in Kunst und Kunstwissenschaft&#8220;<\/strong> , Galerie Pankow, Berlin<\/p>\n<p class=\"uagb-heading-text\">Katalogpr\u00e4sentation der Kuratorinnen Annette Tietz und Angela Lammert.<\/p>\n<p class=\"uagb-heading-text\">Diskussion mit den Kunsthistorikerinnen Irene D\u00f6lling, Annette Dorgerloh, Ada Raev, Angelika Richter, Sigrid Schade und Silke Wenk<\/p>\n<p class=\"uagb-heading-text\"><a href=\"https:\/\/galerie-pankow.de\/veranstaltungen\/golden-notebooks-frauen-in-kunst-und-kunstwissenschaft\/\">https:\/\/galerie-pankow.de\/veranstaltungen\/golden-notebooks-frauen-in-kunst-und-kunstwissenschaft\/<\/a><\/p>\n<h3>Neuerscheinungen:<\/h3>\n<ul>\n<li>Medea Hoch, Walburga Krupp, Sigrid Schade (Hg): <strong>Sophie Taeuber-Arp, Briefe 1905\u20131942<\/strong>, 3 B\u00e4nde, Nimbus. Kunst und B\u00fccher, W\u00e4denswil 2021<\/li>\n<\/ul>\n<p><span style=\"color: #ff0000\">Die Edition der Briefe von Sophie Taeuber-Arp wurde vom Bundesamt f\u00fcr Kultur in Bern in die<br \/>\nAuswahl der &#8222;Sch\u00f6nsten Schweizer B\u00fccher 2021&#8220; aufgenommen. Die Ausstellung \u00abDie sch\u00f6nsten<br \/>\nSchweizer B\u00fccher 2021\u00bb wird vom 23. bis 26. Juni 2022 im Helmhaus in Z\u00fcrich u. a. zu sehen sein. Gestalterb\u00fcro: Hubertus Design Z\u00fcrich (Kerstin Landis, Romy Strasser, Jonas Voegeli) <\/span><a href=\"https:\/\/www.bak.admin.ch\/bak\/de\/home\/aktuelles\/nsb-news.msg-id-87535.html\">\u00a0https:\/\/www.bak.admin.ch\/bak\/de\/home\/aktuelles\/nsb-news.msg-id-87535.html<\/a><\/p>\n<p><span style=\"color: #ff0000\">Die Stfitung Buchkunst, Frankfurt a.M., hat die Briefedition als eines der 25 &#8222;Sch\u00f6nsten deutschen B\u00fccher 2021&#8220; pr\u00e4miert.<\/span><\/p>\n<p><a href=\"https:\/\/www.stiftung-buchkunst.de\/die-schoensten-deutschen-buecher\/die-praemierten\/briefe-1905-1942-3-baende\/?view=grid&amp;year=2022\">https:\/\/www.stiftung-buchkunst.de\/die-schoensten-deutschen-buecher\/die-praemierten\/briefe-1905-1942-3-baende\/?view=grid&amp;year=2022<\/a><\/p>\n<ul>\n<li>Sigrid Schade: <strong>Aufschub von Sinngebung\/ Postponed Meaning<\/strong>, in: <strong>Susanne Schossig, einatmen ausatmen<\/strong>, Katalog der Ausstellung Br\u00fcssel, Open Space Edition, 2021, S. 10-13.<\/li>\n<\/ul>\n<ul>\n<li>Sigrid Schade: <strong>Ver\/st\u00f6rende Zeichensetzung. Die Sichtbarmachung und Entnaturalisierung der Zeichenzirkulation in Birgit J\u00fcrgenssens k\u00fcnstlerischen Spielen zwischen Wort und Bild<\/strong>, in: Monika Leisch-Kiesl (Hg.): ZEICH(N)EN. SETZEN. Bedeutungsgenerierung im M\u00e4andern zwischen Bildern und Begriffen, Bielefeld 2020, S. 185-206.<\/li>\n<\/ul>\n<ul>\n<li><span class=\"st\">Maike Christadler, Hildegard Fr\u00fcbis, Sigrid Schade (Hrsg.): <strong>\u201eZeitlos: Falsch\u201c: Ausgew\u00e4hlte Schriften Konrad Hoffmanns zur Kunst- und kulturwissenschaftlichen Forschung<\/strong>, Universit\u00e4t Basel, Universit\u00e4tsbibliothek, emono 2019 <a href=\"https:\/\/emono.unibas.ch\/emono\/catalog\/book\/57\">https:\/\/emono.unibas.ch\/emono\/catalog\/book\/57<\/a><\/span>, darin Sigrid Schade: Einleitung: Methodenreflexion: konzeptuelle Beitr\u00e4ge Konrad Hoffmanns zur Kunstgeschichte,\u00a0<span class=\"st\"><span class=\"st\"> S. 10-14 und <\/span><\/span>Einleitung: Konrad Hoffmann zu Funktions- und Medienwandel von Bildern in Reformation und Fr\u00fcher Neuzeit,<span class=\"st\">S. 187-190.<\/span><\/li>\n<\/ul>\n<h3><\/h3>\n","protected":false},"excerpt":{"rendered":"<p>Seit dem 1. Mai 2019 ist Sigrid Schade pensioniert. Veranstaltungen: Donnerstag, 04.12.2025, 18 Uhr: In der Ausstellung &#8222;Golden Notebooks | Frauen in Kunst und Kunstwissenschaft&#8220; , Galerie Pankow, Berlin Katalogpr\u00e4sentation der Kuratorinnen Annette Tietz und Angela Lammert. Diskussion mit den Kunsthistorikerinnen Irene D\u00f6lling, Annette Dorgerloh, Ada Raev, Angelika Richter, Sigrid Schade und Silke Wenk https:\/\/galerie-pankow.de\/veranstaltungen\/golden-notebooks-frauen-in-kunst-und-kunstwissenschaft\/ [&hellip;]<\/p>\n","protected":false},"author":1571,"featured_media":0,"parent":0,"menu_order":1,"comment_status":"closed","ping_status":"closed","template":"","meta":{"footnotes":""},"class_list":["post-159","page","type-page","status-publish","hentry"],"_links":{"self":[{"href":"https:\/\/blog.zhdk.ch\/sigridschade\/wp-json\/wp\/v2\/pages\/159","targetHints":{"allow":["GET"]}}],"collection":[{"href":"https:\/\/blog.zhdk.ch\/sigridschade\/wp-json\/wp\/v2\/pages"}],"about":[{"href":"https:\/\/blog.zhdk.ch\/sigridschade\/wp-json\/wp\/v2\/types\/page"}],"author":[{"embeddable":true,"href":"https:\/\/blog.zhdk.ch\/sigridschade\/wp-json\/wp\/v2\/users\/1571"}],"replies":[{"embeddable":true,"href":"https:\/\/blog.zhdk.ch\/sigridschade\/wp-json\/wp\/v2\/comments?post=159"}],"version-history":[{"count":87,"href":"https:\/\/blog.zhdk.ch\/sigridschade\/wp-json\/wp\/v2\/pages\/159\/revisions"}],"predecessor-version":[{"id":1090,"href":"https:\/\/blog.zhdk.ch\/sigridschade\/wp-json\/wp\/v2\/pages\/159\/revisions\/1090"}],"wp:attachment":[{"href":"https:\/\/blog.zhdk.ch\/sigridschade\/wp-json\/wp\/v2\/media?parent=159"}],"curies":[{"name":"wp","href":"https:\/\/api.w.org\/{rel}","templated":true}]}}