{"id":21,"date":"2013-07-03T15:51:54","date_gmt":"2013-07-03T15:51:54","guid":{"rendered":"https:\/\/blog.zhdk.ch\/sigridschade\/?page_id=21"},"modified":"2022-02-21T08:04:30","modified_gmt":"2022-02-21T08:04:30","slug":"adresse-und-derzeitige-position-von-sigrid-schade","status":"publish","type":"page","link":"https:\/\/blog.zhdk.ch\/sigridschade\/","title":{"rendered":"Derzeitige Position von Sigrid Schade"},"content":{"rendered":"<h3><strong>Name<\/strong><\/h3>\n<p>Prof. Dr. Sigrid Schade<\/p>\n<p><strong>Seit dem 1. Mai 2019 pensioniert.<\/strong><\/p>\n<h3><strong>ehemalige Adresse<\/strong><\/h3>\n<p>Z\u00fcrcher Hochschule der K\u00fcnste ZHdK<br \/>\nLeitung Institute for Cultural Studies in the Arts<br \/>\nToni-Areal<br \/>\nPfingstweidstrasse 96<br \/>\nCH 8031 Z\u00fcrich<\/p>\n<h3><strong>Email<\/strong><\/h3>\n<p><a href=\"mailto:sigrid.schade@zhdk.ch\">sigrid.schade@zhdk.ch<br \/>\n<\/a><\/p>\n<h3><strong>Position<\/strong><\/h3>\n<p>Von 2002 &#8211; 2019:<\/p>\n<p>Leitung des Institute for Cultural Studies in the Arts im Departement Kulturanalyse und Vermittlung der Z\u00fcrcher Hochschule der K\u00fcnste\/ ZHdK\u00a0 <a href=\"http:\/\/ics.zhdk.ch\">http:\/\/ics.zhdk.ch <\/a><\/p>\n<p>Das ICS umfasst Forschungsprojekte, das Postgraduate Programme in Curating\u00a0 sowie\u00a0PhD-Kooperationen.<\/p>\n","protected":false},"excerpt":{"rendered":"<p>Name Prof. Dr. Sigrid Schade Seit dem 1. Mai 2019 pensioniert. ehemalige Adresse Z\u00fcrcher Hochschule der K\u00fcnste ZHdK Leitung Institute for Cultural Studies in the Arts Toni-Areal Pfingstweidstrasse 96 CH 8031 Z\u00fcrich Email sigrid.schade@zhdk.ch Position Von 2002 &#8211; 2019: Leitung des Institute for Cultural Studies in the Arts im Departement Kulturanalyse und Vermittlung der Z\u00fcrcher [&hellip;]<\/p>\n","protected":false},"author":1571,"featured_media":0,"parent":0,"menu_order":2,"comment_status":"closed","ping_status":"open","template":"","meta":{"footnotes":""},"class_list":["post-21","page","type-page","status-publish","hentry"],"_links":{"self":[{"href":"https:\/\/blog.zhdk.ch\/sigridschade\/wp-json\/wp\/v2\/pages\/21","targetHints":{"allow":["GET"]}}],"collection":[{"href":"https:\/\/blog.zhdk.ch\/sigridschade\/wp-json\/wp\/v2\/pages"}],"about":[{"href":"https:\/\/blog.zhdk.ch\/sigridschade\/wp-json\/wp\/v2\/types\/page"}],"author":[{"embeddable":true,"href":"https:\/\/blog.zhdk.ch\/sigridschade\/wp-json\/wp\/v2\/users\/1571"}],"replies":[{"embeddable":true,"href":"https:\/\/blog.zhdk.ch\/sigridschade\/wp-json\/wp\/v2\/comments?post=21"}],"version-history":[{"count":27,"href":"https:\/\/blog.zhdk.ch\/sigridschade\/wp-json\/wp\/v2\/pages\/21\/revisions"}],"predecessor-version":[{"id":1041,"href":"https:\/\/blog.zhdk.ch\/sigridschade\/wp-json\/wp\/v2\/pages\/21\/revisions\/1041"}],"wp:attachment":[{"href":"https:\/\/blog.zhdk.ch\/sigridschade\/wp-json\/wp\/v2\/media?parent=21"}],"curies":[{"name":"wp","href":"https:\/\/api.w.org\/{rel}","templated":true}]}}