{"id":25,"date":"2013-07-03T15:53:23","date_gmt":"2013-07-03T15:53:23","guid":{"rendered":"https:\/\/blog.zhdk.ch\/sigridschade\/?page_id=25"},"modified":"2013-07-30T09:46:00","modified_gmt":"2013-07-30T09:46:00","slug":"wissenschaftliche-qualifikationen","status":"publish","type":"page","link":"https:\/\/blog.zhdk.ch\/sigridschade\/wissenschaftliche-qualifikationen\/","title":{"rendered":"Wissenschaftliche Qualifikationen"},"content":{"rendered":"<h3><strong>1994 (Habilitation)<\/strong><\/h3>\n<p><em>K\u00f6rperbilder und ihre Lekt\u00fcren. Studien zum Einsatz von K\u00f6rpersprachen in Kunst und Fotografie des 16. bis 20. Jahrhunderts, <\/em>an der Carl von Ossietzky-Universit\u00e4t Oldenburg f\u00fcr das Fachgebiet Kunstgeschichte \/ Kunstwissenschaft Gutachter: Prof. Dr. K. Herding, Frankfurt und Prof. Dr. Marcia Pointon, Manchester, Prof. Dr. Silke Wenk, Oldenburg<\/p>\n<h3><strong>1982 (Dissertation)<\/strong><\/h3>\n<p><em>Schadenzauber und die Magie des K\u00f6rpers. Hexendarstellungen der fr\u00fchen Neuzeit<\/em>.<br \/>\nWorms 1983<br \/>\nPromotion in Kunstgeschichte1982, Magna cum laude, Gutachter:<br \/>\nProf. Dr. K. Hoffmann, Prof. Dr. H. Bausinger, T\u00fcbingen.<\/p>\n","protected":false},"excerpt":{"rendered":"<p>1994 (Habilitation) K\u00f6rperbilder und ihre Lekt\u00fcren. Studien zum Einsatz von K\u00f6rpersprachen in Kunst und Fotografie des 16. bis 20. Jahrhunderts, an der Carl von Ossietzky-Universit\u00e4t Oldenburg f\u00fcr das Fachgebiet Kunstgeschichte \/ Kunstwissenschaft Gutachter: Prof. Dr. K. Herding, Frankfurt und Prof. Dr. Marcia Pointon, Manchester, Prof. Dr. Silke Wenk, Oldenburg 1982 (Dissertation) Schadenzauber und die Magie [&hellip;]<\/p>\n","protected":false},"author":1571,"featured_media":0,"parent":0,"menu_order":3,"comment_status":"closed","ping_status":"open","template":"","meta":{"footnotes":""},"class_list":["post-25","page","type-page","status-publish","hentry"],"_links":{"self":[{"href":"https:\/\/blog.zhdk.ch\/sigridschade\/wp-json\/wp\/v2\/pages\/25","targetHints":{"allow":["GET"]}}],"collection":[{"href":"https:\/\/blog.zhdk.ch\/sigridschade\/wp-json\/wp\/v2\/pages"}],"about":[{"href":"https:\/\/blog.zhdk.ch\/sigridschade\/wp-json\/wp\/v2\/types\/page"}],"author":[{"embeddable":true,"href":"https:\/\/blog.zhdk.ch\/sigridschade\/wp-json\/wp\/v2\/users\/1571"}],"replies":[{"embeddable":true,"href":"https:\/\/blog.zhdk.ch\/sigridschade\/wp-json\/wp\/v2\/comments?post=25"}],"version-history":[{"count":10,"href":"https:\/\/blog.zhdk.ch\/sigridschade\/wp-json\/wp\/v2\/pages\/25\/revisions"}],"predecessor-version":[{"id":91,"href":"https:\/\/blog.zhdk.ch\/sigridschade\/wp-json\/wp\/v2\/pages\/25\/revisions\/91"}],"wp:attachment":[{"href":"https:\/\/blog.zhdk.ch\/sigridschade\/wp-json\/wp\/v2\/media?parent=25"}],"curies":[{"name":"wp","href":"https:\/\/api.w.org\/{rel}","templated":true}]}}