{"id":37,"date":"2013-07-03T15:53:10","date_gmt":"2013-07-03T15:53:10","guid":{"rendered":"https:\/\/blog.zhdk.ch\/sigridschade\/?page_id=37"},"modified":"2014-01-26T14:59:43","modified_gmt":"2014-01-26T14:59:43","slug":"lehr-und-forschungstatigkeiten","status":"publish","type":"page","link":"https:\/\/blog.zhdk.ch\/sigridschade\/lehr-und-forschungstatigkeiten\/","title":{"rendered":"Lehr- und Forschungst\u00e4tigkeiten"},"content":{"rendered":"<p><strong>2002 bis heute<\/strong><br \/>\nProfessorin f\u00fcr Kunst- und Kulturwissenschaften an der Hochschule f\u00fcr Gestaltung und Kunst Z\u00fcrich (Studienbereich Theorie der Gestaltung und Kunst, Hochschul\u00fcbergreifende Theoriemodule, Bachelor Art Education, MAS Cultural &amp; Gender Studies, MAS Curating). Die Leitung des ICS umfasste bis 2007 auch das Museum f\u00fcr Gestaltung Z\u00fcrich mit seinen Sammlungen (Design, Grafik, Kunstgewerbe, Plakate).<\/p>\n<p><strong>Wintersemester 2002 \/ 03<\/strong><br \/>\nVorlesung am Institut f\u00fcr Kunstgeschichte, Universit\u00e4t Z\u00fcrich.<\/p>\n<p>1999 &#8211; 2000<br \/>\nVerantwortlich f\u00fcr die Lehrveranstaltung im Rahmen der <em>ifu <\/em>Internationalen Frauen Universit\u00e4t Hannover (Weltausstellung) im August 2000 (Zweiw\u00f6chige englischsprachige Studienphase in Bremen f\u00fcr 150 Studentinnen aus \u00fcber 60 L\u00e4ndern. Themen: Representation of Body and Gender, 1 &#8211; The Body and the Nation, 2 &#8211; Sexuality and Agency, 3 &#8211; Body Languages \u2013 Body Signs, 4 &#8211; The Body and the New Media).<\/p>\n<p><strong>1994 bis M\u00e4rz 2005<\/strong><br \/>\nProfessorin f\u00fcr Kunstwissenschaft und \u00c4sthetische Theorie im Studiengang Kunstwissenschaft \/ Kunstp\u00e4dagogik im Fachbereich Kulturwissenschaften<br \/>\nder Universit\u00e4t Bremen, zwischen 2002 und 2005 beurlaubt.<\/p>\n<p><strong>1994<\/strong><br \/>\nVertretungsprofessorin an der Universit\u00e4t T\u00fcbingen\u00a0 (1.4. &#8211; 30.9.)<\/p>\n<p><strong>1993 &#8211; 1994<\/strong><br \/>\nGastprofessorin an der Humboldt-Universit\u00e4t Berlin\u00a0 (1.10. &#8211; 31.3.)<\/p>\n<p><strong>1991 &#8211; 1993<\/strong><br \/>\nWissenschaftliche Mitarbeiterin am Kulturwissenschaftlichen Institut Essen, Wissenschaftszentrum Nordrhein &#8211; Westfalen, Studiengruppe: &#8222;Topographien<br \/>\nder Geschlechter&#8220;, Sprecherin: Prof. Dr. Sigrid Weigel; Kooperation mit<br \/>\nder Studiengruppe &#8222;Ged\u00e4chtnistheorien&#8220;, Sprecher: Prof. Dr. Sigrid Weigel,<br \/>\nProf. Dr. Niethammer.<\/p>\n<p><strong>1986 &#8211; 1991<\/strong><br \/>\nWissenschaftliche Mitarbeiterin im Institut f\u00fcr Kunstwissenschaft\u00a0 an<br \/>\nder Technischen Universit\u00e4t Berlin.<\/p>\n<p><strong>1990<\/strong><br \/>\nLehrbeauftragte an den Universit\u00e4ten Z\u00fcrich und Bern f\u00fcr Kunstgeschichte.<\/p>\n<p><strong>1984 &#8211; 1985<\/strong><br \/>\nLehrbeauftragte an den Universit\u00e4ten Kassel und Marburg f\u00fcr Kunstgeschichte.<\/p>\n<p><strong>1976 &#8211; 1981<\/strong><br \/>\nLehrbeauftragte der Valparaiso University, Graduate-Program in the Humanities<br \/>\nan der P\u00e4dagogischen Hochschule Reutlingen f\u00fcr History of Architecture und Methods of Analyses and Interpretation of Art (English Curriculum).<\/p>\n","protected":false},"excerpt":{"rendered":"<p>2002 bis heute Professorin f\u00fcr Kunst- und Kulturwissenschaften an der Hochschule f\u00fcr Gestaltung und Kunst Z\u00fcrich (Studienbereich Theorie der Gestaltung und Kunst, Hochschul\u00fcbergreifende Theoriemodule, Bachelor Art Education, MAS Cultural &amp; Gender Studies, MAS Curating). Die Leitung des ICS umfasste bis 2007 auch das Museum f\u00fcr Gestaltung Z\u00fcrich mit seinen Sammlungen (Design, Grafik, Kunstgewerbe, Plakate). Wintersemester [&hellip;]<\/p>\n","protected":false},"author":1571,"featured_media":0,"parent":0,"menu_order":14,"comment_status":"closed","ping_status":"open","template":"","meta":{"footnotes":""},"class_list":["post-37","page","type-page","status-publish","hentry"],"_links":{"self":[{"href":"https:\/\/blog.zhdk.ch\/sigridschade\/wp-json\/wp\/v2\/pages\/37","targetHints":{"allow":["GET"]}}],"collection":[{"href":"https:\/\/blog.zhdk.ch\/sigridschade\/wp-json\/wp\/v2\/pages"}],"about":[{"href":"https:\/\/blog.zhdk.ch\/sigridschade\/wp-json\/wp\/v2\/types\/page"}],"author":[{"embeddable":true,"href":"https:\/\/blog.zhdk.ch\/sigridschade\/wp-json\/wp\/v2\/users\/1571"}],"replies":[{"embeddable":true,"href":"https:\/\/blog.zhdk.ch\/sigridschade\/wp-json\/wp\/v2\/comments?post=37"}],"version-history":[{"count":9,"href":"https:\/\/blog.zhdk.ch\/sigridschade\/wp-json\/wp\/v2\/pages\/37\/revisions"}],"predecessor-version":[{"id":611,"href":"https:\/\/blog.zhdk.ch\/sigridschade\/wp-json\/wp\/v2\/pages\/37\/revisions\/611"}],"wp:attachment":[{"href":"https:\/\/blog.zhdk.ch\/sigridschade\/wp-json\/wp\/v2\/media?parent=37"}],"curies":[{"name":"wp","href":"https:\/\/api.w.org\/{rel}","templated":true}]}}