{"id":49,"date":"2013-07-03T15:52:39","date_gmt":"2013-07-03T15:52:39","guid":{"rendered":"https:\/\/blog.zhdk.ch\/sigridschade\/?page_id=49"},"modified":"2018-03-05T15:39:34","modified_gmt":"2018-03-05T15:39:34","slug":"forschungs-kooperationen","status":"publish","type":"page","link":"https:\/\/blog.zhdk.ch\/sigridschade\/forschungs-kooperationen\/","title":{"rendered":"Forschungs-Kooperationen"},"content":{"rendered":"<h3><strong>2013 &#8211; 2016<\/strong><\/h3>\n<ul>\n<li>Mitgesuchstellerin f\u00fcr das DACH-Projekt <em>Modelle und Praktiken der Subjektkonstitution in der ersten H\u00e4lfte des 20. Jahrhunderts. Halbautomaten, Semisouver\u00e4ne, Mittelbewusste, <\/em>in Kooperation mit Prof. Dr. Roland Innerhofer, Universit\u00e4t Wien, Institut f\u00fcr Germanistik, Prof. Dr. Karin Harrasser, Kunstuniversit\u00e4t Linz,\u00a0und JProf. Dr. Katja Rothe, Universit\u00e4t der K\u00fcnste Berlin<\/li>\n<li>Kooperation mit der Research Group \u201cMedia and Religion,\u201d University of Zurich,\u00a0Centre for Religion, Economy and Politics (ZRWP), Workshop, Vortr\u00e4ge, Publikationen<\/li>\n<li>Arbeitsgruppe <em>Briefedition Sophie Taeuber-Arp <\/em>zusammen mit Medea Hoch und Walburga Krupp, Kooperation mit dem Nimbus-Verlag Z\u00fcrich zur Herausgabe der Brief aus Familienbesitz Z\u00fcrich 2017, gef\u00f6rdert von verschiedenen privaten Stiftungen<\/li>\n<\/ul>\n<h3><strong>2011 &#8211; 2013<\/strong><\/h3>\n<ul>\n<li>Projekt <i>Intermedialit\u00e4t, Transnationalit\u00e4t und Interkulturalit\u00e4t als Themen der k\u00fcnstlerischen Arbeit der kanadischen K\u00fcnstlerin und Documenta-Teilnehmerin Vera Frenkel. Eine\u00a0 Monographie des Lebenswerks<\/i>, Rektoratsmittel, Kooperation mit dem Ryerson Image Center, Toronto\u00a0u.a. und dem\u00a0Hatje Cantz Verlag<\/li>\n<li>SNF-Projekt <em>Kunstvermittlung zeigen: Repr\u00e4sentationen p\u00e4dagogischer Museumsarbeit im Feld der Gegenwartskunst<\/em> (gemeinsames Projekt mit dem Institute for Art Education, IAE) 2012-2013<\/li>\n<li>Gesuchstellerin f\u00fcr SNF\/DORE Projekt<i> Wolfgang Weingart &#8211; Typografie im Kontext. <\/i>In\u00a0 Kooperation mit dem Museum f\u00fcr Gestaltung Z\u00fcrich u. a. , bewilligt, April 2012-Dezember 2013<\/li>\n<li>Koleitung mit Sabine Gebhardt Fink <i>&#8222;Aux Ec\u00f4utes des Images&#8220;<\/i>. Kooperation mit dem Museum Tinguely Basel, 2011<\/li>\n<\/ul>\n<h3><strong>2008 &#8211; 2012\u00a0<\/strong><\/h3>\n<ul>\n<li>Mitgesuchsstellerin f\u00fcr das SNF-Projekt: <em>Kunst, Kunstbetrieb und Wissensgesellschaft Schweiz. Konstruktionen kultureller Identit\u00e4t in der Schweizer Filmwochenschau 1940-1975<\/em>, in Kooperation mit dem kunsthistorischen Institut der Universit\u00e9 de Lausanne (Prof. Dr. Kornelia Imesch),\u00a0\u00a0November 2009 &#8211; September 2012<\/li>\n<li>Gesuchstellerin f\u00fcr das SNF\/DORE-Projekt <em>archiv performativ. Ein Modell-Konzept f\u00fcr die Dokumentations- und<em> Aktualisierungspraxis von Performance-Kunst<\/em>,<\/em> in Kooperation mit versch. Kulturinstitutionen in Basel und Z\u00fcrich,\u00a0 2010 &#8211; M\u00e4rz 2012<\/li>\n<li>Gesuchstellerin f\u00fcr das SNF-DORE-Projekt: <em>Creating Belonging<\/em>: mit verschiedenen Partnern, Theaterwissenschaftlern und dem Pr\u00e4sidialamt Z\u00fcrich etc. 2008 &#8211; Mai 2010<\/li>\n<li>Gesuchstellerin f\u00fcr das SNF-Projekt: <em>Hermann Obrist (1863-1927) im Netzwerk der K\u00fcnste und Medien um 1900<\/em> in Kooperation mit dem MfGZ, Museum Bellerive ZhdK und weiteren Museen (M\u00fcnchen),\u00a0 2008 &#8211; Juli 2010<\/li>\n<\/ul>\n<h3><strong>seit 2006<\/strong><\/h3>\n<ul>\n<li>Mitglied des Forschungsverbunds K\u00fcnstlerpublikationen (Universit\u00e4t Bremen, Forschungsstelle Osteuropa Bremen, International University Bremen, Neues Museum Weserburg Bremen, Institut Cultural Studies ZHdK) \u2013 ehemals Studienzentrums f\u00fcr K\u00fcnstlerpublikationen, gegr. 1999<\/li>\n<\/ul>\n<h3><strong>2006 &#8211; 08<\/strong><\/h3>\n<ul>\n<li>Gesuchstellerin und Betreuung des SNF-Projekts: <em>Geigy Design &#8211; Eine Studie zu Grafik, Werbung und Corporate Design der J. R. Geigy AG 1950-1970<\/em>.\u00a0 Katalog und Ausstellung<\/li>\n<li>Leitung des SNF-Dore-Forschungsprojekts <em>Sophie Taeubers\u00a0 Marionetteninszenierung von Carlo Gozzis \u00abK\u00f6nig Hirsch, 1918<\/em>, Kooperation mit dem Museum Bellerive<\/li>\n<li>Leitung des SNF-Dore-Forschungsprojekts <em>Surimono (Japanische\u00a0 Holzschnitte des 15. Jh.)<\/em>, ICS in Kooperation mit dem Museum Rietberg Z\u00fcrich und internationalen Japanologie-Experten. Ausstellungser\u00f6ffnung Museum Rietberg Dezember 2008.<\/li>\n<\/ul>\n<h3><strong>2005 &#8211; 07<\/strong><\/h3>\n<ul>\n<li>Gesuchstellerin und Leitung des KTI- Forschungsprojekts <em>\u201eAusstellungs-Displays\u201c<\/em>, ICS in Kooperation mit mehreren internationalen und nationalen Praxispartnern.<\/li>\n<\/ul>\n<h3><strong>2002-2005<\/strong><\/h3>\n<ul>\n<li>Konzeption und Vorbereitung der Ausstellung &#8222;<em>einfach komplex. Baumbilder und Bildb\u00e4ume in der Wissenschaft&#8220; <\/em>im MfGZ und des ICS-Symposiums\u00a0 &#8222;WissensBilder. Aesthetische Strategien in den Wissenschaften&#8220; in Zusammenarbeit mit Science et Cit\u00e9, Schweiz.<\/li>\n<li>Kooperation mit dem Institut f\u00fcr Kunstgeschichte der Universit\u00e4t Bern\u00a0 (Leading House) u. a. im Kontext der Erarbeitung eines Nationalen Forschungsschwerpunkts des SNF zum Thema zum Thema &#8222;<em>Kulturspeicher<\/em>&#8220; (Antrag abgelehnt).<\/li>\n<\/ul>\n<h3><strong>2000 &#8211; 2003<\/strong><\/h3>\n<ul>\n<li>Sprecherin der ForscherInnengruppe &#8222;<em>Konstruktionen von K\u00f6rper und Geschlecht<\/em>&#8220; Universit\u00e4t Bremen (internes Graduiertenkolleg).<\/li>\n<\/ul>\n<p><strong>1998 &#8211; 2001<\/strong><\/p>\n<ul>\n<li>Mitglied des Programmausschusses f\u00fcr den DFG Forschungs-Schwerpunkt &#8222;<em>Bildkulturen und Wissenschaftswandel<\/em>&#8222;, Sprecher: Prof. Dr. Christopher Balme, Institut f\u00fcr Theaterwissenschaften, Universit\u00e4t Mainz (Antrag abgelehnt).<\/li>\n<li>Verantwortlich f\u00fcr die Gr\u00fcndung des <em>Studienzentrums f\u00fcr K\u00fcnstlerpublikationen<\/em> des 20. Jahrhunderts an der Universit\u00e4t Bremen in Kooperation mit dem Neuen Museum Weserburg Bremen. (Archive for Small Press and Communication)\u00a0und der Forschungsstelle Osteuropa an der Universit\u00e4t Bremen, Sprecherin\u00a0 des Zentrums bis 2002.<\/li>\n<li>Stellvertretende Sprecherin des <em>Zentrums f\u00fcr Feministische Studien<\/em>, Frauenforschung und Gender Studies der Universit\u00e4t Bremen.<\/li>\n<\/ul>\n<h3><strong>1996 ff.<\/strong><\/h3>\n<ul>\n<li>Assoziiertes Mitglied des Graduiertenkollegs <em>&#8222;Psychische Energien Bildender Kunst&#8220;<\/em>, Frankfurt a. Main, Sprecher: Prof. Dr. K. Herding.<\/li>\n<\/ul>\n<h3><strong>1992<\/strong><\/h3>\n<ul>\n<li>Gr\u00fcnderin der <em>&#8222;Anglo-German-Research-Group on Gender and Representation&#8220;<\/em> z.m. Prof. Dr. Marcia Pointon, Manchester.<\/li>\n<\/ul>\n<h3><strong>1988<\/strong><\/h3>\n<ul>\n<li>Kooperation mit dem Goethe-Institute Toronto, Konzept des Symposiums on &#8222;<em>Feminist\u00a0 Aesthetics&#8220;<\/em> in Toronto, Kanada.<\/li>\n<\/ul>\n<h3><strong>1986<\/strong><\/h3>\n<ul>\n<li>Gr\u00fcndungsmitglied des <em>LU-M\u00e4rten-Vereins zur F\u00f6rderung von Frauenforschung in Kunst- und Kulturwissenschaften<\/em>.<\/li>\n<\/ul>\n<h3><strong>1984 &#8211; 1997<\/strong><\/h3>\n<ul>\n<li>Mitglied des DFG-Forschungsprojekts <em>&#8222;Interdisziplin\u00e4re Literatur- und Medienanalyse&#8220;<\/em>, Wiss. Zentrum II f\u00fcr Kulturforschung, Universit\u00e4t Kassel.<\/li>\n<\/ul>\n<h3><strong>1983 &#8211; 1995<\/strong><\/h3>\n<ul>\n<li>Mitglied des<em> Interdisziplin\u00e4ren Arbeitskreises f\u00fcr philosophische Grundfragen<\/em>, Universit\u00e4t Kassel.<\/li>\n<\/ul>\n","protected":false},"excerpt":{"rendered":"<p>2013 &#8211; 2016 Mitgesuchstellerin f\u00fcr das DACH-Projekt Modelle und Praktiken der Subjektkonstitution in der ersten H\u00e4lfte des 20. Jahrhunderts. Halbautomaten, Semisouver\u00e4ne, Mittelbewusste, in Kooperation mit Prof. Dr. Roland Innerhofer, Universit\u00e4t Wien, Institut f\u00fcr Germanistik, Prof. Dr. Karin Harrasser, Kunstuniversit\u00e4t Linz,\u00a0und JProf. Dr. Katja Rothe, Universit\u00e4t der K\u00fcnste Berlin Kooperation mit der Research Group \u201cMedia and [&hellip;]<\/p>\n","protected":false},"author":1571,"featured_media":0,"parent":0,"menu_order":6,"comment_status":"closed","ping_status":"open","template":"","meta":{"footnotes":""},"class_list":["post-49","page","type-page","status-publish","hentry"],"_links":{"self":[{"href":"https:\/\/blog.zhdk.ch\/sigridschade\/wp-json\/wp\/v2\/pages\/49","targetHints":{"allow":["GET"]}}],"collection":[{"href":"https:\/\/blog.zhdk.ch\/sigridschade\/wp-json\/wp\/v2\/pages"}],"about":[{"href":"https:\/\/blog.zhdk.ch\/sigridschade\/wp-json\/wp\/v2\/types\/page"}],"author":[{"embeddable":true,"href":"https:\/\/blog.zhdk.ch\/sigridschade\/wp-json\/wp\/v2\/users\/1571"}],"replies":[{"embeddable":true,"href":"https:\/\/blog.zhdk.ch\/sigridschade\/wp-json\/wp\/v2\/comments?post=49"}],"version-history":[{"count":20,"href":"https:\/\/blog.zhdk.ch\/sigridschade\/wp-json\/wp\/v2\/pages\/49\/revisions"}],"predecessor-version":[{"id":873,"href":"https:\/\/blog.zhdk.ch\/sigridschade\/wp-json\/wp\/v2\/pages\/49\/revisions\/873"}],"wp:attachment":[{"href":"https:\/\/blog.zhdk.ch\/sigridschade\/wp-json\/wp\/v2\/media?parent=49"}],"curies":[{"name":"wp","href":"https:\/\/api.w.org\/{rel}","templated":true}]}}