{"id":527,"date":"2013-11-12T15:39:24","date_gmt":"2013-11-12T15:39:24","guid":{"rendered":"https:\/\/blog.zhdk.ch\/sigridschade\/?page_id=527"},"modified":"2019-12-05T16:29:14","modified_gmt":"2019-12-05T16:29:14","slug":"vortragseinladungen","status":"publish","type":"page","link":"https:\/\/blog.zhdk.ch\/sigridschade\/vortragseinladungen\/","title":{"rendered":"Vortragseinladungen der letzten Jahre"},"content":{"rendered":"<p><strong>2020<\/strong><\/p>\n<ul>\n<li><em>Schadenzauber und Weibermacht. Hans Baldung Griens voyeuristischer Blick-Wechsel auf das Hexenthema, <\/em>Vortrag im Rahmen der Ausstellung &#8222;Hans Baldung Grien. heilig\/unheilig&#8220;, Staatliche Kunsthalle Karlsruhe, 6. Februar 2020, 19.00 Uhr<\/li>\n<\/ul>\n<p><strong>2019\u00a0 <\/strong><\/p>\n<ul>\n<li><em>Zur Online-Edition ausgew\u00e4hlter Schriften von Konrad Hoffmann, <\/em>Vortrag anl\u00e4sslich des 125-j\u00e4hrigen Jubil\u00e4ums des Kunsthistorischen Instituts der Universit\u00e4t T\u00fcbingen, 18.07.2019<\/li>\n<li><em>&#8222;Das unheimliche Nachleben des nationalsozialistischen Kunstraubs in Kunst und Politik. Verlustanzeigen in Vera Frenkels Body Missing 1994-2018<\/em>&#8222;, Abschiedsvortrag an der ZHdK, Mittwoch, 8. Mai 2019, 18.00, Toni-Areal, Kunstraum 5.K12, , Symposium des ICS: Politics of Visual Culture \u2013 Gewalt, Erinnern und Vergessen<\/li>\n<li><em>\u201eZeigen, was Repr\u00e4sentation uns antut\u201c. K\u00fcnstlerische Interventionen in Geschlechterkonstruktionen<\/em>. Vortrag im Kunstverein Bielefeld anl\u00e4sslich des Internationalen Frauentages, 14.3. 2019, 19.00 Uhr<\/li>\n<\/ul>\n<p><strong>2018<\/strong><\/p>\n<ul>\n<li>Respondentin, Symposium Archive des Ephemeren. Denken, Praktizieren, Vernetzen \u2013 eine Debatte zur Zug\u00e4nglichkeit von Performancekunst in der Schweiz, Performancxe Art Network CH,\u00a01.-3.11.2018, Kunstmuseum Bern<\/li>\n<li><em>&#8222;Zeigen, was Repr\u00e4sentation uns antut&#8220;. K\u00fcnstlerische Interventionen in Geschlechterkonstruktionen<\/em>. Vortrag im Rahmen der Workshoptage &#8222;In sichtbare und unsichtbare Ordnungen eingreifen&#8220;, Konzept: Elke Zobl, Elke Smodics, Elisabeth Klaus, Schwerpunkt Wissenschaft und Kunst an der Universit\u00e4t Salzburg, 25. April 2018, 9.30-10.30 Uhr<\/li>\n<\/ul>\n<p><strong>2017<\/strong><\/p>\n<ul>\n<li><em>Lech Majewskis Film BRUEGEL \u2013 DIE M\u00dcHLE UND DAS KREUZ (2011) Zur Reaktualisierung von politischen und K\u00fcnstlermythen\u00a0in\u00a0transmedialer \u00dcbersetzung<\/em>.<b> <\/b>Vortrag am 12. Dezember 2018, 18.00 Uhr,\u00a0Kunsthochschule Mainz, H\u00f6rsaal<\/li>\n<li>Ausstellungser\u00f6ffnung in Anwesenheit der K\u00fcnstlerin am 08.09.2017, 18.00 Uhr: <strong>BODY MISSING \u2013 Vera Frenkel <\/strong>Freitag, 08.09.2017 \u2013 Freitag, 27.10.2017 Salzwelten Altaussee \u2013 Steinberg<\/li>\n<li><em>Studien zu visuellen Kulturen \u2013 Bild\/er\/K\u00fcnste im historischen Kontext<\/em>, Donnerstag, 14. September 14:30 \u201315:45, Vortrag im Rahmen der Tagung \u201eNach der ikonischen Wende. Aktualit\u00e4t und Geschichte eines Paradigmas\u201c 13.-15.9. 2017, Z\u00fcrcher Hochschule der K\u00fcnste, ith<\/li>\n<\/ul>\n<p><strong>2016<\/strong><\/p>\n<ul>\n<li><em>Symposium: CURATING in Feminist Thought<\/em>,\u00a0with contributions by\u00a0Amelia Jones, Maura Reilly, Helena Reckitt, Sigrid Schade, Dorothee Richter, Lara Perry, Elke Krasny, Hilary Robinson, Stella Rollig, Lina\u00a0D\u017euverovi\u0107\u00a0 and Irene Revell, \u00a0Laura Castagnini, Susanne Clausen, Michaela Melian. Videoprogramme: Martina Mullaney,\u00a0Szuper Gallery,\u00a0Liv Wynter, Louise Fitzgerald, PUNK IS DADA; Friday\u00a06th of May,\u00a0from 5.30 pm to 9 pm, at\u00a0Migros Museum\u00a0\/ Saturday\u00a07th of May,\u00a0from 10 am to 5 pm,\u00a0Zurich University of the Arts<\/li>\n<li>&#8220;\u00a0Home for Uncertainty&#8220; &#8211; zur transmedialen Reflexion von Wahrnehmung in Arbeiten der kanadischen K\u00fcnstlerin Vera Frenkel anl\u00e4sslich des Symposiums \u201eWechselseitige Erhellung der K\u00fcnste\u201c &#8211; M\u00f6glichkeiten einer Allgemeinen Literaturwissenschaft. Ein Symposion &#8211; Peter Gendolla zu Ehren,\u00a0Univrsit\u00e4t Siegen, Februar 2016<\/li>\n<\/ul>\n<header class=\"entry-header\"><\/header>\n<p><strong>2015<\/strong><\/p>\n<ul>\n<li><em>Bewegende Kunst. Die Passion im Bild<\/em>, Vortrag im Rahmen der Ringvorlesung &#8222;Leid-Bilder. Die Passionsgeschichte in der Kultur&#8220; (UHZ-interdisziplin\u00e4r), Universit\u00e4t Z\u00fcrich, 15.12. 2015<\/li>\n<li><em>Choose the Messiah with the right credentials \u2013 eine Reflexion \u00fcber Kunst, Kommunikation, Religion und das Ver-sprechen der Medien.<\/em> Vortrag im Kepler-Salon Linz in Kooperation mit der Katholischen Privatuniversit\u00e4t Linz, 7. 12. 2015<\/li>\n<li>Begr\u00fcssung: <em>Performance und Archiv &#8211; eine scheinbar paradoxe Beziehung<\/em>, an der Internationalen Tagung \u201ePerformance Kunst in der Schweiz, Erinnern und Aufzeichnen 1987-2006\u201c, 14. 11. 2015 Unternehmen Mitte Basel<\/li>\n<\/ul>\n<p><strong>2014<\/strong><\/p>\n<ul>\n<li>Medea Hoch \/ Walburga Krupp \/ Sigrid Schade: <em>Sophie Taeuber-Arps Briefe \u2013 Anlass zur Relekt\u00fcre der kunsthistorischen Rezeption<\/em>, Vortrag auf der Internationalen Tagung &#8222;Sophie Taeuber-Arp. Heute ist Morgen&#8220; Aargauer Kunsthaus,\u00a024. \/ 25. 10. 2014;\u00a010.45 \u2013 11.15 Uhr<\/li>\n<li><em><em>Religion: medial layerings of communication as communion. <\/em><\/em>Vortrag auf dem Workshop<em><em> &#8222;<\/em><\/em>Thinking Methods in Media and Religion&#8220; 3\u20134 November 2014, The research group \u201cMedia and Religion,\u201d University of Zurich,\u00a0Centre for Religion, Economy and Politics (ZRWP)<\/li>\n<li><em>Vera Frenkels Video &#8222;THIS IS YOUR MESSIAH SPEAKING<\/em>&#8222;, Arts &amp; Culture Marathon, DKV Z\u00fcrcher Hochschule der K\u00fcnste, 27. September 2014, 12:30 Uhr \u2013 13,00; Toni-Areal, Pfingstweidstrasse\u00a096<\/li>\n<li><em>&#8222;This Is Your Messiah Speaking&#8220; von Vera Frenkel oder das Ver-Sprechen der Medien<\/em>. Vortrag\u00a0in der \u00a0Input-Reihe \u00abZwischen Sehen und H\u00f6ren\u00bb, Aula S050, Hochschule Luzern, 16. April 2014, 17.00 \u201318.30 Uhr<\/li>\n<li>Vortrag von Prof. Dr. Sigrid Schade, Medea Hoch und Walburga Krupp: <em>Konstruktionen von K\u00fcnstlerschaft in Briefen Sophie Taeuber-Arps \u2013 die 1910er Jahre<\/em>, Donnerstag, 20. M\u00e4rz 2014, 18.15 Uhr Zentralbibliothek Z\u00fcrich<\/li>\n<li><em>Art as Cultural Analysis. Buchvernissage Vera Frenkel<\/em>. Im Rahmen des Symposiums &#8222;Zeichen\/ Momente. Vergegenw\u00e4rtigungen in Kunst und Kulturanalyse&#8220;, ICS, ZHdK, Vortragsaal Ausstellungsstrasse \u00a0Freitag, 31. Januar 2014<\/li>\n<\/ul>\n<p><strong>2013<\/strong><\/p>\n<ul>\n<li>Book Launch &#8222;Celebrating Vera Frenkel&#8220;. Gespr\u00e4ch mit der K\u00fcnstlerin, veranstaltet von This Is Not A Reading Series and the Museum of Contemporary Canadian Art, Monday, December 2, 2013, Toronto,\u2028 Gladstone Hotel<\/li>\n<li>Einladung zum Vortrag auf der Tagung \u201eWissenskulturen im Dialog. Versuchsanordnungen\u201c am 17. und 18.1.2013 an der Universit\u00e4t f\u00fcr Musik und darstellende Kunst Wien<\/li>\n<\/ul>\n<p><strong>2012<\/strong><\/p>\n<ul>\n<li>(<em>Re)constructing the Art Theft of the National Socialists: Vera Frenkel\u2019s notification of Loss in Body Missing and Connected Works, <\/em>Vortrag am \u00a02 February 2012, Queen\u2019s University, Kingston, Canada<\/li>\n<\/ul>\n<p><strong>2011<\/strong><\/p>\n<ul>\n<li>Vortrag: <em>Visualisierung als politische Strategie<\/em>, auf der Tagung <em>Die Politik des \u00c4sthetischen. Intermediale Blickstrategien<\/em>, 27.- 29. Juli 2011, Institut f\u00fcr Medienwissenschaften, Universit\u00e4t Basel<\/li>\n<li>Vortrag auf der Tagung: <em>Lost in Transition: Wege der Identit\u00e4tssuche im globalisierten Kontext<\/em>. Interdisziplin\u00e4re Tagung der Internationalen Forschungs-gruppe Film und Theologie, Schwerte, Juni 2011<\/li>\n<li>Vortrag im Rahmen der\u00a0lecture series <em>Politik der Bilder<\/em>, Universit\u00e4t der K\u00fcnste Berlin 2011<\/li>\n<li>Einladung zum Vortrag auf der Tagung zum Thema: <em>Unsichtbar. Wissenskulturen als Bildkulturen und ihre Macht der Invisibilisierung<\/em> des interdisziplin\u00e4re Bildinstituts der Universit\u00e4t Rostock, veranstaltet am 29. und 30. Juni 2011<\/li>\n<\/ul>\n<p><strong>2010<\/strong><\/p>\n<ul>\n<li>Einladung als Kommentatorin zur Tagung Geschlecht und Wissenschaft: <em>Politiken der Partizipation und Repr\u00e4sentation<\/em>, 17.-19. Juni 2010, Universit\u00e4t Wien<\/li>\n<li>\u00a0<i>Zur Metapher vom \u201eK\u00fcnstler als Seismograph\u201c , <\/i>Vortrag auf dem<i> <\/i>Internationalen Symposium \u201eDie Wiederkehr des K\u00fcnstlers. Themen und Positionen der aktuellen K\u00fcnstler\/innenforschung\u201c, Universit\u00e4t f\u00fcr angewandte Kunst Wien, 4.\u2013 6. M\u00e4rz 2010<\/li>\n<li><i>Representations of Death. The European pictorial tradition and its critique in the photographic Totentanz series by Birgit J\u00fcrgenssen,<\/i> Vortrag am Institute for Cultural Inquiry, Berlin, 28. Januar 2010<\/li>\n<\/ul>\n","protected":false},"excerpt":{"rendered":"<p>2020 Schadenzauber und Weibermacht. Hans Baldung Griens voyeuristischer Blick-Wechsel auf das Hexenthema, Vortrag im Rahmen der Ausstellung &#8222;Hans Baldung Grien. heilig\/unheilig&#8220;, Staatliche Kunsthalle Karlsruhe, 6. Februar 2020, 19.00 Uhr 2019\u00a0 Zur Online-Edition ausgew\u00e4hlter Schriften von Konrad Hoffmann, Vortrag anl\u00e4sslich des 125-j\u00e4hrigen Jubil\u00e4ums des Kunsthistorischen Instituts der Universit\u00e4t T\u00fcbingen, 18.07.2019 &#8222;Das unheimliche Nachleben des nationalsozialistischen Kunstraubs [&hellip;]<\/p>\n","protected":false},"author":1687,"featured_media":0,"parent":0,"menu_order":12,"comment_status":"closed","ping_status":"closed","template":"","meta":{"footnotes":""},"class_list":["post-527","page","type-page","status-publish","hentry"],"_links":{"self":[{"href":"https:\/\/blog.zhdk.ch\/sigridschade\/wp-json\/wp\/v2\/pages\/527","targetHints":{"allow":["GET"]}}],"collection":[{"href":"https:\/\/blog.zhdk.ch\/sigridschade\/wp-json\/wp\/v2\/pages"}],"about":[{"href":"https:\/\/blog.zhdk.ch\/sigridschade\/wp-json\/wp\/v2\/types\/page"}],"author":[{"embeddable":true,"href":"https:\/\/blog.zhdk.ch\/sigridschade\/wp-json\/wp\/v2\/users\/1687"}],"replies":[{"embeddable":true,"href":"https:\/\/blog.zhdk.ch\/sigridschade\/wp-json\/wp\/v2\/comments?post=527"}],"version-history":[{"count":33,"href":"https:\/\/blog.zhdk.ch\/sigridschade\/wp-json\/wp\/v2\/pages\/527\/revisions"}],"predecessor-version":[{"id":970,"href":"https:\/\/blog.zhdk.ch\/sigridschade\/wp-json\/wp\/v2\/pages\/527\/revisions\/970"}],"wp:attachment":[{"href":"https:\/\/blog.zhdk.ch\/sigridschade\/wp-json\/wp\/v2\/media?parent=527"}],"curies":[{"name":"wp","href":"https:\/\/api.w.org\/{rel}","templated":true}]}}