{"id":57,"date":"2013-07-03T15:52:20","date_gmt":"2013-07-03T15:52:20","guid":{"rendered":"https:\/\/blog.zhdk.ch\/sigridschade\/?page_id=57"},"modified":"2018-02-04T08:29:36","modified_gmt":"2018-02-04T08:29:36","slug":"betreuung-forschungsarbeiten","status":"publish","type":"page","link":"https:\/\/blog.zhdk.ch\/sigridschade\/betreuung-forschungsarbeiten\/","title":{"rendered":"Betreuung Forschungsarbeiten"},"content":{"rendered":"<h3><strong>Habilitationen<\/strong><\/h3>\n<p><em><strong>Prof. Dr. Insa H\u00e4rtel:<\/strong> <\/em><br \/>\nTransformationen symbolisch-autoritativer Dimensionen: Entw\u00fcrfe von Autorschaft und Handlungsmacht, 2002-2008 Wiss. Mitarbeiterstelle gef\u00f6rdert durch das HWP III der Universit\u00e4t Bremen<\/p>\n<h3><strong>Abgeschlossene Dissertationen<\/strong><\/h3>\n<p><em><strong>Prof. Dr. Sigrid Adorf:<\/strong> <\/em><br \/>\nOperation Video. Eine Technik des Nahsehens und ihr spezifisches Subjekt: die Videok\u00fcnstlerin der 1970er Jahre, Universit\u00e4t Bremen (wissenschaftliche Mitarbeiterin 2000-2003),\u00a0Studien zur visuellen Kultur Bd. 5, Bielefeld 2008<\/p>\n<p><em><strong>Dr. Aulikki Erom\u00e4ki u. Dr. Ingrid Wagner-Kantuser:<\/strong> <\/em><br \/>\nWeiblichkeit und \u00e4sthetisches Handeln bei zeitgen\u00f6ssischen bildenden K\u00fcnstlerinnen 1975 \u2013 1990, Universit\u00e4t der K\u00fcnste, Berlin 2002<\/p>\n<p><em><strong>Dr. Julia Galandi Pascual:<\/strong><\/em> Aus der Geschichte der fotografischen Gebrauchsweisen: Die Kategorie des Dokumentarischen in der Ausstellung New Topographics: Photographs of a Man-Altered Landscape (1975),\u00a0Universit\u00e4t Oldenburg\u00a02008, ver\u00f6ff.<\/p>\n<p><em><strong>Prof. Dr. Linda Hentschel:<\/strong> <\/em><br \/>\nPornotopische Techniken des Betrachters. Raumwahrnehmung in visuellen Apparaten der Moderne, Universit\u00e4t Bremen 2000, ver\u00f6ff. Studien zur visuellen Kultur Bd. 2, Marburg 2001<\/p>\n<p><em><strong>Dr.<\/strong><\/em> <em><strong>Kathrin Heinz:<\/strong> <\/em> \u201eHeldische Konstruktionen. Von Wassily Kandinskys Reitern, Rittern und heiligem Georg<strong>,\u00a0<\/strong> Universit\u00e4t Bremen 2010, ver\u00f6ff. Studien\u00a0 zur visuellen Kultur Bd.19, Bielefeld 2015<\/p>\n<p><strong><em>Dr. Marion H\u00f6velmeyer:<\/em> <\/strong><br \/>\nPandoras B\u00fcchse: Konfigurationen von K\u00f6rper und Kreativit\u00e4t. Dekonstruktionsanalysen zur Art-Brut-K\u00fcnstlerin Ursula Schultze-Bluhm, Universit\u00e4t Bremen 2006, ver\u00f6ff. Studien zur visuellen Kultur\u00a0 Bd. 2, Bielefeld 2007<\/p>\n<p><em><strong>Dr. Jennifer John:<\/strong> <\/em><br \/>\nWhite Cubes &#8211; Gendered Cubes. Die Repr\u00e4sentation von Geschlecht in Museen f\u00fcr moderne und zeitgen\u00f6ssische Kunst am Beispiel der Kunsthalle Hamburg, begonnen 2003, Universit\u00e4t Bremen,\u00a0 Universit\u00e4t Oldenburg 2010<\/p>\n<p><em><strong>Ass. Prof. Dr. Christoph Kluetsch:<\/strong> <\/em><br \/>\nComputergrafik \u2013 \u00c4sthetische Experimente zwischen zwei Kulturen, Universit\u00e4t Bremen 2006, ver\u00f6ff. M\u00fcnchen 2007<\/p>\n<p><em><strong>Prof. Dr. Hans Joachim Lenger:<\/strong> <\/em><br \/>\nVom Abschied. Ein Essay zur Differenz, Universit\u00e4t\u00a0 Bremen, ver\u00f6ff. Bielefeld 2001<\/p>\n<p><em><strong>Dr. Ines Lindner:<\/strong> <\/em><br \/>\nHybride Bilder. Studien zum Produktivwerden technischer Reproduktion 1880-1930, Hochschule der K\u00fcnste Braunschweig 2006, ver\u00f6ff.<\/p>\n<p><em>P<\/em><strong><em>rof. Dr.<\/em> <em>Claudia Mareis:<\/em> <\/strong> Design als Wissenskultur. Interferenzen zwischen Design- und Wissensdiskursen seit 1960, 2009, im gemeinsamen Doktoratsstudiengang mit des ICS mit der Kunstuniversit\u00e4t Linz, ver\u00f6ff. Studien zur visuellen Kultur Bd. 16, Bielefeld 2011<\/p>\n<p><em><strong>Dr. Sylvia Pritsch:<\/strong> <\/em> Rhetorik des Subjekts: Zur textuellen Konstitution des postmodernen Subjekts in feministischen und nicht-feministischen Diskursen, Universit\u00e4t Bremen 2007, ver\u00f6ff. Bielefeld 2007<\/p>\n<p><em><strong>Prof. Dr. Dorothee Richter:<\/strong> <\/em><br \/>\nMythos und Dekonstruktion des \u201aKunst-gleich-Leben\u2019-Begriffs der Fluxusbewegung,\u00a0Universit\u00e4t Bremen 2011. ver\u00f6ff. Ludwigsburg, Z\u00fcrich 2012<\/p>\n<p><em><strong>Dr. Kornelia Roeder:<\/strong> <\/em> Topologie und Funktionsweise des Netzwerks der Mail Art und dessen spezifische Bedeutung f\u00fcr Ost- und Mitteleuropa im Untersuchungszeitraum von 1960 bis 1989, Universit\u00e4t Bremen 2006,\u00a0 ver\u00f6ff.<\/p>\n<p><em><strong>Dr. Barbara Schr\u00f6dl:<\/strong><\/em><br \/>\nDas Bild des K\u00fcnstlers und seiner Frauen &#8211; Beziehungen zwischen Kunstgeschichte und Popul\u00e4rkultur in Spielfilmen des Nationalsozialismus und der Nachkriegszeit, Universit\u00e4t Bremen 2001, ver\u00f6ff. Studien zur visuellen Kultur Bd. 3, Marburg 2004<\/p>\n<p><em><strong>Dr. Corinna Tomberger:<\/strong> <\/em> Gegendenkm\u00e4ler als Orte geschichtspolitischer Verst\u00e4ndigung \u00fcber die NS-Zeit in den 80er und 90er Jahren, Universit\u00e4t Oldenburg 2006, ver\u00f6ff. Studien zur Visuellen Kultur Bd. 4, Bielefeld 2007<\/p>\n<p><strong><em>Dr. Yvonne Volkart:<\/em> <\/strong><br \/>\nFluide Subjekte. Repr\u00e4sentationen von Anpassung und Widerspenstigkeit in der Medienkunst, Universit\u00e4t Oldenburg 2006, ver\u00f6ff.\u00a0Studien zur visuellen Kultur Bd. 1, Bielefeld 2006<\/p>\n<p>&nbsp;<\/p>\n<h3><strong>Dissertationen in Arbeit<\/strong><\/h3>\n<p><em><strong>Medea Hoch:<\/strong> <\/em><br \/>\nSophie Taeuber-Arp und die Integration der K\u00fcnste (Arbeitstitel), in Kooperation mit der Universit\u00e4t Z\u00fcrich<\/p>\n<p>&nbsp;<\/p>\n","protected":false},"excerpt":{"rendered":"<p>Habilitationen Prof. Dr. Insa H\u00e4rtel: Transformationen symbolisch-autoritativer Dimensionen: Entw\u00fcrfe von Autorschaft und Handlungsmacht, 2002-2008 Wiss. Mitarbeiterstelle gef\u00f6rdert durch das HWP III der Universit\u00e4t Bremen Abgeschlossene Dissertationen Prof. Dr. Sigrid Adorf: Operation Video. Eine Technik des Nahsehens und ihr spezifisches Subjekt: die Videok\u00fcnstlerin der 1970er Jahre, Universit\u00e4t Bremen (wissenschaftliche Mitarbeiterin 2000-2003),\u00a0Studien zur visuellen Kultur Bd. 5, [&hellip;]<\/p>\n","protected":false},"author":1571,"featured_media":0,"parent":0,"menu_order":7,"comment_status":"closed","ping_status":"open","template":"","meta":{"footnotes":""},"class_list":["post-57","page","type-page","status-publish","hentry"],"_links":{"self":[{"href":"https:\/\/blog.zhdk.ch\/sigridschade\/wp-json\/wp\/v2\/pages\/57","targetHints":{"allow":["GET"]}}],"collection":[{"href":"https:\/\/blog.zhdk.ch\/sigridschade\/wp-json\/wp\/v2\/pages"}],"about":[{"href":"https:\/\/blog.zhdk.ch\/sigridschade\/wp-json\/wp\/v2\/types\/page"}],"author":[{"embeddable":true,"href":"https:\/\/blog.zhdk.ch\/sigridschade\/wp-json\/wp\/v2\/users\/1571"}],"replies":[{"embeddable":true,"href":"https:\/\/blog.zhdk.ch\/sigridschade\/wp-json\/wp\/v2\/comments?post=57"}],"version-history":[{"count":13,"href":"https:\/\/blog.zhdk.ch\/sigridschade\/wp-json\/wp\/v2\/pages\/57\/revisions"}],"predecessor-version":[{"id":865,"href":"https:\/\/blog.zhdk.ch\/sigridschade\/wp-json\/wp\/v2\/pages\/57\/revisions\/865"}],"wp:attachment":[{"href":"https:\/\/blog.zhdk.ch\/sigridschade\/wp-json\/wp\/v2\/media?parent=57"}],"curies":[{"name":"wp","href":"https:\/\/api.w.org\/{rel}","templated":true}]}}