{"id":95,"date":"2013-07-04T06:59:34","date_gmt":"2013-07-04T06:59:34","guid":{"rendered":"https:\/\/blog.zhdk.ch\/sigridschade\/?page_id=95"},"modified":"2016-02-17T17:53:36","modified_gmt":"2016-02-17T17:53:36","slug":"museum-und-ausstellungen","status":"publish","type":"page","link":"https:\/\/blog.zhdk.ch\/sigridschade\/museum-und-ausstellungen\/","title":{"rendered":"Museum und Ausstellungen"},"content":{"rendered":"<p><strong>2002 &#8211; 2007<\/strong><br \/>\nAls Leiterin des Instituts Cultural Studies in Art, Media and Design an der HGKZ verantwortlich f\u00fcr das Museum f\u00fcr Gestaltung Z\u00fcrich (Einsetzung der und Mitarbeit in der Programmkommission) und die vier angeschlossenen Sammlungen (Design-, Grafik-, Kunstgewerbe- und Plakat-)<\/p>\n<p><strong>2000<\/strong><br \/>\nMitarbeit an der Konzeption des Ausstellungsparcours &#8222;Mensch&#8220; im Science Center <em>UNIVERSUM<\/em>, Universit\u00e4t Bremen und private Tr\u00e4gerschaft.<\/p>\n<p><strong>1992 &#8211; 1994<\/strong><br \/>\nKonzeption und Gastkuratorin der Ausstellung: Andere K\u00f6rper \u2013 Different Bodies, O.K., Centrum f\u00fcr Gegenwartskunst, Linz, Katalog Wien 1994.<\/p>\n<p><strong>1991 &#8211; 1992<\/strong><br \/>\nKooperation mit dem Projekt: &#8222;Dialoge &#8211; \u00c4sthetische Praxis von Frauen in Kunst und Wissenschaft&#8220; Stadtgalerie, Kunsthalle und Hochschule f\u00fcr Gestaltung Kiel.<\/p>\n<p><strong>1986<\/strong><br \/>\nMitarbeit an der Ausstellung &#8222;Hexenwelten. Magie und Imagination 15.-20. Jahrhundert&#8220;, Historisches Institut der Universit\u00e4t des Saarlandes und der Stadtgalerie Saarbr\u00fccken, Leitung Prof. Dr. R. van D\u00fclmen.<\/p>\n<p><strong>1985 &#8211; 1986<\/strong><br \/>\nAssistentin am Kulturamt der Stadt Kassel. Koordination der Ausstellungen und Veranstaltungen im Rahmen der Reihe &#8222;Szene Schweiz in Kassel 1986&#8220; in Kooperation mit der\u00a0 Pro Helvetia.<\/p>\n<p><strong>1982 &#8211; 1984<\/strong><br \/>\nVolont\u00e4rin an den Staatlichen Sammlungen Kassel, Abteilung Plastik und Kunsthandwerk.<br \/>\nAusstellungskonzept f\u00fcr die fr\u00fchneuzeitliche Kleinplastik, Forschung zur Geschichte der Kunst- und Wunderkammern, Mitarbeit beim Ausstellungs &#8211; Aufbau des Kunsthandwerks vom Historismus bis zur Gegenwart<\/p>\n","protected":false},"excerpt":{"rendered":"<p>2002 &#8211; 2007 Als Leiterin des Instituts Cultural Studies in Art, Media and Design an der HGKZ verantwortlich f\u00fcr das Museum f\u00fcr Gestaltung Z\u00fcrich (Einsetzung der und Mitarbeit in der Programmkommission) und die vier angeschlossenen Sammlungen (Design-, Grafik-, Kunstgewerbe- und Plakat-) 2000 Mitarbeit an der Konzeption des Ausstellungsparcours &#8222;Mensch&#8220; im Science Center UNIVERSUM, Universit\u00e4t Bremen [&hellip;]<\/p>\n","protected":false},"author":1571,"featured_media":0,"parent":0,"menu_order":8,"comment_status":"closed","ping_status":"open","template":"","meta":{"footnotes":""},"class_list":["post-95","page","type-page","status-publish","hentry"],"_links":{"self":[{"href":"https:\/\/blog.zhdk.ch\/sigridschade\/wp-json\/wp\/v2\/pages\/95","targetHints":{"allow":["GET"]}}],"collection":[{"href":"https:\/\/blog.zhdk.ch\/sigridschade\/wp-json\/wp\/v2\/pages"}],"about":[{"href":"https:\/\/blog.zhdk.ch\/sigridschade\/wp-json\/wp\/v2\/types\/page"}],"author":[{"embeddable":true,"href":"https:\/\/blog.zhdk.ch\/sigridschade\/wp-json\/wp\/v2\/users\/1571"}],"replies":[{"embeddable":true,"href":"https:\/\/blog.zhdk.ch\/sigridschade\/wp-json\/wp\/v2\/comments?post=95"}],"version-history":[{"count":8,"href":"https:\/\/blog.zhdk.ch\/sigridschade\/wp-json\/wp\/v2\/pages\/95\/revisions"}],"predecessor-version":[{"id":723,"href":"https:\/\/blog.zhdk.ch\/sigridschade\/wp-json\/wp\/v2\/pages\/95\/revisions\/723"}],"wp:attachment":[{"href":"https:\/\/blog.zhdk.ch\/sigridschade\/wp-json\/wp\/v2\/media?parent=95"}],"curies":[{"name":"wp","href":"https:\/\/api.w.org\/{rel}","templated":true}]}}