{"id":20,"date":"2024-01-22T07:58:11","date_gmt":"2024-01-22T07:58:11","guid":{"rendered":"https:\/\/blog.zhdk.ch\/soundinginfluencer\/?page_id=20"},"modified":"2025-05-16T13:44:48","modified_gmt":"2025-05-16T13:44:48","slug":"hoerexperimente","status":"publish","type":"page","link":"https:\/\/blog.zhdk.ch\/soundinginfluencer\/hoerexperimente\/","title":{"rendered":"H\u00f6rexperimente (2024)"},"content":{"rendered":"<h1 style=\"font-weight: 400;text-align: center\">Sounding Influencer V.5<br \/>\nWir suchen:<br \/>\nTeilnehmende f\u00fcr H\u00f6rexperimente<\/h1>\n<p style=\"font-weight: 400\">In dem fortlaufenden Forschungsprojekt Sounding Influencer am ICST (Institute for Computer Music and Sound Technology) der ZHDK untersuchen wir unter dem Titel \u00abMensch-Maschine-Interaktion\u00bb die wechselseitige Beeinflussung von Klang und Bewegung.<br \/>\nF\u00fcr unsere Untersuchungen der Beeinflussung des Seheindrucks auf den H\u00f6reindruck und die r\u00e4umliche Wahrnehmung von Klangverschiebungen an verschiedenen H\u00f6rpositionen suchen wir interessierte Teilnehmende.<\/p>\n<p style=\"font-weight: 400\">02.03.2024 \u00a0\u00a0\u00a0 Uhrzeit: 13:30-15:30 Uhr \u00a0\u00a0\u00a0\u00a0\u00a0 Ort: 5.K06 Aktionsraum<br \/>\n08.03.2024 \u00a0\u00a0\u00a0 Uhrzeit: 13:30-15:30 Uhr \u00a0\u00a0\u00a0\u00a0\u00a0 Ort: 5.K12 Kunstraum<br \/>\n05.04.2024 \u00a0\u00a0\u00a0 Uhrzeit: 13:30-15:30 Uhr \u00a0\u00a0\u00a0\u00a0\u00a0 Ort: 6.K15 Kammermusiksaal 2<br \/>\n12.04.2024 \u00a0\u00a0\u00a0 Uhrzeit: <span style=\"color: #ff0000\"><strong>12:30-14:30 <\/strong><\/span>Uhr \u00a0\u00a0\u00a0\u00a0\u00a0 Ort: 5.K13 Kammermusiksaal 1<br \/>\n17.05.2024 \u00a0\u00a0\u00a0 Uhrzeit: 13:30-15:30 Uhr \u00a0\u00a0\u00a0\u00a0\u00a0 Ort: 5.K500 Kaskadenhalle<\/p>\n<p style=\"font-weight: 400\">Teilnahme ist an einem, mehreren oder allen Terminen m\u00f6glich, je nach Interesse und Verf\u00fcgbarkeit. Bitte unbedingt genau angeben, f\u00fcr welche Termine ihr euch anmeldet.<br \/>\nBitte an <a href=\"mailto:peter.faerber@zhdk.ch?subject=Anmeldung H\u00f6rversuche\">Peter F\u00e4rber<\/a> schreiben.<\/p>\n<p style=\"font-weight: 400\">Aufwandsentsch\u00e4digung pro Termin: \u00a0 \u00a0 \u00a0 \u00a0 \u00a0 40CHF<br \/>\nDeadline f\u00fcr die Anmeldung: \u00a0 \u00a0 \u00a0 \u00a0 \u00a0 \u00a0 \u00a0 \u00a0 \u00a0 \u00a0 \u00a0 \u00a0 15.2.2024<\/p>\n<p style=\"font-weight: 400\">Projektleitung: Peter F\u00e4rber, Annkathrin P\u00f6pel, Angela St\u00f6cklin<\/p>\n","protected":false},"excerpt":{"rendered":"<p>Sounding Influencer V.5 Wir suchen: Teilnehmende f\u00fcr H\u00f6rexperimente In dem fortlaufenden Forschungsprojekt Sounding Influencer am ICST (Institute for Computer Music and Sound Technology) der ZHDK untersuchen wir unter dem Titel \u00abMensch-Maschine-Interaktion\u00bb die wechselseitige Beeinflussung von Klang und Bewegung. F\u00fcr unsere Untersuchungen der Beeinflussung des Seheindrucks auf den H\u00f6reindruck und die r\u00e4umliche Wahrnehmung von Klangverschiebungen an &hellip;<\/p>\n","protected":false},"author":231,"featured_media":0,"parent":0,"menu_order":0,"comment_status":"closed","ping_status":"closed","template":"","meta":{"footnotes":""},"class_list":["post-20","page","type-page","status-publish","hentry"],"_links":{"self":[{"href":"https:\/\/blog.zhdk.ch\/soundinginfluencer\/wp-json\/wp\/v2\/pages\/20","targetHints":{"allow":["GET"]}}],"collection":[{"href":"https:\/\/blog.zhdk.ch\/soundinginfluencer\/wp-json\/wp\/v2\/pages"}],"about":[{"href":"https:\/\/blog.zhdk.ch\/soundinginfluencer\/wp-json\/wp\/v2\/types\/page"}],"author":[{"embeddable":true,"href":"https:\/\/blog.zhdk.ch\/soundinginfluencer\/wp-json\/wp\/v2\/users\/231"}],"replies":[{"embeddable":true,"href":"https:\/\/blog.zhdk.ch\/soundinginfluencer\/wp-json\/wp\/v2\/comments?post=20"}],"version-history":[{"count":12,"href":"https:\/\/blog.zhdk.ch\/soundinginfluencer\/wp-json\/wp\/v2\/pages\/20\/revisions"}],"predecessor-version":[{"id":131,"href":"https:\/\/blog.zhdk.ch\/soundinginfluencer\/wp-json\/wp\/v2\/pages\/20\/revisions\/131"}],"wp:attachment":[{"href":"https:\/\/blog.zhdk.ch\/soundinginfluencer\/wp-json\/wp\/v2\/media?parent=20"}],"curies":[{"name":"wp","href":"https:\/\/api.w.org\/{rel}","templated":true}]}}