{"id":207,"date":"2026-01-23T15:22:45","date_gmt":"2026-01-23T15:22:45","guid":{"rendered":"https:\/\/blog.zhdk.ch\/soundinginfluencer\/?page_id=207"},"modified":"2026-01-24T15:17:44","modified_gmt":"2026-01-24T15:17:44","slug":"oblique-sounds-video-audio","status":"publish","type":"page","link":"https:\/\/blog.zhdk.ch\/soundinginfluencer\/oblique-sounds-video-audio\/","title":{"rendered":"Oblique Sounds Video\/Audio"},"content":{"rendered":"<section id=\"builder-section-text_116\" class=\"builder-section-first builder-section builder-section-text builder-section-next-gallery builder-text-columns-1\" style=\"background-size: cover; background-repeat: no-repeat;background-position: center center;\">\n<div class=\"builder-section-content\">\n<div class=\"builder-text-row\">\n<div class=\"builder-text-column builder-text-column-1\" id=\"builder-section-text_116-column-1\">\n<div class=\"builder-text-content\">\n<p><div class=\"ttfmake-embed-wrapper aligncenter\" style=\"max-width: 960px;\"><iframe loading=\"lazy\" title=\"Oblique Sounds\" width=\"960\" height=\"720\" src=\"https:\/\/www.youtube.com\/embed\/VqWErmgq2eY?feature=oembed\" frameborder=\"0\" allow=\"accelerometer; autoplay; clipboard-write; encrypted-media; gyroscope; picture-in-picture; web-share\" referrerpolicy=\"strict-origin-when-cross-origin\" allowfullscreen><\/iframe><\/div>\n<\/p><\/div>\n<\/p><\/div>\n<\/p><\/div>\n<div class=\"builder-text-row\">\n<div class=\"builder-text-column builder-text-column-2\" id=\"builder-section-text_116-column-1\">\n<div class=\"builder-text-content\">\n<h2>Oblique Sounds<\/h2>\n<h4>soundperformance for 2 performers, 2 loudspeakers on pendulums, 5 handheld speaker cube<br \/>Version 2025-05-09, Lange Nacht<\/h4>\n<p>Oblique sounds centers around movement of loudspeakers. A net of floating, circulating, wandering sinetones develops. Public is invited to dive into this poetic subtle soundexperience also with eyes closed.<\/p>\n<p>performers: Angela St\u00f6cklin &amp; Annkathrin P\u00f6pel<br \/>technique: Peter F\u00e4rber<\/p>\n<p>Unfortunately, you can repeatedly hear another band that was presenting in a different room at the same time and was occasionally very loud. Their sound is not part of Oblique Sounds.<\/p>\n<\/p><\/div>\n<\/p><\/div>\n<\/p><\/div>\n<div class=\"builder-text-row\">\n<div class=\"builder-text-column builder-text-column-3\" id=\"builder-section-text_116-column-1\">\n<div class=\"builder-text-content\">\n\t\t\t\t\t\t\t\t\t\t\t<\/div>\n<\/p><\/div>\n<\/p><\/div>\n<\/p><\/div>\n<\/section>\n<section id=\"builder-section-gallery_37\" class=\"builder-section-prev-text builder-section builder-section-gallery builder-section-last builder-gallery-columns-3 builder-gallery-captions-reveal builder-gallery-captions-light builder-gallery-aspect-square\" style=\"background-size: cover; background-repeat: no-repeat;background-position: center center;\">\n<div class=\"builder-section-content\">\n<div class=\"builder-gallery-item \"><\/div>\n<div class=\"builder-gallery-item \"><\/div>\n<div class=\"builder-gallery-item  last-3\"><\/div>\n<\/p><\/div>\n<\/section>\n","protected":false},"excerpt":{"rendered":"<p>Oblique Sounds soundperformance for 2 performers, 2 loudspeakers on pendulums, 5 handheld speaker cubeVersion 2025-05-09, Lange Nacht Oblique sounds centers around movement of loudspeakers. A net of floating, circulating, wandering sinetones develops. Public is invited to dive into this poetic subtle soundexperience also with eyes closed. performers: Angela St\u00f6cklin &amp; Annkathrin P\u00f6peltechnique: Peter F\u00e4rber Unfortunately, &hellip;<\/p>\n","protected":false},"author":231,"featured_media":0,"parent":0,"menu_order":0,"comment_status":"closed","ping_status":"closed","template":"template-builder.php","meta":{"footnotes":""},"class_list":["post-207","page","type-page","status-publish","hentry"],"_links":{"self":[{"href":"https:\/\/blog.zhdk.ch\/soundinginfluencer\/wp-json\/wp\/v2\/pages\/207","targetHints":{"allow":["GET"]}}],"collection":[{"href":"https:\/\/blog.zhdk.ch\/soundinginfluencer\/wp-json\/wp\/v2\/pages"}],"about":[{"href":"https:\/\/blog.zhdk.ch\/soundinginfluencer\/wp-json\/wp\/v2\/types\/page"}],"author":[{"embeddable":true,"href":"https:\/\/blog.zhdk.ch\/soundinginfluencer\/wp-json\/wp\/v2\/users\/231"}],"replies":[{"embeddable":true,"href":"https:\/\/blog.zhdk.ch\/soundinginfluencer\/wp-json\/wp\/v2\/comments?post=207"}],"version-history":[{"count":6,"href":"https:\/\/blog.zhdk.ch\/soundinginfluencer\/wp-json\/wp\/v2\/pages\/207\/revisions"}],"predecessor-version":[{"id":229,"href":"https:\/\/blog.zhdk.ch\/soundinginfluencer\/wp-json\/wp\/v2\/pages\/207\/revisions\/229"}],"wp:attachment":[{"href":"https:\/\/blog.zhdk.ch\/soundinginfluencer\/wp-json\/wp\/v2\/media?parent=207"}],"curies":[{"name":"wp","href":"https:\/\/api.w.org\/{rel}","templated":true}]}}