{"id":1558,"date":"2020-10-17T12:58:43","date_gmt":"2020-10-17T12:58:43","guid":{"rendered":"https:\/\/blog.zhdk.ch\/soundinmotion\/?page_id=1558"},"modified":"2021-01-10T19:13:19","modified_gmt":"2021-01-10T19:13:19","slug":"cap-sim3","status":"publish","type":"page","link":"https:\/\/blog.zhdk.ch\/soundinmotion\/cap-sim3\/","title":{"rendered":"CaP SIM3"},"content":{"rendered":"<h3>Sound In Motion 3: 25.1.2020<\/h3>\n<p>Belfiore, Rapha\u00ebl: <a href=\"https:\/\/youtu.be\/hrm5x6bVUHw\" target=\"_blank\" rel=\"noopener noreferrer\"><strong>Study for moving speaker in open spaces<\/strong><\/a><span style=\"font-weight: normal;font-size: 16px\"><span style=\"font-weight: normal;font-size: 11px\"><br \/>\n<\/span><\/span><span style=\"font-size: 11px\">Live-Elektronik<br \/>\n<\/span><span style=\"font-weight: normal;font-size: 16px\"><span style=\"font-weight: normal;font-size: 11px\">Speaker Swinging: &#8218;<em>Doppler Waves&#8216;<\/em><\/span><\/span><\/p>\n<p><span style=\"font-weight: normal;font-size: 16px\"><span style=\"text-decoration: underline\"><a href=\"https:\/\/soundcloud.com\/noemibuchi\" target=\"_blank\" rel=\"noopener noreferrer\">B\u00fcc<\/a>hi<\/span>, No\u00e9mi: <a href=\"https:\/\/youtu.be\/oVU7qqY0qWI\" target=\"_blank\" rel=\"noopener noreferrer\"><strong>Danse modullique<\/strong><\/a><span style=\"font-weight: normal;font-size: 11px\"><em><br \/>\n<\/em>Modular-Synthesizer<\/span><\/span><\/p>\n<p><span style=\"font-weight: normal;font-size: 16px\">Eberli, Michael &#8222;Koko&#8220;:\u00a0<a href=\"https:\/\/youtu.be\/eVWKRWkFV8A\" target=\"_blank\" rel=\"noopener noreferrer\"><b>Draufgang &#8211; Farruca Deconstruido<\/b><\/a><span style=\"font-weight: normal;font-size: 11px\"><br \/>\n<\/span><\/span><span style=\"font-weight: normal;font-size: 16px\"><span style=\"font-weight: normal;font-size: 11px\">Speaker Swinging: &#8218;<em>Doppler Waves&#8216;<\/em><\/span><\/span><\/p>\n<p><span style=\"font-weight: normal;font-size: 16px\"><span style=\"text-decoration: underline\"><a href=\"http:\/\/www.tizianagreco.ch\" target=\"_blank\" rel=\"noopener noreferrer\">Greco<\/a><\/span>, Tiziana Alice<strong>:<\/strong> <a href=\"https:\/\/youtu.be\/EfSGNHI_kd4\" target=\"_blank\" rel=\"noopener noreferrer\"><strong>L&#8217;acqua che mi porta<\/strong><\/a><span style=\"font-weight: normal;font-size: 11px\"><br \/>\nPerformance<\/span><\/span><\/p>\n<p><span style=\"font-weight: normal;font-size: 16px\">Hulley, Giles Stuart: <a href=\"https:\/\/youtu.be\/Oqes4RUJGa8\" target=\"_blank\" rel=\"noopener noreferrer\"><strong>In Memoriam<\/strong><\/a><span style=\"font-weight: normal;font-size: 11px\"><br \/>\nSpeaker Swinging: &#8218;<em>Doppler Waves&#8216;<\/em><br \/>\n<\/span><\/span><\/p>\n<p><span style=\"font-weight: normal;font-size: 16px\">Jurt, Rita Maria: <\/span><span style=\"font-weight: normal;font-size: 16px\"><a href=\"https:\/\/youtu.be\/wzo2a1qbsww\" target=\"_blank\" rel=\"noopener noreferrer\"><strong>Gezeichnet<\/strong><\/a><\/span><span style=\"font-weight: normal;font-size: 16px\"><span style=\"font-weight: normal;font-size: 11px\"><em><em style=\"font-size: 11px;font-weight: normal\"><br \/>\n<\/em><\/em>Performance<br \/>\nSpeaker Swinging:<em><em style=\"font-size: 11px;font-weight: normal\"> &#8218;Doppler Waves&#8216;<\/em><\/em><\/span><\/span><\/p>\n<p><span style=\"font-weight: normal;font-size: 16px\"><span style=\"text-decoration: underline\"><a href=\"https:\/\/etsumasu1.tumblr.com\" target=\"_blank\" rel=\"noopener noreferrer\"><span style=\"color: blue;text-decoration: underline\">Masuda<\/span><\/a>,<\/span> Etsuro: <a href=\"https:\/\/youtu.be\/tYweUVPUq5k\" target=\"_blank\" rel=\"noopener noreferrer\"><strong>&#8218;Doppler Waves&#8216;<\/strong><\/a><span style=\"font-weight: normal;font-size: 11px\"><br \/>\nDirigat, Speaker Swinging<\/span><\/span><\/p>\n<p><span style=\"font-weight: normal;font-size: 16px\"><span style=\"text-decoration: underline\"><a href=\"https:\/\/www.heartopera.ch\" target=\"_blank\" rel=\"noopener noreferrer\"><span style=\"color: blue;text-decoration: underline\">P\u00f6pel<\/span><\/a><\/span>, Annkathrin: <\/span><span style=\"font-weight: normal;font-size: 16px\"><a href=\"https:\/\/youtu.be\/Bp76v0UpLBg\" target=\"_blank\" rel=\"noopener noreferrer\"><strong>Soundin<span style=\"text-decoration: underline\">g<\/span><\/strong><\/a><a href=\"https:\/\/youtu.be\/Bp76v0UpLBg\" target=\"_blank\" rel=\"noopener noreferrer\"><strong> Blood<\/strong><\/a><a href=\"https:\/\/youtu.be\/Bp76v0UpLBg\" target=\"_blank\" rel=\"noopener noreferrer\"><strong> 3<\/strong><\/a><span style=\"font-weight: normal;font-size: 11px\"><em><em style=\"font-size: 11px;font-weight: normal\"><br \/>\n<\/em><\/em>Gesang<br \/>\nSpeaker Swinging:<em><em style=\"font-size: 11px;font-weight: normal\"> &#8218;Doppler Waves&#8216;<\/em><br \/>\n<\/em><\/span><\/span><\/p>\n<p><span style=\"font-weight: normal;font-size: 16px\">Terner, Lev: <a href=\"https:\/\/youtu.be\/0a6FWFTwtVo\" target=\"_blank\" rel=\"noopener noreferrer\"><strong>Ritual<\/strong><\/a><span style=\"font-weight: normal;font-size: 11px\"><br \/>\nKlangregie<\/span><\/span><\/p>\n<p><span style=\"font-size: medium\">van Vulpen, Jeroen: <\/span><a style=\"font-size: 16px;font-weight: normal\" href=\"https:\/\/youtu.be\/R_bOTdaMEjY\" target=\"_blank\" rel=\"noopener noreferrer\"><strong>Aliud<\/strong><strong> f\u00fcr<\/strong><strong> einen<\/strong><strong> Aggregat<\/strong><strong> und<\/strong><strong> Tonband<\/strong><\/a><br \/>\n<span style=\"font-size: 11px\">Klangregie<\/span><\/p>\n<hr class=\"ttfmake-hr\" style=\"border-style: solid;border-top-width: 1px\" \/>\n<p><span style=\"font-weight: normal;font-size: 16px\">Affentranger, Peter<br \/>\n<span style=\"font-weight: normal;font-size: 11px\">Technik und Sicherheit: <em>Sounding Blood 3<\/em><\/span><\/span><\/p>\n<p><span style=\"font-weight: normal;font-size: 16px\">Bradford, Sara<br \/>\n<span style=\"font-weight: normal;font-size: 11px\">Tanz: <em>Sounding Blood 3<\/em><\/span><\/span><\/p>\n<p><span style=\"font-weight: normal;font-size: 16px\">Conteh, Mabintysan<span style=\"font-weight: normal;font-size: 11px\"><br \/>\nGesang und Herzdirigentin: <em>Sounding Blood 3<\/em><\/span><\/span><\/p>\n<p><span style=\"font-weight: normal;font-size: 16px\"><span style=\"text-decoration: underline\"><a href=\"https:\/\/www.meyerfaerber.com\" target=\"_blank\" rel=\"noopener noreferrer\">F\u00e4rber<\/a><\/span>, Peter<\/span><em style=\"font-size: 11px;font-weight: normal;font-style: italic\"><br \/>\n<\/em><span style=\"font-size: 11px\">Leitung<\/span><\/p>\n<p><span style=\"font-weight: normal;font-size: 16px\">Kalt, Roxane<br \/>\n<span style=\"font-weight: normal;font-size: 11px\">Vertikaltanz: <em>Sounding Blood 3<\/em><\/span><\/span><\/p>\n<p><span style=\"font-weight: normal;font-size: 16px\">Kn\u00f6rr, Anna<br \/>\n<span style=\"font-weight: normal;font-size: 11px\">SIM2 &#8211; Tanz: <em>Sounding Blood 2<\/em><\/span><\/span><\/p>\n<p><span style=\"font-weight: normal;font-size: 16px\">Kunz, Yvonne<br \/>\n<span style=\"font-weight: normal;font-size: 11px\">Bailaora: <em>Draufgang &#8211; Farruca Deconstruido<\/em><\/span><\/span><\/p>\n<p><span style=\"font-weight: normal;font-size: 16px\">Milosevic, Bojan<br \/>\n<span style=\"font-weight: normal;font-size: 11px\">Videodokumentation<\/span><br \/>\n<\/span><\/p>\n<p><span style=\"font-weight: normal;font-size: 16px\">Oosterhoff, Marc<br \/>\n<span style=\"font-weight: normal;font-size: 11px\">Kollaboration und Tanz: <em>Danse Modullique<\/em><\/span><\/span><\/p>\n<p><span style=\"font-weight: normal;font-size: 16px\">Santana, Ramon<\/span><span style=\"font-weight: normal;font-size: 16px\"><span style=\"font-weight: normal;font-size: 11px\"><br \/>\n<\/span><\/span><span style=\"font-weight: normal;font-size: 16px\"><span style=\"font-weight: normal;font-size: 11px\">Live-Elektronik: Sounding Blood 3<\/span><\/span><\/p>\n<p><span style=\"font-weight: normal;font-size: 16px\">Surbeck, Fiona<br \/>\n<\/span><span style=\"font-weight: normal;font-size: 16px\"><span style=\"font-weight: normal;font-size: 11px\">Tanz: <em>Sounding Blood 3<\/em><\/span><\/span><\/p>\n","protected":false},"excerpt":{"rendered":"<p>Sound In Motion 3: 25.1.2020 Belfiore, Rapha\u00ebl: Study for moving speaker in open spaces Live-Elektronik Speaker Swinging: &#8218;Doppler Waves&#8216; B\u00fcchi, No\u00e9mi: Danse modullique Modular-Synthesizer Eberli, Michael &#8222;Koko&#8220;:\u00a0Draufgang &#8211; Farruca Deconstruido Speaker Swinging: &#8218;Doppler Waves&#8216; Greco, Tiziana Alice: L&#8217;acqua che mi porta Performance Hulley, Giles Stuart: In Memoriam Speaker Swinging: &#8218;Doppler Waves&#8216; Jurt, Rita Maria: Gezeichnet &hellip;<\/p>\n","protected":false},"author":231,"featured_media":0,"parent":0,"menu_order":0,"comment_status":"closed","ping_status":"closed","template":"","meta":{"footnotes":""},"class_list":["post-1558","page","type-page","status-publish","hentry"],"_links":{"self":[{"href":"https:\/\/blog.zhdk.ch\/soundinmotion\/wp-json\/wp\/v2\/pages\/1558","targetHints":{"allow":["GET"]}}],"collection":[{"href":"https:\/\/blog.zhdk.ch\/soundinmotion\/wp-json\/wp\/v2\/pages"}],"about":[{"href":"https:\/\/blog.zhdk.ch\/soundinmotion\/wp-json\/wp\/v2\/types\/page"}],"author":[{"embeddable":true,"href":"https:\/\/blog.zhdk.ch\/soundinmotion\/wp-json\/wp\/v2\/users\/231"}],"replies":[{"embeddable":true,"href":"https:\/\/blog.zhdk.ch\/soundinmotion\/wp-json\/wp\/v2\/comments?post=1558"}],"version-history":[{"count":15,"href":"https:\/\/blog.zhdk.ch\/soundinmotion\/wp-json\/wp\/v2\/pages\/1558\/revisions"}],"predecessor-version":[{"id":1929,"href":"https:\/\/blog.zhdk.ch\/soundinmotion\/wp-json\/wp\/v2\/pages\/1558\/revisions\/1929"}],"wp:attachment":[{"href":"https:\/\/blog.zhdk.ch\/soundinmotion\/wp-json\/wp\/v2\/media?parent=1558"}],"curies":[{"name":"wp","href":"https:\/\/api.w.org\/{rel}","templated":true}]}}