{"id":2684,"date":"2022-01-20T22:19:31","date_gmt":"2022-01-20T22:19:31","guid":{"rendered":"https:\/\/blog.zhdk.ch\/soundinmotion\/?page_id=2684"},"modified":"2024-09-30T07:44:34","modified_gmt":"2024-09-30T07:44:34","slug":"sound-in-motion-7","status":"publish","type":"page","link":"https:\/\/blog.zhdk.ch\/soundinmotion\/sound-in-motion-7\/","title":{"rendered":"Sound In Motion 7"},"content":{"rendered":"<section id=\"builder-section-text_11\" class=\"builder-section-first builder-section builder-section-text builder-section-next-gallery builder-text-columns-1\" style=\"background-size: cover; background-repeat: no-repeat;background-position: center center;\">\n<h3 class=\"builder-text-section-title\">\n        Sound In Motion 7    <\/h3>\n<div class=\"builder-section-content\">\n<div class=\"builder-text-row\">\n<div class=\"builder-text-column builder-text-column-1\" id=\"builder-section-text_11-column-1\">\n<div class=\"builder-text-content\">\n<h5><strong>27. Februar 2022, 18:00 h KOnzertsaal 3 (7.K12) , Foyer, Rampe, Musikklub (1.G19)<br \/><\/strong><strong>Toni-AreaL<\/strong><\/h5>\n<p>Was passiert akustisch, musikalisch und visuell, wenn Lautsprecher bewegt werden? Welche gestalterischen M\u00f6glichkeiten bieten sich?<br \/>7 neue Arbeiten mit unterschiedlichen k\u00fcnstlerischen Ans\u00e4tzen und technischen Konzepten f\u00fcr den Einbezug von bewegten Lautsprechern wurden von den Teilnehmern und Teilnehmerinnen des Kurses <em>Komponieren mit und f\u00fcr bewegte Lautsprecher 7<\/em>\u00a02021\/2022 kreiert.<\/p>\n<p>Mit Werken von:\u00a0Houry Dora Apartien, Giles Stewart Hulley, Rita Maria Jurt, Pascal\u00a0Lund-Jensen, Siavash Namehshiri, Annkathrin P\u00f6pel,\u00a0Lev Terner.<\/p>\n<p>Peter F\u00e4rber (Leitung).\u00a0Lichtdesign: Ivalina Yapova (E07), Dominic Barmet (E01).<br \/>Videodokumentation und Stream: Marie Alexis, Patricia Meier<\/p>\n<hr class=\"ttfmake-hr\" style=\"border-style: solid;border-top-width: 1px\" \/>\n\t\t\t\t\t<\/div>\n<\/p><\/div>\n<\/p><\/div>\n<div class=\"builder-text-row\">\n<div class=\"builder-text-column builder-text-column-2\" id=\"builder-section-text_11-column-1\">\n<div class=\"builder-text-content\">\n<h5><strong>27 February 2022, 6.00 p.m. Concerthall 3 (7.K12), Foyer, Rampe, MusikkluB (1.G19)<br \/><\/strong><strong>Toni-Areal<\/strong><\/h5>\n<p>What happens acoustically, musically and visually when speakers are moved? What creative possibilities are offered?<br \/>7 new works with different artistic approaches and technical concepts for the inclusion of moving loudspeakers were created by the participants of the course <em>Composing with and for Moving Loudspeakers 7<\/em>\u00a02021\/2022.<\/p>\n<p>Featuring works by: Houry Dora Apartien, Giles Stewart Hulley, Rita Maria Jurt, Pascal\u00a0Lund-Jensen, Siavash Namehshiri, Annkathrin P\u00f6pel,\u00a0Lev Terner.<\/p>\n<p>Peter F\u00e4rber (direction).\u00a0Lighting design: Ivalina Yapova (E07), Dominic Barmet (E01).\u00a0<br \/>Video documentation and stream: Marie Alexis, Patricia Meier<\/p>\n<\/p><\/div>\n<\/p><\/div>\n<\/p><\/div>\n<div class=\"builder-text-row\">\n<div class=\"builder-text-column builder-text-column-3\" id=\"builder-section-text_11-column-1\">\n<div class=\"builder-text-content\">\n<p><div class=\"ttfmake-embed-wrapper aligncenter\" style=\"max-width: 960px;\"><iframe loading=\"lazy\" title=\"Sound In Motion 07\" width=\"960\" height=\"540\" src=\"https:\/\/www.youtube.com\/embed\/RFMUtllCJvE?feature=oembed\" frameborder=\"0\" allow=\"accelerometer; autoplay; clipboard-write; encrypted-media; gyroscope; picture-in-picture; web-share\" referrerpolicy=\"strict-origin-when-cross-origin\" allowfullscreen><\/iframe><\/div>\n<\/p><\/div>\n<\/p><\/div>\n<\/p><\/div>\n<\/p><\/div>\n<\/section>\n<section id=\"builder-section-gallery_45\" class=\"builder-section-prev-text builder-section builder-section-gallery builder-section-next-text builder-gallery-columns-3 builder-gallery-captions-overlay builder-gallery-captions-light builder-gallery-aspect-none\" style=\"background-size: cover; background-repeat: no-repeat;background-position: center center;\">\n<div class=\"builder-section-content\">\n<div class=\"builder-gallery-item  has-link\" onclick=\"event.preventDefault(); window.open('https:\/\/youtu.be\/QO2-RGNWIsg');\">\n<figure class=\"builder-gallery-image\" style=\"background-image: url(&#039;https:\/\/blog.zhdk.ch\/soundinmotion\/files\/2022\/03\/01-Annkathrin-1024x576.png&#039;);padding-bottom: 56.25%;\"><\/figure>\n<div class=\"builder-gallery-content\">\n<div class=\"builder-gallery-content-inner\">\n<h4 class=\"builder-gallery-title\">\n\t\t\t\t\t\tAnnkathrin P\u00f6pel\t\t\t\t\t<\/h4>\n<div class=\"builder-gallery-description\">\n<p>Metamorphosis 2<\/p>\n<\/p><\/div>\n<\/p><\/div>\n<\/p><\/div>\n<\/p><\/div>\n<div class=\"builder-gallery-item  has-link\" onclick=\"event.preventDefault(); window.open('https:\/\/youtu.be\/cib_eIMeWMQ');\">\n<figure class=\"builder-gallery-image\" style=\"background-image: url(&#039;https:\/\/blog.zhdk.ch\/soundinmotion\/files\/2022\/03\/02-Rita-1024x576.png&#039;);padding-bottom: 56.25%;\"><\/figure>\n<div class=\"builder-gallery-content\">\n<div class=\"builder-gallery-content-inner\">\n<h4 class=\"builder-gallery-title\">\n\t\t\t\t\t\tRita Maria Jurt\t\t\t\t\t<\/h4>\n<div class=\"builder-gallery-description\">\n<p>Uma esperan\u00e7a &#8211; die Hoffnung<\/p>\n<\/p><\/div>\n<\/p><\/div>\n<\/p><\/div>\n<\/p><\/div>\n<div class=\"builder-gallery-item  has-link last-3\" onclick=\"event.preventDefault(); window.open('https:\/\/youtu.be\/npLBIXPCaFk');\">\n<figure class=\"builder-gallery-image\" style=\"background-image: url(&#039;https:\/\/blog.zhdk.ch\/soundinmotion\/files\/2022\/03\/03-Lev-1024x576.png&#039;);padding-bottom: 56.25%;\"><\/figure>\n<div class=\"builder-gallery-content\">\n<div class=\"builder-gallery-content-inner\">\n<h4 class=\"builder-gallery-title\">\n\t\t\t\t\t\tLev Terner\t\t\t\t\t<\/h4>\n<div class=\"builder-gallery-description\">\n<p>\u00abMourning\u00bb<\/p>\n<\/p><\/div>\n<\/p><\/div>\n<\/p><\/div>\n<\/p><\/div>\n<div class=\"builder-gallery-item  has-link\" onclick=\"event.preventDefault(); window.open('https:\/\/youtu.be\/28PyK0G9pQ0');\">\n<figure class=\"builder-gallery-image\" style=\"background-image: url(&#039;https:\/\/blog.zhdk.ch\/soundinmotion\/files\/2022\/03\/04-Siavash-1024x576.png&#039;);padding-bottom: 56.25%;\"><\/figure>\n<div class=\"builder-gallery-content\">\n<div class=\"builder-gallery-content-inner\">\n<h4 class=\"builder-gallery-title\">\n\t\t\t\t\t\tSiavash Namehshiri\t\t\t\t\t<\/h4>\n<div class=\"builder-gallery-description\">\n<p>\u06a9\u0648\u0632\u0647 _ Kuze<\/p>\n<\/p><\/div>\n<\/p><\/div>\n<\/p><\/div>\n<\/p><\/div>\n<div class=\"builder-gallery-item  has-link\" onclick=\"event.preventDefault(); window.open('https:\/\/youtu.be\/U7MVOMuHZQY');\">\n<figure class=\"builder-gallery-image\" style=\"background-image: url(&#039;https:\/\/blog.zhdk.ch\/soundinmotion\/files\/2022\/03\/05-Pascal-1024x576.png&#039;);padding-bottom: 56.25%;\"><\/figure>\n<div class=\"builder-gallery-content\">\n<div class=\"builder-gallery-content-inner\">\n<h4 class=\"builder-gallery-title\">\n\t\t\t\t\t\tPascal Lund-Jensen\t\t\t\t\t<\/h4>\n<div class=\"builder-gallery-description\">\n<p>Searching\u2026. Installation<\/p>\n<\/p><\/div>\n<\/p><\/div>\n<\/p><\/div>\n<\/p><\/div>\n<div class=\"builder-gallery-item  has-link last-3\" onclick=\"event.preventDefault(); window.open('https:\/\/youtu.be\/2WpK8ynRHTY');\">\n<figure class=\"builder-gallery-image\" style=\"background-image: url(&#039;https:\/\/blog.zhdk.ch\/soundinmotion\/files\/2022\/03\/06-Houry-1024x576.png&#039;);padding-bottom: 56.25%;\"><\/figure>\n<div class=\"builder-gallery-content\">\n<div class=\"builder-gallery-content-inner\">\n<h4 class=\"builder-gallery-title\">\n\t\t\t\t\t\tHoury Dora Apartien (Friedli)\t\t\t\t\t<\/h4>\n<div class=\"builder-gallery-description\">\n<p>The First &#8211; A Walk With Legends<\/p>\n<\/p><\/div>\n<\/p><\/div>\n<\/p><\/div>\n<\/p><\/div>\n<div class=\"builder-gallery-item  has-link\" onclick=\"event.preventDefault(); window.open('https:\/\/youtu.be\/PKjWLYFPZUI');\">\n<figure class=\"builder-gallery-image\" style=\"background-image: url(&#039;https:\/\/blog.zhdk.ch\/soundinmotion\/files\/2022\/03\/07-Giles-1024x576.png&#039;);padding-bottom: 56.25%;\"><\/figure>\n<div class=\"builder-gallery-content\">\n<div class=\"builder-gallery-content-inner\">\n<h4 class=\"builder-gallery-title\">\n\t\t\t\t\t\tGiles Stewart Hulley\t\t\t\t\t<\/h4>\n<div class=\"builder-gallery-description\">\n<p>THE FALL<\/p>\n<\/p><\/div>\n<\/p><\/div>\n<\/p><\/div>\n<\/p><\/div>\n<\/p><\/div>\n<\/section>\n<section id=\"builder-section-text_71\" class=\"builder-section-prev-gallery builder-section builder-section-text builder-section-next-text builder-text-columns-2\" style=\"background-size: cover; background-repeat: no-repeat;background-position: center center;\">\n<div class=\"builder-section-content\">\n<div class=\"builder-text-row\">\n<div class=\"builder-text-column builder-text-column-1\" id=\"builder-section-text_71-column-1\">\n<div class=\"builder-text-content\">\n<p>Program notes (12 pages)<a href=\"https:\/\/blog.zhdk.ch\/soundinmotion\/files\/2022\/03\/Programmheft-SIM7-2.pdf\" class=\"pdfemb-viewer\" style=\"\" data-width=\"max\" data-height=\"max\" data-toolbar=\"bottom\" data-toolbar-fixed=\"off\">Programmheft-SIM7-2<\/a><\/p>\n<\/p><\/div>\n<\/p><\/div>\n<div class=\"builder-text-column builder-text-column-2\" id=\"builder-section-text_71-column-2\">\n<div class=\"builder-text-content\">\n\t\t\t\t\t\t\t\t\t\t\t<\/div>\n<\/p><\/div>\n<\/p><\/div>\n<div class=\"builder-text-row\">\n<div class=\"builder-text-column builder-text-column-3\" id=\"builder-section-text_71-column-1\">\n<div class=\"builder-text-content\">\n\t\t\t\t\t\t\t\t\t\t\t<\/div>\n<\/p><\/div>\n<\/p><\/div>\n<\/p><\/div>\n<\/section>\n<section id=\"builder-section-text_89\" class=\"builder-section-prev-text builder-section builder-section-text builder-section-last builder-text-columns-3\" style=\"background-size: cover; background-repeat: no-repeat;background-position: center center;\">\n<div class=\"builder-section-content\">\n<div class=\"builder-text-row\">\n<div class=\"builder-text-column builder-text-column-1\" id=\"builder-section-text_89-column-1\">\n<div class=\"builder-text-content\">\n<p><img loading=\"lazy\" decoding=\"async\" class=\"alignnone size-medium wp-image-1042\" src=\"https:\/\/blog.zhdk.ch\/soundinmotion\/files\/2020\/10\/2018_zhdk_logo_D_schwarz-300x200.jpg\" alt=\"\" width=\"300\" height=\"200\" \/><\/p>\n<\/p><\/div>\n<\/p><\/div>\n<div class=\"builder-text-column builder-text-column-2\" id=\"builder-section-text_89-column-2\">\n<div class=\"builder-text-content\">\n\t\t\t\t\t\t\t\t\t\t\t<\/div>\n<\/p><\/div>\n<div class=\"builder-text-column builder-text-column-3\" id=\"builder-section-text_89-column-3\">\n<div class=\"builder-text-content\">\n<p style=\"text-align: right\"><strong><big>ICST<\/big><\/strong><br \/>\nInstitute for Computer Music and<br \/>\nSound Technology<\/p>\n<\/p><\/div>\n<\/p><\/div>\n<\/p><\/div>\n<\/p><\/div>\n<\/section>\n","protected":false},"excerpt":{"rendered":"<p>Sound In Motion 7 27. Februar 2022, 18:00 h KOnzertsaal 3 (7.K12) , Foyer, Rampe, Musikklub (1.G19)Toni-AreaL Was passiert akustisch, musikalisch und visuell, wenn Lautsprecher bewegt werden? Welche gestalterischen M\u00f6glichkeiten bieten sich?7 neue Arbeiten mit unterschiedlichen k\u00fcnstlerischen Ans\u00e4tzen und technischen Konzepten f\u00fcr den Einbezug von bewegten Lautsprechern wurden von den Teilnehmern und Teilnehmerinnen des Kurses &hellip;<\/p>\n","protected":false},"author":231,"featured_media":0,"parent":0,"menu_order":0,"comment_status":"closed","ping_status":"closed","template":"template-builder.php","meta":{"footnotes":""},"class_list":["post-2684","page","type-page","status-publish","hentry"],"_links":{"self":[{"href":"https:\/\/blog.zhdk.ch\/soundinmotion\/wp-json\/wp\/v2\/pages\/2684","targetHints":{"allow":["GET"]}}],"collection":[{"href":"https:\/\/blog.zhdk.ch\/soundinmotion\/wp-json\/wp\/v2\/pages"}],"about":[{"href":"https:\/\/blog.zhdk.ch\/soundinmotion\/wp-json\/wp\/v2\/types\/page"}],"author":[{"embeddable":true,"href":"https:\/\/blog.zhdk.ch\/soundinmotion\/wp-json\/wp\/v2\/users\/231"}],"replies":[{"embeddable":true,"href":"https:\/\/blog.zhdk.ch\/soundinmotion\/wp-json\/wp\/v2\/comments?post=2684"}],"version-history":[{"count":39,"href":"https:\/\/blog.zhdk.ch\/soundinmotion\/wp-json\/wp\/v2\/pages\/2684\/revisions"}],"predecessor-version":[{"id":3153,"href":"https:\/\/blog.zhdk.ch\/soundinmotion\/wp-json\/wp\/v2\/pages\/2684\/revisions\/3153"}],"wp:attachment":[{"href":"https:\/\/blog.zhdk.ch\/soundinmotion\/wp-json\/wp\/v2\/media?parent=2684"}],"curies":[{"name":"wp","href":"https:\/\/api.w.org\/{rel}","templated":true}]}}