{"id":2847,"date":"2022-04-16T13:00:38","date_gmt":"2022-04-16T13:00:38","guid":{"rendered":"https:\/\/blog.zhdk.ch\/soundinmotion\/?page_id=2847"},"modified":"2024-09-30T07:51:06","modified_gmt":"2024-09-30T07:51:06","slug":"sound-in-motion-8","status":"publish","type":"page","link":"https:\/\/blog.zhdk.ch\/soundinmotion\/sound-in-motion-8\/","title":{"rendered":"Sound In Motion 8"},"content":{"rendered":"<section id=\"builder-section-text_11\" class=\"builder-section-first builder-section builder-section-text builder-section-next-text builder-text-columns-1\" style=\"background-size: cover; background-repeat: no-repeat;background-position: center center;\">\n<h3 class=\"builder-text-section-title\">\n        Sound in Motion 8    <\/h3>\n<div class=\"builder-section-content\">\n<div class=\"builder-text-row\">\n<div class=\"builder-text-column builder-text-column-1\" id=\"builder-section-text_11-column-1\">\n<div class=\"builder-text-content\">\n<h5><strong>15. Mai 2022, 18:00 h Konzertsaal 1 (7.K05) , Rampe<br \/><\/strong><strong>Toni-Areal<\/strong><\/h5>\n<p>Was passiert akustisch, musikalisch und visuell, wenn Lautsprecher bewegt werden? Welche gestalterischen M\u00f6glichkeiten bieten sich?<br \/>5 neue Arbeiten mit unterschiedlichen k\u00fcnstlerischen Ans\u00e4tzen und technischen Konzepten f\u00fcr den Einbezug von bewegten Lautsprechern wurden von den Teilnehmern und Teilnehmerinnen des Kurses <em>Komponieren mit und f\u00fcr bewegte Lautsprecher 8\u00a0<\/em>2022 kreiert.<\/p>\n<p>Mit Werken von: Giles Stewart Hulley, Annkathrin P\u00f6pel,\u00a0Hugo Vasco Reis, Robin Siedl, Sophia Stricker Schall.<\/p>\n<p>Peter F\u00e4rber (Leitung), Lichtdesign: Ivalina Yapova, Milena Winter, \u00a0Videodokumentation: Patricia Meier<\/p>\n<hr class=\"ttfmake-hr\" style=\"border-style: solid;border-top-width: 1px\" \/>\n\t\t\t\t\t<\/div>\n<\/p><\/div>\n<\/p><\/div>\n<div class=\"builder-text-row\">\n<div class=\"builder-text-column builder-text-column-2\" id=\"builder-section-text_11-column-1\">\n<div class=\"builder-text-content\">\n<h5>MAY 15, 2022, 18:00 H CONCERT HALL 1 (7.K05) , RAMP<br \/>TONI-AREAL<\/h5>\n<p>What happens acoustically, musically and visually when speakers are moved? What are the creative possibilities?<br \/>5 new works with different artistic approaches and technical concepts for the inclusion of moving loudspeakers were created by the participants of the course <em>Composing with and for Moving Loudspeakers 8<\/em> 2022.<\/p>\n<p>Featuring works by: Giles Stewart Hulley, Annkathrin P\u00f6pel, Hugo Vasco Reis, Robin Siedl, Sophia Stricker Schall.<\/p>\n<p>Peter F\u00e4rber (direction), lighting design: Ivalina Yapova, Milena Winter, video documentation: Patricia Meier.<\/p>\n<\/p><\/div>\n<\/p><\/div>\n<\/p><\/div>\n<\/p><\/div>\n<\/section>\n<section id=\"builder-section-text_109\" class=\"builder-section-prev-text builder-section builder-section-text builder-section-next-gallery builder-text-columns-1\" style=\"background-size: cover; background-repeat: no-repeat;background-position: center center;\">\n<div class=\"builder-section-content\">\n<div class=\"builder-text-row\">\n<div class=\"builder-text-column builder-text-column-1\" id=\"builder-section-text_109-column-1\">\n<div class=\"builder-text-content\">\n<p><div class=\"ttfmake-embed-wrapper aligncenter\" style=\"max-width: 960px;\"><iframe loading=\"lazy\" title=\"Stream Sound In Motion 8 (15.5.2022)\" width=\"960\" height=\"540\" src=\"https:\/\/www.youtube.com\/embed\/btUW3DJOP6s?feature=oembed\" frameborder=\"0\" allow=\"accelerometer; autoplay; clipboard-write; encrypted-media; gyroscope; picture-in-picture; web-share\" referrerpolicy=\"strict-origin-when-cross-origin\" allowfullscreen><\/iframe><\/div>\n<\/p><\/div>\n<\/p><\/div>\n<\/p><\/div>\n<\/p><\/div>\n<\/section>\n<section id=\"builder-section-gallery_57\" class=\"builder-section-prev-text builder-section builder-section-gallery builder-section-next-text builder-gallery-columns-3 builder-gallery-captions-overlay builder-gallery-captions-light builder-gallery-aspect-none\" style=\"background-size: cover; background-repeat: no-repeat;background-position: center center;\">\n<div class=\"builder-section-content\">\n<div class=\"builder-gallery-item  has-link\" onclick=\"event.preventDefault(); window.open('https:\/\/youtu.be\/lbaYIFjmrE0');\">\n<figure class=\"builder-gallery-image\" style=\"background-image: url(&#039;https:\/\/blog.zhdk.ch\/soundinmotion\/files\/2022\/05\/Hugo-Manifesto-1024x576.jpg&#039;);padding-bottom: 56.25%;\"><\/figure>\n<div class=\"builder-gallery-content\">\n<div class=\"builder-gallery-content-inner\">\n<h4 class=\"builder-gallery-title\">\n\t\t\t\t\t\tHugo Vasco Reis\t\t\t\t\t<\/h4>\n<div class=\"builder-gallery-description\">\n<p>Manifesto<\/p>\n<\/p><\/div>\n<\/p><\/div>\n<\/p><\/div>\n<\/p><\/div>\n<div class=\"builder-gallery-item  has-link\" onclick=\"event.preventDefault(); window.open('https:\/\/youtu.be\/j4jfc0EcEIY');\">\n<figure class=\"builder-gallery-image\" style=\"background-image: url(&#039;https:\/\/blog.zhdk.ch\/soundinmotion\/files\/2022\/05\/Robin-OMNI-PRESENT-1024x576.jpg&#039;);padding-bottom: 56.25%;\"><\/figure>\n<div class=\"builder-gallery-content\">\n<div class=\"builder-gallery-content-inner\">\n<h4 class=\"builder-gallery-title\">\n\t\t\t\t\t\tRobin Siedl\t\t\t\t\t<\/h4>\n<div class=\"builder-gallery-description\">\n<p>OMNI PRESENT<\/p>\n<\/p><\/div>\n<\/p><\/div>\n<\/p><\/div>\n<\/p><\/div>\n<div class=\"builder-gallery-item  has-link last-3\" onclick=\"event.preventDefault(); window.open('https:\/\/youtu.be\/5hqHLjJpRcY');\">\n<figure class=\"builder-gallery-image\" style=\"background-image: url(&#039;https:\/\/blog.zhdk.ch\/soundinmotion\/files\/2022\/05\/Annkathrin-Metamorphosis-3-1024x576.jpg&#039;);padding-bottom: 56.25%;\"><\/figure>\n<div class=\"builder-gallery-content\">\n<div class=\"builder-gallery-content-inner\">\n<h4 class=\"builder-gallery-title\">\n\t\t\t\t\t\tAnnkathrin P\u00f6pel\t\t\t\t\t<\/h4>\n<div class=\"builder-gallery-description\">\n<p>Metamorphosis 3<\/p>\n<\/p><\/div>\n<\/p><\/div>\n<\/p><\/div>\n<\/p><\/div>\n<div class=\"builder-gallery-item  has-link\" onclick=\"event.preventDefault(); window.open('https:\/\/youtu.be\/h6LIm9Lgpi0');\">\n<figure class=\"builder-gallery-image\" style=\"background-image: url(&#039;https:\/\/blog.zhdk.ch\/soundinmotion\/files\/2022\/05\/Giles-Re-Genetic-1024x576.jpg&#039;);padding-bottom: 56.25%;\"><\/figure>\n<div class=\"builder-gallery-content\">\n<div class=\"builder-gallery-content-inner\">\n<h4 class=\"builder-gallery-title\">\n\t\t\t\t\t\tGiles Stewart Hulley\t\t\t\t\t<\/h4>\n<div class=\"builder-gallery-description\">\n<p>\u00abRe-Genetic\u00bb<\/p>\n<\/p><\/div>\n<\/p><\/div>\n<\/p><\/div>\n<\/p><\/div>\n<div class=\"builder-gallery-item  has-link\" onclick=\"event.preventDefault(); window.open('https:\/\/youtu.be\/0FUi36Jfoog');\">\n<figure class=\"builder-gallery-image\" style=\"background-image: url(&#039;https:\/\/blog.zhdk.ch\/soundinmotion\/files\/2022\/05\/Sophia-Cycles-and-Sprials-1024x576.jpg&#039;);padding-bottom: 56.25%;\"><\/figure>\n<div class=\"builder-gallery-content\">\n<div class=\"builder-gallery-content-inner\">\n<h4 class=\"builder-gallery-title\">\n\t\t\t\t\t\tSophia Stricker Schall\t\t\t\t\t<\/h4>\n<div class=\"builder-gallery-description\">\n<p>Cycles and Spirals<\/p>\n<\/p><\/div>\n<\/p><\/div>\n<\/p><\/div>\n<\/p><\/div>\n<\/p><\/div>\n<\/section>\n<section id=\"builder-section-text_83\" class=\"builder-section-prev-gallery builder-section builder-section-text builder-section-next-text builder-text-columns-2\" style=\"background-size: cover; background-repeat: no-repeat;background-position: center center;\">\n<div class=\"builder-section-content\">\n<div class=\"builder-text-row\">\n<div class=\"builder-text-column builder-text-column-1\" id=\"builder-section-text_83-column-1\">\n<div class=\"builder-text-content\">\n<p>Program notes (8 pages)<a href=\"https:\/\/blog.zhdk.ch\/soundinmotion\/files\/2022\/05\/2_Programmheft-8-02_.pdf\" class=\"pdfemb-viewer\" style=\"\" data-width=\"max\" data-height=\"max\" data-toolbar=\"bottom\" data-toolbar-fixed=\"off\">2_Programmheft-8-02_<\/a><\/p>\n<\/p><\/div>\n<\/p><\/div>\n<div class=\"builder-text-column builder-text-column-2\" id=\"builder-section-text_83-column-2\">\n<div class=\"builder-text-content\">\n\t\t\t\t\t\t\t\t\t\t\t<\/div>\n<\/p><\/div>\n<\/p><\/div>\n<div class=\"builder-text-row\">\n<div class=\"builder-text-column builder-text-column-3\" id=\"builder-section-text_83-column-1\">\n<div class=\"builder-text-content\">\n\t\t\t\t\t\t\t\t\t\t\t<\/div>\n<\/p><\/div>\n<\/p><\/div>\n<\/p><\/div>\n<\/section>\n<section id=\"builder-section-text_47\" class=\"builder-section-prev-text builder-section builder-section-text builder-section-last builder-text-columns-3\" style=\"background-size: cover; background-repeat: no-repeat;background-position: center center;\">\n<div class=\"builder-section-content\">\n<div class=\"builder-text-row\">\n<div class=\"builder-text-column builder-text-column-1\" id=\"builder-section-text_47-column-1\">\n<div class=\"builder-text-content\">\n<p><img loading=\"lazy\" decoding=\"async\" class=\"alignnone size-medium wp-image-1042\" src=\"https:\/\/blog.zhdk.ch\/soundinmotion\/files\/2020\/10\/2018_zhdk_logo_D_schwarz-300x200.jpg\" alt=\"\" width=\"300\" height=\"200\" \/><\/p>\n<\/p><\/div>\n<\/p><\/div>\n<div class=\"builder-text-column builder-text-column-2\" id=\"builder-section-text_47-column-2\">\n<div class=\"builder-text-content\">\n\t\t\t\t\t\t\t\t\t\t\t<\/div>\n<\/p><\/div>\n<div class=\"builder-text-column builder-text-column-3\" id=\"builder-section-text_47-column-3\">\n<div class=\"builder-text-content\">\n<p style=\"text-align: right\"><strong><big>ICST<\/big><\/strong><br \/>Institute for Computer Music and<br \/>Sound Technology<\/p>\n<\/p><\/div>\n<\/p><\/div>\n<\/p><\/div>\n<\/p><\/div>\n<\/section>\n","protected":false},"excerpt":{"rendered":"<p>Sound in Motion 8 15. Mai 2022, 18:00 h Konzertsaal 1 (7.K05) , RampeToni-Areal Was passiert akustisch, musikalisch und visuell, wenn Lautsprecher bewegt werden? Welche gestalterischen M\u00f6glichkeiten bieten sich?5 neue Arbeiten mit unterschiedlichen k\u00fcnstlerischen Ans\u00e4tzen und technischen Konzepten f\u00fcr den Einbezug von bewegten Lautsprechern wurden von den Teilnehmern und Teilnehmerinnen des Kurses Komponieren mit und &hellip;<\/p>\n","protected":false},"author":231,"featured_media":0,"parent":0,"menu_order":0,"comment_status":"closed","ping_status":"closed","template":"template-builder.php","meta":{"footnotes":""},"class_list":["post-2847","page","type-page","status-publish","hentry"],"_links":{"self":[{"href":"https:\/\/blog.zhdk.ch\/soundinmotion\/wp-json\/wp\/v2\/pages\/2847","targetHints":{"allow":["GET"]}}],"collection":[{"href":"https:\/\/blog.zhdk.ch\/soundinmotion\/wp-json\/wp\/v2\/pages"}],"about":[{"href":"https:\/\/blog.zhdk.ch\/soundinmotion\/wp-json\/wp\/v2\/types\/page"}],"author":[{"embeddable":true,"href":"https:\/\/blog.zhdk.ch\/soundinmotion\/wp-json\/wp\/v2\/users\/231"}],"replies":[{"embeddable":true,"href":"https:\/\/blog.zhdk.ch\/soundinmotion\/wp-json\/wp\/v2\/comments?post=2847"}],"version-history":[{"count":19,"href":"https:\/\/blog.zhdk.ch\/soundinmotion\/wp-json\/wp\/v2\/pages\/2847\/revisions"}],"predecessor-version":[{"id":3390,"href":"https:\/\/blog.zhdk.ch\/soundinmotion\/wp-json\/wp\/v2\/pages\/2847\/revisions\/3390"}],"wp:attachment":[{"href":"https:\/\/blog.zhdk.ch\/soundinmotion\/wp-json\/wp\/v2\/media?parent=2847"}],"curies":[{"name":"wp","href":"https:\/\/api.w.org\/{rel}","templated":true}]}}