{"id":2883,"date":"2022-05-11T06:19:30","date_gmt":"2022-05-11T06:19:30","guid":{"rendered":"https:\/\/blog.zhdk.ch\/soundinmotion\/?page_id=2883"},"modified":"2024-09-30T07:49:54","modified_gmt":"2024-09-30T07:49:54","slug":"sound-in-motion-9","status":"publish","type":"page","link":"https:\/\/blog.zhdk.ch\/soundinmotion\/sound-in-motion-9\/","title":{"rendered":"Sound In Motion 9"},"content":{"rendered":"<section id=\"builder-section-text_11\" class=\"builder-section-first builder-section builder-section-text builder-section-next-gallery builder-text-columns-1\" style=\"background-size: cover; background-repeat: no-repeat;background-position: center center;\">\n<h3 class=\"builder-text-section-title\">\n        Sound In Motion 9    <\/h3>\n<div class=\"builder-section-content\">\n<div class=\"builder-text-row\">\n<div class=\"builder-text-column builder-text-column-1\" id=\"builder-section-text_11-column-1\">\n<div class=\"builder-text-content\">\n<h5 style=\"text-align: left\">Samstag, 10. Februar 2024, 18:30 \u2013 19:30 <br \/>Beginn: Konzertsaal 1 (7.K05) \u27bc 7.K10 \u27bc 5.K07<br \/>ZHdK Toni-Areal, Pfingstweidstrasse 96, 8005 Z\u00fcrich<\/h5>\n<p style=\"font-weight: 400\">Was passiert akustisch, musikalisch und visuell, wenn Lautsprecher bewegt werden? Welche gestalterischen M\u00f6glichkeiten bieten sich? Vier neue Arbeiten mit unterschiedlichen k\u00fcnstlerischen Ans\u00e4tzen und technischen Konzepten f\u00fcr den Einbezug von bewegten Lautsprechern wurden von den Teilnehmern und Teilnehmerinnen des Kurses Komponieren mit und f\u00fcr bewegte Lautsprecher 9 kreiert.<\/p>\n<p style=\"font-weight: 400\">Mit Werken von: <br \/>Dana Borich, Annakthrin P\u00f6pel, Annie R\u00fcfenacht, Paul Taro Schmidt.<\/p>\n<p style=\"font-weight: 400\">Leitung: Peter F\u00e4rber.<\/p>\n<\/p><\/div>\n<\/p><\/div>\n<\/p><\/div>\n<div class=\"builder-text-row\">\n<div class=\"builder-text-column builder-text-column-2\" id=\"builder-section-text_11-column-1\">\n<div class=\"builder-text-content\">\n<p><div class=\"ttfmake-embed-wrapper aligncenter\" style=\"max-width: 960px;\"><iframe loading=\"lazy\" title=\"Sound In Motion 09\" width=\"960\" height=\"540\" src=\"https:\/\/www.youtube.com\/embed\/QhA81HvnwY8?feature=oembed\" frameborder=\"0\" allow=\"accelerometer; autoplay; clipboard-write; encrypted-media; gyroscope; picture-in-picture; web-share\" referrerpolicy=\"strict-origin-when-cross-origin\" allowfullscreen><\/iframe><\/div>\n<\/p><\/div>\n<\/p><\/div>\n<\/p><\/div>\n<div class=\"builder-text-row\">\n<div class=\"builder-text-column builder-text-column-3\" id=\"builder-section-text_11-column-1\">\n<div class=\"builder-text-content\">\n<p style=\"text-align: center\"><a href=\"https:\/\/www.zhdk.ch\/veranstaltung\/52709\">+ AiResidency: Utrumque<\/a><\/p>\n<p>19:30 \u2013 20:30<br \/>\u27bc Aktionsraum (5.K06)<\/p>\n<p>Gerhard Eckel und Ludvig Elblaus, bekannt als das Duo <strong><a href=\"https:\/\/www.utrumque.com\/\">utrumque<\/a><\/strong>, haben w\u00e4hrend ihrer Residenz am ICST eine Klanginstallation entwickelt, die nun in Form eines Konzerts pr\u00e4sentiert wird. Das System besteht aus einem doppelachsigen Rotor, an dessen Ende sich ein drehbarer Lautsprecher befindet. Durch die Kombination von Mikrofonen, zus\u00e4tzlichen Lautsprechern, der spezifischen Raumakustik und der Ver\u00e4nderung durch das Publikum sowie algorithmischer Signalverarbeitung entsteht ein dynamisches System, das eine Vielzahl von immer neuen Klangwelten erzeugt.<\/p>\n<p>Technische Realisation: Peter F\u00e4rber und Adrian Humbel (Masswerk)<\/p>\n<p style=\"text-align: center\"><a href=\"https:\/\/utrumque.bandcamp.com\/album\/aktionsraum\" target=\"_blank\" rel=\"noopener\">Hier geht es zu den H\u00f6rbeispielen<\/a><\/p>\n<\/p><\/div>\n<\/p><\/div>\n<\/p><\/div>\n<\/p><\/div>\n<\/section>\n<section id=\"builder-section-gallery_83\" class=\"builder-section-prev-text builder-section builder-section-gallery builder-section-next-text builder-gallery-columns-3 builder-gallery-captions-overlay builder-gallery-captions-light builder-gallery-aspect-none\" style=\"background-size: cover; background-repeat: no-repeat;background-position: center center;\">\n<div class=\"builder-section-content\">\n<div class=\"builder-gallery-item  has-link\" onclick=\"event.preventDefault(); window.open('https:\/\/youtu.be\/xXlTV_S8_2w?si=YaLD9uEzxlXNSZFO');\">\n<figure class=\"builder-gallery-image\" style=\"background-image: url(&#039;https:\/\/blog.zhdk.ch\/soundinmotion\/files\/2024\/03\/SIM9-Anni-1024x683.jpg&#039;);padding-bottom: 66.69921875%;\"><\/figure>\n<div class=\"builder-gallery-content\">\n<div class=\"builder-gallery-content-inner\">\n<h4 class=\"builder-gallery-title\">\n\t\t\t\t\t\tAnnie R\u00fcfenacht\t\t\t\t\t<\/h4>\n<div class=\"builder-gallery-description\">\n<div class=\"page\" title=\"Page 3\">\n<div class=\"layoutArea\">\n<div class=\"column\">\n<p>Fragments II<\/p>\n<\/div>\n<\/div>\n<\/div><\/div>\n<\/p><\/div>\n<\/p><\/div>\n<\/p><\/div>\n<div class=\"builder-gallery-item  has-link\" onclick=\"event.preventDefault(); window.open('https:\/\/www.youtube.com\/watch?v=EvdESoksRRc');\">\n<figure class=\"builder-gallery-image\" style=\"background-image: url(&#039;https:\/\/blog.zhdk.ch\/soundinmotion\/files\/2024\/03\/SIM9-Paul-1024x683.jpg&#039;);padding-bottom: 66.69921875%;\"><\/figure>\n<div class=\"builder-gallery-content\">\n<div class=\"builder-gallery-content-inner\">\n<h4 class=\"builder-gallery-title\">\n\t\t\t\t\t\tPaul Taro Schmidt\t\t\t\t\t<\/h4>\n<div class=\"builder-gallery-description\">\n<div class=\"page\" title=\"Page 3\">\n<div class=\"layoutArea\">\n<div class=\"column\">\n<p>between 1\/0<\/p>\n<\/div>\n<\/div>\n<\/div><\/div>\n<\/p><\/div>\n<\/p><\/div>\n<\/p><\/div>\n<div class=\"builder-gallery-item  has-link last-3\" onclick=\"event.preventDefault(); window.open('https:\/\/www.youtube.com\/watch?v=2W1eUoBpTSo');\">\n<figure class=\"builder-gallery-image\" style=\"background-image: url(&#039;https:\/\/blog.zhdk.ch\/soundinmotion\/files\/2024\/03\/SIM9-Annkathrin-1024x683.jpg&#039;);padding-bottom: 66.69921875%;\"><\/figure>\n<div class=\"builder-gallery-content\">\n<div class=\"builder-gallery-content-inner\">\n<h4 class=\"builder-gallery-title\">\n\t\t\t\t\t\tAnnkathrin P\u00f6pel\t\t\t\t\t<\/h4>\n<div class=\"builder-gallery-description\">\n<div class=\"page\" title=\"Page 4\">\n<div class=\"layoutArea\">\n<div class=\"column\">\n<div class=\"page\" title=\"Page 4\">\n<div class=\"layoutArea\">\n<div class=\"column\">\n<div class=\"page\" title=\"Page 4\">\n<div class=\"layoutArea\">\n<div class=\"column\">\n<p>Liquid Sunshine II<\/p>\n<\/div>\n<\/div>\n<\/div>\n<\/div>\n<\/div>\n<\/div>\n<\/div>\n<\/div>\n<\/div><\/div>\n<\/p><\/div>\n<\/p><\/div>\n<\/p><\/div>\n<div class=\"builder-gallery-item  has-link\" onclick=\"event.preventDefault(); window.open('https:\/\/www.youtube.com\/watch?v=g6w-qbY4frk');\">\n<figure class=\"builder-gallery-image\" style=\"background-image: url(&#039;https:\/\/blog.zhdk.ch\/soundinmotion\/files\/2024\/03\/SIM9-Dana-1024x683.jpg&#039;);padding-bottom: 66.69921875%;\"><\/figure>\n<div class=\"builder-gallery-content\">\n<div class=\"builder-gallery-content-inner\">\n<h4 class=\"builder-gallery-title\">\n\t\t\t\t\t\tDana Borich\t\t\t\t\t<\/h4>\n<div class=\"builder-gallery-description\">\n<div class=\"page\" title=\"Page 4\">\n<div class=\"layoutArea\">\n<div class=\"column\">\n<p>&#8218;Mourning Meditation&#8216;<\/p>\n<\/div>\n<\/div>\n<\/div><\/div>\n<\/p><\/div>\n<\/p><\/div>\n<\/p><\/div>\n<div class=\"builder-gallery-item \">\n<figure class=\"builder-gallery-image\" style=\"background-image: url(&#039;https:\/\/blog.zhdk.ch\/soundinmotion\/files\/2024\/03\/38Q3897-2-1024x683.jpg&#039;);padding-bottom: 66.69921875%;\"><\/figure>\n<div class=\"builder-gallery-content\">\n<div class=\"builder-gallery-content-inner\">\n<h4 class=\"builder-gallery-title\">\n\t\t\t\t\t\tutrumque (ICST Artist in Residency 2023)\t\t\t\t\t<\/h4>\n<div class=\"builder-gallery-description\">\n<div class=\"page\" title=\"Page 5\">\n<div class=\"layoutArea\">\n<div class=\"column\">\n<p>Rotoscillombrage<\/p>\n<\/div>\n<\/div>\n<\/div><\/div>\n<\/p><\/div>\n<\/p><\/div>\n<\/p><\/div>\n<\/p><\/div>\n<\/section>\n<section id=\"builder-section-text_39\" class=\"builder-section-prev-gallery builder-section builder-section-text builder-section-next-text builder-text-columns-2\" style=\"background-size: cover; background-repeat: no-repeat;background-position: center center;\">\n<div class=\"builder-section-content\">\n<div class=\"builder-text-row\">\n<div class=\"builder-text-column builder-text-column-1\" id=\"builder-section-text_39-column-1\">\n<div class=\"builder-text-content\">\n<p>Program notes (8 pages)<a href=\"https:\/\/blog.zhdk.ch\/soundinmotion\/files\/2024\/03\/SIM9-V04-8SeitenSeitenzahlen.pdf\" class=\"pdfemb-viewer\" style=\"\" data-width=\"max\" data-height=\"max\" data-toolbar=\"bottom\" data-toolbar-fixed=\"off\">SIM9-V04-8SeitenSeitenzahlen<\/a><\/p>\n<\/p><\/div>\n<\/p><\/div>\n<div class=\"builder-text-column builder-text-column-2\" id=\"builder-section-text_39-column-2\">\n<div class=\"builder-text-content\">\n\t\t\t\t\t\t\t\t\t\t\t<\/div>\n<\/p><\/div>\n<\/p><\/div>\n<\/p><\/div>\n<\/section>\n<section id=\"builder-section-text_57\" class=\"builder-section-prev-text builder-section builder-section-text builder-section-last builder-text-columns-3\" style=\"background-size: cover; background-repeat: no-repeat;background-position: center center;\">\n<div class=\"builder-section-content\">\n<div class=\"builder-text-row\">\n<div class=\"builder-text-column builder-text-column-1\" id=\"builder-section-text_57-column-1\">\n<div class=\"builder-text-content\">\n<p><img loading=\"lazy\" decoding=\"async\" class=\"alignnone size-medium wp-image-1042\" src=\"https:\/\/blog.zhdk.ch\/soundinmotion\/files\/2020\/10\/2018_zhdk_logo_D_schwarz-300x200.jpg\" alt=\"\" width=\"300\" height=\"200\" \/><\/p>\n<\/p><\/div>\n<\/p><\/div>\n<div class=\"builder-text-column builder-text-column-2\" id=\"builder-section-text_57-column-2\">\n<div class=\"builder-text-content\">\n\t\t\t\t\t\t\t\t\t\t\t<\/div>\n<\/p><\/div>\n<div class=\"builder-text-column builder-text-column-3\" id=\"builder-section-text_57-column-3\">\n<div class=\"builder-text-content\">\n<p style=\"text-align: right\"><strong><big>ICST<\/big><\/strong><br \/>Institute for Computer Music and<br \/>Sound Technology<\/p>\n<\/p><\/div>\n<\/p><\/div>\n<\/p><\/div>\n<\/p><\/div>\n<\/section>\n","protected":false},"excerpt":{"rendered":"<p>Sound In Motion 9 Samstag, 10. Februar 2024, 18:30 \u2013 19:30 Beginn: Konzertsaal 1 (7.K05) \u27bc 7.K10 \u27bc 5.K07ZHdK Toni-Areal, Pfingstweidstrasse 96, 8005 Z\u00fcrich Was passiert akustisch, musikalisch und visuell, wenn Lautsprecher bewegt werden? Welche gestalterischen M\u00f6glichkeiten bieten sich? Vier neue Arbeiten mit unterschiedlichen k\u00fcnstlerischen Ans\u00e4tzen und technischen Konzepten f\u00fcr den Einbezug von bewegten Lautsprechern &hellip;<\/p>\n","protected":false},"author":231,"featured_media":0,"parent":0,"menu_order":0,"comment_status":"closed","ping_status":"closed","template":"template-builder.php","meta":{"footnotes":""},"class_list":["post-2883","page","type-page","status-publish","hentry"],"_links":{"self":[{"href":"https:\/\/blog.zhdk.ch\/soundinmotion\/wp-json\/wp\/v2\/pages\/2883","targetHints":{"allow":["GET"]}}],"collection":[{"href":"https:\/\/blog.zhdk.ch\/soundinmotion\/wp-json\/wp\/v2\/pages"}],"about":[{"href":"https:\/\/blog.zhdk.ch\/soundinmotion\/wp-json\/wp\/v2\/types\/page"}],"author":[{"embeddable":true,"href":"https:\/\/blog.zhdk.ch\/soundinmotion\/wp-json\/wp\/v2\/users\/231"}],"replies":[{"embeddable":true,"href":"https:\/\/blog.zhdk.ch\/soundinmotion\/wp-json\/wp\/v2\/comments?post=2883"}],"version-history":[{"count":55,"href":"https:\/\/blog.zhdk.ch\/soundinmotion\/wp-json\/wp\/v2\/pages\/2883\/revisions"}],"predecessor-version":[{"id":3388,"href":"https:\/\/blog.zhdk.ch\/soundinmotion\/wp-json\/wp\/v2\/pages\/2883\/revisions\/3388"}],"wp:attachment":[{"href":"https:\/\/blog.zhdk.ch\/soundinmotion\/wp-json\/wp\/v2\/media?parent=2883"}],"curies":[{"name":"wp","href":"https:\/\/api.w.org\/{rel}","templated":true}]}}