{"id":3247,"date":"2024-09-29T18:35:07","date_gmt":"2024-09-29T18:35:07","guid":{"rendered":"https:\/\/blog.zhdk.ch\/soundinmotion\/?page_id=3247"},"modified":"2025-12-16T09:57:08","modified_gmt":"2025-12-16T09:57:08","slug":"sound-in-motion-10","status":"publish","type":"page","link":"https:\/\/blog.zhdk.ch\/soundinmotion\/sound-in-motion-10\/","title":{"rendered":"Sound In Motion 10"},"content":{"rendered":"<section id=\"builder-section-text_11\" class=\"builder-section-first builder-section builder-section-text builder-section-next-gallery builder-text-columns-1\" style=\"background-size: cover; background-repeat: no-repeat;background-position: center center;\">\n<h3 class=\"builder-text-section-title\">\n        Sound In Motion 10    <\/h3>\n<div class=\"builder-section-content\">\n<div class=\"builder-text-row\">\n<div class=\"builder-text-column builder-text-column-1\" id=\"builder-section-text_11-column-1\">\n<div class=\"builder-text-content\">\n<h5 style=\"text-align: left\">Donnerstag, 27. Juni 2024, 18:30 \u2013 19:30 <br \/><strong>Konzertsaal 1 (7.K05) \u2028ZHdK Toni-Areal, <br \/>Pfingstweidstrasse 96, 8005 Z\u00fcrich<\/strong><\/h5>\n<p style=\"font-weight: 400\">Was passiert akustisch, musikalisch und visuell, wenn Lautsprecher bewegt werden? Welche gestalterischen M\u00f6glichkeiten bieten sich?<\/p>\n<p style=\"font-weight: 400\">Erleben Sie in dieser Werkstattpr\u00e4sentation die unterschiedlichen k\u00fcnstlerischen Ans\u00e4tze und technischen Konzepte f\u00fcr den Einbezug von bewegten Lautsprechern in den Beitr\u00e4gen von \u2028Kenichi Kawabata, Annkathrin P\u00f6pel und Darah Rosenthal.<\/p>\n<p style=\"font-weight: 400\">Leitung: Peter F\u00e4rber.<\/p>\n<\/p><\/div>\n<\/p><\/div>\n<\/p><\/div>\n<div class=\"builder-text-row\">\n<div class=\"builder-text-column builder-text-column-2\" id=\"builder-section-text_11-column-1\">\n<div class=\"builder-text-content\">\n<p><div class=\"ttfmake-embed-wrapper aligncenter\" style=\"max-width: 960px;\"><iframe loading=\"lazy\" title=\"Sound In Motion 10\" width=\"960\" height=\"540\" src=\"https:\/\/www.youtube.com\/embed\/Ww8UFXjiOnM?feature=oembed\" frameborder=\"0\" allow=\"accelerometer; autoplay; clipboard-write; encrypted-media; gyroscope; picture-in-picture; web-share\" referrerpolicy=\"strict-origin-when-cross-origin\" allowfullscreen><\/iframe><\/div>\n<\/p><\/div>\n<\/p><\/div>\n<\/p><\/div>\n<\/p><\/div>\n<\/section>\n<section id=\"builder-section-gallery_45\" class=\"builder-section-prev-text builder-section builder-section-gallery builder-section-next-text builder-gallery-columns-3 builder-gallery-captions-overlay builder-gallery-captions-light builder-gallery-aspect-none\" style=\"background-size: cover; background-repeat: no-repeat;background-position: center center;\">\n<div class=\"builder-section-content\">\n<div class=\"builder-gallery-item  has-link\" onclick=\"event.preventDefault(); window.open('https:\/\/www.youtube.com\/watch?v=xwQKcXJXRG4');\">\n<figure class=\"builder-gallery-image\" style=\"background-image: url(&#039;https:\/\/blog.zhdk.ch\/soundinmotion\/files\/2024\/08\/vlcsnap-00003-1024x576.jpg&#039;);padding-bottom: 56.25%;\"><\/figure>\n<div class=\"builder-gallery-content\">\n<div class=\"builder-gallery-content-inner\">\n<h4 class=\"builder-gallery-title\">\n\t\t\t\t\t\tAnnkathrin P\u00f6pel\t\t\t\t\t<\/h4>\n<div class=\"builder-gallery-description\">\n<p>Planet Mantra<\/p>\n<\/p><\/div>\n<\/p><\/div>\n<\/p><\/div>\n<\/p><\/div>\n<div class=\"builder-gallery-item  has-link\" onclick=\"event.preventDefault(); window.open('https:\/\/youtu.be\/oq5vnhp0lUc');\">\n<figure class=\"builder-gallery-image\" style=\"background-image: url(&#039;https:\/\/blog.zhdk.ch\/soundinmotion\/files\/2024\/08\/vlcsnap-00002-1024x576.jpg&#039;);padding-bottom: 56.25%;\"><\/figure>\n<div class=\"builder-gallery-content\">\n<div class=\"builder-gallery-content-inner\">\n<h4 class=\"builder-gallery-title\">\n\t\t\t\t\t\tKenichi Kawabata\t\t\t\t\t<\/h4>\n<div class=\"builder-gallery-description\">\n<p>Reminiscence Capriccio &#8211; A Hommage to Stravinsky<\/p>\n<\/p><\/div>\n<\/p><\/div>\n<\/p><\/div>\n<\/p><\/div>\n<div class=\"builder-gallery-item  has-link last-3\" onclick=\"event.preventDefault(); window.open('https:\/\/youtu.be\/78jAKH9TsQo');\">\n<figure class=\"builder-gallery-image\" style=\"background-image: url(&#039;https:\/\/blog.zhdk.ch\/soundinmotion\/files\/2024\/08\/vlcsnap-00001-1024x576.jpg&#039;);padding-bottom: 56.25%;\"><\/figure>\n<div class=\"builder-gallery-content\">\n<div class=\"builder-gallery-content-inner\">\n<h4 class=\"builder-gallery-title\">\n\t\t\t\t\t\tDarah Rosenthal\t\t\t\t\t<\/h4>\n<div class=\"builder-gallery-description\">\n<p>Ghosts<\/p>\n<\/p><\/div>\n<\/p><\/div>\n<\/p><\/div>\n<\/p><\/div>\n<\/p><\/div>\n<\/section>\n<section id=\"builder-section-text_68\" class=\"builder-section-prev-gallery builder-section builder-section-text builder-section-next-text builder-text-columns-2\" style=\"background-size: cover; background-repeat: no-repeat;background-position: center center;\">\n<div class=\"builder-section-content\">\n<div class=\"builder-text-row\">\n<div class=\"builder-text-column builder-text-column-1\" id=\"builder-section-text_68-column-1\">\n<div class=\"builder-text-content\">\n<a href=\"https:\/\/blog.zhdk.ch\/soundinmotion\/files\/2024\/08\/SIM10-V04-6Seiten.pdf\" class=\"pdfemb-viewer\" style=\"\" data-width=\"max\" data-height=\"max\" data-toolbar=\"bottom\" data-toolbar-fixed=\"off\">SIM10-V04-6Seiten<\/a>\n<\/p><\/div>\n<\/p><\/div>\n<div class=\"builder-text-column builder-text-column-2\" id=\"builder-section-text_68-column-2\">\n<div class=\"builder-text-content\">\n\t\t\t\t\t\t\t\t\t\t\t<\/div>\n<\/p><\/div>\n<\/p><\/div>\n<\/p><\/div>\n<\/section>\n<section id=\"builder-section-text_83\" class=\"builder-section-prev-text builder-section builder-section-text builder-section-last builder-text-columns-3\" style=\"background-size: cover; background-repeat: no-repeat;background-position: center center;\">\n<div class=\"builder-section-content\">\n<div class=\"builder-text-row\">\n<div class=\"builder-text-column builder-text-column-1\" id=\"builder-section-text_83-column-1\">\n<div class=\"builder-text-content\">\n<p><img loading=\"lazy\" decoding=\"async\" class=\"alignnone size-medium wp-image-1042\" src=\"https:\/\/blog.zhdk.ch\/soundinmotion\/files\/2020\/10\/2018_zhdk_logo_D_schwarz-300x200.jpg\" alt=\"\" width=\"300\" height=\"200\" \/><\/p>\n<\/p><\/div>\n<\/p><\/div>\n<div class=\"builder-text-column builder-text-column-2\" id=\"builder-section-text_83-column-2\">\n<div class=\"builder-text-content\">\n\t\t\t\t\t\t\t\t\t\t\t<\/div>\n<\/p><\/div>\n<div class=\"builder-text-column builder-text-column-3\" id=\"builder-section-text_83-column-3\">\n<div class=\"builder-text-content\">\n<p style=\"text-align: right\"><strong><big>ICST<\/big><\/strong><br \/>\nInstitute for Computer Music and<br \/>\nSound Technology<\/p>\n<\/p><\/div>\n<\/p><\/div>\n<\/p><\/div>\n<\/p><\/div>\n<\/section>\n","protected":false},"excerpt":{"rendered":"<p>Sound In Motion 10 Donnerstag, 27. Juni 2024, 18:30 \u2013 19:30 Konzertsaal 1 (7.K05) \u2028ZHdK Toni-Areal, Pfingstweidstrasse 96, 8005 Z\u00fcrich Was passiert akustisch, musikalisch und visuell, wenn Lautsprecher bewegt werden? Welche gestalterischen M\u00f6glichkeiten bieten sich? Erleben Sie in dieser Werkstattpr\u00e4sentation die unterschiedlichen k\u00fcnstlerischen Ans\u00e4tze und technischen Konzepte f\u00fcr den Einbezug von bewegten Lautsprechern in den &hellip;<\/p>\n","protected":false},"author":231,"featured_media":0,"parent":0,"menu_order":0,"comment_status":"closed","ping_status":"closed","template":"template-builder.php","meta":{"footnotes":""},"class_list":["post-3247","page","type-page","status-publish","hentry"],"_links":{"self":[{"href":"https:\/\/blog.zhdk.ch\/soundinmotion\/wp-json\/wp\/v2\/pages\/3247","targetHints":{"allow":["GET"]}}],"collection":[{"href":"https:\/\/blog.zhdk.ch\/soundinmotion\/wp-json\/wp\/v2\/pages"}],"about":[{"href":"https:\/\/blog.zhdk.ch\/soundinmotion\/wp-json\/wp\/v2\/types\/page"}],"author":[{"embeddable":true,"href":"https:\/\/blog.zhdk.ch\/soundinmotion\/wp-json\/wp\/v2\/users\/231"}],"replies":[{"embeddable":true,"href":"https:\/\/blog.zhdk.ch\/soundinmotion\/wp-json\/wp\/v2\/comments?post=3247"}],"version-history":[{"count":38,"href":"https:\/\/blog.zhdk.ch\/soundinmotion\/wp-json\/wp\/v2\/pages\/3247\/revisions"}],"predecessor-version":[{"id":3417,"href":"https:\/\/blog.zhdk.ch\/soundinmotion\/wp-json\/wp\/v2\/pages\/3247\/revisions\/3417"}],"wp:attachment":[{"href":"https:\/\/blog.zhdk.ch\/soundinmotion\/wp-json\/wp\/v2\/media?parent=3247"}],"curies":[{"name":"wp","href":"https:\/\/api.w.org\/{rel}","templated":true}]}}