{"id":3433,"date":"2025-12-16T10:01:08","date_gmt":"2025-12-16T10:01:08","guid":{"rendered":"https:\/\/blog.zhdk.ch\/soundinmotion\/?page_id=3433"},"modified":"2025-12-16T10:08:27","modified_gmt":"2025-12-16T10:08:27","slug":"sound-in-motion-11","status":"publish","type":"page","link":"https:\/\/blog.zhdk.ch\/soundinmotion\/sound-in-motion-11\/","title":{"rendered":"Sound In Motion 11"},"content":{"rendered":"<section id=\"builder-section-text_11\" class=\"builder-section-first builder-section builder-section-text builder-section-last builder-text-columns-1\" style=\"background-size: cover; background-repeat: no-repeat;background-position: center center;\">\n<h3 class=\"builder-text-section-title\">\n        Sound in Motion 11    <\/h3>\n<div class=\"builder-section-content\">\n<div class=\"builder-text-row\">\n<div class=\"builder-text-column builder-text-column-1\" id=\"builder-section-text_11-column-1\">\n<div class=\"builder-text-content\">\n<h5>Samstag, 31. Januar 2026, 18:30-20:00 Uhr<br \/><strong>Sonntag,<\/strong> <strong>01.<\/strong> <strong>Februar<\/strong> <strong>2026,<\/strong> <strong>17:30-19:00<\/strong> <strong>Uhr<\/strong><\/h5>\n<h5>Beginn: Konzertsaal 1 (7.K05)<br \/>ZHdK Toni-Areal, Pfingstweidstrasse 96, 8005 Z\u00fcrich<\/h5>\n<p><span style=\"color: #000000\">Was passiert akustisch, musikalisch und visuell, wenn Lautsprecher bewegt werden?<\/span><br \/><span style=\"color: #000000\">Welche gestalterischen M\u00f6glichkeiten bieten sich?<\/span><\/p>\n<p><span style=\"color: #000000\">Sechs Arbeiten mit unterschiedlichen k\u00fcnstlerischen Ans\u00e4tzen und technischen Konzepten f\u00fcr den Einbezug von bewegten Lautsprechern werden in verschiedenen R\u00e4umen pr\u00e4sentiert. Das Publikum durchl\u00e4uft einen Parcours mit f\u00fcnf Performances und einer Installation.<\/span><\/p>\n<p>\u00a0<\/p>\n<\/p><\/div>\n<\/p><\/div>\n<\/p><\/div>\n<div class=\"builder-text-row\">\n<div class=\"builder-text-column builder-text-column-2\" id=\"builder-section-text_11-column-1\">\n<div class=\"builder-text-content\">\n<p style=\"font-weight: 400\"><em>Mitwirkende:<\/em><\/p>\n<p style=\"font-weight: 400\">Kornelia Bruggmann: Stimme<br \/>Angela St\u00f6cklin, Monika Obrist: Performance<br \/>Annie R\u00fcfenacht: Performance mit Modular-Synthesizer <br \/>Annkathrin P\u00f6pel: Performance, Elektronik<br \/>Oszilot (Luc Gut), Maximilian Kriegleder: Installation <br \/>Peter F\u00e4rber: Elektronik, Leitung<\/p>\n<\/p><\/div>\n<\/p><\/div>\n<\/p><\/div>\n<div class=\"builder-text-row\">\n<div class=\"builder-text-column builder-text-column-3\" id=\"builder-section-text_11-column-1\">\n<div class=\"builder-text-content\">\n<p style=\"font-weight: 400\"><em>Performances:<\/em><\/p>\n<p style=\"font-weight: 400\">Annkathrin P\u00f6pel<br \/><strong>Circling Waters (2026) UA<\/strong><\/p>\n<p style=\"font-weight: 400\">Angela St\u00f6cklin, Annkathrin P\u00f6pel, Peter F\u00e4rber<br \/><strong>RaumKlangK\u00f6rper (2023)<\/strong><\/p>\n<p style=\"font-weight: 400\">Annie R\u00fcfenacht<br \/><strong>Fragments II (2024)<\/strong><\/p>\n<p style=\"font-weight: 400\">Angela St\u00f6cklin, Annkathrin P\u00f6pel, Peter F\u00e4rber<br \/><strong>oblique sounds (2025)<\/strong><\/p>\n<p style=\"font-weight: 400\">Peter F\u00e4rber, Kornelia Bruggmann<br \/><strong>Meine Ruh\u2019 ist hin (2014\/2024)<\/strong><\/p>\n<p style=\"font-weight: 400\"><em>Installation:<\/em><\/p>\n<p style=\"font-weight: 400\">Oszilot, Maximilian Kriegleder <br \/><strong>Altar verlorener Dinge (2025)<\/strong><\/p>\n<p>\u00a0<\/p>\n<p style=\"font-weight: 400\">Am 31.1.2026 laden wir im Anschluss zu einem<br \/><strong>Ap\u00e9ro <\/strong>in der Kaskadenhalle ein.<\/p>\n<\/p><\/div>\n<\/p><\/div>\n<\/p><\/div>\n<\/p><\/div>\n<\/section>\n","protected":false},"excerpt":{"rendered":"<p>Sound in Motion 11 Samstag, 31. Januar 2026, 18:30-20:00 UhrSonntag, 01. Februar 2026, 17:30-19:00 Uhr Beginn: Konzertsaal 1 (7.K05)ZHdK Toni-Areal, Pfingstweidstrasse 96, 8005 Z\u00fcrich Was passiert akustisch, musikalisch und visuell, wenn Lautsprecher bewegt werden?Welche gestalterischen M\u00f6glichkeiten bieten sich? Sechs Arbeiten mit unterschiedlichen k\u00fcnstlerischen Ans\u00e4tzen und technischen Konzepten f\u00fcr den Einbezug von bewegten Lautsprechern werden in &hellip;<\/p>\n","protected":false},"author":231,"featured_media":0,"parent":0,"menu_order":0,"comment_status":"closed","ping_status":"closed","template":"template-builder.php","meta":{"footnotes":""},"class_list":["post-3433","page","type-page","status-publish","hentry"],"_links":{"self":[{"href":"https:\/\/blog.zhdk.ch\/soundinmotion\/wp-json\/wp\/v2\/pages\/3433","targetHints":{"allow":["GET"]}}],"collection":[{"href":"https:\/\/blog.zhdk.ch\/soundinmotion\/wp-json\/wp\/v2\/pages"}],"about":[{"href":"https:\/\/blog.zhdk.ch\/soundinmotion\/wp-json\/wp\/v2\/types\/page"}],"author":[{"embeddable":true,"href":"https:\/\/blog.zhdk.ch\/soundinmotion\/wp-json\/wp\/v2\/users\/231"}],"replies":[{"embeddable":true,"href":"https:\/\/blog.zhdk.ch\/soundinmotion\/wp-json\/wp\/v2\/comments?post=3433"}],"version-history":[{"count":3,"href":"https:\/\/blog.zhdk.ch\/soundinmotion\/wp-json\/wp\/v2\/pages\/3433\/revisions"}],"predecessor-version":[{"id":3443,"href":"https:\/\/blog.zhdk.ch\/soundinmotion\/wp-json\/wp\/v2\/pages\/3433\/revisions\/3443"}],"wp:attachment":[{"href":"https:\/\/blog.zhdk.ch\/soundinmotion\/wp-json\/wp\/v2\/media?parent=3433"}],"curies":[{"name":"wp","href":"https:\/\/api.w.org\/{rel}","templated":true}]}}